
{"id":881,"date":"2022-12-22T11:24:28","date_gmt":"2022-12-22T09:24:28","guid":{"rendered":"https:\/\/www.doublewdesign.it\/?post_type=product&#038;p=881"},"modified":"2025-11-24T17:10:57","modified_gmt":"2025-11-24T15:10:57","slug":"orologio-da-parete-mappamondo-in-ferro","status":"publish","type":"product","link":"https:\/\/www.doublewdesign.it\/en\/prodotto\/orologio-da-parete-mappamondo-in-ferro\/","title":{"rendered":"Orologio da parete mappamondo in ferro"},"content":{"rendered":"<h1>Orologio da parete mappamondo in ferro<\/h1>\n<p>L&#8217;Orologio da parete mappamondo in ferro pu\u00f2 essere un&#8217;aggiunta elegante e funzionale all&#8217;arredo della stanza e della casa, e pu\u00f2 influire positivamente sulla bellezza complessiva dell&#8217;ambiente in diversi modi.<\/p>\n<p>In primo luogo, un orologio di design pu\u00f2 servire come un punto focale interessante nella stanza, attirando l&#8217;attenzione degli ospiti e offrendo un&#8217;opportunit\u00e0 per avviare una conversazione interessante. Se posizionato su una parete vuota o su un mobiletto, pu\u00f2 anche creare un&#8217;atmosfera accogliente e invitante.<\/p>\n<p>In secondo luogo, un orologio di design pu\u00f2 essere utilizzato per aggiungere stile e interesse visivo alla stanza. Gli orologi sono disponibili in molte forme, dimensioni e stili diversi, quindi puoi scegliere uno che si adatti al tuo arredamento esistente o che aggiunga un tocco di personalit\u00e0 alla stanza. Un orologio di design pu\u00f2 anche essere un&#8217;ottima occasione per aggiungere un po&#8217; di colore in una stanza che altrimenti sarebbe piuttosto monotona.<\/p>\n<p>Infine, un orologio di design pu\u00f2 anche essere un modo per esprimere il tuo stile personale e la tua personalit\u00e0. Se sei appassionato di design, ad esempio, un orologio di design pu\u00f2 essere un modo per mostrare la tua sensibilit\u00e0 estetica. Inoltre, alcuni orologi di design possono essere personalizzati con marcatori o segnalibri per mostrare i tuoi orari preferiti o per tenere traccia dei tuoi impegni.<\/p>\n<p>In sintesi, un orologio di design pu\u00f2 essere un&#8217;aggiunta esteticamente piacevole e funzionale a qualsiasi stanza o casa. Pu\u00f2 attirare l&#8217;attenzione, aggiungere stile e interesse visivo, e mostrare il tuo stile personale e la tua personalit\u00e0.<\/p>\n<p>&nbsp;<\/p>\n<p><a href=\"https:\/\/www.doublewdesign.it\/prodotti-artigianali-wdesign\/\">Clicca qui per vedere tutti gli orologi\u00a0<\/a><\/p>\n<p><a href=\"https:\/\/www.instagram.com\/w_design_ig\/\">Instagram<\/a>\u00a0e\u00a0<a href=\"https:\/\/www.facebook.com\/2vdesign\/?show_switched_toast=0&amp;show_invite_to_follow=0&amp;show_switched_tooltip=0&amp;show_podcast_settings=0&amp;show_community_review_changes=0&amp;show_community_rollback=0&amp;show_follower_visibility_disclosure=0\">Facebook\u00a0<\/a><\/p>\n","protected":false},"excerpt":{"rendered":"<p>Orologio Mappamondo in ferro prede spunto dalle cartine antiche realizzato con questo ferro arrugginito proprio per ricordare l&#8217;avventura e l&#8217;esplorazione dimensioni 60&#215;60 x 6<\/p>\n","protected":false},"featured_media":1361,"comment_status":"open","ping_status":"closed","template":"","meta":{"_themeisle_gutenberg_block_has_review":false},"product_brand":[],"product_cat":[29,42,33],"product_tag":[180],"class_list":{"0":"post-881","1":"product","2":"type-product","3":"status-publish","4":"has-post-thumbnail","6":"product_cat-arredo-muro","7":"product_cat-complementi-arredo-mappamondi","8":"product_cat-arredo-muro-orologi","9":"product_tag-pronta-consegna","11":"first","12":"instock","13":"sale","14":"taxable","15":"shipping-taxable","16":"purchasable","17":"product-type-simple"},"yoast_head":"<!-- This site is optimized with the Yoast SEO plugin v27.4 - https:\/\/yoast.com\/product\/yoast-seo-wordpress\/ -->\n<title>Orologio da parete mappamondo in ferro - Wdesign<\/title>\n<meta name=\"description\" content=\"Orologio da parete mappamondo in ferro prede spunto dalle cartine antiche realizzato con questo ferro arrugginito proprio per ricordare l&#039;avventura.\" \/>\n<meta name=\"robots\" content=\"index, follow, max-snippet:-1, max-image-preview:large, max-video-preview:-1\" \/>\n<link rel=\"canonical\" href=\"https:\/\/www.doublewdesign.it\/prodotto\/orologio-da-parete-mappamondo-in-ferro\/\" \/>\n<meta property=\"og:locale\" content=\"en_US\" \/>\n<meta property=\"og:type\" content=\"article\" \/>\n<meta property=\"og:title\" content=\"Orologio da parete mappamondo in ferro - Wdesign\" \/>\n<meta property=\"og:description\" content=\"Orologio da parete mappamondo in ferro prede spunto dalle cartine antiche realizzato con questo ferro arrugginito proprio per ricordare l&#039;avventura.\" \/>\n<meta property=\"og:url\" content=\"https:\/\/www.doublewdesign.it\/prodotto\/orologio-da-parete-mappamondo-in-ferro\/\" \/>\n<meta property=\"og:site_name\" content=\"Wdesign\" \/>\n<meta property=\"article:publisher\" content=\"https:\/\/www.facebook.com\/profile.php?id=100088597355679\" \/>\n<meta property=\"article:modified_time\" content=\"2025-11-24T15:10:57+00:00\" \/>\n<meta property=\"og:image\" content=\"https:\/\/www.doublewdesign.it\/wp-content\/uploads\/2022\/12\/orologio-parete-mappamondo-ferro-arredo-muro-wdesign-macerata-marche-MUORCF001-01.webp\" \/>\n\t<meta property=\"og:image:width\" content=\"800\" \/>\n\t<meta property=\"og:image:height\" content=\"800\" \/>\n\t<meta property=\"og:image:type\" content=\"image\/webp\" \/>\n<meta name=\"twitter:card\" content=\"summary_large_image\" \/>\n<meta name=\"twitter:label1\" content=\"Est. reading time\" \/>\n\t<meta name=\"twitter:data1\" content=\"2 minutes\" \/>\n<script type=\"application\/ld+json\" class=\"yoast-schema-graph\">{\"@context\":\"https:\\\/\\\/schema.org\",\"@graph\":[{\"@type\":\"WebPage\",\"@id\":\"https:\\\/\\\/www.doublewdesign.it\\\/prodotto\\\/orologio-da-parete-mappamondo-in-ferro\\\/\",\"url\":\"https:\\\/\\\/www.doublewdesign.it\\\/prodotto\\\/orologio-da-parete-mappamondo-in-ferro\\\/\",\"name\":\"Orologio da parete mappamondo in ferro - Wdesign\",\"isPartOf\":{\"@id\":\"https:\\\/\\\/www.doublewdesign.it\\\/#website\"},\"primaryImageOfPage\":{\"@id\":\"https:\\\/\\\/www.doublewdesign.it\\\/prodotto\\\/orologio-da-parete-mappamondo-in-ferro\\\/#primaryimage\"},\"image\":{\"@id\":\"https:\\\/\\\/www.doublewdesign.it\\\/prodotto\\\/orologio-da-parete-mappamondo-in-ferro\\\/#primaryimage\"},\"thumbnailUrl\":\"https:\\\/\\\/www.doublewdesign.it\\\/wp-content\\\/uploads\\\/2022\\\/12\\\/orologio-parete-mappamondo-ferro-arredo-muro-wdesign-macerata-marche-MUORCF001-01.webp\",\"datePublished\":\"2022-12-22T09:24:28+00:00\",\"dateModified\":\"2025-11-24T15:10:57+00:00\",\"description\":\"Orologio da parete mappamondo in ferro prede spunto dalle cartine antiche realizzato con questo ferro arrugginito proprio per ricordare l'avventura.\",\"breadcrumb\":{\"@id\":\"https:\\\/\\\/www.doublewdesign.it\\\/prodotto\\\/orologio-da-parete-mappamondo-in-ferro\\\/#breadcrumb\"},\"inLanguage\":\"en-US\",\"potentialAction\":[{\"@type\":\"ReadAction\",\"target\":[\"https:\\\/\\\/www.doublewdesign.it\\\/prodotto\\\/orologio-da-parete-mappamondo-in-ferro\\\/\"]}]},{\"@type\":\"ImageObject\",\"inLanguage\":\"en-US\",\"@id\":\"https:\\\/\\\/www.doublewdesign.it\\\/prodotto\\\/orologio-da-parete-mappamondo-in-ferro\\\/#primaryimage\",\"url\":\"https:\\\/\\\/www.doublewdesign.it\\\/wp-content\\\/uploads\\\/2022\\\/12\\\/orologio-parete-mappamondo-ferro-arredo-muro-wdesign-macerata-marche-MUORCF001-01.webp\",\"contentUrl\":\"https:\\\/\\\/www.doublewdesign.it\\\/wp-content\\\/uploads\\\/2022\\\/12\\\/orologio-parete-mappamondo-ferro-arredo-muro-wdesign-macerata-marche-MUORCF001-01.webp\",\"width\":800,\"height\":800,\"caption\":\"orologio-parete-mappamondo-ferro-arredo-muro-wdesign-macerata-marche\"},{\"@type\":\"BreadcrumbList\",\"@id\":\"https:\\\/\\\/www.doublewdesign.it\\\/prodotto\\\/orologio-da-parete-mappamondo-in-ferro\\\/#breadcrumb\",\"itemListElement\":[{\"@type\":\"ListItem\",\"position\":1,\"name\":\"Home\",\"item\":\"https:\\\/\\\/www.doublewdesign.it\\\/?lang=en\"},{\"@type\":\"ListItem\",\"position\":2,\"name\":\"Shop\",\"item\":\"https:\\\/\\\/www.doublewdesign.it\\\/en\\\/shop\\\/\"},{\"@type\":\"ListItem\",\"position\":3,\"name\":\"Arredo Muro\",\"item\":\"https:\\\/\\\/www.doublewdesign.it\\\/categoria\\\/arredo-muro\\\/\"},{\"@type\":\"ListItem\",\"position\":4,\"name\":\"Orologio da parete mappamondo in ferro\"}]},{\"@type\":\"WebSite\",\"@id\":\"https:\\\/\\\/www.doublewdesign.it\\\/#website\",\"url\":\"https:\\\/\\\/www.doublewdesign.it\\\/\",\"name\":\"Wdesign\",\"description\":\"Wdesign\",\"publisher\":{\"@id\":\"https:\\\/\\\/www.doublewdesign.it\\\/#organization\"},\"potentialAction\":[{\"@type\":\"SearchAction\",\"target\":{\"@type\":\"EntryPoint\",\"urlTemplate\":\"https:\\\/\\\/www.doublewdesign.it\\\/?s={search_term_string}\"},\"query-input\":{\"@type\":\"PropertyValueSpecification\",\"valueRequired\":true,\"valueName\":\"search_term_string\"}}],\"inLanguage\":\"en-US\"},{\"@type\":\"Organization\",\"@id\":\"https:\\\/\\\/www.doublewdesign.it\\\/#organization\",\"name\":\"Wdesign\",\"url\":\"https:\\\/\\\/www.doublewdesign.it\\\/\",\"logo\":{\"@type\":\"ImageObject\",\"inLanguage\":\"en-US\",\"@id\":\"https:\\\/\\\/www.doublewdesign.it\\\/#\\\/schema\\\/logo\\\/image\\\/\",\"url\":\"https:\\\/\\\/www.doublewdesign.it\\\/wp-content\\\/uploads\\\/2024\\\/07\\\/wdesign_logo.png\",\"contentUrl\":\"https:\\\/\\\/www.doublewdesign.it\\\/wp-content\\\/uploads\\\/2024\\\/07\\\/wdesign_logo.png\",\"width\":94,\"height\":94,\"caption\":\"Wdesign\"},\"image\":{\"@id\":\"https:\\\/\\\/www.doublewdesign.it\\\/#\\\/schema\\\/logo\\\/image\\\/\"},\"sameAs\":[\"https:\\\/\\\/www.facebook.com\\\/profile.php?id=100088597355679\"]}]}<\/script>\n<!-- \/ Yoast SEO plugin. -->","yoast_head_json":{"title":"Orologio da parete mappamondo in ferro - Wdesign","description":"Orologio da parete mappamondo in ferro prede spunto dalle cartine antiche realizzato con questo ferro arrugginito proprio per ricordare l'avventura.","robots":{"index":"index","follow":"follow","max-snippet":"max-snippet:-1","max-image-preview":"max-image-preview:large","max-video-preview":"max-video-preview:-1"},"canonical":"https:\/\/www.doublewdesign.it\/prodotto\/orologio-da-parete-mappamondo-in-ferro\/","og_locale":"en_US","og_type":"article","og_title":"Orologio da parete mappamondo in ferro - Wdesign","og_description":"Orologio da parete mappamondo in ferro prede spunto dalle cartine antiche realizzato con questo ferro arrugginito proprio per ricordare l'avventura.","og_url":"https:\/\/www.doublewdesign.it\/prodotto\/orologio-da-parete-mappamondo-in-ferro\/","og_site_name":"Wdesign","article_publisher":"https:\/\/www.facebook.com\/profile.php?id=100088597355679","article_modified_time":"2025-11-24T15:10:57+00:00","og_image":[{"width":800,"height":800,"url":"https:\/\/www.doublewdesign.it\/wp-content\/uploads\/2022\/12\/orologio-parete-mappamondo-ferro-arredo-muro-wdesign-macerata-marche-MUORCF001-01.webp","type":"image\/webp"}],"twitter_card":"summary_large_image","twitter_misc":{"Est. reading time":"2 minutes"},"schema":{"@context":"https:\/\/schema.org","@graph":[{"@type":"WebPage","@id":"https:\/\/www.doublewdesign.it\/prodotto\/orologio-da-parete-mappamondo-in-ferro\/","url":"https:\/\/www.doublewdesign.it\/prodotto\/orologio-da-parete-mappamondo-in-ferro\/","name":"Orologio da parete mappamondo in ferro - Wdesign","isPartOf":{"@id":"https:\/\/www.doublewdesign.it\/#website"},"primaryImageOfPage":{"@id":"https:\/\/www.doublewdesign.it\/prodotto\/orologio-da-parete-mappamondo-in-ferro\/#primaryimage"},"image":{"@id":"https:\/\/www.doublewdesign.it\/prodotto\/orologio-da-parete-mappamondo-in-ferro\/#primaryimage"},"thumbnailUrl":"https:\/\/www.doublewdesign.it\/wp-content\/uploads\/2022\/12\/orologio-parete-mappamondo-ferro-arredo-muro-wdesign-macerata-marche-MUORCF001-01.webp","datePublished":"2022-12-22T09:24:28+00:00","dateModified":"2025-11-24T15:10:57+00:00","description":"Orologio da parete mappamondo in ferro prede spunto dalle cartine antiche realizzato con questo ferro arrugginito proprio per ricordare l'avventura.","breadcrumb":{"@id":"https:\/\/www.doublewdesign.it\/prodotto\/orologio-da-parete-mappamondo-in-ferro\/#breadcrumb"},"inLanguage":"en-US","potentialAction":[{"@type":"ReadAction","target":["https:\/\/www.doublewdesign.it\/prodotto\/orologio-da-parete-mappamondo-in-ferro\/"]}]},{"@type":"ImageObject","inLanguage":"en-US","@id":"https:\/\/www.doublewdesign.it\/prodotto\/orologio-da-parete-mappamondo-in-ferro\/#primaryimage","url":"https:\/\/www.doublewdesign.it\/wp-content\/uploads\/2022\/12\/orologio-parete-mappamondo-ferro-arredo-muro-wdesign-macerata-marche-MUORCF001-01.webp","contentUrl":"https:\/\/www.doublewdesign.it\/wp-content\/uploads\/2022\/12\/orologio-parete-mappamondo-ferro-arredo-muro-wdesign-macerata-marche-MUORCF001-01.webp","width":800,"height":800,"caption":"orologio-parete-mappamondo-ferro-arredo-muro-wdesign-macerata-marche"},{"@type":"BreadcrumbList","@id":"https:\/\/www.doublewdesign.it\/prodotto\/orologio-da-parete-mappamondo-in-ferro\/#breadcrumb","itemListElement":[{"@type":"ListItem","position":1,"name":"Home","item":"https:\/\/www.doublewdesign.it\/?lang=en"},{"@type":"ListItem","position":2,"name":"Shop","item":"https:\/\/www.doublewdesign.it\/en\/shop\/"},{"@type":"ListItem","position":3,"name":"Arredo Muro","item":"https:\/\/www.doublewdesign.it\/categoria\/arredo-muro\/"},{"@type":"ListItem","position":4,"name":"Orologio da parete mappamondo in ferro"}]},{"@type":"WebSite","@id":"https:\/\/www.doublewdesign.it\/#website","url":"https:\/\/www.doublewdesign.it\/","name":"Wdesign","description":"Wdesign","publisher":{"@id":"https:\/\/www.doublewdesign.it\/#organization"},"potentialAction":[{"@type":"SearchAction","target":{"@type":"EntryPoint","urlTemplate":"https:\/\/www.doublewdesign.it\/?s={search_term_string}"},"query-input":{"@type":"PropertyValueSpecification","valueRequired":true,"valueName":"search_term_string"}}],"inLanguage":"en-US"},{"@type":"Organization","@id":"https:\/\/www.doublewdesign.it\/#organization","name":"Wdesign","url":"https:\/\/www.doublewdesign.it\/","logo":{"@type":"ImageObject","inLanguage":"en-US","@id":"https:\/\/www.doublewdesign.it\/#\/schema\/logo\/image\/","url":"https:\/\/www.doublewdesign.it\/wp-content\/uploads\/2024\/07\/wdesign_logo.png","contentUrl":"https:\/\/www.doublewdesign.it\/wp-content\/uploads\/2024\/07\/wdesign_logo.png","width":94,"height":94,"caption":"Wdesign"},"image":{"@id":"https:\/\/www.doublewdesign.it\/#\/schema\/logo\/image\/"},"sameAs":["https:\/\/www.facebook.com\/profile.php?id=100088597355679"]}]}},"_links":{"self":[{"href":"https:\/\/www.doublewdesign.it\/en\/wp-json\/wp\/v2\/product\/881","targetHints":{"allow":["GET"]}}],"collection":[{"href":"https:\/\/www.doublewdesign.it\/en\/wp-json\/wp\/v2\/product"}],"about":[{"href":"https:\/\/www.doublewdesign.it\/en\/wp-json\/wp\/v2\/types\/product"}],"replies":[{"embeddable":true,"href":"https:\/\/www.doublewdesign.it\/en\/wp-json\/wp\/v2\/comments?post=881"}],"wp:featuredmedia":[{"embeddable":true,"href":"https:\/\/www.doublewdesign.it\/en\/wp-json\/wp\/v2\/media\/1361"}],"wp:attachment":[{"href":"https:\/\/www.doublewdesign.it\/en\/wp-json\/wp\/v2\/media?parent=881"}],"wp:term":[{"taxonomy":"product_brand","embeddable":true,"href":"https:\/\/www.doublewdesign.it\/en\/wp-json\/wp\/v2\/product_brand?post=881"},{"taxonomy":"product_cat","embeddable":true,"href":"https:\/\/www.doublewdesign.it\/en\/wp-json\/wp\/v2\/product_cat?post=881"},{"taxonomy":"product_tag","embeddable":true,"href":"https:\/\/www.doublewdesign.it\/en\/wp-json\/wp\/v2\/product_tag?post=881"}],"curies":[{"name":"wp","href":"https:\/\/api.w.org\/{rel}","templated":true}]}}