
{"id":835,"date":"2022-12-20T10:58:10","date_gmt":"2022-12-20T08:58:10","guid":{"rendered":"https:\/\/www.doublewdesign.it\/?post_type=product&#038;p=835"},"modified":"2025-12-04T19:42:11","modified_gmt":"2025-12-04T17:42:11","slug":"mappamondo-iglobe-nero","status":"publish","type":"product","link":"https:\/\/www.doublewdesign.it\/en\/prodotto\/mappamondo-iglobe-nero\/","title":{"rendered":"Mappamondo IGlobe Black"},"content":{"rendered":"<h1><strong>Mappamondo IGlobe Black (Nero).<\/strong><\/h1>\n<h4><strong>Sfera diametro 25cm,<br \/>\nCartografia nero\/argento.<\/strong><\/h4>\n<p>&nbsp;<\/p>\n<h3><em>PRODOTTO:\u00a0<\/em><\/h3>\n<p>Il Mappamondo IGlobe Black\u00a0 geografico dalle linee scandinave \u00e8 disegnato dai prestigiosi designer Claus Jensen &amp; Henrik Holbaek.<br \/>\nEsso rappresenta il meglio del design e della funzionalit\u00e0 scandinava prodotta in Italia.<br \/>\nSi tratta di un oggetto avente sia valenza funzionale che didattica. Istruttivo e bello,\u00a0rende i tuoi ambienti pi\u00f9 attraenti, accoglienti e confortevoli ed arreda la tua casa con eleganza e unicit\u00e0.<br \/>\nMappamondo IGlobe Black \u00e8 un completo d&#8217;arredo indispensabile per dare unicit\u00e0 eleganza e personalit\u00e0 ai vostri ambienti. Piacer\u00e0 sicuramente ad adulti e bambini.<\/p>\n<p>Il mappamondo \u00e8 realizzato con una base ad anello rinforzata con gomma antiscivolo per una maggiore stabilit\u00e0 e un\u2019asta in nylon resistente per garantire una maggiore durata.<\/p>\n<p>Con un diametro di 30 cm e un\u2019altezza di 34 cm, il globo in polistirene antiurto ruota sul proprio asse e si contraddistingue per la precisione dei dati geografici attuali e l\u2019accuratezza della nomenclatura dei toponimi in lingua inglese.<\/p>\n<p>Il design innovativo, dedicato all\u2019emozione del colore, crea un oggetto raffinato che unisce all\u2019utilit\u00e0 di uno strumento di consultazione, l\u2019eleganza di un moderno complemento di arredo.<\/p>\n<p>Il packaging, \u00e8 stato ridotto per un maggiore rispetto dell\u2019ambiente e contiene tutti gli elementi per montare il mappamondo in autonomia e in tre semplici passaggi.<\/p>\n<p>Prodotto da Tecnodidattica , azienda pioniera nella produzione di globi geografici dal 1950, unisce alla sua tradizione la ricerca e l\u2019innovazione di materiali e design, fino ad arrivare a una visione nuova e moderna del mappamondo.<\/p>\n<p>Le collezioni Atmosphere nascono per reinterpretare la visione di un pianeta che non cessa mai di affascinarci: la Terra.<\/p>\n<p>Tutti i prodotti venduti da W Design sono certificati per gli alti standard di sicurezza e la qualit\u00e0 Made in Italy.<br \/>\n.<\/p>\n<p>&nbsp;<\/p>\n<h3>DESIGN:<\/h3>\n<p>Claus Jensen &amp; Henrik Holbaek,<\/p>\n<p>Claus Jensen (nato nel 1966) \u00e8 un designer industriale che si \u00e8 laureato presso la Scuola Danese di Design, Copenaghen, e Henrik Holb\u00e6k (nato nel 1960) \u00e8 un designer industriale e architetto\u00a0che si \u00e8 laureato presso l&#8217;Accademia Reale di Arti, Dipartimento di Design Industriale, Copenaghen.<\/p>\n<p>&nbsp;<\/p>\n<h3>PRODUZIONE:<\/h3>\n<p>Italiana.<\/p>\n<p>Made in Italy.<\/p>\n<h2><\/h2>\n<h3><em>DATI TECNICI:<\/em><\/h3>\n<p>Sfera diametro 30cm,<br \/>\nCartografia nero \/ argento.<br \/>\nGeografia illustrata di tipo politico con design minimale.<br \/>\nInformazioni geografiche in inglese.<br \/>\nBase ad anello in nylon rinforzata con gomma antiscivolo, astina in nylon.<br \/>\nDiametro: 25cm.<br \/>\nAltezza totale: 30 cm.<br \/>\nPeso 1 Kg.<\/p>\n<p>&nbsp;<\/p>\n<h3>CONTENUTO DELLA CONFEZIONE:<\/h3>\n<p>1 x mappamondo, 1 x istruzioni.<\/p>\n<p>&nbsp;<\/p>\n<h3>INFORMAZIONI DI SICUREZZA:<\/h3>\n<p>Nessuna avvertenza specifica.<\/p>\n<p>&nbsp;<\/p>\n<p>&nbsp;<\/p>\n<h3>TERMINI E CONDIZIONI DI ACQUISTO:<\/h3>\n<p>Questo prodotto \u00e8 conforme agli elevati standard qualitativi di WDesign.<\/p>\n<p>Sebbene sia stato fatto tutto il possibile per una visualizzazione accurata dei colori, non possiamo garantire che i colori, cos\u00ec come visualizzati sul display del dispositivo, ri\ufb02ettano fedelmente i colori reali dei prodotti. I prodotti potrebbero di\ufb00erire leggermente da quelli visualizzati nelle immagini.<\/p>\n<h3>Perch\u00e9 averlo:<\/h3>\n<p class=\"western\" align=\"left\">Un mappamondo di design pu\u00f2 essere un&#8217;aggiunta bellissima a qualsiasi arredamento di interni e pu\u00f2 influire positivamente sulla bellezza complessiva della stanza e della casa in diversi modi.<\/p>\n<p class=\"western\" align=\"left\">In primo luogo, un mappamondo di design pu\u00f2 servire come un punto focale interessante nella stanza, attirando l&#8217;attenzione degli ospiti e offrendo un&#8217;opportunit\u00e0 per avviare una conversazione interessante. Se posizionato su un tavolino o su una mensola, pu\u00f2 anche creare un&#8217;atmosfera accogliente e invitante.<\/p>\n<p class=\"western\" align=\"left\">In secondo luogo, un mappamondo di design pu\u00f2 essere utilizzato per aggiungere colore e interesse visivo alla stanza. I mappamondi sono disponibili in molte forme, dimensioni e stili diversi, quindi puoi scegliere uno che si adatti al tuo arredamento esistente o che aggiunga un tocco di colore o di sfumature interessanti. Un mappamondo di design pu\u00f2 anche essere un&#8217;ottima occasione per aggiungere un po&#8217; di colore in una stanza che altrimenti sarebbe piuttosto monotona.<\/p>\n<p class=\"western\" align=\"left\">Infine, un mappamondo di design pu\u00f2 anche essere un modo per esprimere la tua personalit\u00e0 e i tuoi interessi. Se sei un appassionato di viaggi o di geografia, ad esempio, un mappamondo di design pu\u00f2 essere un modo per mostrare i tuoi interessi e le tue esperienze di viaggio. Inoltre, alcuni mappamondi di design possono essere personalizzati con marcatori o segnalibri per mostrare i tuoi luoghi preferiti o per tenere traccia dei tuoi viaggi futuri.<\/p>\n<p class=\"western\" align=\"left\">In sintesi, un mappamondo di design pu\u00f2 essere un&#8217;aggiunta esteticamente piacevole e funzionale a qualsiasi stanza o casa. Pu\u00f2 attirare l&#8217;attenzione, aggiungere colore e interesse visivo e mostrare la tua personalit\u00e0 e i tuoi interessi.<\/p>\n","protected":false},"excerpt":{"rendered":"<p>Globo geografico, sfera diametro 25cm, cartografia nero\/grigio metallizzati, aggiornata con informazioni in inglese.<\/p>\n<p>Base in acciaio spazzolato. Senza luce.<\/p>\n<p>Altezza totale: 30 cm<\/p>\n<p>Design Claus Jensen &amp; Henrik Holb\u00e6k, Tools\u00ae, produzione italiana.<\/p>\n","protected":false},"featured_media":1356,"comment_status":"open","ping_status":"closed","template":"","meta":{"_themeisle_gutenberg_block_has_review":false},"product_brand":[],"product_cat":[30,42],"product_tag":[180],"class_list":{"0":"post-835","1":"product","2":"type-product","3":"status-publish","4":"has-post-thumbnail","6":"product_cat-complementi-darredo","7":"product_cat-complementi-arredo-mappamondi","8":"product_tag-pronta-consegna","10":"first","11":"instock","12":"taxable","13":"shipping-taxable","14":"purchasable","15":"product-type-simple"},"yoast_head":"<!-- This site is optimized with the Yoast SEO plugin v27.4 - https:\/\/yoast.com\/product\/yoast-seo-wordpress\/ -->\n<title>Mappamondo IGlobe Black - Wdesign<\/title>\n<meta name=\"description\" content=\"Mappamondo IGlobe Black perfetto per le camerette dei vostri ragazzi cosi da unire la bellezza della lampade di design all&#039;utilit\u00e0 del mappamondo\" \/>\n<meta name=\"robots\" content=\"index, follow, max-snippet:-1, max-image-preview:large, max-video-preview:-1\" \/>\n<link rel=\"canonical\" href=\"https:\/\/www.doublewdesign.it\/prodotto\/mappamondo-iglobe-nero\/\" \/>\n<meta property=\"og:locale\" content=\"en_US\" \/>\n<meta property=\"og:type\" content=\"article\" \/>\n<meta property=\"og:title\" content=\"Mappamondo IGlobe Black - Wdesign\" \/>\n<meta property=\"og:description\" content=\"Mappamondo IGlobe Black perfetto per le camerette dei vostri ragazzi cosi da unire la bellezza della lampade di design all&#039;utilit\u00e0 del mappamondo\" \/>\n<meta property=\"og:url\" content=\"https:\/\/www.doublewdesign.it\/prodotto\/mappamondo-iglobe-nero\/\" \/>\n<meta property=\"og:site_name\" content=\"Wdesign\" \/>\n<meta property=\"article:publisher\" content=\"https:\/\/www.facebook.com\/profile.php?id=100088597355679\" \/>\n<meta property=\"article:modified_time\" content=\"2025-12-04T17:42:11+00:00\" \/>\n<meta property=\"og:image\" content=\"https:\/\/www.doublewdesign.it\/wp-content\/uploads\/2022\/12\/mappamondo-arredo-nero-wdesign-macerata-marche-CAMMTD004-01.webp\" \/>\n\t<meta property=\"og:image:width\" content=\"800\" \/>\n\t<meta property=\"og:image:height\" content=\"800\" \/>\n\t<meta property=\"og:image:type\" content=\"image\/webp\" \/>\n<meta name=\"twitter:card\" content=\"summary_large_image\" \/>\n<meta name=\"twitter:label1\" content=\"Est. reading time\" \/>\n\t<meta name=\"twitter:data1\" content=\"4 minutes\" \/>\n<script type=\"application\/ld+json\" class=\"yoast-schema-graph\">{\"@context\":\"https:\\\/\\\/schema.org\",\"@graph\":[{\"@type\":\"WebPage\",\"@id\":\"https:\\\/\\\/www.doublewdesign.it\\\/prodotto\\\/mappamondo-iglobe-nero\\\/\",\"url\":\"https:\\\/\\\/www.doublewdesign.it\\\/prodotto\\\/mappamondo-iglobe-nero\\\/\",\"name\":\"Mappamondo IGlobe Black - Wdesign\",\"isPartOf\":{\"@id\":\"https:\\\/\\\/www.doublewdesign.it\\\/#website\"},\"primaryImageOfPage\":{\"@id\":\"https:\\\/\\\/www.doublewdesign.it\\\/prodotto\\\/mappamondo-iglobe-nero\\\/#primaryimage\"},\"image\":{\"@id\":\"https:\\\/\\\/www.doublewdesign.it\\\/prodotto\\\/mappamondo-iglobe-nero\\\/#primaryimage\"},\"thumbnailUrl\":\"https:\\\/\\\/www.doublewdesign.it\\\/wp-content\\\/uploads\\\/2022\\\/12\\\/mappamondo-arredo-nero-wdesign-macerata-marche-CAMMTD004-01.webp\",\"datePublished\":\"2022-12-20T08:58:10+00:00\",\"dateModified\":\"2025-12-04T17:42:11+00:00\",\"description\":\"Mappamondo IGlobe Black perfetto per le camerette dei vostri ragazzi cosi da unire la bellezza della lampade di design all'utilit\u00e0 del mappamondo\",\"breadcrumb\":{\"@id\":\"https:\\\/\\\/www.doublewdesign.it\\\/prodotto\\\/mappamondo-iglobe-nero\\\/#breadcrumb\"},\"inLanguage\":\"en-US\",\"potentialAction\":[{\"@type\":\"ReadAction\",\"target\":[\"https:\\\/\\\/www.doublewdesign.it\\\/prodotto\\\/mappamondo-iglobe-nero\\\/\"]}]},{\"@type\":\"ImageObject\",\"inLanguage\":\"en-US\",\"@id\":\"https:\\\/\\\/www.doublewdesign.it\\\/prodotto\\\/mappamondo-iglobe-nero\\\/#primaryimage\",\"url\":\"https:\\\/\\\/www.doublewdesign.it\\\/wp-content\\\/uploads\\\/2022\\\/12\\\/mappamondo-arredo-nero-wdesign-macerata-marche-CAMMTD004-01.webp\",\"contentUrl\":\"https:\\\/\\\/www.doublewdesign.it\\\/wp-content\\\/uploads\\\/2022\\\/12\\\/mappamondo-arredo-nero-wdesign-macerata-marche-CAMMTD004-01.webp\",\"width\":800,\"height\":800,\"caption\":\"mappamondo-arredo - IGlobe Black -wdesign-macerata-marche\"},{\"@type\":\"BreadcrumbList\",\"@id\":\"https:\\\/\\\/www.doublewdesign.it\\\/prodotto\\\/mappamondo-iglobe-nero\\\/#breadcrumb\",\"itemListElement\":[{\"@type\":\"ListItem\",\"position\":1,\"name\":\"Home\",\"item\":\"https:\\\/\\\/www.doublewdesign.it\\\/?lang=en\"},{\"@type\":\"ListItem\",\"position\":2,\"name\":\"Shop\",\"item\":\"https:\\\/\\\/www.doublewdesign.it\\\/en\\\/shop\\\/\"},{\"@type\":\"ListItem\",\"position\":3,\"name\":\"Complementi d'arredo\",\"item\":\"https:\\\/\\\/www.doublewdesign.it\\\/categoria\\\/complementi-darredo\\\/\"},{\"@type\":\"ListItem\",\"position\":4,\"name\":\"Mappamondo IGlobe Black\"}]},{\"@type\":\"WebSite\",\"@id\":\"https:\\\/\\\/www.doublewdesign.it\\\/#website\",\"url\":\"https:\\\/\\\/www.doublewdesign.it\\\/\",\"name\":\"Wdesign\",\"description\":\"Wdesign\",\"publisher\":{\"@id\":\"https:\\\/\\\/www.doublewdesign.it\\\/#organization\"},\"potentialAction\":[{\"@type\":\"SearchAction\",\"target\":{\"@type\":\"EntryPoint\",\"urlTemplate\":\"https:\\\/\\\/www.doublewdesign.it\\\/?s={search_term_string}\"},\"query-input\":{\"@type\":\"PropertyValueSpecification\",\"valueRequired\":true,\"valueName\":\"search_term_string\"}}],\"inLanguage\":\"en-US\"},{\"@type\":\"Organization\",\"@id\":\"https:\\\/\\\/www.doublewdesign.it\\\/#organization\",\"name\":\"Wdesign\",\"url\":\"https:\\\/\\\/www.doublewdesign.it\\\/\",\"logo\":{\"@type\":\"ImageObject\",\"inLanguage\":\"en-US\",\"@id\":\"https:\\\/\\\/www.doublewdesign.it\\\/#\\\/schema\\\/logo\\\/image\\\/\",\"url\":\"https:\\\/\\\/www.doublewdesign.it\\\/wp-content\\\/uploads\\\/2024\\\/07\\\/wdesign_logo.png\",\"contentUrl\":\"https:\\\/\\\/www.doublewdesign.it\\\/wp-content\\\/uploads\\\/2024\\\/07\\\/wdesign_logo.png\",\"width\":94,\"height\":94,\"caption\":\"Wdesign\"},\"image\":{\"@id\":\"https:\\\/\\\/www.doublewdesign.it\\\/#\\\/schema\\\/logo\\\/image\\\/\"},\"sameAs\":[\"https:\\\/\\\/www.facebook.com\\\/profile.php?id=100088597355679\"]}]}<\/script>\n<!-- \/ Yoast SEO plugin. -->","yoast_head_json":{"title":"Mappamondo IGlobe Black - Wdesign","description":"Mappamondo IGlobe Black perfetto per le camerette dei vostri ragazzi cosi da unire la bellezza della lampade di design all'utilit\u00e0 del mappamondo","robots":{"index":"index","follow":"follow","max-snippet":"max-snippet:-1","max-image-preview":"max-image-preview:large","max-video-preview":"max-video-preview:-1"},"canonical":"https:\/\/www.doublewdesign.it\/prodotto\/mappamondo-iglobe-nero\/","og_locale":"en_US","og_type":"article","og_title":"Mappamondo IGlobe Black - Wdesign","og_description":"Mappamondo IGlobe Black perfetto per le camerette dei vostri ragazzi cosi da unire la bellezza della lampade di design all'utilit\u00e0 del mappamondo","og_url":"https:\/\/www.doublewdesign.it\/prodotto\/mappamondo-iglobe-nero\/","og_site_name":"Wdesign","article_publisher":"https:\/\/www.facebook.com\/profile.php?id=100088597355679","article_modified_time":"2025-12-04T17:42:11+00:00","og_image":[{"width":800,"height":800,"url":"https:\/\/www.doublewdesign.it\/wp-content\/uploads\/2022\/12\/mappamondo-arredo-nero-wdesign-macerata-marche-CAMMTD004-01.webp","type":"image\/webp"}],"twitter_card":"summary_large_image","twitter_misc":{"Est. reading time":"4 minutes"},"schema":{"@context":"https:\/\/schema.org","@graph":[{"@type":"WebPage","@id":"https:\/\/www.doublewdesign.it\/prodotto\/mappamondo-iglobe-nero\/","url":"https:\/\/www.doublewdesign.it\/prodotto\/mappamondo-iglobe-nero\/","name":"Mappamondo IGlobe Black - Wdesign","isPartOf":{"@id":"https:\/\/www.doublewdesign.it\/#website"},"primaryImageOfPage":{"@id":"https:\/\/www.doublewdesign.it\/prodotto\/mappamondo-iglobe-nero\/#primaryimage"},"image":{"@id":"https:\/\/www.doublewdesign.it\/prodotto\/mappamondo-iglobe-nero\/#primaryimage"},"thumbnailUrl":"https:\/\/www.doublewdesign.it\/wp-content\/uploads\/2022\/12\/mappamondo-arredo-nero-wdesign-macerata-marche-CAMMTD004-01.webp","datePublished":"2022-12-20T08:58:10+00:00","dateModified":"2025-12-04T17:42:11+00:00","description":"Mappamondo IGlobe Black perfetto per le camerette dei vostri ragazzi cosi da unire la bellezza della lampade di design all'utilit\u00e0 del mappamondo","breadcrumb":{"@id":"https:\/\/www.doublewdesign.it\/prodotto\/mappamondo-iglobe-nero\/#breadcrumb"},"inLanguage":"en-US","potentialAction":[{"@type":"ReadAction","target":["https:\/\/www.doublewdesign.it\/prodotto\/mappamondo-iglobe-nero\/"]}]},{"@type":"ImageObject","inLanguage":"en-US","@id":"https:\/\/www.doublewdesign.it\/prodotto\/mappamondo-iglobe-nero\/#primaryimage","url":"https:\/\/www.doublewdesign.it\/wp-content\/uploads\/2022\/12\/mappamondo-arredo-nero-wdesign-macerata-marche-CAMMTD004-01.webp","contentUrl":"https:\/\/www.doublewdesign.it\/wp-content\/uploads\/2022\/12\/mappamondo-arredo-nero-wdesign-macerata-marche-CAMMTD004-01.webp","width":800,"height":800,"caption":"mappamondo-arredo - IGlobe Black -wdesign-macerata-marche"},{"@type":"BreadcrumbList","@id":"https:\/\/www.doublewdesign.it\/prodotto\/mappamondo-iglobe-nero\/#breadcrumb","itemListElement":[{"@type":"ListItem","position":1,"name":"Home","item":"https:\/\/www.doublewdesign.it\/?lang=en"},{"@type":"ListItem","position":2,"name":"Shop","item":"https:\/\/www.doublewdesign.it\/en\/shop\/"},{"@type":"ListItem","position":3,"name":"Complementi d'arredo","item":"https:\/\/www.doublewdesign.it\/categoria\/complementi-darredo\/"},{"@type":"ListItem","position":4,"name":"Mappamondo IGlobe Black"}]},{"@type":"WebSite","@id":"https:\/\/www.doublewdesign.it\/#website","url":"https:\/\/www.doublewdesign.it\/","name":"Wdesign","description":"Wdesign","publisher":{"@id":"https:\/\/www.doublewdesign.it\/#organization"},"potentialAction":[{"@type":"SearchAction","target":{"@type":"EntryPoint","urlTemplate":"https:\/\/www.doublewdesign.it\/?s={search_term_string}"},"query-input":{"@type":"PropertyValueSpecification","valueRequired":true,"valueName":"search_term_string"}}],"inLanguage":"en-US"},{"@type":"Organization","@id":"https:\/\/www.doublewdesign.it\/#organization","name":"Wdesign","url":"https:\/\/www.doublewdesign.it\/","logo":{"@type":"ImageObject","inLanguage":"en-US","@id":"https:\/\/www.doublewdesign.it\/#\/schema\/logo\/image\/","url":"https:\/\/www.doublewdesign.it\/wp-content\/uploads\/2024\/07\/wdesign_logo.png","contentUrl":"https:\/\/www.doublewdesign.it\/wp-content\/uploads\/2024\/07\/wdesign_logo.png","width":94,"height":94,"caption":"Wdesign"},"image":{"@id":"https:\/\/www.doublewdesign.it\/#\/schema\/logo\/image\/"},"sameAs":["https:\/\/www.facebook.com\/profile.php?id=100088597355679"]}]}},"_links":{"self":[{"href":"https:\/\/www.doublewdesign.it\/en\/wp-json\/wp\/v2\/product\/835","targetHints":{"allow":["GET"]}}],"collection":[{"href":"https:\/\/www.doublewdesign.it\/en\/wp-json\/wp\/v2\/product"}],"about":[{"href":"https:\/\/www.doublewdesign.it\/en\/wp-json\/wp\/v2\/types\/product"}],"replies":[{"embeddable":true,"href":"https:\/\/www.doublewdesign.it\/en\/wp-json\/wp\/v2\/comments?post=835"}],"wp:featuredmedia":[{"embeddable":true,"href":"https:\/\/www.doublewdesign.it\/en\/wp-json\/wp\/v2\/media\/1356"}],"wp:attachment":[{"href":"https:\/\/www.doublewdesign.it\/en\/wp-json\/wp\/v2\/media?parent=835"}],"wp:term":[{"taxonomy":"product_brand","embeddable":true,"href":"https:\/\/www.doublewdesign.it\/en\/wp-json\/wp\/v2\/product_brand?post=835"},{"taxonomy":"product_cat","embeddable":true,"href":"https:\/\/www.doublewdesign.it\/en\/wp-json\/wp\/v2\/product_cat?post=835"},{"taxonomy":"product_tag","embeddable":true,"href":"https:\/\/www.doublewdesign.it\/en\/wp-json\/wp\/v2\/product_tag?post=835"}],"curies":[{"name":"wp","href":"https:\/\/api.w.org\/{rel}","templated":true}]}}