
{"id":681,"date":"2022-12-02T11:50:58","date_gmt":"2022-12-02T09:50:58","guid":{"rendered":"https:\/\/www.doublewdesign.it\/?post_type=product&#038;p=681"},"modified":"2026-04-24T11:29:15","modified_gmt":"2026-04-24T09:29:15","slug":"mr-wattson-tavola-da-surf","status":"publish","type":"product","link":"https:\/\/www.doublewdesign.it\/en\/prodotto\/mr-wattson-tavola-da-surf\/","title":{"rendered":"Mr Wattson tavola da surf"},"content":{"rendered":"<h1>Mr Wattson tavola da surf<\/h1>\n<p>Piffany Copenhagen ( Mr Wattson tavola da surf )\u00a0 \u00e8 un brand di design danese dedicato ad aiutare i propri clienti a scoprire prodotti divertenti e unici. Sono specializzati in creazioni che non si vedono ovunque e caratterizzate da un carattere folle e stravagante.<\/p>\n<p>Per Piffany Copenhagen la missione \u00e8 di portare personalit\u00e0 alle case, e questo \u00e8 evidente in tutti i loro prodotti, sia lampade che accessori. I materiali e le forme sono stati elaborati in modo sperimentale ci\u00f2 che rende i prodotti Piffany assolutamente unici.<\/p>\n<p>Mr Wattson \u00e8 l&#8217;ultima aggiunta all\u2019universo fantasioso di Piffany Copenhagen, e questo cuginetto divertente pu\u00f2 inserirsi in casa, ovunque tu pensi che manchi un&#8217;elemento unico, che crea un senso di accoglienza e personalit\u00e0. Mr Wattson \u00e8 disponibile in 7 diversi colori.<\/p>\n<h3>Descrizione prodotto Mr Wattson tavola da surf:<\/h3>\n<p>Cattura l&#8217;eleganza retr\u00f2 con la lampada Mr. Wattson: un&#8217;opera d&#8217;arte illuminante che fonde design vintage degli anni &#8217;30 con materiali di alta qualit\u00e0. Realizzata con legno pregiato e dettagli in metallo, ogni lampada Mr. Wattson \u00e8 una dichiarazione di stile. L&#8217;illuminazione calda e avvolgente crea un&#8217;atmosfera accogliente, rendendo questa lampada perfetta per dare un tocco di classe a ogni ambiente. Scegli l&#8217;eccellenza nell&#8217;illuminazione e l&#8217;estetica raffinata con la lampada Mr. Wattson. Esplora la collezione ora per illuminare la tua casa con un tocco di charme vintage e funzionalit\u00e0 moderna.<\/p>\n<p>Potrai metterla in posizione rilassata con i piedi aperti sul tavolo oppure allegramente penzolante dal tavolo stesso o ancora serenamente posizionata sul bordo di un ripiano, le giunture mobili e flessibili danno diverse opportunit\u00e0 di adattamento.<\/p>\n<p>Il faro \u00e8 regolabile e, grazie al suo snodo consentir\u00e0 di direzionare la luce in base alle tue esigenze del momento.<\/p>\n<p>La lampada Mr Wattson \u00e8 realizzata in lega di alta qualit\u00e0 e legno di frassino. Il rivestimento pu\u00f2 sopportare una temperatura fino a 200\u00b0 C e il paralume \u00e8 regolabile a 120\u00b0.<\/p>\n<h5>Dimensioni :<\/h5>\n<p><strong>Altezza<\/strong> : 4 cm<\/p>\n<p><strong>Lunghezza<\/strong> : 63 cm<\/p>\n<p><strong>Larghezza<\/strong> : 21 cm<\/p>\n<p><b>Colore:\u00a0<\/b>naturale<\/p>\n<p><b>Materiale: <\/b>Legno &amp; Metallo<\/p>\n<p><b>Dimmenabile: <\/b>No<\/p>\n<div class=\"col\">\n<div class=\"item-pim__entity \">\n<div class=\"item-pim__name\">\n<p><a href=\"https:\/\/www.doublewdesign.it\/categoria\/complementi-arredo\/complementi-arredo-lampade\/\">Clicca qui per vedere la nostra selezione di lampade<\/a><\/p>\n<p><a href=\"https:\/\/www.instagram.com\/w_design_ig\/\">Instagram<\/a> e <a href=\"https:\/\/www.facebook.com\/2vdesign\/?show_switched_toast=0&amp;show_invite_to_follow=0&amp;show_switched_tooltip=0&amp;show_podcast_settings=0&amp;show_community_review_changes=0&amp;show_community_rollback=0&amp;show_follower_visibility_disclosure=0\">Facebook<\/a><\/p>\n<\/div>\n<\/div>\n<\/div>\n","protected":false},"excerpt":{"rendered":"<p>Mr Wattson tavola da surf Piffany Copenhagen ( Mr Wattson tavola da surf )\u00a0 \u00e8 un brand di design danese dedicato ad aiutare i propri clienti a scoprire prodotti divertenti&hellip; <\/p>\n","protected":false},"featured_media":2519,"comment_status":"open","ping_status":"closed","template":"","meta":{"_themeisle_gutenberg_block_has_review":false},"product_brand":[],"product_cat":[30,67],"product_tag":[180],"class_list":{"0":"post-681","1":"product","2":"type-product","3":"status-publish","4":"has-post-thumbnail","6":"product_cat-complementi-darredo","7":"product_cat-complementi-arredo-lampade-mr-wattson","8":"product_tag-pronta-consegna","10":"first","11":"instock","12":"sale","13":"taxable","14":"shipping-taxable","15":"purchasable","16":"product-type-simple"},"yoast_head":"<!-- This site is optimized with the Yoast SEO plugin v27.4 - https:\/\/yoast.com\/product\/yoast-seo-wordpress\/ -->\n<title>Mr Wattson tavola da surf - Wdesign<\/title>\n<meta name=\"description\" content=\"fai divertire un po&#039; Mr Wattson con la sua tavola da surf e tu divertititi con lui, perdila la tua tavola immaginaria chiudi gli occhi e vai con li a surf\" \/>\n<meta name=\"robots\" content=\"index, follow, max-snippet:-1, max-image-preview:large, max-video-preview:-1\" \/>\n<link rel=\"canonical\" href=\"https:\/\/www.doublewdesign.it\/prodotto\/mr-wattson-tavola-da-surf\/\" \/>\n<meta property=\"og:locale\" content=\"en_US\" \/>\n<meta property=\"og:type\" content=\"article\" \/>\n<meta property=\"og:title\" content=\"Mr Wattson tavola da surf - Wdesign\" \/>\n<meta property=\"og:description\" content=\"fai divertire un po&#039; Mr Wattson con la sua tavola da surf e tu divertititi con lui, perdila la tua tavola immaginaria chiudi gli occhi e vai con li a surf\" \/>\n<meta property=\"og:url\" content=\"https:\/\/www.doublewdesign.it\/prodotto\/mr-wattson-tavola-da-surf\/\" \/>\n<meta property=\"og:site_name\" content=\"Wdesign\" \/>\n<meta property=\"article:publisher\" content=\"https:\/\/www.facebook.com\/profile.php?id=100088597355679\" \/>\n<meta property=\"article:modified_time\" content=\"2026-04-24T09:29:15+00:00\" \/>\n<meta property=\"og:image\" content=\"https:\/\/www.doublewdesign.it\/wp-content\/uploads\/2022\/12\/Lampada-Mr-Wattson-tavola-surf-arredo-design-wdesign-macerata-marche-CALPGO009-01.webp\" \/>\n\t<meta property=\"og:image:width\" content=\"800\" \/>\n\t<meta property=\"og:image:height\" content=\"800\" \/>\n\t<meta property=\"og:image:type\" content=\"image\/webp\" \/>\n<meta name=\"twitter:card\" content=\"summary_large_image\" \/>\n<meta name=\"twitter:label1\" content=\"Est. reading time\" \/>\n\t<meta name=\"twitter:data1\" content=\"2 minutes\" \/>\n<script type=\"application\/ld+json\" class=\"yoast-schema-graph\">{\"@context\":\"https:\\\/\\\/schema.org\",\"@graph\":[{\"@type\":\"WebPage\",\"@id\":\"https:\\\/\\\/www.doublewdesign.it\\\/prodotto\\\/mr-wattson-tavola-da-surf\\\/\",\"url\":\"https:\\\/\\\/www.doublewdesign.it\\\/prodotto\\\/mr-wattson-tavola-da-surf\\\/\",\"name\":\"Mr Wattson tavola da surf - Wdesign\",\"isPartOf\":{\"@id\":\"https:\\\/\\\/www.doublewdesign.it\\\/#website\"},\"primaryImageOfPage\":{\"@id\":\"https:\\\/\\\/www.doublewdesign.it\\\/prodotto\\\/mr-wattson-tavola-da-surf\\\/#primaryimage\"},\"image\":{\"@id\":\"https:\\\/\\\/www.doublewdesign.it\\\/prodotto\\\/mr-wattson-tavola-da-surf\\\/#primaryimage\"},\"thumbnailUrl\":\"https:\\\/\\\/www.doublewdesign.it\\\/wp-content\\\/uploads\\\/2022\\\/12\\\/Lampada-Mr-Wattson-tavola-surf-arredo-design-wdesign-macerata-marche-CALPGO009-01.webp\",\"datePublished\":\"2022-12-02T09:50:58+00:00\",\"dateModified\":\"2026-04-24T09:29:15+00:00\",\"description\":\"fai divertire un po' Mr Wattson con la sua tavola da surf e tu divertititi con lui, perdila la tua tavola immaginaria chiudi gli occhi e vai con li a surf\",\"breadcrumb\":{\"@id\":\"https:\\\/\\\/www.doublewdesign.it\\\/prodotto\\\/mr-wattson-tavola-da-surf\\\/#breadcrumb\"},\"inLanguage\":\"en-US\",\"potentialAction\":[{\"@type\":\"ReadAction\",\"target\":[\"https:\\\/\\\/www.doublewdesign.it\\\/prodotto\\\/mr-wattson-tavola-da-surf\\\/\"]}]},{\"@type\":\"ImageObject\",\"inLanguage\":\"en-US\",\"@id\":\"https:\\\/\\\/www.doublewdesign.it\\\/prodotto\\\/mr-wattson-tavola-da-surf\\\/#primaryimage\",\"url\":\"https:\\\/\\\/www.doublewdesign.it\\\/wp-content\\\/uploads\\\/2022\\\/12\\\/Lampada-Mr-Wattson-tavola-surf-arredo-design-wdesign-macerata-marche-CALPGO009-01.webp\",\"contentUrl\":\"https:\\\/\\\/www.doublewdesign.it\\\/wp-content\\\/uploads\\\/2022\\\/12\\\/Lampada-Mr-Wattson-tavola-surf-arredo-design-wdesign-macerata-marche-CALPGO009-01.webp\",\"width\":800,\"height\":800,\"caption\":\"Lampada-Mr-Wattson-tavola-surf-arredo-design-wdesign-macerata-marche-CALPGO009-01\"},{\"@type\":\"BreadcrumbList\",\"@id\":\"https:\\\/\\\/www.doublewdesign.it\\\/prodotto\\\/mr-wattson-tavola-da-surf\\\/#breadcrumb\",\"itemListElement\":[{\"@type\":\"ListItem\",\"position\":1,\"name\":\"Home\",\"item\":\"https:\\\/\\\/www.doublewdesign.it\\\/?lang=en\"},{\"@type\":\"ListItem\",\"position\":2,\"name\":\"Shop\",\"item\":\"https:\\\/\\\/www.doublewdesign.it\\\/en\\\/shop\\\/\"},{\"@type\":\"ListItem\",\"position\":3,\"name\":\"Complementi d'arredo\",\"item\":\"https:\\\/\\\/www.doublewdesign.it\\\/categoria\\\/complementi-darredo\\\/\"},{\"@type\":\"ListItem\",\"position\":4,\"name\":\"Mr Wattson tavola da surf\"}]},{\"@type\":\"WebSite\",\"@id\":\"https:\\\/\\\/www.doublewdesign.it\\\/#website\",\"url\":\"https:\\\/\\\/www.doublewdesign.it\\\/\",\"name\":\"Wdesign\",\"description\":\"Wdesign\",\"publisher\":{\"@id\":\"https:\\\/\\\/www.doublewdesign.it\\\/#organization\"},\"potentialAction\":[{\"@type\":\"SearchAction\",\"target\":{\"@type\":\"EntryPoint\",\"urlTemplate\":\"https:\\\/\\\/www.doublewdesign.it\\\/?s={search_term_string}\"},\"query-input\":{\"@type\":\"PropertyValueSpecification\",\"valueRequired\":true,\"valueName\":\"search_term_string\"}}],\"inLanguage\":\"en-US\"},{\"@type\":\"Organization\",\"@id\":\"https:\\\/\\\/www.doublewdesign.it\\\/#organization\",\"name\":\"Wdesign\",\"url\":\"https:\\\/\\\/www.doublewdesign.it\\\/\",\"logo\":{\"@type\":\"ImageObject\",\"inLanguage\":\"en-US\",\"@id\":\"https:\\\/\\\/www.doublewdesign.it\\\/#\\\/schema\\\/logo\\\/image\\\/\",\"url\":\"https:\\\/\\\/www.doublewdesign.it\\\/wp-content\\\/uploads\\\/2024\\\/07\\\/wdesign_logo.png\",\"contentUrl\":\"https:\\\/\\\/www.doublewdesign.it\\\/wp-content\\\/uploads\\\/2024\\\/07\\\/wdesign_logo.png\",\"width\":94,\"height\":94,\"caption\":\"Wdesign\"},\"image\":{\"@id\":\"https:\\\/\\\/www.doublewdesign.it\\\/#\\\/schema\\\/logo\\\/image\\\/\"},\"sameAs\":[\"https:\\\/\\\/www.facebook.com\\\/profile.php?id=100088597355679\"]}]}<\/script>\n<!-- \/ Yoast SEO plugin. -->","yoast_head_json":{"title":"Mr Wattson tavola da surf - Wdesign","description":"fai divertire un po' Mr Wattson con la sua tavola da surf e tu divertititi con lui, perdila la tua tavola immaginaria chiudi gli occhi e vai con li a surf","robots":{"index":"index","follow":"follow","max-snippet":"max-snippet:-1","max-image-preview":"max-image-preview:large","max-video-preview":"max-video-preview:-1"},"canonical":"https:\/\/www.doublewdesign.it\/prodotto\/mr-wattson-tavola-da-surf\/","og_locale":"en_US","og_type":"article","og_title":"Mr Wattson tavola da surf - Wdesign","og_description":"fai divertire un po' Mr Wattson con la sua tavola da surf e tu divertititi con lui, perdila la tua tavola immaginaria chiudi gli occhi e vai con li a surf","og_url":"https:\/\/www.doublewdesign.it\/prodotto\/mr-wattson-tavola-da-surf\/","og_site_name":"Wdesign","article_publisher":"https:\/\/www.facebook.com\/profile.php?id=100088597355679","article_modified_time":"2026-04-24T09:29:15+00:00","og_image":[{"width":800,"height":800,"url":"https:\/\/www.doublewdesign.it\/wp-content\/uploads\/2022\/12\/Lampada-Mr-Wattson-tavola-surf-arredo-design-wdesign-macerata-marche-CALPGO009-01.webp","type":"image\/webp"}],"twitter_card":"summary_large_image","twitter_misc":{"Est. reading time":"2 minutes"},"schema":{"@context":"https:\/\/schema.org","@graph":[{"@type":"WebPage","@id":"https:\/\/www.doublewdesign.it\/prodotto\/mr-wattson-tavola-da-surf\/","url":"https:\/\/www.doublewdesign.it\/prodotto\/mr-wattson-tavola-da-surf\/","name":"Mr Wattson tavola da surf - Wdesign","isPartOf":{"@id":"https:\/\/www.doublewdesign.it\/#website"},"primaryImageOfPage":{"@id":"https:\/\/www.doublewdesign.it\/prodotto\/mr-wattson-tavola-da-surf\/#primaryimage"},"image":{"@id":"https:\/\/www.doublewdesign.it\/prodotto\/mr-wattson-tavola-da-surf\/#primaryimage"},"thumbnailUrl":"https:\/\/www.doublewdesign.it\/wp-content\/uploads\/2022\/12\/Lampada-Mr-Wattson-tavola-surf-arredo-design-wdesign-macerata-marche-CALPGO009-01.webp","datePublished":"2022-12-02T09:50:58+00:00","dateModified":"2026-04-24T09:29:15+00:00","description":"fai divertire un po' Mr Wattson con la sua tavola da surf e tu divertititi con lui, perdila la tua tavola immaginaria chiudi gli occhi e vai con li a surf","breadcrumb":{"@id":"https:\/\/www.doublewdesign.it\/prodotto\/mr-wattson-tavola-da-surf\/#breadcrumb"},"inLanguage":"en-US","potentialAction":[{"@type":"ReadAction","target":["https:\/\/www.doublewdesign.it\/prodotto\/mr-wattson-tavola-da-surf\/"]}]},{"@type":"ImageObject","inLanguage":"en-US","@id":"https:\/\/www.doublewdesign.it\/prodotto\/mr-wattson-tavola-da-surf\/#primaryimage","url":"https:\/\/www.doublewdesign.it\/wp-content\/uploads\/2022\/12\/Lampada-Mr-Wattson-tavola-surf-arredo-design-wdesign-macerata-marche-CALPGO009-01.webp","contentUrl":"https:\/\/www.doublewdesign.it\/wp-content\/uploads\/2022\/12\/Lampada-Mr-Wattson-tavola-surf-arredo-design-wdesign-macerata-marche-CALPGO009-01.webp","width":800,"height":800,"caption":"Lampada-Mr-Wattson-tavola-surf-arredo-design-wdesign-macerata-marche-CALPGO009-01"},{"@type":"BreadcrumbList","@id":"https:\/\/www.doublewdesign.it\/prodotto\/mr-wattson-tavola-da-surf\/#breadcrumb","itemListElement":[{"@type":"ListItem","position":1,"name":"Home","item":"https:\/\/www.doublewdesign.it\/?lang=en"},{"@type":"ListItem","position":2,"name":"Shop","item":"https:\/\/www.doublewdesign.it\/en\/shop\/"},{"@type":"ListItem","position":3,"name":"Complementi d'arredo","item":"https:\/\/www.doublewdesign.it\/categoria\/complementi-darredo\/"},{"@type":"ListItem","position":4,"name":"Mr Wattson tavola da surf"}]},{"@type":"WebSite","@id":"https:\/\/www.doublewdesign.it\/#website","url":"https:\/\/www.doublewdesign.it\/","name":"Wdesign","description":"Wdesign","publisher":{"@id":"https:\/\/www.doublewdesign.it\/#organization"},"potentialAction":[{"@type":"SearchAction","target":{"@type":"EntryPoint","urlTemplate":"https:\/\/www.doublewdesign.it\/?s={search_term_string}"},"query-input":{"@type":"PropertyValueSpecification","valueRequired":true,"valueName":"search_term_string"}}],"inLanguage":"en-US"},{"@type":"Organization","@id":"https:\/\/www.doublewdesign.it\/#organization","name":"Wdesign","url":"https:\/\/www.doublewdesign.it\/","logo":{"@type":"ImageObject","inLanguage":"en-US","@id":"https:\/\/www.doublewdesign.it\/#\/schema\/logo\/image\/","url":"https:\/\/www.doublewdesign.it\/wp-content\/uploads\/2024\/07\/wdesign_logo.png","contentUrl":"https:\/\/www.doublewdesign.it\/wp-content\/uploads\/2024\/07\/wdesign_logo.png","width":94,"height":94,"caption":"Wdesign"},"image":{"@id":"https:\/\/www.doublewdesign.it\/#\/schema\/logo\/image\/"},"sameAs":["https:\/\/www.facebook.com\/profile.php?id=100088597355679"]}]}},"_links":{"self":[{"href":"https:\/\/www.doublewdesign.it\/en\/wp-json\/wp\/v2\/product\/681","targetHints":{"allow":["GET"]}}],"collection":[{"href":"https:\/\/www.doublewdesign.it\/en\/wp-json\/wp\/v2\/product"}],"about":[{"href":"https:\/\/www.doublewdesign.it\/en\/wp-json\/wp\/v2\/types\/product"}],"replies":[{"embeddable":true,"href":"https:\/\/www.doublewdesign.it\/en\/wp-json\/wp\/v2\/comments?post=681"}],"wp:featuredmedia":[{"embeddable":true,"href":"https:\/\/www.doublewdesign.it\/en\/wp-json\/wp\/v2\/media\/2519"}],"wp:attachment":[{"href":"https:\/\/www.doublewdesign.it\/en\/wp-json\/wp\/v2\/media?parent=681"}],"wp:term":[{"taxonomy":"product_brand","embeddable":true,"href":"https:\/\/www.doublewdesign.it\/en\/wp-json\/wp\/v2\/product_brand?post=681"},{"taxonomy":"product_cat","embeddable":true,"href":"https:\/\/www.doublewdesign.it\/en\/wp-json\/wp\/v2\/product_cat?post=681"},{"taxonomy":"product_tag","embeddable":true,"href":"https:\/\/www.doublewdesign.it\/en\/wp-json\/wp\/v2\/product_tag?post=681"}],"curies":[{"name":"wp","href":"https:\/\/api.w.org\/{rel}","templated":true}]}}