
{"id":6077,"date":"2024-02-13T13:07:55","date_gmt":"2024-02-13T11:07:55","guid":{"rendered":"https:\/\/www.doublewdesign.it\/?post_type=product&#038;p=6077"},"modified":"2024-05-09T12:27:53","modified_gmt":"2024-05-09T10:27:53","slug":"quadro-fuji-da-gotenyama-presso-shinagawa-sul-tokaido","status":"publish","type":"product","link":"https:\/\/www.doublewdesign.it\/en\/prodotto\/quadro-fuji-da-gotenyama-presso-shinagawa-sul-tokaido\/","title":{"rendered":"FUJI DA GOTENYAMA PRESSO SHINAGAWA SUL TOKAIDO"},"content":{"rendered":"<h1>Quadro Fuji da Gotenyama Presso Shinagawa sul Tokaido<\/h1>\n<h6>Autore: Katsushika Hokusai<\/h6>\n<p class=\"western\" align=\"left\">Il Quadro Fuji da Gotenyama Presso Shinagawa sul Tokaido \u00e8 prodotto da GialloBus, azienda leader del settore, \u00e8 realizzato con la cura della manualit\u00e0 artigiana interamente in un laboratorio in Italia. In questo modo si pu\u00f2 seguire scrupolosamente tutto il processo produttivo, dall\u2019idea alla realizzazione e alla successiva spedizione con imballi sicuri e robusti.<\/p>\n<p>Le nostre Tele Canvas possono avere o un Telaio Standard o un Telaio Premium.<\/p>\n<p>Il Telaio Premium del quadro \u00e8 di vero legno massello ad alto spessore, pronto da appendere, si differenziano dai normali telai standard per il loro spessore (5 cm. circa invece di 2,5 cm.)<\/p>\n<p>Le stampe su tela canvas sono prodotte con inchiostri garantiti a vita e fissate su un robusto telaio in legno ad alto spessore pronto da appendere appoggiando il bordo su un solo chiodo (non fornito).<\/p>\n<p class=\"western\" align=\"left\">I nostri quadri di design sono la soluzione perfetta per arredare la camera da letto, la cameretta, il soggiorno, il salotto, la cucina, lo studio, l\u2019ufficio e il bagno.<\/p>\n<p>Il Quadro \u00e8 un prodotto in tela canvas di qualit\u00e0 superiore, che valorizzer\u00e0 qualsiasi ambiente con un tocco di ricercatezza.<\/p>\n<p>&nbsp;<\/p>\n<h2 class=\"western\" align=\"left\"><b>Descrizione Quadro Fuji da Gotenyama Presso Shinagawa sul Tokaido:<\/b><\/h2>\n<div class=\"flex flex-grow flex-col gap-3 max-w-full\">\n<div class=\"min-h-[20px] flex flex-col items-start gap-3 overflow-x-auto whitespace-pre-wrap break-words\">\n<div class=\"flex-1 overflow-hidden\">\n<div class=\"react-scroll-to-bottom--css-bjfqj-79elbk h-full\">\n<div class=\"react-scroll-to-bottom--css-bjfqj-1n7m0yu\">\n<div class=\"flex flex-col pb-9 text-sm\">\n<div class=\"w-full text-token-text-primary\" data-testid=\"conversation-turn-51\">\n<div class=\"px-4 py-2 justify-center text-base md:gap-6 m-auto\">\n<div class=\"flex flex-1 text-base mx-auto gap-3 md:px-5 lg:px-1 xl:px-5 md:max-w-3xl lg:max-w-[40rem] xl:max-w-[48rem] group final-completion\">\n<div class=\"relative flex w-full flex-col lg:w-[calc(100%-115px)] agent-turn\">\n<div class=\"flex-col gap-1 md:gap-3\">\n<div class=\"flex flex-grow flex-col max-w-full\">\n<div class=\"min-h-[20px] text-message flex flex-col items-start gap-3 whitespace-pre-wrap break-words [.text-message+&amp;]:mt-5 overflow-x-auto\" data-message-author-role=\"assistant\" data-message-id=\"1e41c575-73cd-4f46-ba77-8dfc4d6c696b\">\n<div class=\"markdown prose w-full break-words dark:prose-invert light\">\n<p>Il &#8220;Quadro Fuji da Gotenyama Presso Shinagawa sul Tokaido&#8221; \u00e8 un&#8217;opera iconica dell&#8217;artista giapponese Katsushika Hokusai, realizzata nel periodo Edo. Raffigura il maestoso Monte Fuji visto da Gotenyama, un punto panoramico presso Shinagawa lungo la strada Tokaido. La montagna si erge imponente al centro dello sfondo, dominando la composizione con la sua maestosit\u00e0 e serenit\u00e0. Hokusai utilizza una palette sobria ma vibrante per catturare la bellezza e la grandiosit\u00e0 del paesaggio. Le linee pulite e il contrasto tra il Monte Fuji e gli elementi circostanti conferiscono all&#8217;opera un senso di calma e contemplazione, incarnando l&#8217;essenza dell&#8217;estetica giapponese e la meraviglia della natura.<\/p>\n<\/div>\n<\/div>\n<\/div>\n<div class=\"mt-1 flex justify-start gap-3 empty:hidden\">\n<div class=\"text-gray-400 flex self-end lg:self-center justify-center lg:justify-start mt-0 -ml-1 visible\"><\/div>\n<\/div>\n<\/div>\n<\/div>\n<\/div>\n<\/div>\n<\/div>\n<\/div>\n<\/div>\n<\/div>\n<\/div>\n<p><a href=\"https:\/\/www.doublewdesign.it\/categoria\/arredo-muro\/arredo-muro-quadri-su-tela-canvas\/\">Clicca qui per vedere tutte le tele Cavas<\/a><\/p>\n<p><a href=\"https:\/\/www.instagram.com\/w_design_ig\/\">Instagram<\/a> e <a href=\"https:\/\/www.facebook.com\/2vdesign\/?show_switched_toast=0&amp;show_invite_to_follow=0&amp;show_switched_tooltip=0&amp;show_podcast_settings=0&amp;show_community_review_changes=0&amp;show_community_rollback=0&amp;show_follower_visibility_disclosure=0\">Facebook<\/a><\/p>\n<\/div>\n<\/div>\n<div class=\"flex flex-grow flex-col gap-3 max-w-full\">\n<div class=\"min-h-[20px] flex flex-col items-start gap-3 overflow-x-auto whitespace-pre-wrap break-words\">\n<div class=\"markdown prose w-full break-words dark:prose-invert light\"><\/div>\n<\/div>\n<\/div>\n","protected":false},"excerpt":{"rendered":"<p>Il quadro \u00e8 realizzato con la cura della <strong>manualit\u00e0 artigiana<\/strong>\u00a0interamente in un laboratorio in\u00a0<strong>Italia<\/strong>. In questo modo si pu\u00f2 seguire scrupolosamente tutto il processo produttivo, dall\u2019idea alla realizzazione e alla successiva spedizione con\u00a0<strong>imballi sicuri e robusti.<\/strong><\/p>\n<p>Il nostri quadri possono essere realizzati con\u00a0<strong>dimensioni variabili<\/strong>\u00a0e con la scelta del telaio standard o premium.<\/p>\n<p>Telaio<strong>\u00a0Standard<\/strong>: \u00e8 realizzato in legno MDF alta qualit\u00e0 spessore 2.5 cm.<\/p>\n<p>Telaio\u00a0<strong>Premium<\/strong>: \u00e8 realizzato in legno massello alta qualit\u00e0 pi\u00f9 robusto con uno spessore di 5 cm.<\/p>\n","protected":false},"featured_media":6086,"comment_status":"closed","ping_status":"closed","template":"","meta":{"_themeisle_gutenberg_block_has_review":false},"product_brand":[],"product_cat":[193,231],"product_tag":[],"class_list":{"0":"post-6077","1":"product","2":"type-product","3":"status-publish","4":"has-post-thumbnail","6":"product_cat-walldecor","7":"product_cat-paintings-on-canvas","9":"first","10":"instock","11":"taxable","12":"shipping-taxable","13":"purchasable","14":"product-type-variable"},"yoast_head":"<!-- This site is optimized with the Yoast SEO plugin v27.3 - https:\/\/yoast.com\/product\/yoast-seo-wordpress\/ -->\n<title>FUJI DA GOTENYAMA PRESSO SHINAGAWA SUL TOKAIDO - Wdesign<\/title>\n<meta name=\"description\" content=\"Quadro Fuji da Gotenyama Presso Shinagawa sul Tokaido \u00e8 un&#039;opera iconica dell&#039;artista giapponese Katsushika Hokusai, realizzata nel periodo Edo.\" \/>\n<meta name=\"robots\" content=\"index, follow, max-snippet:-1, max-image-preview:large, max-video-preview:-1\" \/>\n<link rel=\"canonical\" href=\"https:\/\/www.doublewdesign.it\/prodotto\/quadro-fuji-da-gotenyama-presso-shinagawa-sul-tokaido\/\" \/>\n<meta property=\"og:locale\" content=\"en_US\" \/>\n<meta property=\"og:type\" content=\"article\" \/>\n<meta property=\"og:title\" content=\"FUJI DA GOTENYAMA PRESSO SHINAGAWA SUL TOKAIDO - Wdesign\" \/>\n<meta property=\"og:description\" content=\"Quadro Fuji da Gotenyama Presso Shinagawa sul Tokaido \u00e8 un&#039;opera iconica dell&#039;artista giapponese Katsushika Hokusai, realizzata nel periodo Edo.\" \/>\n<meta property=\"og:url\" content=\"https:\/\/www.doublewdesign.it\/prodotto\/quadro-fuji-da-gotenyama-presso-shinagawa-sul-tokaido\/\" \/>\n<meta property=\"og:site_name\" content=\"Wdesign\" \/>\n<meta property=\"article:publisher\" content=\"https:\/\/www.facebook.com\/profile.php?id=100088597355679\" \/>\n<meta property=\"article:modified_time\" content=\"2024-05-09T10:27:53+00:00\" \/>\n<meta property=\"og:image\" content=\"https:\/\/www.doublewdesign.it\/wp-content\/uploads\/2024\/02\/Quadro-Il-Fuji-da-Gotenyama-Presso-Shinagawa-sul-Tokaido-arredo-muro-wdesign-macerata-marche_01.webp\" \/>\n\t<meta property=\"og:image:width\" content=\"600\" \/>\n\t<meta property=\"og:image:height\" content=\"600\" \/>\n\t<meta property=\"og:image:type\" content=\"image\/webp\" \/>\n<meta name=\"twitter:card\" content=\"summary_large_image\" \/>\n<meta name=\"twitter:label1\" content=\"Est. reading time\" \/>\n\t<meta name=\"twitter:data1\" content=\"2 minutes\" \/>\n<script type=\"application\/ld+json\" class=\"yoast-schema-graph\">{\"@context\":\"https:\\\/\\\/schema.org\",\"@graph\":[{\"@type\":\"WebPage\",\"@id\":\"https:\\\/\\\/www.doublewdesign.it\\\/prodotto\\\/quadro-fuji-da-gotenyama-presso-shinagawa-sul-tokaido\\\/\",\"url\":\"https:\\\/\\\/www.doublewdesign.it\\\/prodotto\\\/quadro-fuji-da-gotenyama-presso-shinagawa-sul-tokaido\\\/\",\"name\":\"FUJI DA GOTENYAMA PRESSO SHINAGAWA SUL TOKAIDO - Wdesign\",\"isPartOf\":{\"@id\":\"https:\\\/\\\/www.doublewdesign.it\\\/#website\"},\"primaryImageOfPage\":{\"@id\":\"https:\\\/\\\/www.doublewdesign.it\\\/prodotto\\\/quadro-fuji-da-gotenyama-presso-shinagawa-sul-tokaido\\\/#primaryimage\"},\"image\":{\"@id\":\"https:\\\/\\\/www.doublewdesign.it\\\/prodotto\\\/quadro-fuji-da-gotenyama-presso-shinagawa-sul-tokaido\\\/#primaryimage\"},\"thumbnailUrl\":\"https:\\\/\\\/www.doublewdesign.it\\\/wp-content\\\/uploads\\\/2024\\\/02\\\/Quadro-Il-Fuji-da-Gotenyama-Presso-Shinagawa-sul-Tokaido-arredo-muro-wdesign-macerata-marche_01.webp\",\"datePublished\":\"2024-02-13T11:07:55+00:00\",\"dateModified\":\"2024-05-09T10:27:53+00:00\",\"description\":\"Quadro Fuji da Gotenyama Presso Shinagawa sul Tokaido \u00e8 un'opera iconica dell'artista giapponese Katsushika Hokusai, realizzata nel periodo Edo.\",\"breadcrumb\":{\"@id\":\"https:\\\/\\\/www.doublewdesign.it\\\/prodotto\\\/quadro-fuji-da-gotenyama-presso-shinagawa-sul-tokaido\\\/#breadcrumb\"},\"inLanguage\":\"en-US\",\"potentialAction\":[{\"@type\":\"ReadAction\",\"target\":[\"https:\\\/\\\/www.doublewdesign.it\\\/prodotto\\\/quadro-fuji-da-gotenyama-presso-shinagawa-sul-tokaido\\\/\"]}]},{\"@type\":\"ImageObject\",\"inLanguage\":\"en-US\",\"@id\":\"https:\\\/\\\/www.doublewdesign.it\\\/prodotto\\\/quadro-fuji-da-gotenyama-presso-shinagawa-sul-tokaido\\\/#primaryimage\",\"url\":\"https:\\\/\\\/www.doublewdesign.it\\\/wp-content\\\/uploads\\\/2024\\\/02\\\/Quadro-Il-Fuji-da-Gotenyama-Presso-Shinagawa-sul-Tokaido-arredo-muro-wdesign-macerata-marche_01.webp\",\"contentUrl\":\"https:\\\/\\\/www.doublewdesign.it\\\/wp-content\\\/uploads\\\/2024\\\/02\\\/Quadro-Il-Fuji-da-Gotenyama-Presso-Shinagawa-sul-Tokaido-arredo-muro-wdesign-macerata-marche_01.webp\",\"width\":600,\"height\":600,\"caption\":\"Quadro Il Fuji da Gotenyama Presso Shinagawa sul Tokaido\"},{\"@type\":\"BreadcrumbList\",\"@id\":\"https:\\\/\\\/www.doublewdesign.it\\\/prodotto\\\/quadro-fuji-da-gotenyama-presso-shinagawa-sul-tokaido\\\/#breadcrumb\",\"itemListElement\":[{\"@type\":\"ListItem\",\"position\":1,\"name\":\"Home\",\"item\":\"https:\\\/\\\/www.doublewdesign.it\\\/?lang=en\"},{\"@type\":\"ListItem\",\"position\":2,\"name\":\"Shop\",\"item\":\"https:\\\/\\\/www.doublewdesign.it\\\/en\\\/shop\\\/\"},{\"@type\":\"ListItem\",\"position\":3,\"name\":\"Arredo Muro\",\"item\":\"https:\\\/\\\/www.doublewdesign.it\\\/categoria\\\/arredo-muro\\\/\"},{\"@type\":\"ListItem\",\"position\":4,\"name\":\"FUJI DA GOTENYAMA PRESSO SHINAGAWA SUL TOKAIDO\"}]},{\"@type\":\"WebSite\",\"@id\":\"https:\\\/\\\/www.doublewdesign.it\\\/#website\",\"url\":\"https:\\\/\\\/www.doublewdesign.it\\\/\",\"name\":\"Wdesign\",\"description\":\"Wdesign\",\"publisher\":{\"@id\":\"https:\\\/\\\/www.doublewdesign.it\\\/#organization\"},\"potentialAction\":[{\"@type\":\"SearchAction\",\"target\":{\"@type\":\"EntryPoint\",\"urlTemplate\":\"https:\\\/\\\/www.doublewdesign.it\\\/?s={search_term_string}\"},\"query-input\":{\"@type\":\"PropertyValueSpecification\",\"valueRequired\":true,\"valueName\":\"search_term_string\"}}],\"inLanguage\":\"en-US\"},{\"@type\":\"Organization\",\"@id\":\"https:\\\/\\\/www.doublewdesign.it\\\/#organization\",\"name\":\"Wdesign\",\"url\":\"https:\\\/\\\/www.doublewdesign.it\\\/\",\"logo\":{\"@type\":\"ImageObject\",\"inLanguage\":\"en-US\",\"@id\":\"https:\\\/\\\/www.doublewdesign.it\\\/#\\\/schema\\\/logo\\\/image\\\/\",\"url\":\"https:\\\/\\\/www.doublewdesign.it\\\/wp-content\\\/uploads\\\/2024\\\/07\\\/wdesign_logo.png\",\"contentUrl\":\"https:\\\/\\\/www.doublewdesign.it\\\/wp-content\\\/uploads\\\/2024\\\/07\\\/wdesign_logo.png\",\"width\":94,\"height\":94,\"caption\":\"Wdesign\"},\"image\":{\"@id\":\"https:\\\/\\\/www.doublewdesign.it\\\/#\\\/schema\\\/logo\\\/image\\\/\"},\"sameAs\":[\"https:\\\/\\\/www.facebook.com\\\/profile.php?id=100088597355679\"]}]}<\/script>\n<!-- \/ Yoast SEO plugin. -->","yoast_head_json":{"title":"FUJI DA GOTENYAMA PRESSO SHINAGAWA SUL TOKAIDO - Wdesign","description":"Quadro Fuji da Gotenyama Presso Shinagawa sul Tokaido \u00e8 un'opera iconica dell'artista giapponese Katsushika Hokusai, realizzata nel periodo Edo.","robots":{"index":"index","follow":"follow","max-snippet":"max-snippet:-1","max-image-preview":"max-image-preview:large","max-video-preview":"max-video-preview:-1"},"canonical":"https:\/\/www.doublewdesign.it\/prodotto\/quadro-fuji-da-gotenyama-presso-shinagawa-sul-tokaido\/","og_locale":"en_US","og_type":"article","og_title":"FUJI DA GOTENYAMA PRESSO SHINAGAWA SUL TOKAIDO - Wdesign","og_description":"Quadro Fuji da Gotenyama Presso Shinagawa sul Tokaido \u00e8 un'opera iconica dell'artista giapponese Katsushika Hokusai, realizzata nel periodo Edo.","og_url":"https:\/\/www.doublewdesign.it\/prodotto\/quadro-fuji-da-gotenyama-presso-shinagawa-sul-tokaido\/","og_site_name":"Wdesign","article_publisher":"https:\/\/www.facebook.com\/profile.php?id=100088597355679","article_modified_time":"2024-05-09T10:27:53+00:00","og_image":[{"width":600,"height":600,"url":"https:\/\/www.doublewdesign.it\/wp-content\/uploads\/2024\/02\/Quadro-Il-Fuji-da-Gotenyama-Presso-Shinagawa-sul-Tokaido-arredo-muro-wdesign-macerata-marche_01.webp","type":"image\/webp"}],"twitter_card":"summary_large_image","twitter_misc":{"Est. reading time":"2 minutes"},"schema":{"@context":"https:\/\/schema.org","@graph":[{"@type":"WebPage","@id":"https:\/\/www.doublewdesign.it\/prodotto\/quadro-fuji-da-gotenyama-presso-shinagawa-sul-tokaido\/","url":"https:\/\/www.doublewdesign.it\/prodotto\/quadro-fuji-da-gotenyama-presso-shinagawa-sul-tokaido\/","name":"FUJI DA GOTENYAMA PRESSO SHINAGAWA SUL TOKAIDO - Wdesign","isPartOf":{"@id":"https:\/\/www.doublewdesign.it\/#website"},"primaryImageOfPage":{"@id":"https:\/\/www.doublewdesign.it\/prodotto\/quadro-fuji-da-gotenyama-presso-shinagawa-sul-tokaido\/#primaryimage"},"image":{"@id":"https:\/\/www.doublewdesign.it\/prodotto\/quadro-fuji-da-gotenyama-presso-shinagawa-sul-tokaido\/#primaryimage"},"thumbnailUrl":"https:\/\/www.doublewdesign.it\/wp-content\/uploads\/2024\/02\/Quadro-Il-Fuji-da-Gotenyama-Presso-Shinagawa-sul-Tokaido-arredo-muro-wdesign-macerata-marche_01.webp","datePublished":"2024-02-13T11:07:55+00:00","dateModified":"2024-05-09T10:27:53+00:00","description":"Quadro Fuji da Gotenyama Presso Shinagawa sul Tokaido \u00e8 un'opera iconica dell'artista giapponese Katsushika Hokusai, realizzata nel periodo Edo.","breadcrumb":{"@id":"https:\/\/www.doublewdesign.it\/prodotto\/quadro-fuji-da-gotenyama-presso-shinagawa-sul-tokaido\/#breadcrumb"},"inLanguage":"en-US","potentialAction":[{"@type":"ReadAction","target":["https:\/\/www.doublewdesign.it\/prodotto\/quadro-fuji-da-gotenyama-presso-shinagawa-sul-tokaido\/"]}]},{"@type":"ImageObject","inLanguage":"en-US","@id":"https:\/\/www.doublewdesign.it\/prodotto\/quadro-fuji-da-gotenyama-presso-shinagawa-sul-tokaido\/#primaryimage","url":"https:\/\/www.doublewdesign.it\/wp-content\/uploads\/2024\/02\/Quadro-Il-Fuji-da-Gotenyama-Presso-Shinagawa-sul-Tokaido-arredo-muro-wdesign-macerata-marche_01.webp","contentUrl":"https:\/\/www.doublewdesign.it\/wp-content\/uploads\/2024\/02\/Quadro-Il-Fuji-da-Gotenyama-Presso-Shinagawa-sul-Tokaido-arredo-muro-wdesign-macerata-marche_01.webp","width":600,"height":600,"caption":"Quadro Il Fuji da Gotenyama Presso Shinagawa sul Tokaido"},{"@type":"BreadcrumbList","@id":"https:\/\/www.doublewdesign.it\/prodotto\/quadro-fuji-da-gotenyama-presso-shinagawa-sul-tokaido\/#breadcrumb","itemListElement":[{"@type":"ListItem","position":1,"name":"Home","item":"https:\/\/www.doublewdesign.it\/?lang=en"},{"@type":"ListItem","position":2,"name":"Shop","item":"https:\/\/www.doublewdesign.it\/en\/shop\/"},{"@type":"ListItem","position":3,"name":"Arredo Muro","item":"https:\/\/www.doublewdesign.it\/categoria\/arredo-muro\/"},{"@type":"ListItem","position":4,"name":"FUJI DA GOTENYAMA PRESSO SHINAGAWA SUL TOKAIDO"}]},{"@type":"WebSite","@id":"https:\/\/www.doublewdesign.it\/#website","url":"https:\/\/www.doublewdesign.it\/","name":"Wdesign","description":"Wdesign","publisher":{"@id":"https:\/\/www.doublewdesign.it\/#organization"},"potentialAction":[{"@type":"SearchAction","target":{"@type":"EntryPoint","urlTemplate":"https:\/\/www.doublewdesign.it\/?s={search_term_string}"},"query-input":{"@type":"PropertyValueSpecification","valueRequired":true,"valueName":"search_term_string"}}],"inLanguage":"en-US"},{"@type":"Organization","@id":"https:\/\/www.doublewdesign.it\/#organization","name":"Wdesign","url":"https:\/\/www.doublewdesign.it\/","logo":{"@type":"ImageObject","inLanguage":"en-US","@id":"https:\/\/www.doublewdesign.it\/#\/schema\/logo\/image\/","url":"https:\/\/www.doublewdesign.it\/wp-content\/uploads\/2024\/07\/wdesign_logo.png","contentUrl":"https:\/\/www.doublewdesign.it\/wp-content\/uploads\/2024\/07\/wdesign_logo.png","width":94,"height":94,"caption":"Wdesign"},"image":{"@id":"https:\/\/www.doublewdesign.it\/#\/schema\/logo\/image\/"},"sameAs":["https:\/\/www.facebook.com\/profile.php?id=100088597355679"]}]}},"_links":{"self":[{"href":"https:\/\/www.doublewdesign.it\/en\/wp-json\/wp\/v2\/product\/6077","targetHints":{"allow":["GET"]}}],"collection":[{"href":"https:\/\/www.doublewdesign.it\/en\/wp-json\/wp\/v2\/product"}],"about":[{"href":"https:\/\/www.doublewdesign.it\/en\/wp-json\/wp\/v2\/types\/product"}],"replies":[{"embeddable":true,"href":"https:\/\/www.doublewdesign.it\/en\/wp-json\/wp\/v2\/comments?post=6077"}],"wp:featuredmedia":[{"embeddable":true,"href":"https:\/\/www.doublewdesign.it\/en\/wp-json\/wp\/v2\/media\/6086"}],"wp:attachment":[{"href":"https:\/\/www.doublewdesign.it\/en\/wp-json\/wp\/v2\/media?parent=6077"}],"wp:term":[{"taxonomy":"product_brand","embeddable":true,"href":"https:\/\/www.doublewdesign.it\/en\/wp-json\/wp\/v2\/product_brand?post=6077"},{"taxonomy":"product_cat","embeddable":true,"href":"https:\/\/www.doublewdesign.it\/en\/wp-json\/wp\/v2\/product_cat?post=6077"},{"taxonomy":"product_tag","embeddable":true,"href":"https:\/\/www.doublewdesign.it\/en\/wp-json\/wp\/v2\/product_tag?post=6077"}],"curies":[{"name":"wp","href":"https:\/\/api.w.org\/{rel}","templated":true}]}}