
{"id":6027,"date":"2024-02-12T11:56:05","date_gmt":"2024-02-12T09:56:05","guid":{"rendered":"https:\/\/www.doublewdesign.it\/?post_type=product&#038;p=6027"},"modified":"2024-05-09T12:27:55","modified_gmt":"2024-05-09T10:27:55","slug":"quadro-terrazza-di-un-caffe-di-notte","status":"publish","type":"product","link":"https:\/\/www.doublewdesign.it\/en\/prodotto\/quadro-terrazza-di-un-caffe-di-notte\/","title":{"rendered":"QUADRO TERRAZZA DI UN CAFF\u00c8 DI NOTTE"},"content":{"rendered":"<h1>Quadro Terrazza di un caff\u00e8 di notte<\/h1>\n<h6>Autore: Vincent van gogh<\/h6>\n<p class=\"western\" align=\"left\">Il Quadro Terrazza di un caff\u00e8 di notte \u00e8 prodotto da GialloBus, azienda leader del settore, \u00e8 realizzato con la cura della manualit\u00e0 artigiana interamente in un laboratorio in Italia. In questo modo si pu\u00f2 seguire scrupolosamente tutto il processo produttivo, dall\u2019idea alla realizzazione e alla successiva spedizione con imballi sicuri e robusti.<\/p>\n<p>Le nostre Tele Canvas possono avere o un Telaio Standard o un Telaio Premium.<\/p>\n<p>Il Telaio Premium del quadro \u00e8 di vero legno massello ad alto spessore, pronto da appendere, si differenziano dai normali telai standard per il loro spessore (5 cm. circa invece di 2,5 cm.)<\/p>\n<p>Le stampe su tela canvas sono prodotte con inchiostri garantiti a vita e fissate su un robusto telaio in legno ad alto spessore pronto da appendere appoggiando il bordo su un solo chiodo (non fornito).<\/p>\n<p class=\"western\" align=\"left\">I nostri quadri di design sono la soluzione perfetta per arredare la camera da letto, la cameretta, il soggiorno, il salotto, la cucina, lo studio, l\u2019ufficio e il bagno.<\/p>\n<p>Il Quadro Terrazza di un caff\u00e8 di notte \u00e8 un prodotto in tela canvas di qualit\u00e0 superiore, che valorizzer\u00e0 qualsiasi ambiente con un tocco di ricercatezza.<\/p>\n<p>&nbsp;<\/p>\n<h2 class=\"western\" align=\"left\"><b>Descrizione Quadro Terrazza di un caff\u00e8 di notte:<\/b><\/h2>\n<div class=\"flex flex-grow flex-col gap-3 max-w-full\">\n<div class=\"min-h-[20px] flex flex-col items-start gap-3 overflow-x-auto whitespace-pre-wrap break-words\">\n<div>\n<div class=\"flex-1 overflow-hidden\">\n<div class=\"react-scroll-to-bottom--css-bjfqj-79elbk h-full\">\n<div class=\"react-scroll-to-bottom--css-bjfqj-1n7m0yu\">\n<div class=\"flex flex-col pb-9 text-sm\">\n<div class=\"w-full text-token-text-primary\" data-testid=\"conversation-turn-51\">\n<div class=\"px-4 py-2 justify-center text-base md:gap-6 m-auto\">\n<div class=\"flex flex-1 text-base mx-auto gap-3 md:px-5 lg:px-1 xl:px-5 md:max-w-3xl lg:max-w-[40rem] xl:max-w-[48rem] group final-completion\">\n<div class=\"relative flex w-full flex-col lg:w-[calc(100%-115px)] agent-turn\">\n<div class=\"flex-col gap-1 md:gap-3\">\n<div class=\"flex flex-grow flex-col max-w-full\">\n<div class=\"min-h-[20px] text-message flex flex-col items-start gap-3 whitespace-pre-wrap break-words [.text-message+&amp;]:mt-5 overflow-x-auto\" data-message-author-role=\"assistant\" data-message-id=\"1e41c575-73cd-4f46-ba77-8dfc4d6c696b\">\n<div class=\"markdown prose w-full break-words dark:prose-invert light\">\n<p>Il quadro &#8220;Terrazza di un caff\u00e8 di notte&#8221; di Vincent Van Gogh cattura l&#8217;atmosfera vibrante e vivace di una notte animata in una terrazza di caff\u00e8. Dipinto nel 1888, mostra una scena notturna al caf\u00e8 Le Tambourin a Arles, Francia. Van Gogh utilizza pennellate audaci e colori vibranti per trasmettere l&#8217;intensit\u00e0 dell&#8217;esperienza notturna. La terrazza \u00e8 illuminata da luci calde, creando un contrasto suggestivo con il cielo notturno stellato. Le figure in primo piano sono ritratte con movimenti vivaci e gesti animati, aggiungendo dinamicit\u00e0 alla composizione. Il quadro evoca un senso di vitalit\u00e0 e energia, catturando lo spirito della vita notturna in una citt\u00e0 vivace. Con la sua combinazione di colore audace e dettagli emotivi, &#8220;Terrazza di un caff\u00e8 di notte&#8221; \u00e8 un&#8217;opera iconica. Continua a ispirare e affascinare gli spettatori di oggi.<\/p>\n<\/div>\n<\/div>\n<\/div>\n<div class=\"mt-1 flex justify-start gap-3 empty:hidden\">\n<div class=\"text-gray-400 flex self-end lg:self-center justify-center lg:justify-start mt-0 -ml-1 visible\"><\/div>\n<\/div>\n<\/div>\n<\/div>\n<\/div>\n<\/div>\n<\/div>\n<\/div>\n<\/div>\n<\/div>\n<\/div>\n<p><a href=\"https:\/\/www.doublewdesign.it\/categoria\/arredo-muro\/arredo-muro-quadri-su-tela-canvas\/\">Clicca qui per vedere tutte le tele Cavas<\/a><\/p>\n<p><a href=\"https:\/\/www.instagram.com\/w_design_ig\/\">Instagram<\/a> e <a href=\"https:\/\/www.facebook.com\/2vdesign\/?show_switched_toast=0&amp;show_invite_to_follow=0&amp;show_switched_tooltip=0&amp;show_podcast_settings=0&amp;show_community_review_changes=0&amp;show_community_rollback=0&amp;show_follower_visibility_disclosure=0\">Facebook<\/a><\/p>\n<\/div>\n<\/div>\n<\/div>\n<div class=\"flex flex-grow flex-col gap-3 max-w-full\">\n<div class=\"min-h-[20px] flex flex-col items-start gap-3 overflow-x-auto whitespace-pre-wrap break-words\">\n<div class=\"markdown prose w-full break-words dark:prose-invert light\"><\/div>\n<\/div>\n<\/div>\n","protected":false},"excerpt":{"rendered":"<p>Il quadro \u00e8 realizzato con la cura della\u00a0<strong>manualit\u00e0 artigiana<\/strong>\u00a0interamente in un laboratorio in\u00a0<strong>Italia<\/strong>. In questo modo si pu\u00f2 seguire scrupolosamente tutto il processo produttivo, dall\u2019idea alla realizzazione e alla successiva spedizione con\u00a0<strong>imballi sicuri e robusti.<\/strong><\/p>\n<p>Il nostri quadri possono essere realizzati con\u00a0<strong>dimensioni variabili<\/strong>\u00a0e con la scelta del telaio standard o premium.<\/p>\n<p>Telaio<strong>\u00a0Standard<\/strong>: \u00e8 realizzato in legno MDF alta qualit\u00e0 spessore 2.5 cm.<\/p>\n<p>Telaio\u00a0<strong>Premium<\/strong>: \u00e8 realizzato in legno massello alta qualit\u00e0 pi\u00f9 robusto con uno spessore di 5 cm.<\/p>\n","protected":false},"featured_media":6036,"comment_status":"closed","ping_status":"closed","template":"","meta":{"_themeisle_gutenberg_block_has_review":false},"product_brand":[],"product_cat":[193,231],"product_tag":[],"class_list":{"0":"post-6027","1":"product","2":"type-product","3":"status-publish","4":"has-post-thumbnail","6":"product_cat-walldecor","7":"product_cat-paintings-on-canvas","9":"first","10":"instock","11":"taxable","12":"shipping-taxable","13":"purchasable","14":"product-type-variable"},"yoast_head":"<!-- This site is optimized with the Yoast SEO plugin v27.3 - https:\/\/yoast.com\/product\/yoast-seo-wordpress\/ -->\n<title>QUADRO TERRAZZA DI UN CAFF\u00c8 DI NOTTE - Wdesign<\/title>\n<meta name=\"description\" content=\"Quadro Terrazza di un caff\u00e8 di notte dipinto nel 1888, mostra una scena notturna al caf\u00e8 Le Tambourin a Arles, Francia cattura l&#039;atmosfera vibrante e vivace\" \/>\n<meta name=\"robots\" content=\"index, follow, max-snippet:-1, max-image-preview:large, max-video-preview:-1\" \/>\n<link rel=\"canonical\" href=\"https:\/\/www.doublewdesign.it\/prodotto\/quadro-terrazza-di-un-caffe-di-notte\/\" \/>\n<meta property=\"og:locale\" content=\"en_US\" \/>\n<meta property=\"og:type\" content=\"article\" \/>\n<meta property=\"og:title\" content=\"QUADRO TERRAZZA DI UN CAFF\u00c8 DI NOTTE - Wdesign\" \/>\n<meta property=\"og:description\" content=\"Quadro Terrazza di un caff\u00e8 di notte dipinto nel 1888, mostra una scena notturna al caf\u00e8 Le Tambourin a Arles, Francia cattura l&#039;atmosfera vibrante e vivace\" \/>\n<meta property=\"og:url\" content=\"https:\/\/www.doublewdesign.it\/prodotto\/quadro-terrazza-di-un-caffe-di-notte\/\" \/>\n<meta property=\"og:site_name\" content=\"Wdesign\" \/>\n<meta property=\"article:publisher\" content=\"https:\/\/www.facebook.com\/profile.php?id=100088597355679\" \/>\n<meta property=\"article:modified_time\" content=\"2024-05-09T10:27:55+00:00\" \/>\n<meta property=\"og:image\" content=\"https:\/\/www.doublewdesign.it\/wp-content\/uploads\/2024\/02\/Quadro-Terrazza-di-un-caffe-di-notte-arredo-muro-wdesign-macerata-marche_01.webp\" \/>\n\t<meta property=\"og:image:width\" content=\"600\" \/>\n\t<meta property=\"og:image:height\" content=\"600\" \/>\n\t<meta property=\"og:image:type\" content=\"image\/webp\" \/>\n<meta name=\"twitter:card\" content=\"summary_large_image\" \/>\n<meta name=\"twitter:label1\" content=\"Est. reading time\" \/>\n\t<meta name=\"twitter:data1\" content=\"3 minutes\" \/>\n<script type=\"application\/ld+json\" class=\"yoast-schema-graph\">{\"@context\":\"https:\\\/\\\/schema.org\",\"@graph\":[{\"@type\":\"WebPage\",\"@id\":\"https:\\\/\\\/www.doublewdesign.it\\\/prodotto\\\/quadro-terrazza-di-un-caffe-di-notte\\\/\",\"url\":\"https:\\\/\\\/www.doublewdesign.it\\\/prodotto\\\/quadro-terrazza-di-un-caffe-di-notte\\\/\",\"name\":\"QUADRO TERRAZZA DI UN CAFF\u00c8 DI NOTTE - Wdesign\",\"isPartOf\":{\"@id\":\"https:\\\/\\\/www.doublewdesign.it\\\/#website\"},\"primaryImageOfPage\":{\"@id\":\"https:\\\/\\\/www.doublewdesign.it\\\/prodotto\\\/quadro-terrazza-di-un-caffe-di-notte\\\/#primaryimage\"},\"image\":{\"@id\":\"https:\\\/\\\/www.doublewdesign.it\\\/prodotto\\\/quadro-terrazza-di-un-caffe-di-notte\\\/#primaryimage\"},\"thumbnailUrl\":\"https:\\\/\\\/www.doublewdesign.it\\\/wp-content\\\/uploads\\\/2024\\\/02\\\/Quadro-Terrazza-di-un-caffe-di-notte-arredo-muro-wdesign-macerata-marche_01.webp\",\"datePublished\":\"2024-02-12T09:56:05+00:00\",\"dateModified\":\"2024-05-09T10:27:55+00:00\",\"description\":\"Quadro Terrazza di un caff\u00e8 di notte dipinto nel 1888, mostra una scena notturna al caf\u00e8 Le Tambourin a Arles, Francia cattura l'atmosfera vibrante e vivace\",\"breadcrumb\":{\"@id\":\"https:\\\/\\\/www.doublewdesign.it\\\/prodotto\\\/quadro-terrazza-di-un-caffe-di-notte\\\/#breadcrumb\"},\"inLanguage\":\"en-US\",\"potentialAction\":[{\"@type\":\"ReadAction\",\"target\":[\"https:\\\/\\\/www.doublewdesign.it\\\/prodotto\\\/quadro-terrazza-di-un-caffe-di-notte\\\/\"]}]},{\"@type\":\"ImageObject\",\"inLanguage\":\"en-US\",\"@id\":\"https:\\\/\\\/www.doublewdesign.it\\\/prodotto\\\/quadro-terrazza-di-un-caffe-di-notte\\\/#primaryimage\",\"url\":\"https:\\\/\\\/www.doublewdesign.it\\\/wp-content\\\/uploads\\\/2024\\\/02\\\/Quadro-Terrazza-di-un-caffe-di-notte-arredo-muro-wdesign-macerata-marche_01.webp\",\"contentUrl\":\"https:\\\/\\\/www.doublewdesign.it\\\/wp-content\\\/uploads\\\/2024\\\/02\\\/Quadro-Terrazza-di-un-caffe-di-notte-arredo-muro-wdesign-macerata-marche_01.webp\",\"width\":600,\"height\":600,\"caption\":\"Quadro Terrazza di un caff\u00e8 di notte - arredo muro - wdesign - macerata - marche_01\"},{\"@type\":\"BreadcrumbList\",\"@id\":\"https:\\\/\\\/www.doublewdesign.it\\\/prodotto\\\/quadro-terrazza-di-un-caffe-di-notte\\\/#breadcrumb\",\"itemListElement\":[{\"@type\":\"ListItem\",\"position\":1,\"name\":\"Home\",\"item\":\"https:\\\/\\\/www.doublewdesign.it\\\/?lang=en\"},{\"@type\":\"ListItem\",\"position\":2,\"name\":\"Shop\",\"item\":\"https:\\\/\\\/www.doublewdesign.it\\\/en\\\/shop\\\/\"},{\"@type\":\"ListItem\",\"position\":3,\"name\":\"Arredo Muro\",\"item\":\"https:\\\/\\\/www.doublewdesign.it\\\/categoria\\\/arredo-muro\\\/\"},{\"@type\":\"ListItem\",\"position\":4,\"name\":\"QUADRO TERRAZZA DI UN CAFF\u00c8 DI NOTTE\"}]},{\"@type\":\"WebSite\",\"@id\":\"https:\\\/\\\/www.doublewdesign.it\\\/#website\",\"url\":\"https:\\\/\\\/www.doublewdesign.it\\\/\",\"name\":\"Wdesign\",\"description\":\"Wdesign\",\"publisher\":{\"@id\":\"https:\\\/\\\/www.doublewdesign.it\\\/#organization\"},\"potentialAction\":[{\"@type\":\"SearchAction\",\"target\":{\"@type\":\"EntryPoint\",\"urlTemplate\":\"https:\\\/\\\/www.doublewdesign.it\\\/?s={search_term_string}\"},\"query-input\":{\"@type\":\"PropertyValueSpecification\",\"valueRequired\":true,\"valueName\":\"search_term_string\"}}],\"inLanguage\":\"en-US\"},{\"@type\":\"Organization\",\"@id\":\"https:\\\/\\\/www.doublewdesign.it\\\/#organization\",\"name\":\"Wdesign\",\"url\":\"https:\\\/\\\/www.doublewdesign.it\\\/\",\"logo\":{\"@type\":\"ImageObject\",\"inLanguage\":\"en-US\",\"@id\":\"https:\\\/\\\/www.doublewdesign.it\\\/#\\\/schema\\\/logo\\\/image\\\/\",\"url\":\"https:\\\/\\\/www.doublewdesign.it\\\/wp-content\\\/uploads\\\/2024\\\/07\\\/wdesign_logo.png\",\"contentUrl\":\"https:\\\/\\\/www.doublewdesign.it\\\/wp-content\\\/uploads\\\/2024\\\/07\\\/wdesign_logo.png\",\"width\":94,\"height\":94,\"caption\":\"Wdesign\"},\"image\":{\"@id\":\"https:\\\/\\\/www.doublewdesign.it\\\/#\\\/schema\\\/logo\\\/image\\\/\"},\"sameAs\":[\"https:\\\/\\\/www.facebook.com\\\/profile.php?id=100088597355679\"]}]}<\/script>\n<!-- \/ Yoast SEO plugin. -->","yoast_head_json":{"title":"QUADRO TERRAZZA DI UN CAFF\u00c8 DI NOTTE - Wdesign","description":"Quadro Terrazza di un caff\u00e8 di notte dipinto nel 1888, mostra una scena notturna al caf\u00e8 Le Tambourin a Arles, Francia cattura l'atmosfera vibrante e vivace","robots":{"index":"index","follow":"follow","max-snippet":"max-snippet:-1","max-image-preview":"max-image-preview:large","max-video-preview":"max-video-preview:-1"},"canonical":"https:\/\/www.doublewdesign.it\/prodotto\/quadro-terrazza-di-un-caffe-di-notte\/","og_locale":"en_US","og_type":"article","og_title":"QUADRO TERRAZZA DI UN CAFF\u00c8 DI NOTTE - Wdesign","og_description":"Quadro Terrazza di un caff\u00e8 di notte dipinto nel 1888, mostra una scena notturna al caf\u00e8 Le Tambourin a Arles, Francia cattura l'atmosfera vibrante e vivace","og_url":"https:\/\/www.doublewdesign.it\/prodotto\/quadro-terrazza-di-un-caffe-di-notte\/","og_site_name":"Wdesign","article_publisher":"https:\/\/www.facebook.com\/profile.php?id=100088597355679","article_modified_time":"2024-05-09T10:27:55+00:00","og_image":[{"width":600,"height":600,"url":"https:\/\/www.doublewdesign.it\/wp-content\/uploads\/2024\/02\/Quadro-Terrazza-di-un-caffe-di-notte-arredo-muro-wdesign-macerata-marche_01.webp","type":"image\/webp"}],"twitter_card":"summary_large_image","twitter_misc":{"Est. reading time":"3 minutes"},"schema":{"@context":"https:\/\/schema.org","@graph":[{"@type":"WebPage","@id":"https:\/\/www.doublewdesign.it\/prodotto\/quadro-terrazza-di-un-caffe-di-notte\/","url":"https:\/\/www.doublewdesign.it\/prodotto\/quadro-terrazza-di-un-caffe-di-notte\/","name":"QUADRO TERRAZZA DI UN CAFF\u00c8 DI NOTTE - Wdesign","isPartOf":{"@id":"https:\/\/www.doublewdesign.it\/#website"},"primaryImageOfPage":{"@id":"https:\/\/www.doublewdesign.it\/prodotto\/quadro-terrazza-di-un-caffe-di-notte\/#primaryimage"},"image":{"@id":"https:\/\/www.doublewdesign.it\/prodotto\/quadro-terrazza-di-un-caffe-di-notte\/#primaryimage"},"thumbnailUrl":"https:\/\/www.doublewdesign.it\/wp-content\/uploads\/2024\/02\/Quadro-Terrazza-di-un-caffe-di-notte-arredo-muro-wdesign-macerata-marche_01.webp","datePublished":"2024-02-12T09:56:05+00:00","dateModified":"2024-05-09T10:27:55+00:00","description":"Quadro Terrazza di un caff\u00e8 di notte dipinto nel 1888, mostra una scena notturna al caf\u00e8 Le Tambourin a Arles, Francia cattura l'atmosfera vibrante e vivace","breadcrumb":{"@id":"https:\/\/www.doublewdesign.it\/prodotto\/quadro-terrazza-di-un-caffe-di-notte\/#breadcrumb"},"inLanguage":"en-US","potentialAction":[{"@type":"ReadAction","target":["https:\/\/www.doublewdesign.it\/prodotto\/quadro-terrazza-di-un-caffe-di-notte\/"]}]},{"@type":"ImageObject","inLanguage":"en-US","@id":"https:\/\/www.doublewdesign.it\/prodotto\/quadro-terrazza-di-un-caffe-di-notte\/#primaryimage","url":"https:\/\/www.doublewdesign.it\/wp-content\/uploads\/2024\/02\/Quadro-Terrazza-di-un-caffe-di-notte-arredo-muro-wdesign-macerata-marche_01.webp","contentUrl":"https:\/\/www.doublewdesign.it\/wp-content\/uploads\/2024\/02\/Quadro-Terrazza-di-un-caffe-di-notte-arredo-muro-wdesign-macerata-marche_01.webp","width":600,"height":600,"caption":"Quadro Terrazza di un caff\u00e8 di notte - arredo muro - wdesign - macerata - marche_01"},{"@type":"BreadcrumbList","@id":"https:\/\/www.doublewdesign.it\/prodotto\/quadro-terrazza-di-un-caffe-di-notte\/#breadcrumb","itemListElement":[{"@type":"ListItem","position":1,"name":"Home","item":"https:\/\/www.doublewdesign.it\/?lang=en"},{"@type":"ListItem","position":2,"name":"Shop","item":"https:\/\/www.doublewdesign.it\/en\/shop\/"},{"@type":"ListItem","position":3,"name":"Arredo Muro","item":"https:\/\/www.doublewdesign.it\/categoria\/arredo-muro\/"},{"@type":"ListItem","position":4,"name":"QUADRO TERRAZZA DI UN CAFF\u00c8 DI NOTTE"}]},{"@type":"WebSite","@id":"https:\/\/www.doublewdesign.it\/#website","url":"https:\/\/www.doublewdesign.it\/","name":"Wdesign","description":"Wdesign","publisher":{"@id":"https:\/\/www.doublewdesign.it\/#organization"},"potentialAction":[{"@type":"SearchAction","target":{"@type":"EntryPoint","urlTemplate":"https:\/\/www.doublewdesign.it\/?s={search_term_string}"},"query-input":{"@type":"PropertyValueSpecification","valueRequired":true,"valueName":"search_term_string"}}],"inLanguage":"en-US"},{"@type":"Organization","@id":"https:\/\/www.doublewdesign.it\/#organization","name":"Wdesign","url":"https:\/\/www.doublewdesign.it\/","logo":{"@type":"ImageObject","inLanguage":"en-US","@id":"https:\/\/www.doublewdesign.it\/#\/schema\/logo\/image\/","url":"https:\/\/www.doublewdesign.it\/wp-content\/uploads\/2024\/07\/wdesign_logo.png","contentUrl":"https:\/\/www.doublewdesign.it\/wp-content\/uploads\/2024\/07\/wdesign_logo.png","width":94,"height":94,"caption":"Wdesign"},"image":{"@id":"https:\/\/www.doublewdesign.it\/#\/schema\/logo\/image\/"},"sameAs":["https:\/\/www.facebook.com\/profile.php?id=100088597355679"]}]}},"_links":{"self":[{"href":"https:\/\/www.doublewdesign.it\/en\/wp-json\/wp\/v2\/product\/6027","targetHints":{"allow":["GET"]}}],"collection":[{"href":"https:\/\/www.doublewdesign.it\/en\/wp-json\/wp\/v2\/product"}],"about":[{"href":"https:\/\/www.doublewdesign.it\/en\/wp-json\/wp\/v2\/types\/product"}],"replies":[{"embeddable":true,"href":"https:\/\/www.doublewdesign.it\/en\/wp-json\/wp\/v2\/comments?post=6027"}],"wp:featuredmedia":[{"embeddable":true,"href":"https:\/\/www.doublewdesign.it\/en\/wp-json\/wp\/v2\/media\/6036"}],"wp:attachment":[{"href":"https:\/\/www.doublewdesign.it\/en\/wp-json\/wp\/v2\/media?parent=6027"}],"wp:term":[{"taxonomy":"product_brand","embeddable":true,"href":"https:\/\/www.doublewdesign.it\/en\/wp-json\/wp\/v2\/product_brand?post=6027"},{"taxonomy":"product_cat","embeddable":true,"href":"https:\/\/www.doublewdesign.it\/en\/wp-json\/wp\/v2\/product_cat?post=6027"},{"taxonomy":"product_tag","embeddable":true,"href":"https:\/\/www.doublewdesign.it\/en\/wp-json\/wp\/v2\/product_tag?post=6027"}],"curies":[{"name":"wp","href":"https:\/\/api.w.org\/{rel}","templated":true}]}}