
{"id":4999,"date":"2023-11-08T12:04:14","date_gmt":"2023-11-08T10:04:14","guid":{"rendered":"https:\/\/www.doublewdesign.it\/?post_type=product&#038;p=4999"},"modified":"2024-05-09T12:32:16","modified_gmt":"2024-05-09T10:32:16","slug":"quadro-street-art-bambini-pipi-banksy","status":"publish","type":"product","link":"https:\/\/www.doublewdesign.it\/en\/prodotto\/quadro-street-art-bambini-pipi-banksy\/","title":{"rendered":"QUADRO STREET ART BAMBINI PIP\u00cc BANKSY"},"content":{"rendered":"<h1>QUADRO STREET ART BAMBINI PIP\u00cc BANKSY<\/h1>\n<p>I nostro QUADRO STREET ART BAMBINI PIP\u00cc BANKSY\u00a0 <strong>Grande Formato XXL set Multi Quadro su tela canvas standard<\/strong>\u00a0vengono realizzati con cura e manualit\u00e0 artigiana interamente all\u2019interno del nostro laboratorio in Italia, in modo da seguire scrupolosamente tutto il processo produttivo, dall\u2019idea alla realizzazione e alla spedizione con imballi sicuri e robusti.<\/p>\n<h6>I set tra cui scegliere per il QUADRO STREET ART BAMBINI PIP\u00cc BANKSY sono due:<\/h6>\n<ul>\n<li>1) Due quadri 70x100cm per una dimensione totale di 144x100cm.<\/li>\n<li>2) Due quadri100x140cm per una dimensione totale di 204x140cm.<\/li>\n<\/ul>\n<p>Per una composizione ottimale la distanza tra i quadri \u00e8 di 4cm.<\/p>\n<p>Le stampe su tela canvas sono prodotte con inchiostri garantiti a vita e montate su un robusto telaio in legno. Vengono forniti gi\u00e0 pronti da appendere, vi baster\u00e0 appoggiarne il bordo su un solo chiodo (non fornito).<\/p>\n<p>Il prodotto finito rispetta le dimensioni reali indicate nel titolo (non vengono pi\u00f9 ridotte di 5cm). L&#8217;immagine si estende anche ai lati andando a coprire il bordo del telaio, in vero legno Mdf, creando gradevole un effetto 3D.<\/p>\n<p>I quadri Grande Formato Multi Quadro XXL su tela canvas sono spettacolari e di immensa bellezza, perfetti per le vostre pareti.<\/p>\n<p>&nbsp;<\/p>\n<p class=\"western\" align=\"left\">I nostri quadri di design sono la soluzione perfetta per arredare la camera da letto, la cameretta, il soggiorno, il salotto, la cucina, lo studio, l\u2019ufficio e il bagno.<\/p>\n<p>Il quadro \u00e8 un prodotto in tela canvas di qualit\u00e0 superiore, che valorizzer\u00e0 qualsiasi ambiente con un tocco di ricercatezza.<\/p>\n<p>&nbsp;<\/p>\n<h3 class=\"western\" align=\"left\"><b>DESCRIZIONE QUADRO STREET ART BAMBINI PIP\u00cc BANKSY:<\/b><\/h3>\n<div class=\"flex flex-grow flex-col gap-3\">\n<div class=\"min-h-[20px] flex flex-col items-start gap-4 whitespace-pre-wrap\">\n<div class=\"flex flex-grow flex-col gap-3\">\n<div class=\"min-h-[20px] flex items-start overflow-x-auto whitespace-pre-wrap break-words flex-col gap-4\">\n<div class=\"flex flex-grow flex-col gap-3\">\n<div class=\"min-h-[20px] flex items-start overflow-x-auto whitespace-pre-wrap break-words flex-col gap-4\">\n<div class=\"flex flex-grow flex-col gap-3\">\n<div class=\"min-h-[20px] flex items-start overflow-x-auto whitespace-pre-wrap break-words flex-col gap-4\">\n<p>Il quadro di street art rappresenta due bambini nudi, ciascuno posizionato sopra un cassonetto della spazzatura, mentre urinano su un muro.<\/p>\n<p>Nel muro, le parole &#8220;Life is short&#8221; e &#8220;chill the out&#8221; sono scritte in un carattere graffiante.<\/p>\n<p>Questa scena incarna lo stile audace e provocatorio di Banksy, sottolineando un messaggio sulla brevit\u00e0 della vita e l&#8217;invito a rilassarsi e godere dei momenti.<\/p>\n<p>La combinazione di elementi surreali e messaggi sociali distintivi rappresenta un&#8217;opera d&#8217;arte tipica dell&#8217;artista.<\/p>\n<p><a href=\"https:\/\/www.doublewdesign.it\/categoria\/arredo-muro\/arredo-muro-quadri-su-tela-canvas\/\">Clicca qui per vedere tutte le tele Cavas<\/a><\/p>\n<p><a href=\"https:\/\/www.instagram.com\/w_design_ig\/\">Instagram<\/a> e <a href=\"https:\/\/www.facebook.com\/2vdesign\/?show_switched_toast=0&amp;show_invite_to_follow=0&amp;show_switched_tooltip=0&amp;show_podcast_settings=0&amp;show_community_review_changes=0&amp;show_community_rollback=0&amp;show_follower_visibility_disclosure=0\">Facebook<\/a><\/p>\n<\/div>\n<\/div>\n<\/div>\n<\/div>\n<\/div>\n<\/div>\n<\/div>\n<\/div>\n","protected":false},"excerpt":{"rendered":"<h1>QUADRO STREET ART -BAMBINI-PIP\u00cc-BANKSY<\/h1>\n<h2>Quadro stampato su tela canvas.<\/h2>\n<h6>I nostri quadri\u00a0<strong>Grande Formato XXL set Multi Quadro su tela canvas standard<\/strong>\u00a0vengono realizzati con cura e manualit\u00e0 artigiana interamente all\u2019interno del nostro laboratorio in Italia, in modo da seguire scrupolosamente tutto il processo produttivo, dall\u2019idea alla realizzazione e alla spedizione con imballi sicuri e robusti.<\/h6>\n","protected":false},"featured_media":5002,"comment_status":"closed","ping_status":"closed","template":"","meta":{"_themeisle_gutenberg_block_has_review":false},"product_brand":[],"product_cat":[29,34],"product_tag":[],"class_list":{"0":"post-4999","1":"product","2":"type-product","3":"status-publish","4":"has-post-thumbnail","6":"product_cat-arredo-muro","7":"product_cat-arredo-muro-quadri-su-tela-canvas","9":"first","10":"instock","11":"taxable","12":"shipping-taxable","13":"purchasable","14":"product-type-variable"},"yoast_head":"<!-- This site is optimized with the Yoast SEO plugin v27.3 - https:\/\/yoast.com\/product\/yoast-seo-wordpress\/ -->\n<title>QUADRO STREET ART BAMBINI PIP\u00cc BANKSY - Wdesign<\/title>\n<meta name=\"description\" content=\"QUADRO STREET ART -BAMBINI-PIP\u00cc-BANKSY. realizzato con cura e manualit\u00e0 artigiana interamente all\u2019interno del nostro laboratorio in Italia\" \/>\n<meta name=\"robots\" content=\"index, follow, max-snippet:-1, max-image-preview:large, max-video-preview:-1\" \/>\n<link rel=\"canonical\" href=\"https:\/\/www.doublewdesign.it\/prodotto\/quadro-street-art-bambini-pipi-banksy\/\" \/>\n<meta property=\"og:locale\" content=\"en_US\" \/>\n<meta property=\"og:type\" content=\"article\" \/>\n<meta property=\"og:title\" content=\"QUADRO STREET ART BAMBINI PIP\u00cc BANKSY - Wdesign\" \/>\n<meta property=\"og:description\" content=\"QUADRO STREET ART -BAMBINI-PIP\u00cc-BANKSY. realizzato con cura e manualit\u00e0 artigiana interamente all\u2019interno del nostro laboratorio in Italia\" \/>\n<meta property=\"og:url\" content=\"https:\/\/www.doublewdesign.it\/prodotto\/quadro-street-art-bambini-pipi-banksy\/\" \/>\n<meta property=\"og:site_name\" content=\"Wdesign\" \/>\n<meta property=\"article:publisher\" content=\"https:\/\/www.facebook.com\/profile.php?id=100088597355679\" \/>\n<meta property=\"article:modified_time\" content=\"2024-05-09T10:32:16+00:00\" \/>\n<meta property=\"og:image\" content=\"https:\/\/www.doublewdesign.it\/wp-content\/uploads\/2023\/11\/Quadro-STREET-ART-BAMBINI-PIPI-arredo-muro-wdesign-macerata-marche-MUQSGB070-01.webp\" \/>\n\t<meta property=\"og:image:width\" content=\"1500\" \/>\n\t<meta property=\"og:image:height\" content=\"1500\" \/>\n\t<meta property=\"og:image:type\" content=\"image\/webp\" \/>\n<meta name=\"twitter:card\" content=\"summary_large_image\" \/>\n<meta name=\"twitter:label1\" content=\"Est. reading time\" \/>\n\t<meta name=\"twitter:data1\" content=\"2 minutes\" \/>\n<script type=\"application\/ld+json\" class=\"yoast-schema-graph\">{\"@context\":\"https:\\\/\\\/schema.org\",\"@graph\":[{\"@type\":\"WebPage\",\"@id\":\"https:\\\/\\\/www.doublewdesign.it\\\/prodotto\\\/quadro-street-art-bambini-pipi-banksy\\\/\",\"url\":\"https:\\\/\\\/www.doublewdesign.it\\\/prodotto\\\/quadro-street-art-bambini-pipi-banksy\\\/\",\"name\":\"QUADRO STREET ART BAMBINI PIP\u00cc BANKSY - Wdesign\",\"isPartOf\":{\"@id\":\"https:\\\/\\\/www.doublewdesign.it\\\/#website\"},\"primaryImageOfPage\":{\"@id\":\"https:\\\/\\\/www.doublewdesign.it\\\/prodotto\\\/quadro-street-art-bambini-pipi-banksy\\\/#primaryimage\"},\"image\":{\"@id\":\"https:\\\/\\\/www.doublewdesign.it\\\/prodotto\\\/quadro-street-art-bambini-pipi-banksy\\\/#primaryimage\"},\"thumbnailUrl\":\"https:\\\/\\\/www.doublewdesign.it\\\/wp-content\\\/uploads\\\/2023\\\/11\\\/Quadro-STREET-ART-BAMBINI-PIPI-arredo-muro-wdesign-macerata-marche-MUQSGB070-01.webp\",\"datePublished\":\"2023-11-08T10:04:14+00:00\",\"dateModified\":\"2024-05-09T10:32:16+00:00\",\"description\":\"QUADRO STREET ART -BAMBINI-PIP\u00cc-BANKSY. realizzato con cura e manualit\u00e0 artigiana interamente all\u2019interno del nostro laboratorio in Italia\",\"breadcrumb\":{\"@id\":\"https:\\\/\\\/www.doublewdesign.it\\\/prodotto\\\/quadro-street-art-bambini-pipi-banksy\\\/#breadcrumb\"},\"inLanguage\":\"en-US\",\"potentialAction\":[{\"@type\":\"ReadAction\",\"target\":[\"https:\\\/\\\/www.doublewdesign.it\\\/prodotto\\\/quadro-street-art-bambini-pipi-banksy\\\/\"]}]},{\"@type\":\"ImageObject\",\"inLanguage\":\"en-US\",\"@id\":\"https:\\\/\\\/www.doublewdesign.it\\\/prodotto\\\/quadro-street-art-bambini-pipi-banksy\\\/#primaryimage\",\"url\":\"https:\\\/\\\/www.doublewdesign.it\\\/wp-content\\\/uploads\\\/2023\\\/11\\\/Quadro-STREET-ART-BAMBINI-PIPI-arredo-muro-wdesign-macerata-marche-MUQSGB070-01.webp\",\"contentUrl\":\"https:\\\/\\\/www.doublewdesign.it\\\/wp-content\\\/uploads\\\/2023\\\/11\\\/Quadro-STREET-ART-BAMBINI-PIPI-arredo-muro-wdesign-macerata-marche-MUQSGB070-01.webp\",\"width\":1500,\"height\":1500,\"caption\":\"QUADRO STREET ART -BAMBINI-PIP\u00cc-BANKSY\"},{\"@type\":\"BreadcrumbList\",\"@id\":\"https:\\\/\\\/www.doublewdesign.it\\\/prodotto\\\/quadro-street-art-bambini-pipi-banksy\\\/#breadcrumb\",\"itemListElement\":[{\"@type\":\"ListItem\",\"position\":1,\"name\":\"Home\",\"item\":\"https:\\\/\\\/www.doublewdesign.it\\\/?lang=en\"},{\"@type\":\"ListItem\",\"position\":2,\"name\":\"Shop\",\"item\":\"https:\\\/\\\/www.doublewdesign.it\\\/en\\\/shop\\\/\"},{\"@type\":\"ListItem\",\"position\":3,\"name\":\"Arredo Muro\",\"item\":\"https:\\\/\\\/www.doublewdesign.it\\\/categoria\\\/arredo-muro\\\/\"},{\"@type\":\"ListItem\",\"position\":4,\"name\":\"QUADRO STREET ART BAMBINI PIP\u00cc BANKSY\"}]},{\"@type\":\"WebSite\",\"@id\":\"https:\\\/\\\/www.doublewdesign.it\\\/#website\",\"url\":\"https:\\\/\\\/www.doublewdesign.it\\\/\",\"name\":\"Wdesign\",\"description\":\"Wdesign\",\"publisher\":{\"@id\":\"https:\\\/\\\/www.doublewdesign.it\\\/#organization\"},\"potentialAction\":[{\"@type\":\"SearchAction\",\"target\":{\"@type\":\"EntryPoint\",\"urlTemplate\":\"https:\\\/\\\/www.doublewdesign.it\\\/?s={search_term_string}\"},\"query-input\":{\"@type\":\"PropertyValueSpecification\",\"valueRequired\":true,\"valueName\":\"search_term_string\"}}],\"inLanguage\":\"en-US\"},{\"@type\":\"Organization\",\"@id\":\"https:\\\/\\\/www.doublewdesign.it\\\/#organization\",\"name\":\"Wdesign\",\"url\":\"https:\\\/\\\/www.doublewdesign.it\\\/\",\"logo\":{\"@type\":\"ImageObject\",\"inLanguage\":\"en-US\",\"@id\":\"https:\\\/\\\/www.doublewdesign.it\\\/#\\\/schema\\\/logo\\\/image\\\/\",\"url\":\"https:\\\/\\\/www.doublewdesign.it\\\/wp-content\\\/uploads\\\/2024\\\/07\\\/wdesign_logo.png\",\"contentUrl\":\"https:\\\/\\\/www.doublewdesign.it\\\/wp-content\\\/uploads\\\/2024\\\/07\\\/wdesign_logo.png\",\"width\":94,\"height\":94,\"caption\":\"Wdesign\"},\"image\":{\"@id\":\"https:\\\/\\\/www.doublewdesign.it\\\/#\\\/schema\\\/logo\\\/image\\\/\"},\"sameAs\":[\"https:\\\/\\\/www.facebook.com\\\/profile.php?id=100088597355679\"]}]}<\/script>\n<!-- \/ Yoast SEO plugin. -->","yoast_head_json":{"title":"QUADRO STREET ART BAMBINI PIP\u00cc BANKSY - Wdesign","description":"QUADRO STREET ART -BAMBINI-PIP\u00cc-BANKSY. realizzato con cura e manualit\u00e0 artigiana interamente all\u2019interno del nostro laboratorio in Italia","robots":{"index":"index","follow":"follow","max-snippet":"max-snippet:-1","max-image-preview":"max-image-preview:large","max-video-preview":"max-video-preview:-1"},"canonical":"https:\/\/www.doublewdesign.it\/prodotto\/quadro-street-art-bambini-pipi-banksy\/","og_locale":"en_US","og_type":"article","og_title":"QUADRO STREET ART BAMBINI PIP\u00cc BANKSY - Wdesign","og_description":"QUADRO STREET ART -BAMBINI-PIP\u00cc-BANKSY. realizzato con cura e manualit\u00e0 artigiana interamente all\u2019interno del nostro laboratorio in Italia","og_url":"https:\/\/www.doublewdesign.it\/prodotto\/quadro-street-art-bambini-pipi-banksy\/","og_site_name":"Wdesign","article_publisher":"https:\/\/www.facebook.com\/profile.php?id=100088597355679","article_modified_time":"2024-05-09T10:32:16+00:00","og_image":[{"width":1500,"height":1500,"url":"https:\/\/www.doublewdesign.it\/wp-content\/uploads\/2023\/11\/Quadro-STREET-ART-BAMBINI-PIPI-arredo-muro-wdesign-macerata-marche-MUQSGB070-01.webp","type":"image\/webp"}],"twitter_card":"summary_large_image","twitter_misc":{"Est. reading time":"2 minutes"},"schema":{"@context":"https:\/\/schema.org","@graph":[{"@type":"WebPage","@id":"https:\/\/www.doublewdesign.it\/prodotto\/quadro-street-art-bambini-pipi-banksy\/","url":"https:\/\/www.doublewdesign.it\/prodotto\/quadro-street-art-bambini-pipi-banksy\/","name":"QUADRO STREET ART BAMBINI PIP\u00cc BANKSY - Wdesign","isPartOf":{"@id":"https:\/\/www.doublewdesign.it\/#website"},"primaryImageOfPage":{"@id":"https:\/\/www.doublewdesign.it\/prodotto\/quadro-street-art-bambini-pipi-banksy\/#primaryimage"},"image":{"@id":"https:\/\/www.doublewdesign.it\/prodotto\/quadro-street-art-bambini-pipi-banksy\/#primaryimage"},"thumbnailUrl":"https:\/\/www.doublewdesign.it\/wp-content\/uploads\/2023\/11\/Quadro-STREET-ART-BAMBINI-PIPI-arredo-muro-wdesign-macerata-marche-MUQSGB070-01.webp","datePublished":"2023-11-08T10:04:14+00:00","dateModified":"2024-05-09T10:32:16+00:00","description":"QUADRO STREET ART -BAMBINI-PIP\u00cc-BANKSY. realizzato con cura e manualit\u00e0 artigiana interamente all\u2019interno del nostro laboratorio in Italia","breadcrumb":{"@id":"https:\/\/www.doublewdesign.it\/prodotto\/quadro-street-art-bambini-pipi-banksy\/#breadcrumb"},"inLanguage":"en-US","potentialAction":[{"@type":"ReadAction","target":["https:\/\/www.doublewdesign.it\/prodotto\/quadro-street-art-bambini-pipi-banksy\/"]}]},{"@type":"ImageObject","inLanguage":"en-US","@id":"https:\/\/www.doublewdesign.it\/prodotto\/quadro-street-art-bambini-pipi-banksy\/#primaryimage","url":"https:\/\/www.doublewdesign.it\/wp-content\/uploads\/2023\/11\/Quadro-STREET-ART-BAMBINI-PIPI-arredo-muro-wdesign-macerata-marche-MUQSGB070-01.webp","contentUrl":"https:\/\/www.doublewdesign.it\/wp-content\/uploads\/2023\/11\/Quadro-STREET-ART-BAMBINI-PIPI-arredo-muro-wdesign-macerata-marche-MUQSGB070-01.webp","width":1500,"height":1500,"caption":"QUADRO STREET ART -BAMBINI-PIP\u00cc-BANKSY"},{"@type":"BreadcrumbList","@id":"https:\/\/www.doublewdesign.it\/prodotto\/quadro-street-art-bambini-pipi-banksy\/#breadcrumb","itemListElement":[{"@type":"ListItem","position":1,"name":"Home","item":"https:\/\/www.doublewdesign.it\/?lang=en"},{"@type":"ListItem","position":2,"name":"Shop","item":"https:\/\/www.doublewdesign.it\/en\/shop\/"},{"@type":"ListItem","position":3,"name":"Arredo Muro","item":"https:\/\/www.doublewdesign.it\/categoria\/arredo-muro\/"},{"@type":"ListItem","position":4,"name":"QUADRO STREET ART BAMBINI PIP\u00cc BANKSY"}]},{"@type":"WebSite","@id":"https:\/\/www.doublewdesign.it\/#website","url":"https:\/\/www.doublewdesign.it\/","name":"Wdesign","description":"Wdesign","publisher":{"@id":"https:\/\/www.doublewdesign.it\/#organization"},"potentialAction":[{"@type":"SearchAction","target":{"@type":"EntryPoint","urlTemplate":"https:\/\/www.doublewdesign.it\/?s={search_term_string}"},"query-input":{"@type":"PropertyValueSpecification","valueRequired":true,"valueName":"search_term_string"}}],"inLanguage":"en-US"},{"@type":"Organization","@id":"https:\/\/www.doublewdesign.it\/#organization","name":"Wdesign","url":"https:\/\/www.doublewdesign.it\/","logo":{"@type":"ImageObject","inLanguage":"en-US","@id":"https:\/\/www.doublewdesign.it\/#\/schema\/logo\/image\/","url":"https:\/\/www.doublewdesign.it\/wp-content\/uploads\/2024\/07\/wdesign_logo.png","contentUrl":"https:\/\/www.doublewdesign.it\/wp-content\/uploads\/2024\/07\/wdesign_logo.png","width":94,"height":94,"caption":"Wdesign"},"image":{"@id":"https:\/\/www.doublewdesign.it\/#\/schema\/logo\/image\/"},"sameAs":["https:\/\/www.facebook.com\/profile.php?id=100088597355679"]}]}},"_links":{"self":[{"href":"https:\/\/www.doublewdesign.it\/en\/wp-json\/wp\/v2\/product\/4999","targetHints":{"allow":["GET"]}}],"collection":[{"href":"https:\/\/www.doublewdesign.it\/en\/wp-json\/wp\/v2\/product"}],"about":[{"href":"https:\/\/www.doublewdesign.it\/en\/wp-json\/wp\/v2\/types\/product"}],"replies":[{"embeddable":true,"href":"https:\/\/www.doublewdesign.it\/en\/wp-json\/wp\/v2\/comments?post=4999"}],"wp:featuredmedia":[{"embeddable":true,"href":"https:\/\/www.doublewdesign.it\/en\/wp-json\/wp\/v2\/media\/5002"}],"wp:attachment":[{"href":"https:\/\/www.doublewdesign.it\/en\/wp-json\/wp\/v2\/media?parent=4999"}],"wp:term":[{"taxonomy":"product_brand","embeddable":true,"href":"https:\/\/www.doublewdesign.it\/en\/wp-json\/wp\/v2\/product_brand?post=4999"},{"taxonomy":"product_cat","embeddable":true,"href":"https:\/\/www.doublewdesign.it\/en\/wp-json\/wp\/v2\/product_cat?post=4999"},{"taxonomy":"product_tag","embeddable":true,"href":"https:\/\/www.doublewdesign.it\/en\/wp-json\/wp\/v2\/product_tag?post=4999"}],"curies":[{"name":"wp","href":"https:\/\/api.w.org\/{rel}","templated":true}]}}