
{"id":3773,"date":"2023-08-29T11:28:20","date_gmt":"2023-08-29T09:28:20","guid":{"rendered":"https:\/\/www.doublewdesign.it\/?post_type=product&#038;p=3773"},"modified":"2024-05-09T12:54:01","modified_gmt":"2024-05-09T10:54:01","slug":"quadro-albero-della-felicita","status":"publish","type":"product","link":"https:\/\/www.doublewdesign.it\/en\/prodotto\/quadro-albero-della-felicita\/","title":{"rendered":"QUADRO ALBEO DELLA FELICIT\u00c0"},"content":{"rendered":"<h1>QUADRO ALBEO DELLA FELICIT\u00c0<\/h1>\n<h6><strong>Autore: STEFANO CALISTI<\/strong><\/h6>\n<p class=\"western\" align=\"left\">Il QUADRO ALBEO DELLA FELICIT\u00c0 \u00e8 prodotto da GialloBus, azienda leader del settore, \u00e8 realizzato con la cura della manualit\u00e0 artigiana interamente in un laboratorio in Italia. In questo modo si pu\u00f2 seguire scrupolosamente tutto il processo produttivo, dall\u2019idea alla realizzazione e alla successiva spedizione con imballi sicuri e robusti.<\/p>\n<p>Le nostre Tele Canvas possono avere o un Telaio Standard o un Telaio Premium.<\/p>\n<p>Il Telaio Premium del quadro \u00e8 di vero legno massello ad alto spessore, pronto da appendere, si differenziano dai normali telai standard per il loro spessore (5 cm. circa invece di 2,5 cm.)<\/p>\n<p>Le stampe su tela canvas sono prodotte con inchiostri garantiti a vita e fissate su un robusto telaio in legno ad alto spessore pronto da appendere appoggiando il bordo su un solo chiodo (non fornito).<\/p>\n<p class=\"western\" align=\"left\">\u00a0L&#8217;immagine del QUADRO ALBEO DELLA FELICIT\u00c0 si estende anche ai lati andando a coprire il bordo del telaio, in vero legno MDF cos\u00ec da creare un\u00a0 gradevole un effetto 3D e realizzabile in diverse dimensioni.<\/p>\n<p class=\"western\" align=\"left\">I nostri quadri di design sono la soluzione perfetta per arredare la camera da letto, la cameretta, il soggiorno, il salotto, la cucina, lo studio, l\u2019ufficio e il bagno.<\/p>\n<h5 class=\"western\" align=\"left\"><\/h5>\n<h2 class=\"western\" align=\"left\"><b>DESCRIZIONE QUADRO ALBEO DELLA FELICIT\u00c0:<\/b><\/h2>\n<div class=\"flex flex-grow flex-col gap-3\">\n<div class=\"min-h-[20px] flex flex-col items-start gap-4 whitespace-pre-wrap\">\n<div>\n<div class=\"flex flex-grow flex-col gap-3\">\n<div class=\"min-h-[20px] flex items-start overflow-x-auto whitespace-pre-wrap break-words flex-col gap-4\">\n<div>\n<div class=\"flex flex-grow flex-col gap-3\">\n<div class=\"min-h-[20px] flex items-start overflow-x-auto whitespace-pre-wrap break-words flex-col gap-4\">\n<div>\n<div class=\"flex flex-grow flex-col gap-3\">\n<div class=\"min-h-[20px] flex items-start overflow-x-auto whitespace-pre-wrap break-words flex-col gap-4\">\n<div>\n<p>Il QUADRO ALBEO DELLA FELICIT\u00c0\u00a0\u00e8 un&#8217;opera d&#8217;arte mozzafiato e suggestiva.<\/p>\n<\/div>\n<p>L&#8217; autore, Stefano Calisti, nasce a Macerata il 30 gennaio 1958, inizia l\u2019attivit\u00e0 artistica da autodidatta dopo essersi interessato per alcuni anni di arredamento e design.<\/p>\n<p>La sua pittura, caratterizzata da una cromia straordinariamente vivace, ha subito goduto di notevoli consensi di pubblico e di critica.<\/p>\n<p>Tra i soggetti preferiti, il paesaggio, e di esso la suggestione evocatrice del colore, della materia e di una luce che si fa accezione e poesia.<\/p>\n<div class=\"flex flex-grow flex-col gap-3 max-w-full\">\n<div class=\"min-h-[20px] flex flex-col items-start gap-3 overflow-x-auto whitespace-pre-wrap break-words\">\n<div>\n<p>&#8220;Albero della Felicit\u00e0&#8221; \u00e8 un dipinto caratterizzato da colori vivaci e un forte senso di gioia e positivit\u00e0.<\/p>\n<p>Al centro della composizione c&#8217;\u00e8 un albero con rami e foglie che si estendono in modo dinamico in tutte le direzioni.<\/p>\n<p>La tavolozza di colori \u00e8 brillante e variegata, con tonalit\u00e0 di rosso, giallo, verde, blu e viola, creando una sensazione di vivacit\u00e0 e dinamismo. Gli alberi sono spesso dipinti con fiori o foglie dai colori accesi, simboli della vita e della prosperit\u00e0.<\/p>\n<p>L&#8217;atmosfera dell&#8217;opera \u00e8 allegra e ottimista, con il moto e l&#8217;energia che emanano dall&#8217;albero che rappresenta la felicit\u00e0 e la gioia. Questo quadro potrebbe evocare sentimenti di vitalit\u00e0, speranza e ottimismo, invitando gli spettatori a percepire la bellezza e la positivit\u00e0 nella vita.<\/p>\n<p>Questo tipo di dipinto \u00e8 spesso associato all&#8217;arte contemporanea e all&#8217;arte astratta, dove l&#8217;artista cerca di trasmettere emozioni e sensazioni attraverso l&#8217;uso audace dei colori e delle forme, piuttosto che una rappresentazione realistica del mondo.<\/p>\n<p><a href=\"https:\/\/www.doublewdesign.it\/categoria\/arredo-muro\/arredo-muro-quadri-su-tela-canvas\/\">Clicca qui per vedere tutte le tele Cavas<\/a><\/p>\n<p><a href=\"https:\/\/www.instagram.com\/w_design_ig\/\">Instagram<\/a> e <a href=\"https:\/\/www.facebook.com\/2vdesign\/?show_switched_toast=0&amp;show_invite_to_follow=0&amp;show_switched_tooltip=0&amp;show_podcast_settings=0&amp;show_community_review_changes=0&amp;show_community_rollback=0&amp;show_follower_visibility_disclosure=0\">Facebook<\/a><\/p>\n<\/div>\n<\/div>\n<\/div>\n<\/div>\n<\/div>\n<\/div>\n<\/div>\n<\/div>\n<\/div>\n<\/div>\n<\/div>\n<\/div>\n<\/div>\n<\/div>\n","protected":false},"excerpt":{"rendered":"<p>Il quadro \u00e8 realizzato con la cura della\u00a0<strong>manualit\u00e0 artigiana<\/strong>\u00a0interamente in un laboratorio in\u00a0<strong>Italia<\/strong>. In questo modo si pu\u00f2 seguire scrupolosamente tutto il processo produttivo, dall\u2019idea alla realizzazione e alla successiva spedizione con\u00a0<strong>imballi sicuri e robusti.<\/strong><\/p>\n<p>Il nostri quadri possono essere realizzati con\u00a0<strong>dimensioni variabili<\/strong>\u00a0e con la scelta del telaio standard o premium.<\/p>\n<p>Telaio<strong>\u00a0Standard<\/strong>: \u00e8 realizzato in legno MDF alta qualit\u00e0 spessore 2.5 cm.<\/p>\n<p>Telaio\u00a0<strong>Premium<\/strong>: \u00e8 realizzato in legno massello alta qualit\u00e0 pi\u00f9 robusto con uno spessore di 5 cm.<\/p>\n","protected":false},"featured_media":3774,"comment_status":"closed","ping_status":"closed","template":"","meta":{"_themeisle_gutenberg_block_has_review":false},"product_brand":[],"product_cat":[29,34],"product_tag":[],"class_list":{"0":"post-3773","1":"product","2":"type-product","3":"status-publish","4":"has-post-thumbnail","6":"product_cat-arredo-muro","7":"product_cat-arredo-muro-quadri-su-tela-canvas","9":"first","10":"instock","11":"taxable","12":"shipping-taxable","13":"purchasable","14":"product-type-variable"},"yoast_head":"<!-- This site is optimized with the Yoast SEO plugin v27.3 - https:\/\/yoast.com\/product\/yoast-seo-wordpress\/ -->\n<title>QUADRO ALBEO DELLA FELICIT\u00c0 - Wdesign<\/title>\n<meta name=\"description\" content=\"QUADRO ALBEO DELLA FELICIT\u00c0. Autore: STEFANO CALISTI. Quadro stampato su tela canvas con telaio in mdf alta qualit\u00e0 realizzato in un laboratorio in Italia.\" \/>\n<meta name=\"robots\" content=\"index, follow, max-snippet:-1, max-image-preview:large, max-video-preview:-1\" \/>\n<link rel=\"canonical\" href=\"https:\/\/www.doublewdesign.it\/prodotto\/quadro-albero-della-felicita\/\" \/>\n<meta property=\"og:locale\" content=\"en_US\" \/>\n<meta property=\"og:type\" content=\"article\" \/>\n<meta property=\"og:title\" content=\"QUADRO ALBEO DELLA FELICIT\u00c0 - Wdesign\" \/>\n<meta property=\"og:description\" content=\"QUADRO ALBEO DELLA FELICIT\u00c0. Autore: STEFANO CALISTI. Quadro stampato su tela canvas con telaio in mdf alta qualit\u00e0 realizzato in un laboratorio in Italia.\" \/>\n<meta property=\"og:url\" content=\"https:\/\/www.doublewdesign.it\/prodotto\/quadro-albero-della-felicita\/\" \/>\n<meta property=\"og:site_name\" content=\"Wdesign\" \/>\n<meta property=\"article:publisher\" content=\"https:\/\/www.facebook.com\/profile.php?id=100088597355679\" \/>\n<meta property=\"article:modified_time\" content=\"2024-05-09T10:54:01+00:00\" \/>\n<meta property=\"og:image\" content=\"https:\/\/www.doublewdesign.it\/wp-content\/uploads\/2023\/08\/Quadro-ALBERO-DELLA-FELICITA-BY-STEFANO-CALISTI-arredo-muro-wdesign-macerata-marche-1p.webp\" \/>\n\t<meta property=\"og:image:width\" content=\"1500\" \/>\n\t<meta property=\"og:image:height\" content=\"1500\" \/>\n\t<meta property=\"og:image:type\" content=\"image\/webp\" \/>\n<meta name=\"twitter:card\" content=\"summary_large_image\" \/>\n<meta name=\"twitter:label1\" content=\"Est. reading time\" \/>\n\t<meta name=\"twitter:data1\" content=\"3 minutes\" \/>\n<script type=\"application\/ld+json\" class=\"yoast-schema-graph\">{\"@context\":\"https:\\\/\\\/schema.org\",\"@graph\":[{\"@type\":\"WebPage\",\"@id\":\"https:\\\/\\\/www.doublewdesign.it\\\/prodotto\\\/quadro-albero-della-felicita\\\/\",\"url\":\"https:\\\/\\\/www.doublewdesign.it\\\/prodotto\\\/quadro-albero-della-felicita\\\/\",\"name\":\"QUADRO ALBEO DELLA FELICIT\u00c0 - Wdesign\",\"isPartOf\":{\"@id\":\"https:\\\/\\\/www.doublewdesign.it\\\/#website\"},\"primaryImageOfPage\":{\"@id\":\"https:\\\/\\\/www.doublewdesign.it\\\/prodotto\\\/quadro-albero-della-felicita\\\/#primaryimage\"},\"image\":{\"@id\":\"https:\\\/\\\/www.doublewdesign.it\\\/prodotto\\\/quadro-albero-della-felicita\\\/#primaryimage\"},\"thumbnailUrl\":\"https:\\\/\\\/www.doublewdesign.it\\\/wp-content\\\/uploads\\\/2023\\\/08\\\/Quadro-ALBERO-DELLA-FELICITA-BY-STEFANO-CALISTI-arredo-muro-wdesign-macerata-marche-1p.webp\",\"datePublished\":\"2023-08-29T09:28:20+00:00\",\"dateModified\":\"2024-05-09T10:54:01+00:00\",\"description\":\"QUADRO ALBEO DELLA FELICIT\u00c0. Autore: STEFANO CALISTI. Quadro stampato su tela canvas con telaio in mdf alta qualit\u00e0 realizzato in un laboratorio in Italia.\",\"breadcrumb\":{\"@id\":\"https:\\\/\\\/www.doublewdesign.it\\\/prodotto\\\/quadro-albero-della-felicita\\\/#breadcrumb\"},\"inLanguage\":\"en-US\",\"potentialAction\":[{\"@type\":\"ReadAction\",\"target\":[\"https:\\\/\\\/www.doublewdesign.it\\\/prodotto\\\/quadro-albero-della-felicita\\\/\"]}]},{\"@type\":\"ImageObject\",\"inLanguage\":\"en-US\",\"@id\":\"https:\\\/\\\/www.doublewdesign.it\\\/prodotto\\\/quadro-albero-della-felicita\\\/#primaryimage\",\"url\":\"https:\\\/\\\/www.doublewdesign.it\\\/wp-content\\\/uploads\\\/2023\\\/08\\\/Quadro-ALBERO-DELLA-FELICITA-BY-STEFANO-CALISTI-arredo-muro-wdesign-macerata-marche-1p.webp\",\"contentUrl\":\"https:\\\/\\\/www.doublewdesign.it\\\/wp-content\\\/uploads\\\/2023\\\/08\\\/Quadro-ALBERO-DELLA-FELICITA-BY-STEFANO-CALISTI-arredo-muro-wdesign-macerata-marche-1p.webp\",\"width\":1500,\"height\":1500,\"caption\":\"QUADRO ALBEO DELLA FELICIT\u00c0\"},{\"@type\":\"BreadcrumbList\",\"@id\":\"https:\\\/\\\/www.doublewdesign.it\\\/prodotto\\\/quadro-albero-della-felicita\\\/#breadcrumb\",\"itemListElement\":[{\"@type\":\"ListItem\",\"position\":1,\"name\":\"Home\",\"item\":\"https:\\\/\\\/www.doublewdesign.it\\\/?lang=en\"},{\"@type\":\"ListItem\",\"position\":2,\"name\":\"Shop\",\"item\":\"https:\\\/\\\/www.doublewdesign.it\\\/en\\\/shop\\\/\"},{\"@type\":\"ListItem\",\"position\":3,\"name\":\"Arredo Muro\",\"item\":\"https:\\\/\\\/www.doublewdesign.it\\\/categoria\\\/arredo-muro\\\/\"},{\"@type\":\"ListItem\",\"position\":4,\"name\":\"QUADRO ALBEO DELLA FELICIT\u00c0\"}]},{\"@type\":\"WebSite\",\"@id\":\"https:\\\/\\\/www.doublewdesign.it\\\/#website\",\"url\":\"https:\\\/\\\/www.doublewdesign.it\\\/\",\"name\":\"Wdesign\",\"description\":\"Wdesign\",\"publisher\":{\"@id\":\"https:\\\/\\\/www.doublewdesign.it\\\/#organization\"},\"potentialAction\":[{\"@type\":\"SearchAction\",\"target\":{\"@type\":\"EntryPoint\",\"urlTemplate\":\"https:\\\/\\\/www.doublewdesign.it\\\/?s={search_term_string}\"},\"query-input\":{\"@type\":\"PropertyValueSpecification\",\"valueRequired\":true,\"valueName\":\"search_term_string\"}}],\"inLanguage\":\"en-US\"},{\"@type\":\"Organization\",\"@id\":\"https:\\\/\\\/www.doublewdesign.it\\\/#organization\",\"name\":\"Wdesign\",\"url\":\"https:\\\/\\\/www.doublewdesign.it\\\/\",\"logo\":{\"@type\":\"ImageObject\",\"inLanguage\":\"en-US\",\"@id\":\"https:\\\/\\\/www.doublewdesign.it\\\/#\\\/schema\\\/logo\\\/image\\\/\",\"url\":\"https:\\\/\\\/www.doublewdesign.it\\\/wp-content\\\/uploads\\\/2024\\\/07\\\/wdesign_logo.png\",\"contentUrl\":\"https:\\\/\\\/www.doublewdesign.it\\\/wp-content\\\/uploads\\\/2024\\\/07\\\/wdesign_logo.png\",\"width\":94,\"height\":94,\"caption\":\"Wdesign\"},\"image\":{\"@id\":\"https:\\\/\\\/www.doublewdesign.it\\\/#\\\/schema\\\/logo\\\/image\\\/\"},\"sameAs\":[\"https:\\\/\\\/www.facebook.com\\\/profile.php?id=100088597355679\"]}]}<\/script>\n<!-- \/ Yoast SEO plugin. -->","yoast_head_json":{"title":"QUADRO ALBEO DELLA FELICIT\u00c0 - Wdesign","description":"QUADRO ALBEO DELLA FELICIT\u00c0. Autore: STEFANO CALISTI. Quadro stampato su tela canvas con telaio in mdf alta qualit\u00e0 realizzato in un laboratorio in Italia.","robots":{"index":"index","follow":"follow","max-snippet":"max-snippet:-1","max-image-preview":"max-image-preview:large","max-video-preview":"max-video-preview:-1"},"canonical":"https:\/\/www.doublewdesign.it\/prodotto\/quadro-albero-della-felicita\/","og_locale":"en_US","og_type":"article","og_title":"QUADRO ALBEO DELLA FELICIT\u00c0 - Wdesign","og_description":"QUADRO ALBEO DELLA FELICIT\u00c0. Autore: STEFANO CALISTI. Quadro stampato su tela canvas con telaio in mdf alta qualit\u00e0 realizzato in un laboratorio in Italia.","og_url":"https:\/\/www.doublewdesign.it\/prodotto\/quadro-albero-della-felicita\/","og_site_name":"Wdesign","article_publisher":"https:\/\/www.facebook.com\/profile.php?id=100088597355679","article_modified_time":"2024-05-09T10:54:01+00:00","og_image":[{"width":1500,"height":1500,"url":"https:\/\/www.doublewdesign.it\/wp-content\/uploads\/2023\/08\/Quadro-ALBERO-DELLA-FELICITA-BY-STEFANO-CALISTI-arredo-muro-wdesign-macerata-marche-1p.webp","type":"image\/webp"}],"twitter_card":"summary_large_image","twitter_misc":{"Est. reading time":"3 minutes"},"schema":{"@context":"https:\/\/schema.org","@graph":[{"@type":"WebPage","@id":"https:\/\/www.doublewdesign.it\/prodotto\/quadro-albero-della-felicita\/","url":"https:\/\/www.doublewdesign.it\/prodotto\/quadro-albero-della-felicita\/","name":"QUADRO ALBEO DELLA FELICIT\u00c0 - Wdesign","isPartOf":{"@id":"https:\/\/www.doublewdesign.it\/#website"},"primaryImageOfPage":{"@id":"https:\/\/www.doublewdesign.it\/prodotto\/quadro-albero-della-felicita\/#primaryimage"},"image":{"@id":"https:\/\/www.doublewdesign.it\/prodotto\/quadro-albero-della-felicita\/#primaryimage"},"thumbnailUrl":"https:\/\/www.doublewdesign.it\/wp-content\/uploads\/2023\/08\/Quadro-ALBERO-DELLA-FELICITA-BY-STEFANO-CALISTI-arredo-muro-wdesign-macerata-marche-1p.webp","datePublished":"2023-08-29T09:28:20+00:00","dateModified":"2024-05-09T10:54:01+00:00","description":"QUADRO ALBEO DELLA FELICIT\u00c0. Autore: STEFANO CALISTI. Quadro stampato su tela canvas con telaio in mdf alta qualit\u00e0 realizzato in un laboratorio in Italia.","breadcrumb":{"@id":"https:\/\/www.doublewdesign.it\/prodotto\/quadro-albero-della-felicita\/#breadcrumb"},"inLanguage":"en-US","potentialAction":[{"@type":"ReadAction","target":["https:\/\/www.doublewdesign.it\/prodotto\/quadro-albero-della-felicita\/"]}]},{"@type":"ImageObject","inLanguage":"en-US","@id":"https:\/\/www.doublewdesign.it\/prodotto\/quadro-albero-della-felicita\/#primaryimage","url":"https:\/\/www.doublewdesign.it\/wp-content\/uploads\/2023\/08\/Quadro-ALBERO-DELLA-FELICITA-BY-STEFANO-CALISTI-arredo-muro-wdesign-macerata-marche-1p.webp","contentUrl":"https:\/\/www.doublewdesign.it\/wp-content\/uploads\/2023\/08\/Quadro-ALBERO-DELLA-FELICITA-BY-STEFANO-CALISTI-arredo-muro-wdesign-macerata-marche-1p.webp","width":1500,"height":1500,"caption":"QUADRO ALBEO DELLA FELICIT\u00c0"},{"@type":"BreadcrumbList","@id":"https:\/\/www.doublewdesign.it\/prodotto\/quadro-albero-della-felicita\/#breadcrumb","itemListElement":[{"@type":"ListItem","position":1,"name":"Home","item":"https:\/\/www.doublewdesign.it\/?lang=en"},{"@type":"ListItem","position":2,"name":"Shop","item":"https:\/\/www.doublewdesign.it\/en\/shop\/"},{"@type":"ListItem","position":3,"name":"Arredo Muro","item":"https:\/\/www.doublewdesign.it\/categoria\/arredo-muro\/"},{"@type":"ListItem","position":4,"name":"QUADRO ALBEO DELLA FELICIT\u00c0"}]},{"@type":"WebSite","@id":"https:\/\/www.doublewdesign.it\/#website","url":"https:\/\/www.doublewdesign.it\/","name":"Wdesign","description":"Wdesign","publisher":{"@id":"https:\/\/www.doublewdesign.it\/#organization"},"potentialAction":[{"@type":"SearchAction","target":{"@type":"EntryPoint","urlTemplate":"https:\/\/www.doublewdesign.it\/?s={search_term_string}"},"query-input":{"@type":"PropertyValueSpecification","valueRequired":true,"valueName":"search_term_string"}}],"inLanguage":"en-US"},{"@type":"Organization","@id":"https:\/\/www.doublewdesign.it\/#organization","name":"Wdesign","url":"https:\/\/www.doublewdesign.it\/","logo":{"@type":"ImageObject","inLanguage":"en-US","@id":"https:\/\/www.doublewdesign.it\/#\/schema\/logo\/image\/","url":"https:\/\/www.doublewdesign.it\/wp-content\/uploads\/2024\/07\/wdesign_logo.png","contentUrl":"https:\/\/www.doublewdesign.it\/wp-content\/uploads\/2024\/07\/wdesign_logo.png","width":94,"height":94,"caption":"Wdesign"},"image":{"@id":"https:\/\/www.doublewdesign.it\/#\/schema\/logo\/image\/"},"sameAs":["https:\/\/www.facebook.com\/profile.php?id=100088597355679"]}]}},"_links":{"self":[{"href":"https:\/\/www.doublewdesign.it\/en\/wp-json\/wp\/v2\/product\/3773","targetHints":{"allow":["GET"]}}],"collection":[{"href":"https:\/\/www.doublewdesign.it\/en\/wp-json\/wp\/v2\/product"}],"about":[{"href":"https:\/\/www.doublewdesign.it\/en\/wp-json\/wp\/v2\/types\/product"}],"replies":[{"embeddable":true,"href":"https:\/\/www.doublewdesign.it\/en\/wp-json\/wp\/v2\/comments?post=3773"}],"wp:featuredmedia":[{"embeddable":true,"href":"https:\/\/www.doublewdesign.it\/en\/wp-json\/wp\/v2\/media\/3774"}],"wp:attachment":[{"href":"https:\/\/www.doublewdesign.it\/en\/wp-json\/wp\/v2\/media?parent=3773"}],"wp:term":[{"taxonomy":"product_brand","embeddable":true,"href":"https:\/\/www.doublewdesign.it\/en\/wp-json\/wp\/v2\/product_brand?post=3773"},{"taxonomy":"product_cat","embeddable":true,"href":"https:\/\/www.doublewdesign.it\/en\/wp-json\/wp\/v2\/product_cat?post=3773"},{"taxonomy":"product_tag","embeddable":true,"href":"https:\/\/www.doublewdesign.it\/en\/wp-json\/wp\/v2\/product_tag?post=3773"}],"curies":[{"name":"wp","href":"https:\/\/api.w.org\/{rel}","templated":true}]}}