
{"id":3750,"date":"2023-08-29T10:35:22","date_gmt":"2023-08-29T08:35:22","guid":{"rendered":"https:\/\/www.doublewdesign.it\/?post_type=product&#038;p=3750"},"modified":"2024-05-09T12:54:02","modified_gmt":"2024-05-09T10:54:02","slug":"quadro-il-buono-il-brutto-il-cattivo","status":"publish","type":"product","link":"https:\/\/www.doublewdesign.it\/en\/prodotto\/quadro-il-buono-il-brutto-il-cattivo\/","title":{"rendered":"QUADRO BUONO BRUTTO CATTIVO"},"content":{"rendered":"<h1 class=\"western\" align=\"left\">QUADRO BUONO BRUTTO CATTIVO<\/h1>\n<p class=\"western\" align=\"left\">Il QUADRO BUONO BRUTTO CATTIVO \u00e8 prodotto da GialloBus, azienda leader del settore, \u00e8 realizzato con la cura della manualit\u00e0 artigiana interamente in un laboratorio in Italia. In questo modo si pu\u00f2 seguire scrupolosamente tutto il processo produttivo, dall\u2019idea alla realizzazione e alla successiva spedizione con imballi sicuri e robusti.<\/p>\n<p>Le nostre Tele Canvas possono avere o un Telaio Standard o un Telaio Premium.<\/p>\n<p>Il Telaio Premium del quadro \u00e8 di vero legno massello ad alto spessore, pronto da appendere, si differenziano dai normali telai standard per il loro spessore (5 cm. circa invece di 2,5 cm.)<\/p>\n<p>Le stampe su tela canvas sono prodotte con inchiostri garantiti a vita e fissate su un robusto telaio in legno ad alto spessore pronto da appendere appoggiando il bordo su un solo chiodo (non fornito).<\/p>\n<p class=\"western\" align=\"left\">\u00a0L&#8217;immagine del QUADRO BUONO BRUTTO CATTIVO si estende anche ai lati andando a coprire il bordo del telaio, in vero legno MDF cos\u00ec da creare un\u00a0 gradevole un effetto 3D e realizzabile in diverse dimensioni.<\/p>\n<p class=\"western\" align=\"left\">I nostri quadri di design sono la soluzione perfetta per arredare la camera da letto, la cameretta, il soggiorno, il salotto, la cucina, lo studio, l\u2019ufficio e il bagno.<\/p>\n<h5 class=\"western\" align=\"left\"><\/h5>\n<h3 class=\"western\" align=\"left\"><b>DESCRIZIONE QUADRO BUONO BRUTTO CATTIVO:<\/b><\/h3>\n<div class=\"flex flex-grow flex-col gap-3\">\n<div class=\"min-h-[20px] flex flex-col items-start gap-4 whitespace-pre-wrap\">\n<div>\n<div class=\"flex flex-grow flex-col gap-3\">\n<div class=\"min-h-[20px] flex items-start overflow-x-auto whitespace-pre-wrap break-words flex-col gap-4\">\n<div>\n<div class=\"flex flex-grow flex-col gap-3\">\n<div class=\"min-h-[20px] flex items-start overflow-x-auto whitespace-pre-wrap break-words flex-col gap-4\">\n<div>\n<div class=\"flex flex-grow flex-col gap-3\">\n<div class=\"min-h-[20px] flex items-start overflow-x-auto whitespace-pre-wrap break-words flex-col gap-4\">\n<div>\n<p>Il QUADRO QUADRO BUONO BRUTTO CATTIVO \u00e8 un&#8217;opera d&#8217;arte mozzafiato e suggestiva.<\/p>\n<div class=\"flex flex-grow flex-col gap-3 max-w-full\">\n<div class=\"min-h-[20px] flex flex-col items-start gap-3 overflow-x-auto whitespace-pre-wrap break-words\">\n<div>\n<p>Questo quadro in stile pop art \u00e8 un omaggio al leggendario film &#8220;Il Buono, il Brutto, il Cattivo&#8221; diretto da Sergio Leone.<\/p>\n<p>La scena presenta i tre protagonisti, il Buono (Blondie), il Brutto (Tuco), e il Cattivo (Angel Eyes), ritratti in modo audace e accattivante.<\/p>\n<p>Il Buono, interpretato da Clint Eastwood, \u00e8 reso con un&#8217;iconica espressione severa, indossando un cappello da cowboy.<\/p>\n<p>I colori sono vivaci e distinti, come il rosso, il blu e il giallo, creando un contrasto accattivante.<\/p>\n<p>Il Brutto, interpretato da Lee Van Cleef, \u00e8 dipinto con una faccia da cattivo, con un&#8217;espressione astuta e uno sguardo penetrante.<\/p>\n<p>Il Cattivo, interpretato da Lee Van Cleef, \u00e8 raffigurato con una freddezza sinistra e una maschera impenetrabile.<\/p>\n<p>La scena potrebbe richiamare un momento epico del film, come il famoso duello nel cimitero, con dettagli suggestivi come pistole e paesaggi desertici.<\/p>\n<p>Quest&#8217;opera d&#8217;arte \u00e8 un tributo al film iconico di Sergio Leone, catturando la personalit\u00e0 dei suoi indimenticabili personaggi attraverso uno stile pop art vivace e audace.<\/p>\n<p>\u00c8 un omaggio alla grandezza del cinema western e alla potenza visiva di questa epica cinematografica.<\/p>\n<p><a href=\"https:\/\/www.doublewdesign.it\/categoria\/arredo-muro\/arredo-muro-quadri-su-tela-canvas\/\">Clicca qui per vedere tutte le tele Cavas<\/a><\/p>\n<p><a href=\"https:\/\/www.instagram.com\/w_design_ig\/\">Instagram<\/a> e <a href=\"https:\/\/www.facebook.com\/2vdesign\/?show_switched_toast=0&amp;show_invite_to_follow=0&amp;show_switched_tooltip=0&amp;show_podcast_settings=0&amp;show_community_review_changes=0&amp;show_community_rollback=0&amp;show_follower_visibility_disclosure=0\">Facebook<\/a><\/p>\n<\/div>\n<\/div>\n<\/div>\n<\/div>\n<\/div>\n<\/div>\n<\/div>\n<\/div>\n<\/div>\n<\/div>\n<\/div>\n<\/div>\n<\/div>\n<\/div>\n<\/div>\n","protected":false},"excerpt":{"rendered":"<p>Il quadro \u00e8 realizzato con la cura della\u00a0<strong>manualit\u00e0 artigiana<\/strong>\u00a0interamente in un laboratorio in\u00a0<strong>Italia<\/strong>. In questo modo si pu\u00f2 seguire scrupolosamente tutto il processo produttivo, dall\u2019idea alla realizzazione e alla successiva spedizione con\u00a0<strong>imballi sicuri e robusti.<\/strong><\/p>\n<p>Il nostri quadri possono essere realizzati con\u00a0<strong>dimensioni variabili<\/strong>\u00a0e con la scelta del telaio standard o premium.<\/p>\n<p>Telaio<strong>\u00a0Standard<\/strong>: \u00e8 realizzato in legno MDF alta qualit\u00e0 spessore 2.5 cm.<\/p>\n<p>Telaio\u00a0<strong>Premium<\/strong>: \u00e8 realizzato in legno massello alta qualit\u00e0 pi\u00f9 robusto con uno spessore di 5 cm.<\/p>\n","protected":false},"featured_media":3751,"comment_status":"closed","ping_status":"closed","template":"","meta":{"_themeisle_gutenberg_block_has_review":false},"product_brand":[],"product_cat":[29,34],"product_tag":[],"class_list":{"0":"post-3750","1":"product","2":"type-product","3":"status-publish","4":"has-post-thumbnail","6":"product_cat-arredo-muro","7":"product_cat-arredo-muro-quadri-su-tela-canvas","9":"first","10":"instock","11":"taxable","12":"shipping-taxable","13":"purchasable","14":"product-type-variable"},"yoast_head":"<!-- This site is optimized with the Yoast SEO plugin v27.4 - https:\/\/yoast.com\/product\/yoast-seo-wordpress\/ -->\n<title>QUADRO BUONO BRUTTO CATTIVO - Wdesign<\/title>\n<meta name=\"description\" content=\"QUADRO BUONO BRUTTO CATTIVO. Quadro stampato su tela canvas con telaio in mdf alta qualit\u00e0 realizzato in un laboratorio in Italia.\" \/>\n<meta name=\"robots\" content=\"index, follow, max-snippet:-1, max-image-preview:large, max-video-preview:-1\" \/>\n<link rel=\"canonical\" href=\"https:\/\/www.doublewdesign.it\/prodotto\/quadro-il-buono-il-brutto-il-cattivo\/\" \/>\n<meta property=\"og:locale\" content=\"en_US\" \/>\n<meta property=\"og:type\" content=\"article\" \/>\n<meta property=\"og:title\" content=\"QUADRO BUONO BRUTTO CATTIVO - Wdesign\" \/>\n<meta property=\"og:description\" content=\"QUADRO BUONO BRUTTO CATTIVO. Quadro stampato su tela canvas con telaio in mdf alta qualit\u00e0 realizzato in un laboratorio in Italia.\" \/>\n<meta property=\"og:url\" content=\"https:\/\/www.doublewdesign.it\/prodotto\/quadro-il-buono-il-brutto-il-cattivo\/\" \/>\n<meta property=\"og:site_name\" content=\"Wdesign\" \/>\n<meta property=\"article:publisher\" content=\"https:\/\/www.facebook.com\/profile.php?id=100088597355679\" \/>\n<meta property=\"article:modified_time\" content=\"2024-05-09T10:54:02+00:00\" \/>\n<meta property=\"og:image\" content=\"https:\/\/www.doublewdesign.it\/wp-content\/uploads\/2023\/08\/Quadro-IL-BUONO-IL-BRUTTO-IL-CATTIVO-arredo-muro-wdesign-macerata-marche-1p.webp\" \/>\n\t<meta property=\"og:image:width\" content=\"1500\" \/>\n\t<meta property=\"og:image:height\" content=\"1500\" \/>\n\t<meta property=\"og:image:type\" content=\"image\/webp\" \/>\n<meta name=\"twitter:card\" content=\"summary_large_image\" \/>\n<meta name=\"twitter:label1\" content=\"Est. reading time\" \/>\n\t<meta name=\"twitter:data1\" content=\"3 minutes\" \/>\n<script type=\"application\/ld+json\" class=\"yoast-schema-graph\">{\"@context\":\"https:\\\/\\\/schema.org\",\"@graph\":[{\"@type\":\"WebPage\",\"@id\":\"https:\\\/\\\/www.doublewdesign.it\\\/prodotto\\\/quadro-il-buono-il-brutto-il-cattivo\\\/\",\"url\":\"https:\\\/\\\/www.doublewdesign.it\\\/prodotto\\\/quadro-il-buono-il-brutto-il-cattivo\\\/\",\"name\":\"QUADRO BUONO BRUTTO CATTIVO - Wdesign\",\"isPartOf\":{\"@id\":\"https:\\\/\\\/www.doublewdesign.it\\\/#website\"},\"primaryImageOfPage\":{\"@id\":\"https:\\\/\\\/www.doublewdesign.it\\\/prodotto\\\/quadro-il-buono-il-brutto-il-cattivo\\\/#primaryimage\"},\"image\":{\"@id\":\"https:\\\/\\\/www.doublewdesign.it\\\/prodotto\\\/quadro-il-buono-il-brutto-il-cattivo\\\/#primaryimage\"},\"thumbnailUrl\":\"https:\\\/\\\/www.doublewdesign.it\\\/wp-content\\\/uploads\\\/2023\\\/08\\\/Quadro-IL-BUONO-IL-BRUTTO-IL-CATTIVO-arredo-muro-wdesign-macerata-marche-1p.webp\",\"datePublished\":\"2023-08-29T08:35:22+00:00\",\"dateModified\":\"2024-05-09T10:54:02+00:00\",\"description\":\"QUADRO BUONO BRUTTO CATTIVO. Quadro stampato su tela canvas con telaio in mdf alta qualit\u00e0 realizzato in un laboratorio in Italia.\",\"breadcrumb\":{\"@id\":\"https:\\\/\\\/www.doublewdesign.it\\\/prodotto\\\/quadro-il-buono-il-brutto-il-cattivo\\\/#breadcrumb\"},\"inLanguage\":\"en-US\",\"potentialAction\":[{\"@type\":\"ReadAction\",\"target\":[\"https:\\\/\\\/www.doublewdesign.it\\\/prodotto\\\/quadro-il-buono-il-brutto-il-cattivo\\\/\"]}]},{\"@type\":\"ImageObject\",\"inLanguage\":\"en-US\",\"@id\":\"https:\\\/\\\/www.doublewdesign.it\\\/prodotto\\\/quadro-il-buono-il-brutto-il-cattivo\\\/#primaryimage\",\"url\":\"https:\\\/\\\/www.doublewdesign.it\\\/wp-content\\\/uploads\\\/2023\\\/08\\\/Quadro-IL-BUONO-IL-BRUTTO-IL-CATTIVO-arredo-muro-wdesign-macerata-marche-1p.webp\",\"contentUrl\":\"https:\\\/\\\/www.doublewdesign.it\\\/wp-content\\\/uploads\\\/2023\\\/08\\\/Quadro-IL-BUONO-IL-BRUTTO-IL-CATTIVO-arredo-muro-wdesign-macerata-marche-1p.webp\",\"width\":1500,\"height\":1500,\"caption\":\"QUADRO \\\"IL-BUONO-IL BRUTTO-IL-CATTIVO\\\"\"},{\"@type\":\"BreadcrumbList\",\"@id\":\"https:\\\/\\\/www.doublewdesign.it\\\/prodotto\\\/quadro-il-buono-il-brutto-il-cattivo\\\/#breadcrumb\",\"itemListElement\":[{\"@type\":\"ListItem\",\"position\":1,\"name\":\"Home\",\"item\":\"https:\\\/\\\/www.doublewdesign.it\\\/?lang=en\"},{\"@type\":\"ListItem\",\"position\":2,\"name\":\"Shop\",\"item\":\"https:\\\/\\\/www.doublewdesign.it\\\/en\\\/shop\\\/\"},{\"@type\":\"ListItem\",\"position\":3,\"name\":\"Arredo Muro\",\"item\":\"https:\\\/\\\/www.doublewdesign.it\\\/categoria\\\/arredo-muro\\\/\"},{\"@type\":\"ListItem\",\"position\":4,\"name\":\"QUADRO BUONO BRUTTO CATTIVO\"}]},{\"@type\":\"WebSite\",\"@id\":\"https:\\\/\\\/www.doublewdesign.it\\\/#website\",\"url\":\"https:\\\/\\\/www.doublewdesign.it\\\/\",\"name\":\"Wdesign\",\"description\":\"Wdesign\",\"publisher\":{\"@id\":\"https:\\\/\\\/www.doublewdesign.it\\\/#organization\"},\"potentialAction\":[{\"@type\":\"SearchAction\",\"target\":{\"@type\":\"EntryPoint\",\"urlTemplate\":\"https:\\\/\\\/www.doublewdesign.it\\\/?s={search_term_string}\"},\"query-input\":{\"@type\":\"PropertyValueSpecification\",\"valueRequired\":true,\"valueName\":\"search_term_string\"}}],\"inLanguage\":\"en-US\"},{\"@type\":\"Organization\",\"@id\":\"https:\\\/\\\/www.doublewdesign.it\\\/#organization\",\"name\":\"Wdesign\",\"url\":\"https:\\\/\\\/www.doublewdesign.it\\\/\",\"logo\":{\"@type\":\"ImageObject\",\"inLanguage\":\"en-US\",\"@id\":\"https:\\\/\\\/www.doublewdesign.it\\\/#\\\/schema\\\/logo\\\/image\\\/\",\"url\":\"https:\\\/\\\/www.doublewdesign.it\\\/wp-content\\\/uploads\\\/2024\\\/07\\\/wdesign_logo.png\",\"contentUrl\":\"https:\\\/\\\/www.doublewdesign.it\\\/wp-content\\\/uploads\\\/2024\\\/07\\\/wdesign_logo.png\",\"width\":94,\"height\":94,\"caption\":\"Wdesign\"},\"image\":{\"@id\":\"https:\\\/\\\/www.doublewdesign.it\\\/#\\\/schema\\\/logo\\\/image\\\/\"},\"sameAs\":[\"https:\\\/\\\/www.facebook.com\\\/profile.php?id=100088597355679\"]}]}<\/script>\n<!-- \/ Yoast SEO plugin. -->","yoast_head_json":{"title":"QUADRO BUONO BRUTTO CATTIVO - Wdesign","description":"QUADRO BUONO BRUTTO CATTIVO. Quadro stampato su tela canvas con telaio in mdf alta qualit\u00e0 realizzato in un laboratorio in Italia.","robots":{"index":"index","follow":"follow","max-snippet":"max-snippet:-1","max-image-preview":"max-image-preview:large","max-video-preview":"max-video-preview:-1"},"canonical":"https:\/\/www.doublewdesign.it\/prodotto\/quadro-il-buono-il-brutto-il-cattivo\/","og_locale":"en_US","og_type":"article","og_title":"QUADRO BUONO BRUTTO CATTIVO - Wdesign","og_description":"QUADRO BUONO BRUTTO CATTIVO. Quadro stampato su tela canvas con telaio in mdf alta qualit\u00e0 realizzato in un laboratorio in Italia.","og_url":"https:\/\/www.doublewdesign.it\/prodotto\/quadro-il-buono-il-brutto-il-cattivo\/","og_site_name":"Wdesign","article_publisher":"https:\/\/www.facebook.com\/profile.php?id=100088597355679","article_modified_time":"2024-05-09T10:54:02+00:00","og_image":[{"width":1500,"height":1500,"url":"https:\/\/www.doublewdesign.it\/wp-content\/uploads\/2023\/08\/Quadro-IL-BUONO-IL-BRUTTO-IL-CATTIVO-arredo-muro-wdesign-macerata-marche-1p.webp","type":"image\/webp"}],"twitter_card":"summary_large_image","twitter_misc":{"Est. reading time":"3 minutes"},"schema":{"@context":"https:\/\/schema.org","@graph":[{"@type":"WebPage","@id":"https:\/\/www.doublewdesign.it\/prodotto\/quadro-il-buono-il-brutto-il-cattivo\/","url":"https:\/\/www.doublewdesign.it\/prodotto\/quadro-il-buono-il-brutto-il-cattivo\/","name":"QUADRO BUONO BRUTTO CATTIVO - Wdesign","isPartOf":{"@id":"https:\/\/www.doublewdesign.it\/#website"},"primaryImageOfPage":{"@id":"https:\/\/www.doublewdesign.it\/prodotto\/quadro-il-buono-il-brutto-il-cattivo\/#primaryimage"},"image":{"@id":"https:\/\/www.doublewdesign.it\/prodotto\/quadro-il-buono-il-brutto-il-cattivo\/#primaryimage"},"thumbnailUrl":"https:\/\/www.doublewdesign.it\/wp-content\/uploads\/2023\/08\/Quadro-IL-BUONO-IL-BRUTTO-IL-CATTIVO-arredo-muro-wdesign-macerata-marche-1p.webp","datePublished":"2023-08-29T08:35:22+00:00","dateModified":"2024-05-09T10:54:02+00:00","description":"QUADRO BUONO BRUTTO CATTIVO. Quadro stampato su tela canvas con telaio in mdf alta qualit\u00e0 realizzato in un laboratorio in Italia.","breadcrumb":{"@id":"https:\/\/www.doublewdesign.it\/prodotto\/quadro-il-buono-il-brutto-il-cattivo\/#breadcrumb"},"inLanguage":"en-US","potentialAction":[{"@type":"ReadAction","target":["https:\/\/www.doublewdesign.it\/prodotto\/quadro-il-buono-il-brutto-il-cattivo\/"]}]},{"@type":"ImageObject","inLanguage":"en-US","@id":"https:\/\/www.doublewdesign.it\/prodotto\/quadro-il-buono-il-brutto-il-cattivo\/#primaryimage","url":"https:\/\/www.doublewdesign.it\/wp-content\/uploads\/2023\/08\/Quadro-IL-BUONO-IL-BRUTTO-IL-CATTIVO-arredo-muro-wdesign-macerata-marche-1p.webp","contentUrl":"https:\/\/www.doublewdesign.it\/wp-content\/uploads\/2023\/08\/Quadro-IL-BUONO-IL-BRUTTO-IL-CATTIVO-arredo-muro-wdesign-macerata-marche-1p.webp","width":1500,"height":1500,"caption":"QUADRO \"IL-BUONO-IL BRUTTO-IL-CATTIVO\""},{"@type":"BreadcrumbList","@id":"https:\/\/www.doublewdesign.it\/prodotto\/quadro-il-buono-il-brutto-il-cattivo\/#breadcrumb","itemListElement":[{"@type":"ListItem","position":1,"name":"Home","item":"https:\/\/www.doublewdesign.it\/?lang=en"},{"@type":"ListItem","position":2,"name":"Shop","item":"https:\/\/www.doublewdesign.it\/en\/shop\/"},{"@type":"ListItem","position":3,"name":"Arredo Muro","item":"https:\/\/www.doublewdesign.it\/categoria\/arredo-muro\/"},{"@type":"ListItem","position":4,"name":"QUADRO BUONO BRUTTO CATTIVO"}]},{"@type":"WebSite","@id":"https:\/\/www.doublewdesign.it\/#website","url":"https:\/\/www.doublewdesign.it\/","name":"Wdesign","description":"Wdesign","publisher":{"@id":"https:\/\/www.doublewdesign.it\/#organization"},"potentialAction":[{"@type":"SearchAction","target":{"@type":"EntryPoint","urlTemplate":"https:\/\/www.doublewdesign.it\/?s={search_term_string}"},"query-input":{"@type":"PropertyValueSpecification","valueRequired":true,"valueName":"search_term_string"}}],"inLanguage":"en-US"},{"@type":"Organization","@id":"https:\/\/www.doublewdesign.it\/#organization","name":"Wdesign","url":"https:\/\/www.doublewdesign.it\/","logo":{"@type":"ImageObject","inLanguage":"en-US","@id":"https:\/\/www.doublewdesign.it\/#\/schema\/logo\/image\/","url":"https:\/\/www.doublewdesign.it\/wp-content\/uploads\/2024\/07\/wdesign_logo.png","contentUrl":"https:\/\/www.doublewdesign.it\/wp-content\/uploads\/2024\/07\/wdesign_logo.png","width":94,"height":94,"caption":"Wdesign"},"image":{"@id":"https:\/\/www.doublewdesign.it\/#\/schema\/logo\/image\/"},"sameAs":["https:\/\/www.facebook.com\/profile.php?id=100088597355679"]}]}},"_links":{"self":[{"href":"https:\/\/www.doublewdesign.it\/en\/wp-json\/wp\/v2\/product\/3750","targetHints":{"allow":["GET"]}}],"collection":[{"href":"https:\/\/www.doublewdesign.it\/en\/wp-json\/wp\/v2\/product"}],"about":[{"href":"https:\/\/www.doublewdesign.it\/en\/wp-json\/wp\/v2\/types\/product"}],"replies":[{"embeddable":true,"href":"https:\/\/www.doublewdesign.it\/en\/wp-json\/wp\/v2\/comments?post=3750"}],"wp:featuredmedia":[{"embeddable":true,"href":"https:\/\/www.doublewdesign.it\/en\/wp-json\/wp\/v2\/media\/3751"}],"wp:attachment":[{"href":"https:\/\/www.doublewdesign.it\/en\/wp-json\/wp\/v2\/media?parent=3750"}],"wp:term":[{"taxonomy":"product_brand","embeddable":true,"href":"https:\/\/www.doublewdesign.it\/en\/wp-json\/wp\/v2\/product_brand?post=3750"},{"taxonomy":"product_cat","embeddable":true,"href":"https:\/\/www.doublewdesign.it\/en\/wp-json\/wp\/v2\/product_cat?post=3750"},{"taxonomy":"product_tag","embeddable":true,"href":"https:\/\/www.doublewdesign.it\/en\/wp-json\/wp\/v2\/product_tag?post=3750"}],"curies":[{"name":"wp","href":"https:\/\/api.w.org\/{rel}","templated":true}]}}