
{"id":361,"date":"2022-11-08T13:53:32","date_gmt":"2022-11-08T11:53:32","guid":{"rendered":"https:\/\/www.doublewdesign.it\/?post_type=product&#038;p=361"},"modified":"2025-11-24T17:16:17","modified_gmt":"2025-11-24T15:16:17","slug":"targa-decorativa-vintage-keep-calm-drink-beer-in-alluminio","status":"publish","type":"product","link":"https:\/\/www.doublewdesign.it\/en\/prodotto\/targa-decorativa-vintage-keep-calm-drink-beer-in-alluminio\/","title":{"rendered":"Targa decorativa vintage Keep Calm Drink Beer in alluminio"},"content":{"rendered":"<h2 style=\"text-align: center;\">Targa decorativa vintage Keep Calm Drink Beer in alluminio<\/h2>\n<h2 style=\"text-align: center;\">Dimensioni 25 x 1 x 33 cm.<\/h2>\n<p style=\"text-align: center;\">Targa decorativa vintage Keep Calm Drink Beer in Alluminio \u00e8 un tipo di oggetto decorativo che viene utilizzato per arricchire gli ambienti interni ed esterni, questa targa \u00e8 ultra piatta e ha un peso di pochi grammi ci\u00f2 la rende molto maneggevole e facile da installare.<\/p>\n<p style=\"text-align: center;\">La targa vintage Keep Calm Drink Beer realizzata in alluminio, con il suo stile vintage ricorda i momenti pi\u00f9 belli al bar con i vostri amici dove spensierati eravate li &#8220;calmi a prendere una birra&#8221;<\/p>\n<h5 style=\"text-align: center;\">la storia della targa decorativa<\/h5>\n<p style=\"text-align: center;\">La storia delle targhe decorative risale almeno al XVIII secolo. Quando in Inghilterra si cominci\u00f2 a produrre una variet\u00e0 di piastre decorate con motivi floreali, paesaggi, stemmi nobiliari e simboli religiosi. Questi oggetti erano utilizzati per decorare le case e gli edifici pubblici, ma anche per commemorare eventi importanti come matrimoni, nascite o morti.<\/p>\n<p style=\"text-align: center;\">Nel corso del tempo, le targhe decorative sono diventate sempre pi\u00f9 popolari, soprattutto grazie alla diffusione dei metalli economici come l&#8217;alluminio e l&#8217;acciaio. Negli Stati Uniti, ad esempio, le targhe decorative sono diventate un elemento caratteristico dell&#8217;arte popolare, soprattutto nel Sud degli Stati Uniti, dove sono utilizzate per decorare le case, i giardini e i luoghi di lavoro.<\/p>\n<h5 style=\"text-align: center;\">attualita della targa decorativa<\/h5>\n<p style=\"text-align: center;\">Oggi, le targhe decorative sono ancora molto apprezzate per la loro bellezza e originalit\u00e0. Molte aziende producono targhe personalizzate per matrimoni, anniversari, compleanni e altre occasioni. Ci sono anche artisti che realizzano targhe uniche e originali utilizzando tecniche artistiche come la pittura a mano o l&#8217;incisione. Le targhe decorative sono diventate quindi un elemento importante della decorazione d&#8217;interni ed esterni, un modo per esprimere la propria personalit\u00e0 e per rendere unico ed accogliente il proprio ambiente.<\/p>\n<p style=\"text-align: center;\"><a href=\"https:\/\/www.doublewdesign.it\/categoria\/arredo-muro\/targhe-decorative\/?v=1e4b6ded2108\">Clicca qui per vedere altre targhe<\/a><\/p>\n<p style=\"text-align: center;\"><a href=\"https:\/\/www.instagram.com\/w_design_ig\/\">Instagram<\/a>\u00a0e\u00a0<a href=\"https:\/\/www.facebook.com\/2vdesign\/?show_switched_toast=0&amp;show_invite_to_follow=0&amp;show_switched_tooltip=0&amp;show_podcast_settings=0&amp;show_community_review_changes=0&amp;show_community_rollback=0&amp;show_follower_visibility_disclosure=0\">Facebook\u00a0<\/a><\/p>\n","protected":false},"excerpt":{"rendered":"<p>Targa decorativa vintage Keep Calm Drink Beer in Alluminio, con il suo stile vintage ricorda i momenti pi\u00f9 belli al bar con i nostri amici<\/p>\n<p>Dimensioni: 25 x 33 cm<\/p>\n","protected":false},"featured_media":1394,"comment_status":"open","ping_status":"closed","template":"","meta":{"_themeisle_gutenberg_block_has_review":false},"product_brand":[],"product_cat":[29,59],"product_tag":[180],"class_list":{"0":"post-361","1":"product","2":"type-product","3":"status-publish","4":"has-post-thumbnail","6":"product_cat-arredo-muro","7":"product_cat-targhe-decorative","8":"product_tag-pronta-consegna","10":"first","11":"instock","12":"sale","13":"taxable","14":"shipping-taxable","15":"purchasable","16":"product-type-simple"},"yoast_head":"<!-- This site is optimized with the Yoast SEO plugin v27.4 - https:\/\/yoast.com\/product\/yoast-seo-wordpress\/ -->\n<title>Targa decorativa vintage Keep Calm Drink Beer in alluminio - Wdesign<\/title>\n<meta name=\"description\" content=\"Targa decorativa vintage Keep Calm Drink Beer in Alluminio, con il suo stile vintage ricorda i momenti pi\u00f9 belli al bar con i vostri amici\" \/>\n<meta name=\"robots\" content=\"index, follow, max-snippet:-1, max-image-preview:large, max-video-preview:-1\" \/>\n<link rel=\"canonical\" href=\"https:\/\/www.doublewdesign.it\/prodotto\/targa-decorativa-vintage-keep-calm-drink-beer-in-alluminio\/\" \/>\n<meta property=\"og:locale\" content=\"en_US\" \/>\n<meta property=\"og:type\" content=\"article\" \/>\n<meta property=\"og:title\" content=\"Targa decorativa vintage Keep Calm Drink Beer in alluminio - Wdesign\" \/>\n<meta property=\"og:description\" content=\"Targa decorativa vintage Keep Calm Drink Beer in Alluminio, con il suo stile vintage ricorda i momenti pi\u00f9 belli al bar con i vostri amici\" \/>\n<meta property=\"og:url\" content=\"https:\/\/www.doublewdesign.it\/prodotto\/targa-decorativa-vintage-keep-calm-drink-beer-in-alluminio\/\" \/>\n<meta property=\"og:site_name\" content=\"Wdesign\" \/>\n<meta property=\"article:publisher\" content=\"https:\/\/www.facebook.com\/profile.php?id=100088597355679\" \/>\n<meta property=\"article:modified_time\" content=\"2025-11-24T15:16:17+00:00\" \/>\n<meta property=\"og:image\" content=\"https:\/\/www.doublewdesign.it\/wp-content\/uploads\/2022\/11\/taga-decorativa-arredo-muro-keepcalm-wdesign-marche-MUTGCF011.webp\" \/>\n\t<meta property=\"og:image:width\" content=\"800\" \/>\n\t<meta property=\"og:image:height\" content=\"800\" \/>\n\t<meta property=\"og:image:type\" content=\"image\/webp\" \/>\n<meta name=\"twitter:card\" content=\"summary_large_image\" \/>\n<meta name=\"twitter:label1\" content=\"Est. reading time\" \/>\n\t<meta name=\"twitter:data1\" content=\"2 minutes\" \/>\n<script type=\"application\/ld+json\" class=\"yoast-schema-graph\">{\"@context\":\"https:\\\/\\\/schema.org\",\"@graph\":[{\"@type\":\"WebPage\",\"@id\":\"https:\\\/\\\/www.doublewdesign.it\\\/prodotto\\\/targa-decorativa-vintage-keep-calm-drink-beer-in-alluminio\\\/\",\"url\":\"https:\\\/\\\/www.doublewdesign.it\\\/prodotto\\\/targa-decorativa-vintage-keep-calm-drink-beer-in-alluminio\\\/\",\"name\":\"Targa decorativa vintage Keep Calm Drink Beer in alluminio - Wdesign\",\"isPartOf\":{\"@id\":\"https:\\\/\\\/www.doublewdesign.it\\\/#website\"},\"primaryImageOfPage\":{\"@id\":\"https:\\\/\\\/www.doublewdesign.it\\\/prodotto\\\/targa-decorativa-vintage-keep-calm-drink-beer-in-alluminio\\\/#primaryimage\"},\"image\":{\"@id\":\"https:\\\/\\\/www.doublewdesign.it\\\/prodotto\\\/targa-decorativa-vintage-keep-calm-drink-beer-in-alluminio\\\/#primaryimage\"},\"thumbnailUrl\":\"https:\\\/\\\/www.doublewdesign.it\\\/wp-content\\\/uploads\\\/2022\\\/11\\\/taga-decorativa-arredo-muro-keepcalm-wdesign-marche-MUTGCF011.webp\",\"datePublished\":\"2022-11-08T11:53:32+00:00\",\"dateModified\":\"2025-11-24T15:16:17+00:00\",\"description\":\"Targa decorativa vintage Keep Calm Drink Beer in Alluminio, con il suo stile vintage ricorda i momenti pi\u00f9 belli al bar con i vostri amici\",\"breadcrumb\":{\"@id\":\"https:\\\/\\\/www.doublewdesign.it\\\/prodotto\\\/targa-decorativa-vintage-keep-calm-drink-beer-in-alluminio\\\/#breadcrumb\"},\"inLanguage\":\"en-US\",\"potentialAction\":[{\"@type\":\"ReadAction\",\"target\":[\"https:\\\/\\\/www.doublewdesign.it\\\/prodotto\\\/targa-decorativa-vintage-keep-calm-drink-beer-in-alluminio\\\/\"]}]},{\"@type\":\"ImageObject\",\"inLanguage\":\"en-US\",\"@id\":\"https:\\\/\\\/www.doublewdesign.it\\\/prodotto\\\/targa-decorativa-vintage-keep-calm-drink-beer-in-alluminio\\\/#primaryimage\",\"url\":\"https:\\\/\\\/www.doublewdesign.it\\\/wp-content\\\/uploads\\\/2022\\\/11\\\/taga-decorativa-arredo-muro-keepcalm-wdesign-marche-MUTGCF011.webp\",\"contentUrl\":\"https:\\\/\\\/www.doublewdesign.it\\\/wp-content\\\/uploads\\\/2022\\\/11\\\/taga-decorativa-arredo-muro-keepcalm-wdesign-marche-MUTGCF011.webp\",\"width\":800,\"height\":800,\"caption\":\"taga-decorativa-arredo-muro-keep - calm- beer -wdesign-march\"},{\"@type\":\"BreadcrumbList\",\"@id\":\"https:\\\/\\\/www.doublewdesign.it\\\/prodotto\\\/targa-decorativa-vintage-keep-calm-drink-beer-in-alluminio\\\/#breadcrumb\",\"itemListElement\":[{\"@type\":\"ListItem\",\"position\":1,\"name\":\"Home\",\"item\":\"https:\\\/\\\/www.doublewdesign.it\\\/?lang=en\"},{\"@type\":\"ListItem\",\"position\":2,\"name\":\"Shop\",\"item\":\"https:\\\/\\\/www.doublewdesign.it\\\/en\\\/shop\\\/\"},{\"@type\":\"ListItem\",\"position\":3,\"name\":\"Arredo Muro\",\"item\":\"https:\\\/\\\/www.doublewdesign.it\\\/categoria\\\/arredo-muro\\\/\"},{\"@type\":\"ListItem\",\"position\":4,\"name\":\"Targhe Decorative\",\"item\":\"https:\\\/\\\/www.doublewdesign.it\\\/categoria\\\/arredo-muro\\\/targhe-decorative\\\/\"},{\"@type\":\"ListItem\",\"position\":5,\"name\":\"Targa decorativa vintage Keep Calm Drink Beer in alluminio\"}]},{\"@type\":\"WebSite\",\"@id\":\"https:\\\/\\\/www.doublewdesign.it\\\/#website\",\"url\":\"https:\\\/\\\/www.doublewdesign.it\\\/\",\"name\":\"Wdesign\",\"description\":\"Wdesign\",\"publisher\":{\"@id\":\"https:\\\/\\\/www.doublewdesign.it\\\/#organization\"},\"potentialAction\":[{\"@type\":\"SearchAction\",\"target\":{\"@type\":\"EntryPoint\",\"urlTemplate\":\"https:\\\/\\\/www.doublewdesign.it\\\/?s={search_term_string}\"},\"query-input\":{\"@type\":\"PropertyValueSpecification\",\"valueRequired\":true,\"valueName\":\"search_term_string\"}}],\"inLanguage\":\"en-US\"},{\"@type\":\"Organization\",\"@id\":\"https:\\\/\\\/www.doublewdesign.it\\\/#organization\",\"name\":\"Wdesign\",\"url\":\"https:\\\/\\\/www.doublewdesign.it\\\/\",\"logo\":{\"@type\":\"ImageObject\",\"inLanguage\":\"en-US\",\"@id\":\"https:\\\/\\\/www.doublewdesign.it\\\/#\\\/schema\\\/logo\\\/image\\\/\",\"url\":\"https:\\\/\\\/www.doublewdesign.it\\\/wp-content\\\/uploads\\\/2024\\\/07\\\/wdesign_logo.png\",\"contentUrl\":\"https:\\\/\\\/www.doublewdesign.it\\\/wp-content\\\/uploads\\\/2024\\\/07\\\/wdesign_logo.png\",\"width\":94,\"height\":94,\"caption\":\"Wdesign\"},\"image\":{\"@id\":\"https:\\\/\\\/www.doublewdesign.it\\\/#\\\/schema\\\/logo\\\/image\\\/\"},\"sameAs\":[\"https:\\\/\\\/www.facebook.com\\\/profile.php?id=100088597355679\"]}]}<\/script>\n<!-- \/ Yoast SEO plugin. -->","yoast_head_json":{"title":"Targa decorativa vintage Keep Calm Drink Beer in alluminio - Wdesign","description":"Targa decorativa vintage Keep Calm Drink Beer in Alluminio, con il suo stile vintage ricorda i momenti pi\u00f9 belli al bar con i vostri amici","robots":{"index":"index","follow":"follow","max-snippet":"max-snippet:-1","max-image-preview":"max-image-preview:large","max-video-preview":"max-video-preview:-1"},"canonical":"https:\/\/www.doublewdesign.it\/prodotto\/targa-decorativa-vintage-keep-calm-drink-beer-in-alluminio\/","og_locale":"en_US","og_type":"article","og_title":"Targa decorativa vintage Keep Calm Drink Beer in alluminio - Wdesign","og_description":"Targa decorativa vintage Keep Calm Drink Beer in Alluminio, con il suo stile vintage ricorda i momenti pi\u00f9 belli al bar con i vostri amici","og_url":"https:\/\/www.doublewdesign.it\/prodotto\/targa-decorativa-vintage-keep-calm-drink-beer-in-alluminio\/","og_site_name":"Wdesign","article_publisher":"https:\/\/www.facebook.com\/profile.php?id=100088597355679","article_modified_time":"2025-11-24T15:16:17+00:00","og_image":[{"width":800,"height":800,"url":"https:\/\/www.doublewdesign.it\/wp-content\/uploads\/2022\/11\/taga-decorativa-arredo-muro-keepcalm-wdesign-marche-MUTGCF011.webp","type":"image\/webp"}],"twitter_card":"summary_large_image","twitter_misc":{"Est. reading time":"2 minutes"},"schema":{"@context":"https:\/\/schema.org","@graph":[{"@type":"WebPage","@id":"https:\/\/www.doublewdesign.it\/prodotto\/targa-decorativa-vintage-keep-calm-drink-beer-in-alluminio\/","url":"https:\/\/www.doublewdesign.it\/prodotto\/targa-decorativa-vintage-keep-calm-drink-beer-in-alluminio\/","name":"Targa decorativa vintage Keep Calm Drink Beer in alluminio - Wdesign","isPartOf":{"@id":"https:\/\/www.doublewdesign.it\/#website"},"primaryImageOfPage":{"@id":"https:\/\/www.doublewdesign.it\/prodotto\/targa-decorativa-vintage-keep-calm-drink-beer-in-alluminio\/#primaryimage"},"image":{"@id":"https:\/\/www.doublewdesign.it\/prodotto\/targa-decorativa-vintage-keep-calm-drink-beer-in-alluminio\/#primaryimage"},"thumbnailUrl":"https:\/\/www.doublewdesign.it\/wp-content\/uploads\/2022\/11\/taga-decorativa-arredo-muro-keepcalm-wdesign-marche-MUTGCF011.webp","datePublished":"2022-11-08T11:53:32+00:00","dateModified":"2025-11-24T15:16:17+00:00","description":"Targa decorativa vintage Keep Calm Drink Beer in Alluminio, con il suo stile vintage ricorda i momenti pi\u00f9 belli al bar con i vostri amici","breadcrumb":{"@id":"https:\/\/www.doublewdesign.it\/prodotto\/targa-decorativa-vintage-keep-calm-drink-beer-in-alluminio\/#breadcrumb"},"inLanguage":"en-US","potentialAction":[{"@type":"ReadAction","target":["https:\/\/www.doublewdesign.it\/prodotto\/targa-decorativa-vintage-keep-calm-drink-beer-in-alluminio\/"]}]},{"@type":"ImageObject","inLanguage":"en-US","@id":"https:\/\/www.doublewdesign.it\/prodotto\/targa-decorativa-vintage-keep-calm-drink-beer-in-alluminio\/#primaryimage","url":"https:\/\/www.doublewdesign.it\/wp-content\/uploads\/2022\/11\/taga-decorativa-arredo-muro-keepcalm-wdesign-marche-MUTGCF011.webp","contentUrl":"https:\/\/www.doublewdesign.it\/wp-content\/uploads\/2022\/11\/taga-decorativa-arredo-muro-keepcalm-wdesign-marche-MUTGCF011.webp","width":800,"height":800,"caption":"taga-decorativa-arredo-muro-keep - calm- beer -wdesign-march"},{"@type":"BreadcrumbList","@id":"https:\/\/www.doublewdesign.it\/prodotto\/targa-decorativa-vintage-keep-calm-drink-beer-in-alluminio\/#breadcrumb","itemListElement":[{"@type":"ListItem","position":1,"name":"Home","item":"https:\/\/www.doublewdesign.it\/?lang=en"},{"@type":"ListItem","position":2,"name":"Shop","item":"https:\/\/www.doublewdesign.it\/en\/shop\/"},{"@type":"ListItem","position":3,"name":"Arredo Muro","item":"https:\/\/www.doublewdesign.it\/categoria\/arredo-muro\/"},{"@type":"ListItem","position":4,"name":"Targhe Decorative","item":"https:\/\/www.doublewdesign.it\/categoria\/arredo-muro\/targhe-decorative\/"},{"@type":"ListItem","position":5,"name":"Targa decorativa vintage Keep Calm Drink Beer in alluminio"}]},{"@type":"WebSite","@id":"https:\/\/www.doublewdesign.it\/#website","url":"https:\/\/www.doublewdesign.it\/","name":"Wdesign","description":"Wdesign","publisher":{"@id":"https:\/\/www.doublewdesign.it\/#organization"},"potentialAction":[{"@type":"SearchAction","target":{"@type":"EntryPoint","urlTemplate":"https:\/\/www.doublewdesign.it\/?s={search_term_string}"},"query-input":{"@type":"PropertyValueSpecification","valueRequired":true,"valueName":"search_term_string"}}],"inLanguage":"en-US"},{"@type":"Organization","@id":"https:\/\/www.doublewdesign.it\/#organization","name":"Wdesign","url":"https:\/\/www.doublewdesign.it\/","logo":{"@type":"ImageObject","inLanguage":"en-US","@id":"https:\/\/www.doublewdesign.it\/#\/schema\/logo\/image\/","url":"https:\/\/www.doublewdesign.it\/wp-content\/uploads\/2024\/07\/wdesign_logo.png","contentUrl":"https:\/\/www.doublewdesign.it\/wp-content\/uploads\/2024\/07\/wdesign_logo.png","width":94,"height":94,"caption":"Wdesign"},"image":{"@id":"https:\/\/www.doublewdesign.it\/#\/schema\/logo\/image\/"},"sameAs":["https:\/\/www.facebook.com\/profile.php?id=100088597355679"]}]}},"_links":{"self":[{"href":"https:\/\/www.doublewdesign.it\/en\/wp-json\/wp\/v2\/product\/361","targetHints":{"allow":["GET"]}}],"collection":[{"href":"https:\/\/www.doublewdesign.it\/en\/wp-json\/wp\/v2\/product"}],"about":[{"href":"https:\/\/www.doublewdesign.it\/en\/wp-json\/wp\/v2\/types\/product"}],"replies":[{"embeddable":true,"href":"https:\/\/www.doublewdesign.it\/en\/wp-json\/wp\/v2\/comments?post=361"}],"wp:featuredmedia":[{"embeddable":true,"href":"https:\/\/www.doublewdesign.it\/en\/wp-json\/wp\/v2\/media\/1394"}],"wp:attachment":[{"href":"https:\/\/www.doublewdesign.it\/en\/wp-json\/wp\/v2\/media?parent=361"}],"wp:term":[{"taxonomy":"product_brand","embeddable":true,"href":"https:\/\/www.doublewdesign.it\/en\/wp-json\/wp\/v2\/product_brand?post=361"},{"taxonomy":"product_cat","embeddable":true,"href":"https:\/\/www.doublewdesign.it\/en\/wp-json\/wp\/v2\/product_cat?post=361"},{"taxonomy":"product_tag","embeddable":true,"href":"https:\/\/www.doublewdesign.it\/en\/wp-json\/wp\/v2\/product_tag?post=361"}],"curies":[{"name":"wp","href":"https:\/\/api.w.org\/{rel}","templated":true}]}}