
{"id":3573,"date":"2023-08-25T10:35:07","date_gmt":"2023-08-25T08:35:07","guid":{"rendered":"https:\/\/www.doublewdesign.it\/?post_type=product&#038;p=3573"},"modified":"2024-05-09T12:54:08","modified_gmt":"2024-05-09T10:54:08","slug":"quadro-einstein","status":"publish","type":"product","link":"https:\/\/www.doublewdesign.it\/en\/prodotto\/quadro-einstein\/","title":{"rendered":"QUADRO EINSTEIN"},"content":{"rendered":"<h1 class=\"western\" align=\"left\">QUADRO EINSTEIN<\/h1>\n<p class=\"western\" align=\"left\">Il QUADRO EINSTEIN \u00e8 prodotto da GialloBus, azienda leader del settore, realizzato con la cura della manualit\u00e0 artigiana interamente in un laboratorio in Italia. In questo modo si pu\u00f2 seguire scrupolosamente tutto il processo produttivo, dall\u2019idea alla realizzazione e alla successiva spedizione con imballi sicuri e robusti.<\/p>\n<p>Le nostre Tele Canvas possono avere o un Telaio Standard o un Telaio Premium.<\/p>\n<p>l Telaio Premium del quadro \u00e8 di vero legno massello ad alto spessore, pronto da appendere, si differenziano dai normali telai standard per il loro spessore (5 cm. circa invece di 2,5 cm.)<\/p>\n<p>Le stampe su tela canvas sono prodotte con inchiostri garantiti a vita e fissate su un robusto telaio in legno ad alto spessore al fine di appenderlo appoggiando il bordo in un solo chiodo (non fornito).<\/p>\n<p class=\"western\" align=\"left\">\u00a0L&#8217;immagine del QUADRO EINSTEIN si estende anche ai lati andando a coprire il bordo del telaio, in vero legno MDF per creare un\u00a0 gradevole un effetto 3D e realizzabile in diverse dimensioni.<\/p>\n<p class=\"western\" align=\"left\">I nostri quadri di design sono la soluzione perfetta per arredare la camera da letto, la cameretta, il soggiorno, il salotto, la cucina, lo studio, l\u2019ufficio e il bagno.<\/p>\n<h5 class=\"western\" align=\"left\"><\/h5>\n<h2 class=\"western\" align=\"left\"><b>DESCRIZIONE QUADRO EINSTEIN:<\/b><\/h2>\n<div class=\"flex flex-grow flex-col gap-3\">\n<div class=\"min-h-[20px] flex flex-col items-start gap-4 whitespace-pre-wrap\">\n<div class=\"flex flex-grow flex-col gap-3\">\n<div class=\"min-h-[20px] flex items-start overflow-x-auto whitespace-pre-wrap break-words flex-col gap-4\">\n<div class=\"flex flex-grow flex-col gap-3\">\n<div class=\"min-h-[20px] flex items-start overflow-x-auto whitespace-pre-wrap break-words flex-col gap-4\">\n<div class=\"flex flex-grow flex-col gap-3\">\n<div class=\"min-h-[20px] flex items-start overflow-x-auto whitespace-pre-wrap break-words flex-col gap-4\">\n<div class=\"flex flex-grow flex-col gap-3 max-w-full\">\n<div class=\"min-h-[20px] flex flex-col items-start gap-3 overflow-x-auto whitespace-pre-wrap break-words\">\n<div>\u00a0Questo straordinario quadro cattura l&#8217;essenza del genio scientifico Albert Einstein attraverso una tavolozza di colori audaci e accattivanti.<\/div>\n<div><\/div>\n<div>Al centro dell&#8217;opera, domina il volto di Einstein, conosciuto per la sua saggezza e intelligenza straordinaria.<\/div>\n<\/div>\n<\/div>\n<\/div>\n<\/div>\n<\/div>\n<\/div>\n<div class=\"flex flex-grow flex-col gap-3 max-w-full\">\n<div class=\"min-h-[20px] flex flex-col items-start gap-3 overflow-x-auto whitespace-pre-wrap break-words\">\n<div>\n<p>Gli occhi di Einstein, penetranti e riflessivi, sono il punto focale del dipinto.\u00a0 Le rughe sulla fronte e intorno agli occhi mostrano l&#8217;et\u00e0 e l&#8217;esperienza di una vita dedicata alla ricerca scientifica.<\/p>\n<p>La caratteristica chioma di capelli disordinati di Einstein \u00e8 resa con una vivace combinazione di grigi e bianchi, creando un effetto di dinamismo e movimento. Questa chioma sfugge ai limiti del quadro, suggerendo l&#8217;infinita curiosit\u00e0 e il pensiero inesauribile del fisico.<\/p>\n<p>Il suo celebre baffo, anch&#8217;esso in grigio, \u00e8 raffigurato con precisione e enfasi, diventando un elemento iconico nel ritratto.<\/p>\n<p>Il suo volto sembra immerso in un vortice di colori astratti, che rappresentano il flusso costante delle sue idee e la complessit\u00e0 del suo pensiero.<\/p>\n<p><a href=\"https:\/\/www.doublewdesign.it\/categoria\/arredo-muro\/arredo-muro-quadri-su-tela-canvas\/\">Clicca qui per vedere tutte le tele Cavas<\/a><\/p>\n<p><a href=\"https:\/\/www.instagram.com\/w_design_ig\/\">Instagram<\/a> e <a href=\"https:\/\/www.facebook.com\/2vdesign\/?show_switched_toast=0&amp;show_invite_to_follow=0&amp;show_switched_tooltip=0&amp;show_podcast_settings=0&amp;show_community_review_changes=0&amp;show_community_rollback=0&amp;show_follower_visibility_disclosure=0\">Facebook<\/a><\/p>\n<\/div>\n<\/div>\n<\/div>\n<\/div>\n<\/div>\n<\/div>\n<\/div>\n","protected":false},"excerpt":{"rendered":"<p>Il quadro \u00e8 realizzato con la cura della\u00a0<strong>manualit\u00e0 artigiana<\/strong>\u00a0interamente in un laboratorio in\u00a0<strong>Italia<\/strong>. In questo modo si pu\u00f2 seguire scrupolosamente tutto il processo produttivo, dall\u2019idea alla realizzazione e alla successiva spedizione con\u00a0<strong>imballi sicuri e robusti.<\/strong><\/p>\n<p>Il nostri quadri possono essere realizzati con\u00a0<strong>dimensioni variabili<\/strong>\u00a0e con la scelta del telaio standard o premium.<\/p>\n<p>Telaio<strong>\u00a0Standard<\/strong>: \u00e8 realizzato in legno MDF alta qualit\u00e0 spessore 2.5 cm.<\/p>\n<p>Telaio\u00a0<strong>Premium<\/strong>: \u00e8 realizzato in legno massello alta qualit\u00e0 pi\u00f9 robusto con uno spessore di 5 cm.<\/p>\n","protected":false},"featured_media":3574,"comment_status":"closed","ping_status":"closed","template":"","meta":{"_themeisle_gutenberg_block_has_review":false},"product_brand":[],"product_cat":[29,34],"product_tag":[],"class_list":{"0":"post-3573","1":"product","2":"type-product","3":"status-publish","4":"has-post-thumbnail","6":"product_cat-arredo-muro","7":"product_cat-arredo-muro-quadri-su-tela-canvas","9":"first","10":"instock","11":"taxable","12":"shipping-taxable","13":"purchasable","14":"product-type-variable"},"yoast_head":"<!-- This site is optimized with the Yoast SEO plugin v27.4 - https:\/\/yoast.com\/product\/yoast-seo-wordpress\/ -->\n<title>QUADRO EINSTEIN - Wdesign<\/title>\n<meta name=\"description\" content=\"QUADRO EINSTEIN Il quadro \u00e8 realizzato con la cura della\u00a0manualit\u00e0 con telaio iin mdf artigiana\u00a0interamente in un laboratorio in\u00a0Italia.\" \/>\n<meta name=\"robots\" content=\"index, follow, max-snippet:-1, max-image-preview:large, max-video-preview:-1\" \/>\n<link rel=\"canonical\" href=\"https:\/\/www.doublewdesign.it\/prodotto\/quadro-einstein\/\" \/>\n<meta property=\"og:locale\" content=\"en_US\" \/>\n<meta property=\"og:type\" content=\"article\" \/>\n<meta property=\"og:title\" content=\"QUADRO EINSTEIN - Wdesign\" \/>\n<meta property=\"og:description\" content=\"QUADRO EINSTEIN Il quadro \u00e8 realizzato con la cura della\u00a0manualit\u00e0 con telaio iin mdf artigiana\u00a0interamente in un laboratorio in\u00a0Italia.\" \/>\n<meta property=\"og:url\" content=\"https:\/\/www.doublewdesign.it\/prodotto\/quadro-einstein\/\" \/>\n<meta property=\"og:site_name\" content=\"Wdesign\" \/>\n<meta property=\"article:publisher\" content=\"https:\/\/www.facebook.com\/profile.php?id=100088597355679\" \/>\n<meta property=\"article:modified_time\" content=\"2024-05-09T10:54:08+00:00\" \/>\n<meta property=\"og:image\" content=\"https:\/\/www.doublewdesign.it\/wp-content\/uploads\/2023\/08\/Quadro-EINSTEIN-arredo-muro-wdesign-macerata-marche-1p.webp\" \/>\n\t<meta property=\"og:image:width\" content=\"1500\" \/>\n\t<meta property=\"og:image:height\" content=\"1500\" \/>\n\t<meta property=\"og:image:type\" content=\"image\/webp\" \/>\n<meta name=\"twitter:card\" content=\"summary_large_image\" \/>\n<meta name=\"twitter:label1\" content=\"Est. reading time\" \/>\n\t<meta name=\"twitter:data1\" content=\"2 minutes\" \/>\n<script type=\"application\/ld+json\" class=\"yoast-schema-graph\">{\"@context\":\"https:\\\/\\\/schema.org\",\"@graph\":[{\"@type\":\"WebPage\",\"@id\":\"https:\\\/\\\/www.doublewdesign.it\\\/prodotto\\\/quadro-einstein\\\/\",\"url\":\"https:\\\/\\\/www.doublewdesign.it\\\/prodotto\\\/quadro-einstein\\\/\",\"name\":\"QUADRO EINSTEIN - Wdesign\",\"isPartOf\":{\"@id\":\"https:\\\/\\\/www.doublewdesign.it\\\/#website\"},\"primaryImageOfPage\":{\"@id\":\"https:\\\/\\\/www.doublewdesign.it\\\/prodotto\\\/quadro-einstein\\\/#primaryimage\"},\"image\":{\"@id\":\"https:\\\/\\\/www.doublewdesign.it\\\/prodotto\\\/quadro-einstein\\\/#primaryimage\"},\"thumbnailUrl\":\"https:\\\/\\\/www.doublewdesign.it\\\/wp-content\\\/uploads\\\/2023\\\/08\\\/Quadro-EINSTEIN-arredo-muro-wdesign-macerata-marche-1p.webp\",\"datePublished\":\"2023-08-25T08:35:07+00:00\",\"dateModified\":\"2024-05-09T10:54:08+00:00\",\"description\":\"QUADRO EINSTEIN Il quadro \u00e8 realizzato con la cura della\u00a0manualit\u00e0 con telaio iin mdf artigiana\u00a0interamente in un laboratorio in\u00a0Italia.\",\"breadcrumb\":{\"@id\":\"https:\\\/\\\/www.doublewdesign.it\\\/prodotto\\\/quadro-einstein\\\/#breadcrumb\"},\"inLanguage\":\"en-US\",\"potentialAction\":[{\"@type\":\"ReadAction\",\"target\":[\"https:\\\/\\\/www.doublewdesign.it\\\/prodotto\\\/quadro-einstein\\\/\"]}]},{\"@type\":\"ImageObject\",\"inLanguage\":\"en-US\",\"@id\":\"https:\\\/\\\/www.doublewdesign.it\\\/prodotto\\\/quadro-einstein\\\/#primaryimage\",\"url\":\"https:\\\/\\\/www.doublewdesign.it\\\/wp-content\\\/uploads\\\/2023\\\/08\\\/Quadro-EINSTEIN-arredo-muro-wdesign-macerata-marche-1p.webp\",\"contentUrl\":\"https:\\\/\\\/www.doublewdesign.it\\\/wp-content\\\/uploads\\\/2023\\\/08\\\/Quadro-EINSTEIN-arredo-muro-wdesign-macerata-marche-1p.webp\",\"width\":1500,\"height\":1500,\"caption\":\"QUADRO - \\\"EINSTEIN\\\"\"},{\"@type\":\"BreadcrumbList\",\"@id\":\"https:\\\/\\\/www.doublewdesign.it\\\/prodotto\\\/quadro-einstein\\\/#breadcrumb\",\"itemListElement\":[{\"@type\":\"ListItem\",\"position\":1,\"name\":\"Home\",\"item\":\"https:\\\/\\\/www.doublewdesign.it\\\/?lang=en\"},{\"@type\":\"ListItem\",\"position\":2,\"name\":\"Shop\",\"item\":\"https:\\\/\\\/www.doublewdesign.it\\\/en\\\/shop\\\/\"},{\"@type\":\"ListItem\",\"position\":3,\"name\":\"Arredo Muro\",\"item\":\"https:\\\/\\\/www.doublewdesign.it\\\/categoria\\\/arredo-muro\\\/\"},{\"@type\":\"ListItem\",\"position\":4,\"name\":\"QUADRO EINSTEIN\"}]},{\"@type\":\"WebSite\",\"@id\":\"https:\\\/\\\/www.doublewdesign.it\\\/#website\",\"url\":\"https:\\\/\\\/www.doublewdesign.it\\\/\",\"name\":\"Wdesign\",\"description\":\"Wdesign\",\"publisher\":{\"@id\":\"https:\\\/\\\/www.doublewdesign.it\\\/#organization\"},\"potentialAction\":[{\"@type\":\"SearchAction\",\"target\":{\"@type\":\"EntryPoint\",\"urlTemplate\":\"https:\\\/\\\/www.doublewdesign.it\\\/?s={search_term_string}\"},\"query-input\":{\"@type\":\"PropertyValueSpecification\",\"valueRequired\":true,\"valueName\":\"search_term_string\"}}],\"inLanguage\":\"en-US\"},{\"@type\":\"Organization\",\"@id\":\"https:\\\/\\\/www.doublewdesign.it\\\/#organization\",\"name\":\"Wdesign\",\"url\":\"https:\\\/\\\/www.doublewdesign.it\\\/\",\"logo\":{\"@type\":\"ImageObject\",\"inLanguage\":\"en-US\",\"@id\":\"https:\\\/\\\/www.doublewdesign.it\\\/#\\\/schema\\\/logo\\\/image\\\/\",\"url\":\"https:\\\/\\\/www.doublewdesign.it\\\/wp-content\\\/uploads\\\/2024\\\/07\\\/wdesign_logo.png\",\"contentUrl\":\"https:\\\/\\\/www.doublewdesign.it\\\/wp-content\\\/uploads\\\/2024\\\/07\\\/wdesign_logo.png\",\"width\":94,\"height\":94,\"caption\":\"Wdesign\"},\"image\":{\"@id\":\"https:\\\/\\\/www.doublewdesign.it\\\/#\\\/schema\\\/logo\\\/image\\\/\"},\"sameAs\":[\"https:\\\/\\\/www.facebook.com\\\/profile.php?id=100088597355679\"]}]}<\/script>\n<!-- \/ Yoast SEO plugin. -->","yoast_head_json":{"title":"QUADRO EINSTEIN - Wdesign","description":"QUADRO EINSTEIN Il quadro \u00e8 realizzato con la cura della\u00a0manualit\u00e0 con telaio iin mdf artigiana\u00a0interamente in un laboratorio in\u00a0Italia.","robots":{"index":"index","follow":"follow","max-snippet":"max-snippet:-1","max-image-preview":"max-image-preview:large","max-video-preview":"max-video-preview:-1"},"canonical":"https:\/\/www.doublewdesign.it\/prodotto\/quadro-einstein\/","og_locale":"en_US","og_type":"article","og_title":"QUADRO EINSTEIN - Wdesign","og_description":"QUADRO EINSTEIN Il quadro \u00e8 realizzato con la cura della\u00a0manualit\u00e0 con telaio iin mdf artigiana\u00a0interamente in un laboratorio in\u00a0Italia.","og_url":"https:\/\/www.doublewdesign.it\/prodotto\/quadro-einstein\/","og_site_name":"Wdesign","article_publisher":"https:\/\/www.facebook.com\/profile.php?id=100088597355679","article_modified_time":"2024-05-09T10:54:08+00:00","og_image":[{"width":1500,"height":1500,"url":"https:\/\/www.doublewdesign.it\/wp-content\/uploads\/2023\/08\/Quadro-EINSTEIN-arredo-muro-wdesign-macerata-marche-1p.webp","type":"image\/webp"}],"twitter_card":"summary_large_image","twitter_misc":{"Est. reading time":"2 minutes"},"schema":{"@context":"https:\/\/schema.org","@graph":[{"@type":"WebPage","@id":"https:\/\/www.doublewdesign.it\/prodotto\/quadro-einstein\/","url":"https:\/\/www.doublewdesign.it\/prodotto\/quadro-einstein\/","name":"QUADRO EINSTEIN - Wdesign","isPartOf":{"@id":"https:\/\/www.doublewdesign.it\/#website"},"primaryImageOfPage":{"@id":"https:\/\/www.doublewdesign.it\/prodotto\/quadro-einstein\/#primaryimage"},"image":{"@id":"https:\/\/www.doublewdesign.it\/prodotto\/quadro-einstein\/#primaryimage"},"thumbnailUrl":"https:\/\/www.doublewdesign.it\/wp-content\/uploads\/2023\/08\/Quadro-EINSTEIN-arredo-muro-wdesign-macerata-marche-1p.webp","datePublished":"2023-08-25T08:35:07+00:00","dateModified":"2024-05-09T10:54:08+00:00","description":"QUADRO EINSTEIN Il quadro \u00e8 realizzato con la cura della\u00a0manualit\u00e0 con telaio iin mdf artigiana\u00a0interamente in un laboratorio in\u00a0Italia.","breadcrumb":{"@id":"https:\/\/www.doublewdesign.it\/prodotto\/quadro-einstein\/#breadcrumb"},"inLanguage":"en-US","potentialAction":[{"@type":"ReadAction","target":["https:\/\/www.doublewdesign.it\/prodotto\/quadro-einstein\/"]}]},{"@type":"ImageObject","inLanguage":"en-US","@id":"https:\/\/www.doublewdesign.it\/prodotto\/quadro-einstein\/#primaryimage","url":"https:\/\/www.doublewdesign.it\/wp-content\/uploads\/2023\/08\/Quadro-EINSTEIN-arredo-muro-wdesign-macerata-marche-1p.webp","contentUrl":"https:\/\/www.doublewdesign.it\/wp-content\/uploads\/2023\/08\/Quadro-EINSTEIN-arredo-muro-wdesign-macerata-marche-1p.webp","width":1500,"height":1500,"caption":"QUADRO - \"EINSTEIN\""},{"@type":"BreadcrumbList","@id":"https:\/\/www.doublewdesign.it\/prodotto\/quadro-einstein\/#breadcrumb","itemListElement":[{"@type":"ListItem","position":1,"name":"Home","item":"https:\/\/www.doublewdesign.it\/?lang=en"},{"@type":"ListItem","position":2,"name":"Shop","item":"https:\/\/www.doublewdesign.it\/en\/shop\/"},{"@type":"ListItem","position":3,"name":"Arredo Muro","item":"https:\/\/www.doublewdesign.it\/categoria\/arredo-muro\/"},{"@type":"ListItem","position":4,"name":"QUADRO EINSTEIN"}]},{"@type":"WebSite","@id":"https:\/\/www.doublewdesign.it\/#website","url":"https:\/\/www.doublewdesign.it\/","name":"Wdesign","description":"Wdesign","publisher":{"@id":"https:\/\/www.doublewdesign.it\/#organization"},"potentialAction":[{"@type":"SearchAction","target":{"@type":"EntryPoint","urlTemplate":"https:\/\/www.doublewdesign.it\/?s={search_term_string}"},"query-input":{"@type":"PropertyValueSpecification","valueRequired":true,"valueName":"search_term_string"}}],"inLanguage":"en-US"},{"@type":"Organization","@id":"https:\/\/www.doublewdesign.it\/#organization","name":"Wdesign","url":"https:\/\/www.doublewdesign.it\/","logo":{"@type":"ImageObject","inLanguage":"en-US","@id":"https:\/\/www.doublewdesign.it\/#\/schema\/logo\/image\/","url":"https:\/\/www.doublewdesign.it\/wp-content\/uploads\/2024\/07\/wdesign_logo.png","contentUrl":"https:\/\/www.doublewdesign.it\/wp-content\/uploads\/2024\/07\/wdesign_logo.png","width":94,"height":94,"caption":"Wdesign"},"image":{"@id":"https:\/\/www.doublewdesign.it\/#\/schema\/logo\/image\/"},"sameAs":["https:\/\/www.facebook.com\/profile.php?id=100088597355679"]}]}},"_links":{"self":[{"href":"https:\/\/www.doublewdesign.it\/en\/wp-json\/wp\/v2\/product\/3573","targetHints":{"allow":["GET"]}}],"collection":[{"href":"https:\/\/www.doublewdesign.it\/en\/wp-json\/wp\/v2\/product"}],"about":[{"href":"https:\/\/www.doublewdesign.it\/en\/wp-json\/wp\/v2\/types\/product"}],"replies":[{"embeddable":true,"href":"https:\/\/www.doublewdesign.it\/en\/wp-json\/wp\/v2\/comments?post=3573"}],"wp:featuredmedia":[{"embeddable":true,"href":"https:\/\/www.doublewdesign.it\/en\/wp-json\/wp\/v2\/media\/3574"}],"wp:attachment":[{"href":"https:\/\/www.doublewdesign.it\/en\/wp-json\/wp\/v2\/media?parent=3573"}],"wp:term":[{"taxonomy":"product_brand","embeddable":true,"href":"https:\/\/www.doublewdesign.it\/en\/wp-json\/wp\/v2\/product_brand?post=3573"},{"taxonomy":"product_cat","embeddable":true,"href":"https:\/\/www.doublewdesign.it\/en\/wp-json\/wp\/v2\/product_cat?post=3573"},{"taxonomy":"product_tag","embeddable":true,"href":"https:\/\/www.doublewdesign.it\/en\/wp-json\/wp\/v2\/product_tag?post=3573"}],"curies":[{"name":"wp","href":"https:\/\/api.w.org\/{rel}","templated":true}]}}