
{"id":350,"date":"2022-11-08T12:39:48","date_gmt":"2022-11-08T10:39:48","guid":{"rendered":"https:\/\/www.doublewdesign.it\/?post_type=product&#038;p=350"},"modified":"2025-12-13T12:46:44","modified_gmt":"2025-12-13T10:46:44","slug":"mensola-da-parete-in-metallo","status":"publish","type":"product","link":"https:\/\/www.doublewdesign.it\/en\/prodotto\/mensola-da-parete-in-metallo\/","title":{"rendered":"Libreria da Parete In Metallo"},"content":{"rendered":"<h1>Libreria da Parete In Metallo<\/h1>\n<p>Grazie alla solida struttura questa Libreria da Parete In Metallo \u00e8 estremamente stabile.<\/p>\n<p>Una libreria in legno e metallo pu\u00f2 migliorare una casa o una stanza in diversi modi. Ecco alcune ragioni:<\/p>\n<div class=\"flex flex-grow flex-col gap-3\">\n<div class=\"min-h-[20px] flex flex-col items-start gap-4 whitespace-pre-wrap\">\n<div class=\"markdown prose w-full break-words dark:prose-invert light\">\n<ol>\n<li>Aggiunge spazio di archiviazione: una libreria in legno e metallo pu\u00f2 offrire un ampio spazio per riporre libri, oggetti decorativi, vasi e altri oggetti. Questo pu\u00f2 aiutare a liberare spazio sui mobili e sui pavimenti.<\/li>\n<li>Decorazione: una libreria in legno e metallo ben progettata e posizionata pu\u00f2 migliorare l&#8217;aspetto generale della stanza. Puoi scegliere una mensola in legno e metallo che si adatta allo stile della stanza e aggiungere oggetti decorativi come libri, piante, cornici per foto, oggetti d&#8217;arte e altro ancora per renderla ancora pi\u00f9 bella.<\/li>\n<li>Flessibilit\u00e0: una libreria in legno e metallo pu\u00f2 essere posizionata ovunque ci sia spazio vuoto sulla parete, il che la rende molto flessibile. Puoi installarla in camera da letto, in sala da pranzo, in ufficio o in qualsiasi altra stanza dove hai bisogno di spazio aggiuntivo.<\/li>\n<li>Resistenza: il legno e il metallo sono materiali resistenti e duraturi, il che significa che una mensola libreria in legno e metallo durer\u00e0 a lungo e resister\u00e0 all&#8217;usura.<\/li>\n<li>Versatilit\u00e0: una\u00a0 libreria in legno e metallo pu\u00f2 essere utilizzata in molte diverse situazioni. Ad esempio, pu\u00f2 essere utilizzata come libreria, come scaffale per oggetti decorativi o come divisore per creare zone separate in una stanza.<\/li>\n<\/ol>\n<p>In generale, una libreria in legno e metallo \u00e8 un&#8217;ottima aggiunta a qualsiasi casa o stanza poich\u00e9 offre spazio di archiviazione, \u00e8 decorativa, flessibile, resistente e versatile.<\/p>\n<\/div>\n<\/div>\n<\/div>\n","protected":false},"excerpt":{"rendered":"<p>Mensola di design con rinforzo, adatta a tutte le case grazie alla sua eleganza, costruita con le materie prime classiche: legno e ferro.<\/p>\n","protected":false},"featured_media":1332,"comment_status":"open","ping_status":"closed","template":"","meta":{"_themeisle_gutenberg_block_has_review":false},"product_brand":[],"product_cat":[29,74],"product_tag":[180],"class_list":{"0":"post-350","1":"product","2":"type-product","3":"status-publish","4":"has-post-thumbnail","6":"product_cat-arredo-muro","7":"product_cat-libreria","8":"product_tag-pronta-consegna","10":"first","11":"outofstock","12":"sale","13":"taxable","14":"shipping-taxable","15":"purchasable","16":"product-type-simple"},"yoast_head":"<!-- This site is optimized with the Yoast SEO plugin v27.4 - https:\/\/yoast.com\/product\/yoast-seo-wordpress\/ -->\n<title>Libreria da Parete In Metallo - Wdesign<\/title>\n<meta name=\"description\" content=\"Libreria Da Parete In Metallo \u00e8 stata reimpostata da noi grazie alla verniciatura che ti permette di abbinarla e comporla nel modo che preferisci\" \/>\n<meta name=\"robots\" content=\"index, follow, max-snippet:-1, max-image-preview:large, max-video-preview:-1\" \/>\n<link rel=\"canonical\" href=\"https:\/\/www.doublewdesign.it\/prodotto\/mensola-da-parete-in-metallo\/\" \/>\n<meta property=\"og:locale\" content=\"en_US\" \/>\n<meta property=\"og:type\" content=\"article\" \/>\n<meta property=\"og:title\" content=\"Libreria da Parete In Metallo - Wdesign\" \/>\n<meta property=\"og:description\" content=\"Libreria Da Parete In Metallo \u00e8 stata reimpostata da noi grazie alla verniciatura che ti permette di abbinarla e comporla nel modo che preferisci\" \/>\n<meta property=\"og:url\" content=\"https:\/\/www.doublewdesign.it\/prodotto\/mensola-da-parete-in-metallo\/\" \/>\n<meta property=\"og:site_name\" content=\"Wdesign\" \/>\n<meta property=\"article:publisher\" content=\"https:\/\/www.facebook.com\/profile.php?id=100088597355679\" \/>\n<meta property=\"article:modified_time\" content=\"2025-12-13T10:46:44+00:00\" \/>\n<meta property=\"og:image\" content=\"https:\/\/www.doublewdesign.it\/wp-content\/uploads\/2022\/11\/Mensola-libreria-arredo-wdesign-macerata-marche-MULICF002-01.webp\" \/>\n\t<meta property=\"og:image:width\" content=\"800\" \/>\n\t<meta property=\"og:image:height\" content=\"800\" \/>\n\t<meta property=\"og:image:type\" content=\"image\/webp\" \/>\n<meta name=\"twitter:card\" content=\"summary_large_image\" \/>\n<meta name=\"twitter:label1\" content=\"Est. reading time\" \/>\n\t<meta name=\"twitter:data1\" content=\"2 minutes\" \/>\n<script type=\"application\/ld+json\" class=\"yoast-schema-graph\">{\"@context\":\"https:\\\/\\\/schema.org\",\"@graph\":[{\"@type\":\"WebPage\",\"@id\":\"https:\\\/\\\/www.doublewdesign.it\\\/prodotto\\\/mensola-da-parete-in-metallo\\\/\",\"url\":\"https:\\\/\\\/www.doublewdesign.it\\\/prodotto\\\/mensola-da-parete-in-metallo\\\/\",\"name\":\"Libreria da Parete In Metallo - Wdesign\",\"isPartOf\":{\"@id\":\"https:\\\/\\\/www.doublewdesign.it\\\/#website\"},\"primaryImageOfPage\":{\"@id\":\"https:\\\/\\\/www.doublewdesign.it\\\/prodotto\\\/mensola-da-parete-in-metallo\\\/#primaryimage\"},\"image\":{\"@id\":\"https:\\\/\\\/www.doublewdesign.it\\\/prodotto\\\/mensola-da-parete-in-metallo\\\/#primaryimage\"},\"thumbnailUrl\":\"https:\\\/\\\/www.doublewdesign.it\\\/wp-content\\\/uploads\\\/2022\\\/11\\\/Mensola-libreria-arredo-wdesign-macerata-marche-MULICF002-01.webp\",\"datePublished\":\"2022-11-08T10:39:48+00:00\",\"dateModified\":\"2025-12-13T10:46:44+00:00\",\"description\":\"Libreria Da Parete In Metallo \u00e8 stata reimpostata da noi grazie alla verniciatura che ti permette di abbinarla e comporla nel modo che preferisci\",\"breadcrumb\":{\"@id\":\"https:\\\/\\\/www.doublewdesign.it\\\/prodotto\\\/mensola-da-parete-in-metallo\\\/#breadcrumb\"},\"inLanguage\":\"en-US\",\"potentialAction\":[{\"@type\":\"ReadAction\",\"target\":[\"https:\\\/\\\/www.doublewdesign.it\\\/prodotto\\\/mensola-da-parete-in-metallo\\\/\"]}]},{\"@type\":\"ImageObject\",\"inLanguage\":\"en-US\",\"@id\":\"https:\\\/\\\/www.doublewdesign.it\\\/prodotto\\\/mensola-da-parete-in-metallo\\\/#primaryimage\",\"url\":\"https:\\\/\\\/www.doublewdesign.it\\\/wp-content\\\/uploads\\\/2022\\\/11\\\/Mensola-libreria-arredo-wdesign-macerata-marche-MULICF002-01.webp\",\"contentUrl\":\"https:\\\/\\\/www.doublewdesign.it\\\/wp-content\\\/uploads\\\/2022\\\/11\\\/Mensola-libreria-arredo-wdesign-macerata-marche-MULICF002-01.webp\",\"width\":800,\"height\":800,\"caption\":\"Libreria Da Parete In Metallo -arredo-wdesign-macerata-marche\"},{\"@type\":\"BreadcrumbList\",\"@id\":\"https:\\\/\\\/www.doublewdesign.it\\\/prodotto\\\/mensola-da-parete-in-metallo\\\/#breadcrumb\",\"itemListElement\":[{\"@type\":\"ListItem\",\"position\":1,\"name\":\"Home\",\"item\":\"https:\\\/\\\/www.doublewdesign.it\\\/?lang=en\"},{\"@type\":\"ListItem\",\"position\":2,\"name\":\"Shop\",\"item\":\"https:\\\/\\\/www.doublewdesign.it\\\/en\\\/shop\\\/\"},{\"@type\":\"ListItem\",\"position\":3,\"name\":\"Arredo Muro\",\"item\":\"https:\\\/\\\/www.doublewdesign.it\\\/categoria\\\/arredo-muro\\\/\"},{\"@type\":\"ListItem\",\"position\":4,\"name\":\"Libreria\",\"item\":\"https:\\\/\\\/www.doublewdesign.it\\\/categoria\\\/arredo-muro\\\/libreria\\\/\"},{\"@type\":\"ListItem\",\"position\":5,\"name\":\"Libreria da Parete In Metallo\"}]},{\"@type\":\"WebSite\",\"@id\":\"https:\\\/\\\/www.doublewdesign.it\\\/#website\",\"url\":\"https:\\\/\\\/www.doublewdesign.it\\\/\",\"name\":\"Wdesign\",\"description\":\"Wdesign\",\"publisher\":{\"@id\":\"https:\\\/\\\/www.doublewdesign.it\\\/#organization\"},\"potentialAction\":[{\"@type\":\"SearchAction\",\"target\":{\"@type\":\"EntryPoint\",\"urlTemplate\":\"https:\\\/\\\/www.doublewdesign.it\\\/?s={search_term_string}\"},\"query-input\":{\"@type\":\"PropertyValueSpecification\",\"valueRequired\":true,\"valueName\":\"search_term_string\"}}],\"inLanguage\":\"en-US\"},{\"@type\":\"Organization\",\"@id\":\"https:\\\/\\\/www.doublewdesign.it\\\/#organization\",\"name\":\"Wdesign\",\"url\":\"https:\\\/\\\/www.doublewdesign.it\\\/\",\"logo\":{\"@type\":\"ImageObject\",\"inLanguage\":\"en-US\",\"@id\":\"https:\\\/\\\/www.doublewdesign.it\\\/#\\\/schema\\\/logo\\\/image\\\/\",\"url\":\"https:\\\/\\\/www.doublewdesign.it\\\/wp-content\\\/uploads\\\/2024\\\/07\\\/wdesign_logo.png\",\"contentUrl\":\"https:\\\/\\\/www.doublewdesign.it\\\/wp-content\\\/uploads\\\/2024\\\/07\\\/wdesign_logo.png\",\"width\":94,\"height\":94,\"caption\":\"Wdesign\"},\"image\":{\"@id\":\"https:\\\/\\\/www.doublewdesign.it\\\/#\\\/schema\\\/logo\\\/image\\\/\"},\"sameAs\":[\"https:\\\/\\\/www.facebook.com\\\/profile.php?id=100088597355679\"]}]}<\/script>\n<!-- \/ Yoast SEO plugin. -->","yoast_head_json":{"title":"Libreria da Parete In Metallo - Wdesign","description":"Libreria Da Parete In Metallo \u00e8 stata reimpostata da noi grazie alla verniciatura che ti permette di abbinarla e comporla nel modo che preferisci","robots":{"index":"index","follow":"follow","max-snippet":"max-snippet:-1","max-image-preview":"max-image-preview:large","max-video-preview":"max-video-preview:-1"},"canonical":"https:\/\/www.doublewdesign.it\/prodotto\/mensola-da-parete-in-metallo\/","og_locale":"en_US","og_type":"article","og_title":"Libreria da Parete In Metallo - Wdesign","og_description":"Libreria Da Parete In Metallo \u00e8 stata reimpostata da noi grazie alla verniciatura che ti permette di abbinarla e comporla nel modo che preferisci","og_url":"https:\/\/www.doublewdesign.it\/prodotto\/mensola-da-parete-in-metallo\/","og_site_name":"Wdesign","article_publisher":"https:\/\/www.facebook.com\/profile.php?id=100088597355679","article_modified_time":"2025-12-13T10:46:44+00:00","og_image":[{"width":800,"height":800,"url":"https:\/\/www.doublewdesign.it\/wp-content\/uploads\/2022\/11\/Mensola-libreria-arredo-wdesign-macerata-marche-MULICF002-01.webp","type":"image\/webp"}],"twitter_card":"summary_large_image","twitter_misc":{"Est. reading time":"2 minutes"},"schema":{"@context":"https:\/\/schema.org","@graph":[{"@type":"WebPage","@id":"https:\/\/www.doublewdesign.it\/prodotto\/mensola-da-parete-in-metallo\/","url":"https:\/\/www.doublewdesign.it\/prodotto\/mensola-da-parete-in-metallo\/","name":"Libreria da Parete In Metallo - Wdesign","isPartOf":{"@id":"https:\/\/www.doublewdesign.it\/#website"},"primaryImageOfPage":{"@id":"https:\/\/www.doublewdesign.it\/prodotto\/mensola-da-parete-in-metallo\/#primaryimage"},"image":{"@id":"https:\/\/www.doublewdesign.it\/prodotto\/mensola-da-parete-in-metallo\/#primaryimage"},"thumbnailUrl":"https:\/\/www.doublewdesign.it\/wp-content\/uploads\/2022\/11\/Mensola-libreria-arredo-wdesign-macerata-marche-MULICF002-01.webp","datePublished":"2022-11-08T10:39:48+00:00","dateModified":"2025-12-13T10:46:44+00:00","description":"Libreria Da Parete In Metallo \u00e8 stata reimpostata da noi grazie alla verniciatura che ti permette di abbinarla e comporla nel modo che preferisci","breadcrumb":{"@id":"https:\/\/www.doublewdesign.it\/prodotto\/mensola-da-parete-in-metallo\/#breadcrumb"},"inLanguage":"en-US","potentialAction":[{"@type":"ReadAction","target":["https:\/\/www.doublewdesign.it\/prodotto\/mensola-da-parete-in-metallo\/"]}]},{"@type":"ImageObject","inLanguage":"en-US","@id":"https:\/\/www.doublewdesign.it\/prodotto\/mensola-da-parete-in-metallo\/#primaryimage","url":"https:\/\/www.doublewdesign.it\/wp-content\/uploads\/2022\/11\/Mensola-libreria-arredo-wdesign-macerata-marche-MULICF002-01.webp","contentUrl":"https:\/\/www.doublewdesign.it\/wp-content\/uploads\/2022\/11\/Mensola-libreria-arredo-wdesign-macerata-marche-MULICF002-01.webp","width":800,"height":800,"caption":"Libreria Da Parete In Metallo -arredo-wdesign-macerata-marche"},{"@type":"BreadcrumbList","@id":"https:\/\/www.doublewdesign.it\/prodotto\/mensola-da-parete-in-metallo\/#breadcrumb","itemListElement":[{"@type":"ListItem","position":1,"name":"Home","item":"https:\/\/www.doublewdesign.it\/?lang=en"},{"@type":"ListItem","position":2,"name":"Shop","item":"https:\/\/www.doublewdesign.it\/en\/shop\/"},{"@type":"ListItem","position":3,"name":"Arredo Muro","item":"https:\/\/www.doublewdesign.it\/categoria\/arredo-muro\/"},{"@type":"ListItem","position":4,"name":"Libreria","item":"https:\/\/www.doublewdesign.it\/categoria\/arredo-muro\/libreria\/"},{"@type":"ListItem","position":5,"name":"Libreria da Parete In Metallo"}]},{"@type":"WebSite","@id":"https:\/\/www.doublewdesign.it\/#website","url":"https:\/\/www.doublewdesign.it\/","name":"Wdesign","description":"Wdesign","publisher":{"@id":"https:\/\/www.doublewdesign.it\/#organization"},"potentialAction":[{"@type":"SearchAction","target":{"@type":"EntryPoint","urlTemplate":"https:\/\/www.doublewdesign.it\/?s={search_term_string}"},"query-input":{"@type":"PropertyValueSpecification","valueRequired":true,"valueName":"search_term_string"}}],"inLanguage":"en-US"},{"@type":"Organization","@id":"https:\/\/www.doublewdesign.it\/#organization","name":"Wdesign","url":"https:\/\/www.doublewdesign.it\/","logo":{"@type":"ImageObject","inLanguage":"en-US","@id":"https:\/\/www.doublewdesign.it\/#\/schema\/logo\/image\/","url":"https:\/\/www.doublewdesign.it\/wp-content\/uploads\/2024\/07\/wdesign_logo.png","contentUrl":"https:\/\/www.doublewdesign.it\/wp-content\/uploads\/2024\/07\/wdesign_logo.png","width":94,"height":94,"caption":"Wdesign"},"image":{"@id":"https:\/\/www.doublewdesign.it\/#\/schema\/logo\/image\/"},"sameAs":["https:\/\/www.facebook.com\/profile.php?id=100088597355679"]}]}},"_links":{"self":[{"href":"https:\/\/www.doublewdesign.it\/en\/wp-json\/wp\/v2\/product\/350","targetHints":{"allow":["GET"]}}],"collection":[{"href":"https:\/\/www.doublewdesign.it\/en\/wp-json\/wp\/v2\/product"}],"about":[{"href":"https:\/\/www.doublewdesign.it\/en\/wp-json\/wp\/v2\/types\/product"}],"replies":[{"embeddable":true,"href":"https:\/\/www.doublewdesign.it\/en\/wp-json\/wp\/v2\/comments?post=350"}],"wp:featuredmedia":[{"embeddable":true,"href":"https:\/\/www.doublewdesign.it\/en\/wp-json\/wp\/v2\/media\/1332"}],"wp:attachment":[{"href":"https:\/\/www.doublewdesign.it\/en\/wp-json\/wp\/v2\/media?parent=350"}],"wp:term":[{"taxonomy":"product_brand","embeddable":true,"href":"https:\/\/www.doublewdesign.it\/en\/wp-json\/wp\/v2\/product_brand?post=350"},{"taxonomy":"product_cat","embeddable":true,"href":"https:\/\/www.doublewdesign.it\/en\/wp-json\/wp\/v2\/product_cat?post=350"},{"taxonomy":"product_tag","embeddable":true,"href":"https:\/\/www.doublewdesign.it\/en\/wp-json\/wp\/v2\/product_tag?post=350"}],"curies":[{"name":"wp","href":"https:\/\/api.w.org\/{rel}","templated":true}]}}