
{"id":3154,"date":"2023-07-11T10:20:56","date_gmt":"2023-07-11T08:20:56","guid":{"rendered":"https:\/\/www.doublewdesign.it\/?post_type=product&#038;p=3154"},"modified":"2024-05-09T12:54:14","modified_gmt":"2024-05-09T10:54:14","slug":"mappa-del-mondo-darkwood","status":"publish","type":"product","link":"https:\/\/www.doublewdesign.it\/en\/prodotto\/mappa-del-mondo-darkwood\/","title":{"rendered":"MAPPA DEL MONDO DARKWOOD"},"content":{"rendered":"<h1>MAPPA DEL MONDO DARKWOOD<\/h1>\n<p class=\"western\" align=\"left\">La MAPPA DEL MONDO DARKWOOD \u00e8 prodotto da GialloBus, azienda italiana leader del settore e realizzato con la cura della manualit\u00e0 artigiana interamente in un laboratorio in Italia. In questo modo si pu\u00f2 seguire scrupolosamente tutto il processo produttivo, dall\u2019idea alla realizzazione e alla successiva spedizione con imballi sicuri e robusti.<\/p>\n<p class=\"western\" align=\"left\">Le nostra MAPPA DEL MONDO DARKWOOD \u00e8 la soluzione perfetta per arredare la camera da letto, la cameretta, il soggiorno, il salotto, la cucina, lo studio, l\u2019ufficio e il bagno.<\/p>\n<p>DECORAZIONE DA PARETE IN LEGNO MDF<\/p>\n<p>Lavorazione su vero legno mdf con taglio e incisione laser ad altissima precisione &#8211; Dimensioni disponibili: 190&#215;105 cm \/ 130&#215;72 cm. &#8211;<\/p>\n<p>Dotato di distanziatore con adesivo per pareti adattabile a qualsiasi superficie &#8211; Montaggio semplice e veloce grazie alle nostre istruzioni incluse nel pacco.<\/p>\n<div class=\"item\"><b>Artista<\/b>: GialloBus<\/div>\n<div class=\"item\"><b>Stili<\/b>: Industriale<\/div>\n<div class=\"item\"><b>Collezione<\/b>: Geografia<\/div>\n<div class=\"item\"><b>Orientamento<\/b>: Orizzontale<\/div>\n<div>\n<div class=\"image\"><img decoding=\"async\" title=\"Prodotto artigianale italiano\" src=\"https:\/\/giallobus.com\/theme\/img\/certificate.png\" alt=\"Prodotto artigianale italiano\" \/><\/div>\n<div class=\"text\">Prodotto artigianale italiano<\/div>\n<\/div>\n<div><\/div>\n<div>\n<div class=\"flex flex-grow flex-col gap-3\">\n<div class=\"min-h-[20px] flex items-start overflow-x-auto whitespace-pre-wrap break-words flex-col gap-4\">\n<div>\n<h6><\/h6>\n<h3>Arredare la casa con una MAPPA DEL MONDO DARKWOOD:<\/h3>\n<p>in particolare una cartina politica, come decorazione da parete in legno MDF, pu\u00f2 offrire diversi vantaggi e significati:<\/p>\n<ol>\n<li>Esplorazione e conoscenza: Una mappa del mondo pu\u00f2 ispirare una sensazione di avventura e curiosit\u00e0. Pu\u00f2 stimolare l&#8217;interesse per la geografia e l&#8217;esplorazione, incoraggiando a imparare di pi\u00f9 sulle diverse culture, paesi e regioni del mondo.<\/li>\n<li>Decorazione estetica: Le mappe del mondo possono essere visivamente affascinanti e aggiungere un tocco di fascino e personalit\u00e0 alla tua casa. L&#8217;uso del legno MDF pu\u00f2 conferire un aspetto rustico o contemporaneo, a seconda dello stile e del design scelti.<\/li>\n<li>Richiamo ai viaggi e alle esperienze: Una mappa del mondo pu\u00f2 fungere da promemoria dei luoghi visitati e delle esperienze vissute. Pu\u00f2 ravvivare ricordi di viaggi passati o fungere da ispirazione per futuri avventure.<\/li>\n<li>Apertura mentale e coscienza globale: Una mappa del mondo pu\u00f2 promuovere la consapevolezza della diversit\u00e0 e dell&#8217;interconnessione del mondo. Pu\u00f2 favorire una prospettiva globale e una maggiore comprensione dei problemi globali, come l&#8217;ambiente, i diritti umani e la cooperazione internazionale.<\/li>\n<li>Conversazione e punto focale: Una mappa del mondo pu\u00f2 essere un punto di discussione per gli ospiti, stimolando conversazioni interessanti sulle esperienze di viaggio, la cultura e le relazioni internazionali.<\/li>\n<\/ol>\n<p>Ovviamente, la scelta di arredare con una mappa del mondo dipende dai tuoi gusti personali, dalle passioni e dagli interessi. Pu\u00f2 essere un modo per esprimere la tua curiosit\u00e0 verso il mondo e il desiderio di connessione con le diverse parti del globo.<\/p>\n<p><a href=\"https:\/\/www.doublewdesign.it\/categoria\/arredo-muro\/arredo-muro-mappe-del-mondo\/\">Clicca qui per vedere tutte le mappe del mondo<\/a><\/p>\n<p><a href=\"https:\/\/www.instagram.com\/w_design_ig\/\">Instagram<\/a> e <a href=\"https:\/\/www.facebook.com\/2vdesign\/?show_switched_toast=0&amp;show_invite_to_follow=0&amp;show_switched_tooltip=0&amp;show_podcast_settings=0&amp;show_community_review_changes=0&amp;show_community_rollback=0&amp;show_follower_visibility_disclosure=0\">Facebook<\/a><\/p>\n<\/div>\n<\/div>\n<\/div>\n<\/div>\n","protected":false},"excerpt":{"rendered":"<p>decorazione da parete in legno mdf<\/p>\n<p>Lavorazione su vero legno mdf con taglio e incisione laser ad altissima precisione &#8211; <strong>Dimensioni<\/strong> disponibili: 190&#215;105 cm \/ 130&#215;72 cm. &#8211;<\/p>\n<p>Dotato di distanziatore con adesivo per pareti adattabile a qualsiasi superficie &#8211; <strong>Montaggio semplice e veloce<\/strong> grazie alle nostre <strong>istruzioni incluse nel pacco.<\/strong><\/p>\n","protected":false},"featured_media":3161,"comment_status":"closed","ping_status":"closed","template":"","meta":{"_themeisle_gutenberg_block_has_review":false},"product_brand":[],"product_cat":[29,102],"product_tag":[],"class_list":{"0":"post-3154","1":"product","2":"type-product","3":"status-publish","4":"has-post-thumbnail","6":"product_cat-arredo-muro","7":"product_cat-mappa-del-mondo","9":"first","10":"instock","11":"taxable","12":"shipping-taxable","13":"purchasable","14":"product-type-variable"},"yoast_head":"<!-- This site is optimized with the Yoast SEO plugin v27.4 - https:\/\/yoast.com\/product\/yoast-seo-wordpress\/ -->\n<title>MAPPA DEL MONDO DARKWOOD - Wdesign<\/title>\n<meta name=\"description\" content=\"Mappa del mondo darkwood decorazione da parete in legno mdf. Lavorazione su vero legno mdf con taglio e incisione laser ad altissima precisione\" \/>\n<meta name=\"robots\" content=\"index, follow, max-snippet:-1, max-image-preview:large, max-video-preview:-1\" \/>\n<link rel=\"canonical\" href=\"https:\/\/www.doublewdesign.it\/prodotto\/mappa-del-mondo-darkwood\/\" \/>\n<meta property=\"og:locale\" content=\"en_US\" \/>\n<meta property=\"og:type\" content=\"article\" \/>\n<meta property=\"og:title\" content=\"MAPPA DEL MONDO DARKWOOD - Wdesign\" \/>\n<meta property=\"og:description\" content=\"Mappa del mondo darkwood decorazione da parete in legno mdf. Lavorazione su vero legno mdf con taglio e incisione laser ad altissima precisione\" \/>\n<meta property=\"og:url\" content=\"https:\/\/www.doublewdesign.it\/prodotto\/mappa-del-mondo-darkwood\/\" \/>\n<meta property=\"og:site_name\" content=\"Wdesign\" \/>\n<meta property=\"article:publisher\" content=\"https:\/\/www.facebook.com\/profile.php?id=100088597355679\" \/>\n<meta property=\"article:modified_time\" content=\"2024-05-09T10:54:14+00:00\" \/>\n<meta property=\"og:image\" content=\"https:\/\/www.doublewdesign.it\/wp-content\/uploads\/2023\/07\/1p-Mappa-MAPPA-DEL-MONDO-DARKWOOD-arredo-muro-wdesign-macerata-marche.webp\" \/>\n\t<meta property=\"og:image:width\" content=\"1500\" \/>\n\t<meta property=\"og:image:height\" content=\"1500\" \/>\n\t<meta property=\"og:image:type\" content=\"image\/webp\" \/>\n<meta name=\"twitter:card\" content=\"summary_large_image\" \/>\n<meta name=\"twitter:label1\" content=\"Est. reading time\" \/>\n\t<meta name=\"twitter:data1\" content=\"3 minutes\" \/>\n<script type=\"application\/ld+json\" class=\"yoast-schema-graph\">{\"@context\":\"https:\\\/\\\/schema.org\",\"@graph\":[{\"@type\":\"WebPage\",\"@id\":\"https:\\\/\\\/www.doublewdesign.it\\\/prodotto\\\/mappa-del-mondo-darkwood\\\/\",\"url\":\"https:\\\/\\\/www.doublewdesign.it\\\/prodotto\\\/mappa-del-mondo-darkwood\\\/\",\"name\":\"MAPPA DEL MONDO DARKWOOD - Wdesign\",\"isPartOf\":{\"@id\":\"https:\\\/\\\/www.doublewdesign.it\\\/#website\"},\"primaryImageOfPage\":{\"@id\":\"https:\\\/\\\/www.doublewdesign.it\\\/prodotto\\\/mappa-del-mondo-darkwood\\\/#primaryimage\"},\"image\":{\"@id\":\"https:\\\/\\\/www.doublewdesign.it\\\/prodotto\\\/mappa-del-mondo-darkwood\\\/#primaryimage\"},\"thumbnailUrl\":\"https:\\\/\\\/www.doublewdesign.it\\\/wp-content\\\/uploads\\\/2023\\\/07\\\/1p-Mappa-MAPPA-DEL-MONDO-DARKWOOD-arredo-muro-wdesign-macerata-marche.webp\",\"datePublished\":\"2023-07-11T08:20:56+00:00\",\"dateModified\":\"2024-05-09T10:54:14+00:00\",\"description\":\"Mappa del mondo darkwood decorazione da parete in legno mdf. Lavorazione su vero legno mdf con taglio e incisione laser ad altissima precisione\",\"breadcrumb\":{\"@id\":\"https:\\\/\\\/www.doublewdesign.it\\\/prodotto\\\/mappa-del-mondo-darkwood\\\/#breadcrumb\"},\"inLanguage\":\"en-US\",\"potentialAction\":[{\"@type\":\"ReadAction\",\"target\":[\"https:\\\/\\\/www.doublewdesign.it\\\/prodotto\\\/mappa-del-mondo-darkwood\\\/\"]}]},{\"@type\":\"ImageObject\",\"inLanguage\":\"en-US\",\"@id\":\"https:\\\/\\\/www.doublewdesign.it\\\/prodotto\\\/mappa-del-mondo-darkwood\\\/#primaryimage\",\"url\":\"https:\\\/\\\/www.doublewdesign.it\\\/wp-content\\\/uploads\\\/2023\\\/07\\\/1p-Mappa-MAPPA-DEL-MONDO-DARKWOOD-arredo-muro-wdesign-macerata-marche.webp\",\"contentUrl\":\"https:\\\/\\\/www.doublewdesign.it\\\/wp-content\\\/uploads\\\/2023\\\/07\\\/1p-Mappa-MAPPA-DEL-MONDO-DARKWOOD-arredo-muro-wdesign-macerata-marche.webp\",\"width\":1500,\"height\":1500,\"caption\":\"MAPPA DEL MONDO-\\\"DARKWOOD\\\"\"},{\"@type\":\"BreadcrumbList\",\"@id\":\"https:\\\/\\\/www.doublewdesign.it\\\/prodotto\\\/mappa-del-mondo-darkwood\\\/#breadcrumb\",\"itemListElement\":[{\"@type\":\"ListItem\",\"position\":1,\"name\":\"Home\",\"item\":\"https:\\\/\\\/www.doublewdesign.it\\\/?lang=en\"},{\"@type\":\"ListItem\",\"position\":2,\"name\":\"Shop\",\"item\":\"https:\\\/\\\/www.doublewdesign.it\\\/en\\\/shop\\\/\"},{\"@type\":\"ListItem\",\"position\":3,\"name\":\"Arredo Muro\",\"item\":\"https:\\\/\\\/www.doublewdesign.it\\\/categoria\\\/arredo-muro\\\/\"},{\"@type\":\"ListItem\",\"position\":4,\"name\":\"MAPPA DEL MONDO DARKWOOD\"}]},{\"@type\":\"WebSite\",\"@id\":\"https:\\\/\\\/www.doublewdesign.it\\\/#website\",\"url\":\"https:\\\/\\\/www.doublewdesign.it\\\/\",\"name\":\"Wdesign\",\"description\":\"Wdesign\",\"publisher\":{\"@id\":\"https:\\\/\\\/www.doublewdesign.it\\\/#organization\"},\"potentialAction\":[{\"@type\":\"SearchAction\",\"target\":{\"@type\":\"EntryPoint\",\"urlTemplate\":\"https:\\\/\\\/www.doublewdesign.it\\\/?s={search_term_string}\"},\"query-input\":{\"@type\":\"PropertyValueSpecification\",\"valueRequired\":true,\"valueName\":\"search_term_string\"}}],\"inLanguage\":\"en-US\"},{\"@type\":\"Organization\",\"@id\":\"https:\\\/\\\/www.doublewdesign.it\\\/#organization\",\"name\":\"Wdesign\",\"url\":\"https:\\\/\\\/www.doublewdesign.it\\\/\",\"logo\":{\"@type\":\"ImageObject\",\"inLanguage\":\"en-US\",\"@id\":\"https:\\\/\\\/www.doublewdesign.it\\\/#\\\/schema\\\/logo\\\/image\\\/\",\"url\":\"https:\\\/\\\/www.doublewdesign.it\\\/wp-content\\\/uploads\\\/2024\\\/07\\\/wdesign_logo.png\",\"contentUrl\":\"https:\\\/\\\/www.doublewdesign.it\\\/wp-content\\\/uploads\\\/2024\\\/07\\\/wdesign_logo.png\",\"width\":94,\"height\":94,\"caption\":\"Wdesign\"},\"image\":{\"@id\":\"https:\\\/\\\/www.doublewdesign.it\\\/#\\\/schema\\\/logo\\\/image\\\/\"},\"sameAs\":[\"https:\\\/\\\/www.facebook.com\\\/profile.php?id=100088597355679\"]}]}<\/script>\n<!-- \/ Yoast SEO plugin. -->","yoast_head_json":{"title":"MAPPA DEL MONDO DARKWOOD - Wdesign","description":"Mappa del mondo darkwood decorazione da parete in legno mdf. Lavorazione su vero legno mdf con taglio e incisione laser ad altissima precisione","robots":{"index":"index","follow":"follow","max-snippet":"max-snippet:-1","max-image-preview":"max-image-preview:large","max-video-preview":"max-video-preview:-1"},"canonical":"https:\/\/www.doublewdesign.it\/prodotto\/mappa-del-mondo-darkwood\/","og_locale":"en_US","og_type":"article","og_title":"MAPPA DEL MONDO DARKWOOD - Wdesign","og_description":"Mappa del mondo darkwood decorazione da parete in legno mdf. Lavorazione su vero legno mdf con taglio e incisione laser ad altissima precisione","og_url":"https:\/\/www.doublewdesign.it\/prodotto\/mappa-del-mondo-darkwood\/","og_site_name":"Wdesign","article_publisher":"https:\/\/www.facebook.com\/profile.php?id=100088597355679","article_modified_time":"2024-05-09T10:54:14+00:00","og_image":[{"width":1500,"height":1500,"url":"https:\/\/www.doublewdesign.it\/wp-content\/uploads\/2023\/07\/1p-Mappa-MAPPA-DEL-MONDO-DARKWOOD-arredo-muro-wdesign-macerata-marche.webp","type":"image\/webp"}],"twitter_card":"summary_large_image","twitter_misc":{"Est. reading time":"3 minutes"},"schema":{"@context":"https:\/\/schema.org","@graph":[{"@type":"WebPage","@id":"https:\/\/www.doublewdesign.it\/prodotto\/mappa-del-mondo-darkwood\/","url":"https:\/\/www.doublewdesign.it\/prodotto\/mappa-del-mondo-darkwood\/","name":"MAPPA DEL MONDO DARKWOOD - Wdesign","isPartOf":{"@id":"https:\/\/www.doublewdesign.it\/#website"},"primaryImageOfPage":{"@id":"https:\/\/www.doublewdesign.it\/prodotto\/mappa-del-mondo-darkwood\/#primaryimage"},"image":{"@id":"https:\/\/www.doublewdesign.it\/prodotto\/mappa-del-mondo-darkwood\/#primaryimage"},"thumbnailUrl":"https:\/\/www.doublewdesign.it\/wp-content\/uploads\/2023\/07\/1p-Mappa-MAPPA-DEL-MONDO-DARKWOOD-arredo-muro-wdesign-macerata-marche.webp","datePublished":"2023-07-11T08:20:56+00:00","dateModified":"2024-05-09T10:54:14+00:00","description":"Mappa del mondo darkwood decorazione da parete in legno mdf. Lavorazione su vero legno mdf con taglio e incisione laser ad altissima precisione","breadcrumb":{"@id":"https:\/\/www.doublewdesign.it\/prodotto\/mappa-del-mondo-darkwood\/#breadcrumb"},"inLanguage":"en-US","potentialAction":[{"@type":"ReadAction","target":["https:\/\/www.doublewdesign.it\/prodotto\/mappa-del-mondo-darkwood\/"]}]},{"@type":"ImageObject","inLanguage":"en-US","@id":"https:\/\/www.doublewdesign.it\/prodotto\/mappa-del-mondo-darkwood\/#primaryimage","url":"https:\/\/www.doublewdesign.it\/wp-content\/uploads\/2023\/07\/1p-Mappa-MAPPA-DEL-MONDO-DARKWOOD-arredo-muro-wdesign-macerata-marche.webp","contentUrl":"https:\/\/www.doublewdesign.it\/wp-content\/uploads\/2023\/07\/1p-Mappa-MAPPA-DEL-MONDO-DARKWOOD-arredo-muro-wdesign-macerata-marche.webp","width":1500,"height":1500,"caption":"MAPPA DEL MONDO-\"DARKWOOD\""},{"@type":"BreadcrumbList","@id":"https:\/\/www.doublewdesign.it\/prodotto\/mappa-del-mondo-darkwood\/#breadcrumb","itemListElement":[{"@type":"ListItem","position":1,"name":"Home","item":"https:\/\/www.doublewdesign.it\/?lang=en"},{"@type":"ListItem","position":2,"name":"Shop","item":"https:\/\/www.doublewdesign.it\/en\/shop\/"},{"@type":"ListItem","position":3,"name":"Arredo Muro","item":"https:\/\/www.doublewdesign.it\/categoria\/arredo-muro\/"},{"@type":"ListItem","position":4,"name":"MAPPA DEL MONDO DARKWOOD"}]},{"@type":"WebSite","@id":"https:\/\/www.doublewdesign.it\/#website","url":"https:\/\/www.doublewdesign.it\/","name":"Wdesign","description":"Wdesign","publisher":{"@id":"https:\/\/www.doublewdesign.it\/#organization"},"potentialAction":[{"@type":"SearchAction","target":{"@type":"EntryPoint","urlTemplate":"https:\/\/www.doublewdesign.it\/?s={search_term_string}"},"query-input":{"@type":"PropertyValueSpecification","valueRequired":true,"valueName":"search_term_string"}}],"inLanguage":"en-US"},{"@type":"Organization","@id":"https:\/\/www.doublewdesign.it\/#organization","name":"Wdesign","url":"https:\/\/www.doublewdesign.it\/","logo":{"@type":"ImageObject","inLanguage":"en-US","@id":"https:\/\/www.doublewdesign.it\/#\/schema\/logo\/image\/","url":"https:\/\/www.doublewdesign.it\/wp-content\/uploads\/2024\/07\/wdesign_logo.png","contentUrl":"https:\/\/www.doublewdesign.it\/wp-content\/uploads\/2024\/07\/wdesign_logo.png","width":94,"height":94,"caption":"Wdesign"},"image":{"@id":"https:\/\/www.doublewdesign.it\/#\/schema\/logo\/image\/"},"sameAs":["https:\/\/www.facebook.com\/profile.php?id=100088597355679"]}]}},"_links":{"self":[{"href":"https:\/\/www.doublewdesign.it\/en\/wp-json\/wp\/v2\/product\/3154","targetHints":{"allow":["GET"]}}],"collection":[{"href":"https:\/\/www.doublewdesign.it\/en\/wp-json\/wp\/v2\/product"}],"about":[{"href":"https:\/\/www.doublewdesign.it\/en\/wp-json\/wp\/v2\/types\/product"}],"replies":[{"embeddable":true,"href":"https:\/\/www.doublewdesign.it\/en\/wp-json\/wp\/v2\/comments?post=3154"}],"wp:featuredmedia":[{"embeddable":true,"href":"https:\/\/www.doublewdesign.it\/en\/wp-json\/wp\/v2\/media\/3161"}],"wp:attachment":[{"href":"https:\/\/www.doublewdesign.it\/en\/wp-json\/wp\/v2\/media?parent=3154"}],"wp:term":[{"taxonomy":"product_brand","embeddable":true,"href":"https:\/\/www.doublewdesign.it\/en\/wp-json\/wp\/v2\/product_brand?post=3154"},{"taxonomy":"product_cat","embeddable":true,"href":"https:\/\/www.doublewdesign.it\/en\/wp-json\/wp\/v2\/product_cat?post=3154"},{"taxonomy":"product_tag","embeddable":true,"href":"https:\/\/www.doublewdesign.it\/en\/wp-json\/wp\/v2\/product_tag?post=3154"}],"curies":[{"name":"wp","href":"https:\/\/api.w.org\/{rel}","templated":true}]}}