
{"id":1959,"date":"2023-04-03T17:20:51","date_gmt":"2023-04-03T15:20:51","guid":{"rendered":"https:\/\/www.doublewdesign.it\/?post_type=product&#038;p=1959"},"modified":"2024-05-09T12:55:45","modified_gmt":"2024-05-09T10:55:45","slug":"banksy-bambino-apre-il-sipario","status":"publish","type":"product","link":"https:\/\/www.doublewdesign.it\/en\/prodotto\/banksy-bambino-apre-il-sipario\/","title":{"rendered":"QUADRO BANKSY BAMBINO APRE IL SIPARIO"},"content":{"rendered":"<h1 class=\"western\" align=\"left\">QUADRO BANKSY BAMBINO APRE IL SIPARIO<\/h1>\n<p class=\"western\" align=\"left\">l QUADRO BANKSY BAMBINO APRE IL SIPARIO \u00e8 prodotto da GialloBus, azienda leader del settore, realizzato con la cura della manualit\u00e0 artigiana interamente in un laboratorio in Italia. In questo modo si pu\u00f2 seguire scrupolosamente tutto il processo produttivo, dall\u2019idea alla realizzazione e alla successiva spedizione con imballi sicuri e robusti.<\/p>\n<p>Le nostre Tele Canvas possono avere o un Telaio Standard o un Telaio Premium.<\/p>\n<p>l Telaio Premium del quadro \u00e8 di vero legno massello ad alto spessore, pronto da appendere, si differenziano dai normali telai standard per il loro spessore (5 cm. circa invece di 2,5 cm.)<\/p>\n<p>Le stampe su tela canvas sono prodotte con inchiostri garantiti a vita e fissate su un robusto telaio in legno ad alto spessore al fine di appenderlo appoggiando il bordo in un solo chiodo (non fornito).<\/p>\n<p class=\"western\" align=\"left\">\u00a0L&#8217;immagine si estende anche ai lati andando a coprire il bordo del telaio, in vero legno Mdf, creando gradevole un effetto 3D e realizzabile in diverse dimensioni.<\/p>\n<p class=\"western\" align=\"left\">I nostri quadri di design sono la soluzione perfetta per arredare la camera da letto, la cameretta, il soggiorno, il salotto, la cucina, lo studio, l\u2019ufficio e il bagno.<\/p>\n<h3 class=\"western\" align=\"left\"><b>DESCRIZIONE QUADRO BANKSY BAMBINO APRE IL SIPARIO:<\/b><\/h3>\n<p>Il QUADRO BANKSY BAMBINO APRE IL SIPARIO raffigura un bambino che sta aprendo un sipario. Rivelando una serie di scritte in graffito sul muro dietro di esso. Il murales \u00e8 realizzato su una parete di un edificio abbandonato a Bristol, nel Regno Unito.<\/p>\n<p>La scena rappresentata sembra simboleggiare l&#8217;atto di scoprire o rivelare qualcosa di nascosto o segreto e forse alludendo alla natura ribelle e clandestina della street art stessa. Il murales sembra anche sottolineare la presenza e l&#8217;influenza del mondo dell&#8217;arte nei luoghi inaspettati e inaccessibili, come i muri delle citt\u00e0.<\/p>\n<p>Come molte altre opere di Banksy, questo murales ha una forte componente sociale e politica. In questo caso focalizzata sulla questione dell&#8217;accessibilit\u00e0 dell&#8217;arte e della sua funzione di rivelare e denunciare verit\u00e0 nascoste. La combinazione del simbolismo della scena con le parole graffiate sul muro, d\u00e0 l&#8217;idea di un messaggio forte e incisivo. Tipico dello stile provocatorio e critico dell&#8217;artista.<\/p>\n<p><a href=\"https:\/\/www.doublewdesign.it\/categoria\/arredo-muro\/arredo-muro-quadri-su-tela-canvas\/\">Clicca qui per vedere tutte le tele Cavas<\/a><\/p>\n<p><a href=\"https:\/\/www.instagram.com\/w_design_ig\/\">Instagram<\/a> e <a href=\"https:\/\/www.facebook.com\/2vdesign\/?show_switched_toast=0&amp;show_invite_to_follow=0&amp;show_switched_tooltip=0&amp;show_podcast_settings=0&amp;show_community_review_changes=0&amp;show_community_rollback=0&amp;show_follower_visibility_disclosure=0\">Facebook<\/a><\/p>\n","protected":false},"excerpt":{"rendered":"<p>Il quadro \u00e8 realizzato con la cura della\u00a0<strong>manualit\u00e0 artigiana<\/strong>\u00a0interamente in un laboratorio in\u00a0<strong>Italia<\/strong>. In questo modo si pu\u00f2 seguire scrupolosamente tutto il processo produttivo, dall\u2019idea alla realizzazione e alla successiva spedizione con\u00a0<strong>imballi sicuri e robusti.<\/strong><\/p>\n<p>Il nostri quadri possono essere realizzati con\u00a0<strong>dimensioni variabili<\/strong>\u00a0e con la scelta del telaio standard o premium.<\/p>\n<p>Telaio<strong>\u00a0Standard<\/strong>: \u00e8 realizzato in legno MDF alta qualit\u00e0 spessore 2.5 cm.<\/p>\n<p>Telaio\u00a0<strong>Premium<\/strong>: \u00e8 realizzato in legno massello alta qualit\u00e0 pi\u00f9 robusto con uno spessore di 5 cm.<\/p>\n","protected":false},"featured_media":1967,"comment_status":"open","ping_status":"closed","template":"","meta":{"_themeisle_gutenberg_block_has_review":false},"product_brand":[],"product_cat":[29,96,34],"product_tag":[],"class_list":{"0":"post-1959","1":"product","2":"type-product","3":"status-publish","4":"has-post-thumbnail","6":"product_cat-arredo-muro","7":"product_cat-prod-focuson-home","8":"product_cat-arredo-muro-quadri-su-tela-canvas","10":"first","11":"instock","12":"taxable","13":"shipping-taxable","14":"purchasable","15":"product-type-variable"},"yoast_head":"<!-- This site is optimized with the Yoast SEO plugin v27.4 - https:\/\/yoast.com\/product\/yoast-seo-wordpress\/ -->\n<title>QUADRO BANKSY BAMBINO APRE IL SIPARIO - Wdesign<\/title>\n<meta name=\"description\" content=\"QUADRO BANKSY BAMBINO APRE IL SIPARIO realizzato con la cura della manualit\u00e0 artigiana interamente in un laboratorio in Italia, per garantirne la qualit\u00e0.\" \/>\n<meta name=\"robots\" content=\"index, follow, max-snippet:-1, max-image-preview:large, max-video-preview:-1\" \/>\n<link rel=\"canonical\" href=\"https:\/\/www.doublewdesign.it\/prodotto\/banksy-bambino-apre-il-sipario\/\" \/>\n<meta property=\"og:locale\" content=\"en_US\" \/>\n<meta property=\"og:type\" content=\"article\" \/>\n<meta property=\"og:title\" content=\"QUADRO BANKSY BAMBINO APRE IL SIPARIO - Wdesign\" \/>\n<meta property=\"og:description\" content=\"QUADRO BANKSY BAMBINO APRE IL SIPARIO realizzato con la cura della manualit\u00e0 artigiana interamente in un laboratorio in Italia, per garantirne la qualit\u00e0.\" \/>\n<meta property=\"og:url\" content=\"https:\/\/www.doublewdesign.it\/prodotto\/banksy-bambino-apre-il-sipario\/\" \/>\n<meta property=\"og:site_name\" content=\"Wdesign\" \/>\n<meta property=\"article:publisher\" content=\"https:\/\/www.facebook.com\/profile.php?id=100088597355679\" \/>\n<meta property=\"article:modified_time\" content=\"2024-05-09T10:55:45+00:00\" \/>\n<meta property=\"og:image\" content=\"https:\/\/www.doublewdesign.it\/wp-content\/uploads\/2023\/04\/Quadro-Bambino-Sipario-moderno-arredo-muro-wdesign-macerata-marche-MUQSGB028-01.webp\" \/>\n\t<meta property=\"og:image:width\" content=\"1500\" \/>\n\t<meta property=\"og:image:height\" content=\"1500\" \/>\n\t<meta property=\"og:image:type\" content=\"image\/webp\" \/>\n<meta name=\"twitter:card\" content=\"summary_large_image\" \/>\n<meta name=\"twitter:label1\" content=\"Est. reading time\" \/>\n\t<meta name=\"twitter:data1\" content=\"2 minutes\" \/>\n<script type=\"application\/ld+json\" class=\"yoast-schema-graph\">{\"@context\":\"https:\\\/\\\/schema.org\",\"@graph\":[{\"@type\":\"WebPage\",\"@id\":\"https:\\\/\\\/www.doublewdesign.it\\\/prodotto\\\/banksy-bambino-apre-il-sipario\\\/\",\"url\":\"https:\\\/\\\/www.doublewdesign.it\\\/prodotto\\\/banksy-bambino-apre-il-sipario\\\/\",\"name\":\"QUADRO BANKSY BAMBINO APRE IL SIPARIO - Wdesign\",\"isPartOf\":{\"@id\":\"https:\\\/\\\/www.doublewdesign.it\\\/#website\"},\"primaryImageOfPage\":{\"@id\":\"https:\\\/\\\/www.doublewdesign.it\\\/prodotto\\\/banksy-bambino-apre-il-sipario\\\/#primaryimage\"},\"image\":{\"@id\":\"https:\\\/\\\/www.doublewdesign.it\\\/prodotto\\\/banksy-bambino-apre-il-sipario\\\/#primaryimage\"},\"thumbnailUrl\":\"https:\\\/\\\/www.doublewdesign.it\\\/wp-content\\\/uploads\\\/2023\\\/04\\\/Quadro-Bambino-Sipario-moderno-arredo-muro-wdesign-macerata-marche-MUQSGB028-01.webp\",\"datePublished\":\"2023-04-03T15:20:51+00:00\",\"dateModified\":\"2024-05-09T10:55:45+00:00\",\"description\":\"QUADRO BANKSY BAMBINO APRE IL SIPARIO realizzato con la cura della manualit\u00e0 artigiana interamente in un laboratorio in Italia, per garantirne la qualit\u00e0.\",\"breadcrumb\":{\"@id\":\"https:\\\/\\\/www.doublewdesign.it\\\/prodotto\\\/banksy-bambino-apre-il-sipario\\\/#breadcrumb\"},\"inLanguage\":\"en-US\",\"potentialAction\":[{\"@type\":\"ReadAction\",\"target\":[\"https:\\\/\\\/www.doublewdesign.it\\\/prodotto\\\/banksy-bambino-apre-il-sipario\\\/\"]}]},{\"@type\":\"ImageObject\",\"inLanguage\":\"en-US\",\"@id\":\"https:\\\/\\\/www.doublewdesign.it\\\/prodotto\\\/banksy-bambino-apre-il-sipario\\\/#primaryimage\",\"url\":\"https:\\\/\\\/www.doublewdesign.it\\\/wp-content\\\/uploads\\\/2023\\\/04\\\/Quadro-Bambino-Sipario-moderno-arredo-muro-wdesign-macerata-marche-MUQSGB028-01.webp\",\"contentUrl\":\"https:\\\/\\\/www.doublewdesign.it\\\/wp-content\\\/uploads\\\/2023\\\/04\\\/Quadro-Bambino-Sipario-moderno-arredo-muro-wdesign-macerata-marche-MUQSGB028-01.webp\",\"width\":1500,\"height\":1500,\"caption\":\"Quadro Bambino Sipario - moderno - arredo muro - wdesign - macerata - marche\"},{\"@type\":\"BreadcrumbList\",\"@id\":\"https:\\\/\\\/www.doublewdesign.it\\\/prodotto\\\/banksy-bambino-apre-il-sipario\\\/#breadcrumb\",\"itemListElement\":[{\"@type\":\"ListItem\",\"position\":1,\"name\":\"Home\",\"item\":\"https:\\\/\\\/www.doublewdesign.it\\\/?lang=en\"},{\"@type\":\"ListItem\",\"position\":2,\"name\":\"Shop\",\"item\":\"https:\\\/\\\/www.doublewdesign.it\\\/en\\\/shop\\\/\"},{\"@type\":\"ListItem\",\"position\":3,\"name\":\"Arredo Muro\",\"item\":\"https:\\\/\\\/www.doublewdesign.it\\\/categoria\\\/arredo-muro\\\/\"},{\"@type\":\"ListItem\",\"position\":4,\"name\":\"QUADRO BANKSY BAMBINO APRE IL SIPARIO\"}]},{\"@type\":\"WebSite\",\"@id\":\"https:\\\/\\\/www.doublewdesign.it\\\/#website\",\"url\":\"https:\\\/\\\/www.doublewdesign.it\\\/\",\"name\":\"Wdesign\",\"description\":\"Wdesign\",\"publisher\":{\"@id\":\"https:\\\/\\\/www.doublewdesign.it\\\/#organization\"},\"potentialAction\":[{\"@type\":\"SearchAction\",\"target\":{\"@type\":\"EntryPoint\",\"urlTemplate\":\"https:\\\/\\\/www.doublewdesign.it\\\/?s={search_term_string}\"},\"query-input\":{\"@type\":\"PropertyValueSpecification\",\"valueRequired\":true,\"valueName\":\"search_term_string\"}}],\"inLanguage\":\"en-US\"},{\"@type\":\"Organization\",\"@id\":\"https:\\\/\\\/www.doublewdesign.it\\\/#organization\",\"name\":\"Wdesign\",\"url\":\"https:\\\/\\\/www.doublewdesign.it\\\/\",\"logo\":{\"@type\":\"ImageObject\",\"inLanguage\":\"en-US\",\"@id\":\"https:\\\/\\\/www.doublewdesign.it\\\/#\\\/schema\\\/logo\\\/image\\\/\",\"url\":\"https:\\\/\\\/www.doublewdesign.it\\\/wp-content\\\/uploads\\\/2024\\\/07\\\/wdesign_logo.png\",\"contentUrl\":\"https:\\\/\\\/www.doublewdesign.it\\\/wp-content\\\/uploads\\\/2024\\\/07\\\/wdesign_logo.png\",\"width\":94,\"height\":94,\"caption\":\"Wdesign\"},\"image\":{\"@id\":\"https:\\\/\\\/www.doublewdesign.it\\\/#\\\/schema\\\/logo\\\/image\\\/\"},\"sameAs\":[\"https:\\\/\\\/www.facebook.com\\\/profile.php?id=100088597355679\"]}]}<\/script>\n<!-- \/ Yoast SEO plugin. -->","yoast_head_json":{"title":"QUADRO BANKSY BAMBINO APRE IL SIPARIO - Wdesign","description":"QUADRO BANKSY BAMBINO APRE IL SIPARIO realizzato con la cura della manualit\u00e0 artigiana interamente in un laboratorio in Italia, per garantirne la qualit\u00e0.","robots":{"index":"index","follow":"follow","max-snippet":"max-snippet:-1","max-image-preview":"max-image-preview:large","max-video-preview":"max-video-preview:-1"},"canonical":"https:\/\/www.doublewdesign.it\/prodotto\/banksy-bambino-apre-il-sipario\/","og_locale":"en_US","og_type":"article","og_title":"QUADRO BANKSY BAMBINO APRE IL SIPARIO - Wdesign","og_description":"QUADRO BANKSY BAMBINO APRE IL SIPARIO realizzato con la cura della manualit\u00e0 artigiana interamente in un laboratorio in Italia, per garantirne la qualit\u00e0.","og_url":"https:\/\/www.doublewdesign.it\/prodotto\/banksy-bambino-apre-il-sipario\/","og_site_name":"Wdesign","article_publisher":"https:\/\/www.facebook.com\/profile.php?id=100088597355679","article_modified_time":"2024-05-09T10:55:45+00:00","og_image":[{"width":1500,"height":1500,"url":"https:\/\/www.doublewdesign.it\/wp-content\/uploads\/2023\/04\/Quadro-Bambino-Sipario-moderno-arredo-muro-wdesign-macerata-marche-MUQSGB028-01.webp","type":"image\/webp"}],"twitter_card":"summary_large_image","twitter_misc":{"Est. reading time":"2 minutes"},"schema":{"@context":"https:\/\/schema.org","@graph":[{"@type":"WebPage","@id":"https:\/\/www.doublewdesign.it\/prodotto\/banksy-bambino-apre-il-sipario\/","url":"https:\/\/www.doublewdesign.it\/prodotto\/banksy-bambino-apre-il-sipario\/","name":"QUADRO BANKSY BAMBINO APRE IL SIPARIO - Wdesign","isPartOf":{"@id":"https:\/\/www.doublewdesign.it\/#website"},"primaryImageOfPage":{"@id":"https:\/\/www.doublewdesign.it\/prodotto\/banksy-bambino-apre-il-sipario\/#primaryimage"},"image":{"@id":"https:\/\/www.doublewdesign.it\/prodotto\/banksy-bambino-apre-il-sipario\/#primaryimage"},"thumbnailUrl":"https:\/\/www.doublewdesign.it\/wp-content\/uploads\/2023\/04\/Quadro-Bambino-Sipario-moderno-arredo-muro-wdesign-macerata-marche-MUQSGB028-01.webp","datePublished":"2023-04-03T15:20:51+00:00","dateModified":"2024-05-09T10:55:45+00:00","description":"QUADRO BANKSY BAMBINO APRE IL SIPARIO realizzato con la cura della manualit\u00e0 artigiana interamente in un laboratorio in Italia, per garantirne la qualit\u00e0.","breadcrumb":{"@id":"https:\/\/www.doublewdesign.it\/prodotto\/banksy-bambino-apre-il-sipario\/#breadcrumb"},"inLanguage":"en-US","potentialAction":[{"@type":"ReadAction","target":["https:\/\/www.doublewdesign.it\/prodotto\/banksy-bambino-apre-il-sipario\/"]}]},{"@type":"ImageObject","inLanguage":"en-US","@id":"https:\/\/www.doublewdesign.it\/prodotto\/banksy-bambino-apre-il-sipario\/#primaryimage","url":"https:\/\/www.doublewdesign.it\/wp-content\/uploads\/2023\/04\/Quadro-Bambino-Sipario-moderno-arredo-muro-wdesign-macerata-marche-MUQSGB028-01.webp","contentUrl":"https:\/\/www.doublewdesign.it\/wp-content\/uploads\/2023\/04\/Quadro-Bambino-Sipario-moderno-arredo-muro-wdesign-macerata-marche-MUQSGB028-01.webp","width":1500,"height":1500,"caption":"Quadro Bambino Sipario - moderno - arredo muro - wdesign - macerata - marche"},{"@type":"BreadcrumbList","@id":"https:\/\/www.doublewdesign.it\/prodotto\/banksy-bambino-apre-il-sipario\/#breadcrumb","itemListElement":[{"@type":"ListItem","position":1,"name":"Home","item":"https:\/\/www.doublewdesign.it\/?lang=en"},{"@type":"ListItem","position":2,"name":"Shop","item":"https:\/\/www.doublewdesign.it\/en\/shop\/"},{"@type":"ListItem","position":3,"name":"Arredo Muro","item":"https:\/\/www.doublewdesign.it\/categoria\/arredo-muro\/"},{"@type":"ListItem","position":4,"name":"QUADRO BANKSY BAMBINO APRE IL SIPARIO"}]},{"@type":"WebSite","@id":"https:\/\/www.doublewdesign.it\/#website","url":"https:\/\/www.doublewdesign.it\/","name":"Wdesign","description":"Wdesign","publisher":{"@id":"https:\/\/www.doublewdesign.it\/#organization"},"potentialAction":[{"@type":"SearchAction","target":{"@type":"EntryPoint","urlTemplate":"https:\/\/www.doublewdesign.it\/?s={search_term_string}"},"query-input":{"@type":"PropertyValueSpecification","valueRequired":true,"valueName":"search_term_string"}}],"inLanguage":"en-US"},{"@type":"Organization","@id":"https:\/\/www.doublewdesign.it\/#organization","name":"Wdesign","url":"https:\/\/www.doublewdesign.it\/","logo":{"@type":"ImageObject","inLanguage":"en-US","@id":"https:\/\/www.doublewdesign.it\/#\/schema\/logo\/image\/","url":"https:\/\/www.doublewdesign.it\/wp-content\/uploads\/2024\/07\/wdesign_logo.png","contentUrl":"https:\/\/www.doublewdesign.it\/wp-content\/uploads\/2024\/07\/wdesign_logo.png","width":94,"height":94,"caption":"Wdesign"},"image":{"@id":"https:\/\/www.doublewdesign.it\/#\/schema\/logo\/image\/"},"sameAs":["https:\/\/www.facebook.com\/profile.php?id=100088597355679"]}]}},"_links":{"self":[{"href":"https:\/\/www.doublewdesign.it\/en\/wp-json\/wp\/v2\/product\/1959","targetHints":{"allow":["GET"]}}],"collection":[{"href":"https:\/\/www.doublewdesign.it\/en\/wp-json\/wp\/v2\/product"}],"about":[{"href":"https:\/\/www.doublewdesign.it\/en\/wp-json\/wp\/v2\/types\/product"}],"replies":[{"embeddable":true,"href":"https:\/\/www.doublewdesign.it\/en\/wp-json\/wp\/v2\/comments?post=1959"}],"wp:featuredmedia":[{"embeddable":true,"href":"https:\/\/www.doublewdesign.it\/en\/wp-json\/wp\/v2\/media\/1967"}],"wp:attachment":[{"href":"https:\/\/www.doublewdesign.it\/en\/wp-json\/wp\/v2\/media?parent=1959"}],"wp:term":[{"taxonomy":"product_brand","embeddable":true,"href":"https:\/\/www.doublewdesign.it\/en\/wp-json\/wp\/v2\/product_brand?post=1959"},{"taxonomy":"product_cat","embeddable":true,"href":"https:\/\/www.doublewdesign.it\/en\/wp-json\/wp\/v2\/product_cat?post=1959"},{"taxonomy":"product_tag","embeddable":true,"href":"https:\/\/www.doublewdesign.it\/en\/wp-json\/wp\/v2\/product_tag?post=1959"}],"curies":[{"name":"wp","href":"https:\/\/api.w.org\/{rel}","templated":true}]}}