
{"id":1776,"date":"2023-04-02T21:44:45","date_gmt":"2023-04-02T19:44:45","guid":{"rendered":"https:\/\/www.doublewdesign.it\/?post_type=product&#038;p=1776"},"modified":"2024-05-09T12:55:53","modified_gmt":"2024-05-09T10:55:53","slug":"quadro-da-vinci-la-gioconda","status":"publish","type":"product","link":"https:\/\/www.doublewdesign.it\/en\/prodotto\/quadro-da-vinci-la-gioconda\/","title":{"rendered":"QUADRO DA VINCI LA GIOCONDA"},"content":{"rendered":"<h1>QUADRO LEONARDO DA VINCI LA GIOCONDA<\/h1>\n<p class=\"western\" align=\"left\">Il QUADRO DA VINCI LA GIOCONDA \u00e8 prodotto da GialloBus, azienda leader del settore, realizzato con la cura della manualit\u00e0 artigiana interamente in un laboratorio in Italia. In questo modo si pu\u00f2 seguire scrupolosamente tutto il processo produttivo, dall\u2019idea alla realizzazione e alla successiva spedizione con imballi sicuri e robusti.<\/p>\n<p>Le nostre Tele Canvas possono avere o un Telaio Standard o un Telaio Premium.<\/p>\n<p>l Telaio Premium del quadro \u00e8 di vero legno massello ad alto spessore, pronto da appendere, si differenziano dai normali telai standard per il loro spessore (5 cm. circa invece di 2,5 cm.)<\/p>\n<p>Le stampe su tela canvas sono prodotte con inchiostri garantiti a vita e fissate su un robusto telaio in legno ad alto spessore al fine di appenderlo appoggiando il bordo in un solo chiodo (non fornito).<\/p>\n<p>L&#8217;immagine si estende anche ai lati andando a coprire il bordo del telaio, in vero legno Mdf, creando gradevole un effetto 3D.<\/p>\n<p>I nostri quadri di design sono la soluzione perfetta per arredare la camera da letto, la cameretta, il soggiorno, il salotto, la cucina, lo studio, l\u2019ufficio e il bagno.<\/p>\n<h5><b>\u00a0<\/b><\/h5>\n<h3><b>DESCRIZIONE QUADRO LEONARDO DA VINCI LA GIOCONDA:<\/b><\/h3>\n<p>&#8220;La Gioconda&#8221; (o &#8220;Monna Lisa&#8221; come \u00e8 comunemente conosciuta) \u00e8 un celebre dipinto del Rinascimento italiano realizzato da Leonardo da Vinci intorno al 1503-1506.<\/p>\n<p>Il dipinto ritrae una figura femminile, seduta su una sedia, che guarda direttamente l&#8217;osservatore con un sorriso enigmatico. La figura \u00e8 vestita con un abito di seta di un intenso colore verde, ha una mano poggiata sulla sedia mentre con l&#8217;altra tiene un lembo dell&#8217;abito. Sullo sfondo si scorgono una strada, un ponte e una vallata.<\/p>\n<p>Il dipinto \u00e8 famoso per l&#8217;effetto sfumato delle linee, la particolare tecnica di pittura utilizzata da Leonardo, che ha creato un&#8217;atmosfera di grande profondit\u00e0 e delicatezza. Il dipinto \u00e8 anche noto per il mistero che circonda la figura femminile: il sorriso appena accennato della &#8220;Gioconda&#8221; \u00e8 stato oggetto di numerose interpretazioni e ha ispirato molte teorie e leggende.<\/p>\n<p>&#8220;La Gioconda&#8221; \u00e8 oggi conservata al Louvre di Parigi ed \u00e8 una delle opere d&#8217;arte pi\u00f9 celebri e iconiche al mondo.<\/p>\n<p><a href=\"https:\/\/www.doublewdesign.it\/categoria\/arredo-muro\/arredo-muro-quadri-su-tela-canvas\/\">Clicca qui per vedere tutte le tele Cavas<\/a><\/p>\n<p><a href=\"https:\/\/www.instagram.com\/w_design_ig\/\">Instagram<\/a> e <a href=\"https:\/\/www.facebook.com\/2vdesign\/?show_switched_toast=0&amp;show_invite_to_follow=0&amp;show_switched_tooltip=0&amp;show_podcast_settings=0&amp;show_community_review_changes=0&amp;show_community_rollback=0&amp;show_follower_visibility_disclosure=0\">Facebook<\/a><\/p>\n","protected":false},"excerpt":{"rendered":"<p>Il quadro \u00e8 realizzato con la cura della\u00a0<strong>manualit\u00e0 artigiana<\/strong>\u00a0interamente in un laboratorio in\u00a0<strong>Italia<\/strong>. In questo modo si pu\u00f2 seguire scrupolosamente tutto il processo produttivo, dall\u2019idea alla realizzazione e alla successiva spedizione con\u00a0<strong>imballi sicuri e robusti.<\/strong><\/p>\n<p>Il nostri quadri possono essere realizzati con\u00a0<strong>dimensioni variabili<\/strong>\u00a0e con la scelta del telaio standard o premium.<\/p>\n<p>Telaio<strong>\u00a0Standard<\/strong>: \u00e8 realizzato in legno MDF alta qualit\u00e0 spessore 2.5 cm.<\/p>\n<p>Telaio\u00a0<strong>Premium<\/strong>: \u00e8 realizzato in legno massello alta qualit\u00e0 pi\u00f9 robusto con uno spessore di 5 cm.<\/p>\n","protected":false},"featured_media":1786,"comment_status":"open","ping_status":"closed","template":"","meta":{"_themeisle_gutenberg_block_has_review":false},"product_brand":[],"product_cat":[193,231],"product_tag":[],"class_list":{"0":"post-1776","1":"product","2":"type-product","3":"status-publish","4":"has-post-thumbnail","6":"product_cat-walldecor","7":"product_cat-paintings-on-canvas","9":"first","10":"instock","11":"taxable","12":"shipping-taxable","13":"purchasable","14":"product-type-variable"},"yoast_head":"<!-- This site is optimized with the Yoast SEO plugin v27.3 - https:\/\/yoast.com\/product\/yoast-seo-wordpress\/ -->\n<title>QUADRO DA VINCI LA GIOCONDA - Wdesign<\/title>\n<meta name=\"description\" content=\"QUADRO DA VINCI LA GIOCONDA \u00e8 realizzato con la cura della manualit\u00e0 artigiana interamente in un laboratorio in Italia per garantirne la qualit\u00e0.\" \/>\n<meta name=\"robots\" content=\"index, follow, max-snippet:-1, max-image-preview:large, max-video-preview:-1\" \/>\n<link rel=\"canonical\" href=\"https:\/\/www.doublewdesign.it\/prodotto\/quadro-da-vinci-la-gioconda\/\" \/>\n<meta property=\"og:locale\" content=\"en_US\" \/>\n<meta property=\"og:type\" content=\"article\" \/>\n<meta property=\"og:title\" content=\"QUADRO DA VINCI LA GIOCONDA - Wdesign\" \/>\n<meta property=\"og:description\" content=\"QUADRO DA VINCI LA GIOCONDA \u00e8 realizzato con la cura della manualit\u00e0 artigiana interamente in un laboratorio in Italia per garantirne la qualit\u00e0.\" \/>\n<meta property=\"og:url\" content=\"https:\/\/www.doublewdesign.it\/prodotto\/quadro-da-vinci-la-gioconda\/\" \/>\n<meta property=\"og:site_name\" content=\"Wdesign\" \/>\n<meta property=\"article:publisher\" content=\"https:\/\/www.facebook.com\/profile.php?id=100088597355679\" \/>\n<meta property=\"article:modified_time\" content=\"2024-05-09T10:55:53+00:00\" \/>\n<meta property=\"og:image\" content=\"https:\/\/www.doublewdesign.it\/wp-content\/uploads\/2023\/04\/Quadro-La-Gioconda-soggiorno-arredo-muro-wdesign-macerata-marche-MUQSGB013-01.webp\" \/>\n\t<meta property=\"og:image:width\" content=\"1500\" \/>\n\t<meta property=\"og:image:height\" content=\"1500\" \/>\n\t<meta property=\"og:image:type\" content=\"image\/webp\" \/>\n<meta name=\"twitter:card\" content=\"summary_large_image\" \/>\n<meta name=\"twitter:label1\" content=\"Est. reading time\" \/>\n\t<meta name=\"twitter:data1\" content=\"2 minutes\" \/>\n<script type=\"application\/ld+json\" class=\"yoast-schema-graph\">{\"@context\":\"https:\\\/\\\/schema.org\",\"@graph\":[{\"@type\":\"WebPage\",\"@id\":\"https:\\\/\\\/www.doublewdesign.it\\\/prodotto\\\/quadro-da-vinci-la-gioconda\\\/\",\"url\":\"https:\\\/\\\/www.doublewdesign.it\\\/prodotto\\\/quadro-da-vinci-la-gioconda\\\/\",\"name\":\"QUADRO DA VINCI LA GIOCONDA - Wdesign\",\"isPartOf\":{\"@id\":\"https:\\\/\\\/www.doublewdesign.it\\\/#website\"},\"primaryImageOfPage\":{\"@id\":\"https:\\\/\\\/www.doublewdesign.it\\\/prodotto\\\/quadro-da-vinci-la-gioconda\\\/#primaryimage\"},\"image\":{\"@id\":\"https:\\\/\\\/www.doublewdesign.it\\\/prodotto\\\/quadro-da-vinci-la-gioconda\\\/#primaryimage\"},\"thumbnailUrl\":\"https:\\\/\\\/www.doublewdesign.it\\\/wp-content\\\/uploads\\\/2023\\\/04\\\/Quadro-La-Gioconda-soggiorno-arredo-muro-wdesign-macerata-marche-MUQSGB013-01.webp\",\"datePublished\":\"2023-04-02T19:44:45+00:00\",\"dateModified\":\"2024-05-09T10:55:53+00:00\",\"description\":\"QUADRO DA VINCI LA GIOCONDA \u00e8 realizzato con la cura della manualit\u00e0 artigiana interamente in un laboratorio in Italia per garantirne la qualit\u00e0.\",\"breadcrumb\":{\"@id\":\"https:\\\/\\\/www.doublewdesign.it\\\/prodotto\\\/quadro-da-vinci-la-gioconda\\\/#breadcrumb\"},\"inLanguage\":\"en-US\",\"potentialAction\":[{\"@type\":\"ReadAction\",\"target\":[\"https:\\\/\\\/www.doublewdesign.it\\\/prodotto\\\/quadro-da-vinci-la-gioconda\\\/\"]}]},{\"@type\":\"ImageObject\",\"inLanguage\":\"en-US\",\"@id\":\"https:\\\/\\\/www.doublewdesign.it\\\/prodotto\\\/quadro-da-vinci-la-gioconda\\\/#primaryimage\",\"url\":\"https:\\\/\\\/www.doublewdesign.it\\\/wp-content\\\/uploads\\\/2023\\\/04\\\/Quadro-La-Gioconda-soggiorno-arredo-muro-wdesign-macerata-marche-MUQSGB013-01.webp\",\"contentUrl\":\"https:\\\/\\\/www.doublewdesign.it\\\/wp-content\\\/uploads\\\/2023\\\/04\\\/Quadro-La-Gioconda-soggiorno-arredo-muro-wdesign-macerata-marche-MUQSGB013-01.webp\",\"width\":1500,\"height\":1500,\"caption\":\"Quadro La Gioconda - soggiorno - arredo muro - wdesign - macerata - marche\"},{\"@type\":\"BreadcrumbList\",\"@id\":\"https:\\\/\\\/www.doublewdesign.it\\\/prodotto\\\/quadro-da-vinci-la-gioconda\\\/#breadcrumb\",\"itemListElement\":[{\"@type\":\"ListItem\",\"position\":1,\"name\":\"Home\",\"item\":\"https:\\\/\\\/www.doublewdesign.it\\\/?lang=en\"},{\"@type\":\"ListItem\",\"position\":2,\"name\":\"Shop\",\"item\":\"https:\\\/\\\/www.doublewdesign.it\\\/en\\\/shop\\\/\"},{\"@type\":\"ListItem\",\"position\":3,\"name\":\"Arredo Muro\",\"item\":\"https:\\\/\\\/www.doublewdesign.it\\\/categoria\\\/arredo-muro\\\/\"},{\"@type\":\"ListItem\",\"position\":4,\"name\":\"QUADRO DA VINCI LA GIOCONDA\"}]},{\"@type\":\"WebSite\",\"@id\":\"https:\\\/\\\/www.doublewdesign.it\\\/#website\",\"url\":\"https:\\\/\\\/www.doublewdesign.it\\\/\",\"name\":\"Wdesign\",\"description\":\"Wdesign\",\"publisher\":{\"@id\":\"https:\\\/\\\/www.doublewdesign.it\\\/#organization\"},\"potentialAction\":[{\"@type\":\"SearchAction\",\"target\":{\"@type\":\"EntryPoint\",\"urlTemplate\":\"https:\\\/\\\/www.doublewdesign.it\\\/?s={search_term_string}\"},\"query-input\":{\"@type\":\"PropertyValueSpecification\",\"valueRequired\":true,\"valueName\":\"search_term_string\"}}],\"inLanguage\":\"en-US\"},{\"@type\":\"Organization\",\"@id\":\"https:\\\/\\\/www.doublewdesign.it\\\/#organization\",\"name\":\"Wdesign\",\"url\":\"https:\\\/\\\/www.doublewdesign.it\\\/\",\"logo\":{\"@type\":\"ImageObject\",\"inLanguage\":\"en-US\",\"@id\":\"https:\\\/\\\/www.doublewdesign.it\\\/#\\\/schema\\\/logo\\\/image\\\/\",\"url\":\"https:\\\/\\\/www.doublewdesign.it\\\/wp-content\\\/uploads\\\/2024\\\/07\\\/wdesign_logo.png\",\"contentUrl\":\"https:\\\/\\\/www.doublewdesign.it\\\/wp-content\\\/uploads\\\/2024\\\/07\\\/wdesign_logo.png\",\"width\":94,\"height\":94,\"caption\":\"Wdesign\"},\"image\":{\"@id\":\"https:\\\/\\\/www.doublewdesign.it\\\/#\\\/schema\\\/logo\\\/image\\\/\"},\"sameAs\":[\"https:\\\/\\\/www.facebook.com\\\/profile.php?id=100088597355679\"]}]}<\/script>\n<!-- \/ Yoast SEO plugin. -->","yoast_head_json":{"title":"QUADRO DA VINCI LA GIOCONDA - Wdesign","description":"QUADRO DA VINCI LA GIOCONDA \u00e8 realizzato con la cura della manualit\u00e0 artigiana interamente in un laboratorio in Italia per garantirne la qualit\u00e0.","robots":{"index":"index","follow":"follow","max-snippet":"max-snippet:-1","max-image-preview":"max-image-preview:large","max-video-preview":"max-video-preview:-1"},"canonical":"https:\/\/www.doublewdesign.it\/prodotto\/quadro-da-vinci-la-gioconda\/","og_locale":"en_US","og_type":"article","og_title":"QUADRO DA VINCI LA GIOCONDA - Wdesign","og_description":"QUADRO DA VINCI LA GIOCONDA \u00e8 realizzato con la cura della manualit\u00e0 artigiana interamente in un laboratorio in Italia per garantirne la qualit\u00e0.","og_url":"https:\/\/www.doublewdesign.it\/prodotto\/quadro-da-vinci-la-gioconda\/","og_site_name":"Wdesign","article_publisher":"https:\/\/www.facebook.com\/profile.php?id=100088597355679","article_modified_time":"2024-05-09T10:55:53+00:00","og_image":[{"width":1500,"height":1500,"url":"https:\/\/www.doublewdesign.it\/wp-content\/uploads\/2023\/04\/Quadro-La-Gioconda-soggiorno-arredo-muro-wdesign-macerata-marche-MUQSGB013-01.webp","type":"image\/webp"}],"twitter_card":"summary_large_image","twitter_misc":{"Est. reading time":"2 minutes"},"schema":{"@context":"https:\/\/schema.org","@graph":[{"@type":"WebPage","@id":"https:\/\/www.doublewdesign.it\/prodotto\/quadro-da-vinci-la-gioconda\/","url":"https:\/\/www.doublewdesign.it\/prodotto\/quadro-da-vinci-la-gioconda\/","name":"QUADRO DA VINCI LA GIOCONDA - Wdesign","isPartOf":{"@id":"https:\/\/www.doublewdesign.it\/#website"},"primaryImageOfPage":{"@id":"https:\/\/www.doublewdesign.it\/prodotto\/quadro-da-vinci-la-gioconda\/#primaryimage"},"image":{"@id":"https:\/\/www.doublewdesign.it\/prodotto\/quadro-da-vinci-la-gioconda\/#primaryimage"},"thumbnailUrl":"https:\/\/www.doublewdesign.it\/wp-content\/uploads\/2023\/04\/Quadro-La-Gioconda-soggiorno-arredo-muro-wdesign-macerata-marche-MUQSGB013-01.webp","datePublished":"2023-04-02T19:44:45+00:00","dateModified":"2024-05-09T10:55:53+00:00","description":"QUADRO DA VINCI LA GIOCONDA \u00e8 realizzato con la cura della manualit\u00e0 artigiana interamente in un laboratorio in Italia per garantirne la qualit\u00e0.","breadcrumb":{"@id":"https:\/\/www.doublewdesign.it\/prodotto\/quadro-da-vinci-la-gioconda\/#breadcrumb"},"inLanguage":"en-US","potentialAction":[{"@type":"ReadAction","target":["https:\/\/www.doublewdesign.it\/prodotto\/quadro-da-vinci-la-gioconda\/"]}]},{"@type":"ImageObject","inLanguage":"en-US","@id":"https:\/\/www.doublewdesign.it\/prodotto\/quadro-da-vinci-la-gioconda\/#primaryimage","url":"https:\/\/www.doublewdesign.it\/wp-content\/uploads\/2023\/04\/Quadro-La-Gioconda-soggiorno-arredo-muro-wdesign-macerata-marche-MUQSGB013-01.webp","contentUrl":"https:\/\/www.doublewdesign.it\/wp-content\/uploads\/2023\/04\/Quadro-La-Gioconda-soggiorno-arredo-muro-wdesign-macerata-marche-MUQSGB013-01.webp","width":1500,"height":1500,"caption":"Quadro La Gioconda - soggiorno - arredo muro - wdesign - macerata - marche"},{"@type":"BreadcrumbList","@id":"https:\/\/www.doublewdesign.it\/prodotto\/quadro-da-vinci-la-gioconda\/#breadcrumb","itemListElement":[{"@type":"ListItem","position":1,"name":"Home","item":"https:\/\/www.doublewdesign.it\/?lang=en"},{"@type":"ListItem","position":2,"name":"Shop","item":"https:\/\/www.doublewdesign.it\/en\/shop\/"},{"@type":"ListItem","position":3,"name":"Arredo Muro","item":"https:\/\/www.doublewdesign.it\/categoria\/arredo-muro\/"},{"@type":"ListItem","position":4,"name":"QUADRO DA VINCI LA GIOCONDA"}]},{"@type":"WebSite","@id":"https:\/\/www.doublewdesign.it\/#website","url":"https:\/\/www.doublewdesign.it\/","name":"Wdesign","description":"Wdesign","publisher":{"@id":"https:\/\/www.doublewdesign.it\/#organization"},"potentialAction":[{"@type":"SearchAction","target":{"@type":"EntryPoint","urlTemplate":"https:\/\/www.doublewdesign.it\/?s={search_term_string}"},"query-input":{"@type":"PropertyValueSpecification","valueRequired":true,"valueName":"search_term_string"}}],"inLanguage":"en-US"},{"@type":"Organization","@id":"https:\/\/www.doublewdesign.it\/#organization","name":"Wdesign","url":"https:\/\/www.doublewdesign.it\/","logo":{"@type":"ImageObject","inLanguage":"en-US","@id":"https:\/\/www.doublewdesign.it\/#\/schema\/logo\/image\/","url":"https:\/\/www.doublewdesign.it\/wp-content\/uploads\/2024\/07\/wdesign_logo.png","contentUrl":"https:\/\/www.doublewdesign.it\/wp-content\/uploads\/2024\/07\/wdesign_logo.png","width":94,"height":94,"caption":"Wdesign"},"image":{"@id":"https:\/\/www.doublewdesign.it\/#\/schema\/logo\/image\/"},"sameAs":["https:\/\/www.facebook.com\/profile.php?id=100088597355679"]}]}},"_links":{"self":[{"href":"https:\/\/www.doublewdesign.it\/en\/wp-json\/wp\/v2\/product\/1776","targetHints":{"allow":["GET"]}}],"collection":[{"href":"https:\/\/www.doublewdesign.it\/en\/wp-json\/wp\/v2\/product"}],"about":[{"href":"https:\/\/www.doublewdesign.it\/en\/wp-json\/wp\/v2\/types\/product"}],"replies":[{"embeddable":true,"href":"https:\/\/www.doublewdesign.it\/en\/wp-json\/wp\/v2\/comments?post=1776"}],"wp:featuredmedia":[{"embeddable":true,"href":"https:\/\/www.doublewdesign.it\/en\/wp-json\/wp\/v2\/media\/1786"}],"wp:attachment":[{"href":"https:\/\/www.doublewdesign.it\/en\/wp-json\/wp\/v2\/media?parent=1776"}],"wp:term":[{"taxonomy":"product_brand","embeddable":true,"href":"https:\/\/www.doublewdesign.it\/en\/wp-json\/wp\/v2\/product_brand?post=1776"},{"taxonomy":"product_cat","embeddable":true,"href":"https:\/\/www.doublewdesign.it\/en\/wp-json\/wp\/v2\/product_cat?post=1776"},{"taxonomy":"product_tag","embeddable":true,"href":"https:\/\/www.doublewdesign.it\/en\/wp-json\/wp\/v2\/product_tag?post=1776"}],"curies":[{"name":"wp","href":"https:\/\/api.w.org\/{rel}","templated":true}]}}