
{"id":1732,"date":"2023-03-31T09:50:31","date_gmt":"2023-03-31T07:50:31","guid":{"rendered":"https:\/\/www.doublewdesign.it\/?post_type=product&#038;p=1732"},"modified":"2024-05-09T12:55:55","modified_gmt":"2024-05-09T10:55:55","slug":"quadro-il-bacio-gustav-klimt","status":"publish","type":"product","link":"https:\/\/www.doublewdesign.it\/en\/prodotto\/quadro-il-bacio-gustav-klimt\/","title":{"rendered":"QUADRO IL BACIO GUSTAV KLIMT"},"content":{"rendered":"<h1>QUADRO IL BACIO GUSTAV KLIMT<\/h1>\n<p class=\"western\" align=\"left\">Il QUADRO IL BACIO GUSTAV KLIMT \u00e8 prodotto da GialloBus, azienda leader del settore, realizzato con la cura della manualit\u00e0 artigiana interamente in un laboratorio in Italia. In questo modo si pu\u00f2 seguire scrupolosamente tutto il processo produttivo, dall\u2019idea alla realizzazione e alla successiva spedizione con imballi sicuri e robusti.<\/p>\n<p>Le nostre Tele Canvas possono avere o un Telaio Standard o un Telaio Premium.<\/p>\n<p>l Telaio Premium del quadro \u00e8 di vero legno massello ad alto spessore, pronto da appendere, si differenziano dai normali telai standard per il loro spessore (5 cm. circa invece di 2,5 cm.)<\/p>\n<p>Le stampe su tela canvas sono prodotte con inchiostri garantiti a vita e fissate su un robusto telaio in legno ad alto spessore al fine di appenderlo appoggiando il bordo in un solo chiodo (non fornito).<\/p>\n<p>Il prodotto finito rispetta le dimensioni reali indicate nel titolo (non vengono pi\u00f9 ridotte di 5cm). L&#8217;immagine si estende anche ai lati andando a coprire il bordo del telaio, in vero legno MDF, creando un gradevole un effetto 3D.<\/p>\n<p>Il Quadro &#8220;IL BACIO&#8221; di GUSTAV KLIMT \u00e8 la soluzione perfetta per arredare la tua casa.<\/p>\n<p><b>\u00a0<\/b><\/p>\n<h3><b>DESCRIZIONE QUADRO IL BACIO GUSTAV KLIMT:<\/b><\/h3>\n<div class=\"flex flex-grow flex-col gap-3\">\n<div class=\"min-h-[20px] flex flex-col items-start gap-4 whitespace-pre-wrap\">\n<div class=\"markdown prose w-full break-words dark:prose-invert light\">\n<p>Gustav Klimt ha dipinto un famoso quadro intitolato &#8220;Il Bacio&#8221;, realizzato tra il 1907 e il 1908. Il dipinto rappresenta una coppia che si bacia appassionatamente in un giardino fiorito.<\/p>\n<p>La figura femminile \u00e8 rappresentata con un abito decorato con motivi geometrici dorati e argentati, mentre la figura maschile indossa un abito decorato con sfumature di blu e verdi. Le loro figure sono unite da un abbraccio, e la coppia \u00e8 circondata da una moltitudine di fiori e foglie dipinti con colori vivaci e brillanti.<\/p>\n<p>Il dipinto di Klimt \u00e8 noto per il suo stile unico, caratterizzato dall&#8217;uso di forme geometriche e di motivi ornamentali, che creano una sensazione di profondit\u00e0 e di tridimensionalit\u00e0 sulla superficie bidimensionale del dipinto. La tecnica pittorica di Klimt prevede l&#8217;uso di smalti e foglia d&#8217;oro, che conferiscono al dipinto un aspetto lussuoso e sontuoso.<\/p>\n<p>&#8220;Il Bacio&#8221; di Klimt \u00e8 uno dei suoi dipinti pi\u00f9 celebri e rappresentativi del suo stile artistico.<\/p>\n<p><a href=\"https:\/\/www.doublewdesign.it\/categoria\/arredo-muro\/arredo-muro-quadri-su-tela-canvas\/\">Clicca qui per vedere tutte le tele Cavas<\/a><\/p>\n<p><a href=\"https:\/\/www.instagram.com\/w_design_ig\/\">Instagram<\/a> e <a href=\"https:\/\/www.facebook.com\/2vdesign\/?show_switched_toast=0&amp;show_invite_to_follow=0&amp;show_switched_tooltip=0&amp;show_podcast_settings=0&amp;show_community_review_changes=0&amp;show_community_rollback=0&amp;show_follower_visibility_disclosure=0\">Facebook<\/a><\/p>\n<\/div>\n<\/div>\n<\/div>\n","protected":false},"excerpt":{"rendered":"<p>Il quadro \u00e8 realizzato con la cura della\u00a0<strong>manualit\u00e0 artigiana<\/strong>\u00a0interamente in un laboratorio in\u00a0<strong>Italia<\/strong>. In questo modo si pu\u00f2 seguire scrupolosamente tutto il processo produttivo, dall\u2019idea alla realizzazione e alla successiva spedizione con\u00a0<strong>imballi sicuri e robusti.<\/strong><\/p>\n<p>Il nostri quadri possono essere realizzati con\u00a0<strong>dimensioni variabili<\/strong>\u00a0e con la scelta del telaio standard o premium.<\/p>\n<p>Telaio<strong>\u00a0Standard<\/strong>: \u00e8 realizzato in legno MDF alta qualit\u00e0 spessore 2.5 cm.<\/p>\n<p>Telaio\u00a0<strong>Premium<\/strong>: \u00e8 realizzato in legno massello alta qualit\u00e0 pi\u00f9 robusto con uno spessore di 5 cm.<\/p>\n<p>&nbsp;<\/p>\n","protected":false},"featured_media":1738,"comment_status":"open","ping_status":"closed","template":"","meta":{"_themeisle_gutenberg_block_has_review":false},"product_brand":[],"product_cat":[29,34],"product_tag":[],"class_list":{"0":"post-1732","1":"product","2":"type-product","3":"status-publish","4":"has-post-thumbnail","6":"product_cat-arredo-muro","7":"product_cat-arredo-muro-quadri-su-tela-canvas","9":"first","10":"instock","11":"taxable","12":"shipping-taxable","13":"purchasable","14":"product-type-variable"},"yoast_head":"<!-- This site is optimized with the Yoast SEO plugin v27.3 - https:\/\/yoast.com\/product\/yoast-seo-wordpress\/ -->\n<title>QUADRO IL BACIO GUSTAV KLIMT - Wdesign<\/title>\n<meta name=\"description\" content=\"QUADRO IL BACIO GUSTAV KLIMT \u00e8 realizzato con la cura della manualit\u00e0 artigiana interamente in un laboratorio in Italia per garantirne la qualit\u00e0.\" \/>\n<meta name=\"robots\" content=\"index, follow, max-snippet:-1, max-image-preview:large, max-video-preview:-1\" \/>\n<link rel=\"canonical\" href=\"https:\/\/www.doublewdesign.it\/prodotto\/quadro-il-bacio-gustav-klimt\/\" \/>\n<meta property=\"og:locale\" content=\"en_US\" \/>\n<meta property=\"og:type\" content=\"article\" \/>\n<meta property=\"og:title\" content=\"QUADRO IL BACIO GUSTAV KLIMT - Wdesign\" \/>\n<meta property=\"og:description\" content=\"QUADRO IL BACIO GUSTAV KLIMT \u00e8 realizzato con la cura della manualit\u00e0 artigiana interamente in un laboratorio in Italia per garantirne la qualit\u00e0.\" \/>\n<meta property=\"og:url\" content=\"https:\/\/www.doublewdesign.it\/prodotto\/quadro-il-bacio-gustav-klimt\/\" \/>\n<meta property=\"og:site_name\" content=\"Wdesign\" \/>\n<meta property=\"article:publisher\" content=\"https:\/\/www.facebook.com\/profile.php?id=100088597355679\" \/>\n<meta property=\"article:modified_time\" content=\"2024-05-09T10:55:55+00:00\" \/>\n<meta property=\"og:image\" content=\"https:\/\/www.doublewdesign.it\/wp-content\/uploads\/2023\/03\/Quadro-Il-bacio-Klimt-soggiorno-arredo-muro-wdesign-macerata-marche-MUQSGB010-01.webp\" \/>\n\t<meta property=\"og:image:width\" content=\"1500\" \/>\n\t<meta property=\"og:image:height\" content=\"1500\" \/>\n\t<meta property=\"og:image:type\" content=\"image\/webp\" \/>\n<meta name=\"twitter:card\" content=\"summary_large_image\" \/>\n<meta name=\"twitter:label1\" content=\"Est. reading time\" \/>\n\t<meta name=\"twitter:data1\" content=\"2 minutes\" \/>\n<script type=\"application\/ld+json\" class=\"yoast-schema-graph\">{\"@context\":\"https:\\\/\\\/schema.org\",\"@graph\":[{\"@type\":\"WebPage\",\"@id\":\"https:\\\/\\\/www.doublewdesign.it\\\/prodotto\\\/quadro-il-bacio-gustav-klimt\\\/\",\"url\":\"https:\\\/\\\/www.doublewdesign.it\\\/prodotto\\\/quadro-il-bacio-gustav-klimt\\\/\",\"name\":\"QUADRO IL BACIO GUSTAV KLIMT - Wdesign\",\"isPartOf\":{\"@id\":\"https:\\\/\\\/www.doublewdesign.it\\\/#website\"},\"primaryImageOfPage\":{\"@id\":\"https:\\\/\\\/www.doublewdesign.it\\\/prodotto\\\/quadro-il-bacio-gustav-klimt\\\/#primaryimage\"},\"image\":{\"@id\":\"https:\\\/\\\/www.doublewdesign.it\\\/prodotto\\\/quadro-il-bacio-gustav-klimt\\\/#primaryimage\"},\"thumbnailUrl\":\"https:\\\/\\\/www.doublewdesign.it\\\/wp-content\\\/uploads\\\/2023\\\/03\\\/Quadro-Il-bacio-Klimt-soggiorno-arredo-muro-wdesign-macerata-marche-MUQSGB010-01.webp\",\"datePublished\":\"2023-03-31T07:50:31+00:00\",\"dateModified\":\"2024-05-09T10:55:55+00:00\",\"description\":\"QUADRO IL BACIO GUSTAV KLIMT \u00e8 realizzato con la cura della manualit\u00e0 artigiana interamente in un laboratorio in Italia per garantirne la qualit\u00e0.\",\"breadcrumb\":{\"@id\":\"https:\\\/\\\/www.doublewdesign.it\\\/prodotto\\\/quadro-il-bacio-gustav-klimt\\\/#breadcrumb\"},\"inLanguage\":\"en-US\",\"potentialAction\":[{\"@type\":\"ReadAction\",\"target\":[\"https:\\\/\\\/www.doublewdesign.it\\\/prodotto\\\/quadro-il-bacio-gustav-klimt\\\/\"]}]},{\"@type\":\"ImageObject\",\"inLanguage\":\"en-US\",\"@id\":\"https:\\\/\\\/www.doublewdesign.it\\\/prodotto\\\/quadro-il-bacio-gustav-klimt\\\/#primaryimage\",\"url\":\"https:\\\/\\\/www.doublewdesign.it\\\/wp-content\\\/uploads\\\/2023\\\/03\\\/Quadro-Il-bacio-Klimt-soggiorno-arredo-muro-wdesign-macerata-marche-MUQSGB010-01.webp\",\"contentUrl\":\"https:\\\/\\\/www.doublewdesign.it\\\/wp-content\\\/uploads\\\/2023\\\/03\\\/Quadro-Il-bacio-Klimt-soggiorno-arredo-muro-wdesign-macerata-marche-MUQSGB010-01.webp\",\"width\":1500,\"height\":1500,\"caption\":\"Quadro-Il-bacio-Klimt-soggiorno-arredo-muro-wdesign-macerata-marche-MUQSGB010\"},{\"@type\":\"BreadcrumbList\",\"@id\":\"https:\\\/\\\/www.doublewdesign.it\\\/prodotto\\\/quadro-il-bacio-gustav-klimt\\\/#breadcrumb\",\"itemListElement\":[{\"@type\":\"ListItem\",\"position\":1,\"name\":\"Home\",\"item\":\"https:\\\/\\\/www.doublewdesign.it\\\/?lang=en\"},{\"@type\":\"ListItem\",\"position\":2,\"name\":\"Shop\",\"item\":\"https:\\\/\\\/www.doublewdesign.it\\\/en\\\/shop\\\/\"},{\"@type\":\"ListItem\",\"position\":3,\"name\":\"Arredo Muro\",\"item\":\"https:\\\/\\\/www.doublewdesign.it\\\/categoria\\\/arredo-muro\\\/\"},{\"@type\":\"ListItem\",\"position\":4,\"name\":\"QUADRO IL BACIO GUSTAV KLIMT\"}]},{\"@type\":\"WebSite\",\"@id\":\"https:\\\/\\\/www.doublewdesign.it\\\/#website\",\"url\":\"https:\\\/\\\/www.doublewdesign.it\\\/\",\"name\":\"Wdesign\",\"description\":\"Wdesign\",\"publisher\":{\"@id\":\"https:\\\/\\\/www.doublewdesign.it\\\/#organization\"},\"potentialAction\":[{\"@type\":\"SearchAction\",\"target\":{\"@type\":\"EntryPoint\",\"urlTemplate\":\"https:\\\/\\\/www.doublewdesign.it\\\/?s={search_term_string}\"},\"query-input\":{\"@type\":\"PropertyValueSpecification\",\"valueRequired\":true,\"valueName\":\"search_term_string\"}}],\"inLanguage\":\"en-US\"},{\"@type\":\"Organization\",\"@id\":\"https:\\\/\\\/www.doublewdesign.it\\\/#organization\",\"name\":\"Wdesign\",\"url\":\"https:\\\/\\\/www.doublewdesign.it\\\/\",\"logo\":{\"@type\":\"ImageObject\",\"inLanguage\":\"en-US\",\"@id\":\"https:\\\/\\\/www.doublewdesign.it\\\/#\\\/schema\\\/logo\\\/image\\\/\",\"url\":\"https:\\\/\\\/www.doublewdesign.it\\\/wp-content\\\/uploads\\\/2024\\\/07\\\/wdesign_logo.png\",\"contentUrl\":\"https:\\\/\\\/www.doublewdesign.it\\\/wp-content\\\/uploads\\\/2024\\\/07\\\/wdesign_logo.png\",\"width\":94,\"height\":94,\"caption\":\"Wdesign\"},\"image\":{\"@id\":\"https:\\\/\\\/www.doublewdesign.it\\\/#\\\/schema\\\/logo\\\/image\\\/\"},\"sameAs\":[\"https:\\\/\\\/www.facebook.com\\\/profile.php?id=100088597355679\"]}]}<\/script>\n<!-- \/ Yoast SEO plugin. -->","yoast_head_json":{"title":"QUADRO IL BACIO GUSTAV KLIMT - Wdesign","description":"QUADRO IL BACIO GUSTAV KLIMT \u00e8 realizzato con la cura della manualit\u00e0 artigiana interamente in un laboratorio in Italia per garantirne la qualit\u00e0.","robots":{"index":"index","follow":"follow","max-snippet":"max-snippet:-1","max-image-preview":"max-image-preview:large","max-video-preview":"max-video-preview:-1"},"canonical":"https:\/\/www.doublewdesign.it\/prodotto\/quadro-il-bacio-gustav-klimt\/","og_locale":"en_US","og_type":"article","og_title":"QUADRO IL BACIO GUSTAV KLIMT - Wdesign","og_description":"QUADRO IL BACIO GUSTAV KLIMT \u00e8 realizzato con la cura della manualit\u00e0 artigiana interamente in un laboratorio in Italia per garantirne la qualit\u00e0.","og_url":"https:\/\/www.doublewdesign.it\/prodotto\/quadro-il-bacio-gustav-klimt\/","og_site_name":"Wdesign","article_publisher":"https:\/\/www.facebook.com\/profile.php?id=100088597355679","article_modified_time":"2024-05-09T10:55:55+00:00","og_image":[{"width":1500,"height":1500,"url":"https:\/\/www.doublewdesign.it\/wp-content\/uploads\/2023\/03\/Quadro-Il-bacio-Klimt-soggiorno-arredo-muro-wdesign-macerata-marche-MUQSGB010-01.webp","type":"image\/webp"}],"twitter_card":"summary_large_image","twitter_misc":{"Est. reading time":"2 minutes"},"schema":{"@context":"https:\/\/schema.org","@graph":[{"@type":"WebPage","@id":"https:\/\/www.doublewdesign.it\/prodotto\/quadro-il-bacio-gustav-klimt\/","url":"https:\/\/www.doublewdesign.it\/prodotto\/quadro-il-bacio-gustav-klimt\/","name":"QUADRO IL BACIO GUSTAV KLIMT - Wdesign","isPartOf":{"@id":"https:\/\/www.doublewdesign.it\/#website"},"primaryImageOfPage":{"@id":"https:\/\/www.doublewdesign.it\/prodotto\/quadro-il-bacio-gustav-klimt\/#primaryimage"},"image":{"@id":"https:\/\/www.doublewdesign.it\/prodotto\/quadro-il-bacio-gustav-klimt\/#primaryimage"},"thumbnailUrl":"https:\/\/www.doublewdesign.it\/wp-content\/uploads\/2023\/03\/Quadro-Il-bacio-Klimt-soggiorno-arredo-muro-wdesign-macerata-marche-MUQSGB010-01.webp","datePublished":"2023-03-31T07:50:31+00:00","dateModified":"2024-05-09T10:55:55+00:00","description":"QUADRO IL BACIO GUSTAV KLIMT \u00e8 realizzato con la cura della manualit\u00e0 artigiana interamente in un laboratorio in Italia per garantirne la qualit\u00e0.","breadcrumb":{"@id":"https:\/\/www.doublewdesign.it\/prodotto\/quadro-il-bacio-gustav-klimt\/#breadcrumb"},"inLanguage":"en-US","potentialAction":[{"@type":"ReadAction","target":["https:\/\/www.doublewdesign.it\/prodotto\/quadro-il-bacio-gustav-klimt\/"]}]},{"@type":"ImageObject","inLanguage":"en-US","@id":"https:\/\/www.doublewdesign.it\/prodotto\/quadro-il-bacio-gustav-klimt\/#primaryimage","url":"https:\/\/www.doublewdesign.it\/wp-content\/uploads\/2023\/03\/Quadro-Il-bacio-Klimt-soggiorno-arredo-muro-wdesign-macerata-marche-MUQSGB010-01.webp","contentUrl":"https:\/\/www.doublewdesign.it\/wp-content\/uploads\/2023\/03\/Quadro-Il-bacio-Klimt-soggiorno-arredo-muro-wdesign-macerata-marche-MUQSGB010-01.webp","width":1500,"height":1500,"caption":"Quadro-Il-bacio-Klimt-soggiorno-arredo-muro-wdesign-macerata-marche-MUQSGB010"},{"@type":"BreadcrumbList","@id":"https:\/\/www.doublewdesign.it\/prodotto\/quadro-il-bacio-gustav-klimt\/#breadcrumb","itemListElement":[{"@type":"ListItem","position":1,"name":"Home","item":"https:\/\/www.doublewdesign.it\/?lang=en"},{"@type":"ListItem","position":2,"name":"Shop","item":"https:\/\/www.doublewdesign.it\/en\/shop\/"},{"@type":"ListItem","position":3,"name":"Arredo Muro","item":"https:\/\/www.doublewdesign.it\/categoria\/arredo-muro\/"},{"@type":"ListItem","position":4,"name":"QUADRO IL BACIO GUSTAV KLIMT"}]},{"@type":"WebSite","@id":"https:\/\/www.doublewdesign.it\/#website","url":"https:\/\/www.doublewdesign.it\/","name":"Wdesign","description":"Wdesign","publisher":{"@id":"https:\/\/www.doublewdesign.it\/#organization"},"potentialAction":[{"@type":"SearchAction","target":{"@type":"EntryPoint","urlTemplate":"https:\/\/www.doublewdesign.it\/?s={search_term_string}"},"query-input":{"@type":"PropertyValueSpecification","valueRequired":true,"valueName":"search_term_string"}}],"inLanguage":"en-US"},{"@type":"Organization","@id":"https:\/\/www.doublewdesign.it\/#organization","name":"Wdesign","url":"https:\/\/www.doublewdesign.it\/","logo":{"@type":"ImageObject","inLanguage":"en-US","@id":"https:\/\/www.doublewdesign.it\/#\/schema\/logo\/image\/","url":"https:\/\/www.doublewdesign.it\/wp-content\/uploads\/2024\/07\/wdesign_logo.png","contentUrl":"https:\/\/www.doublewdesign.it\/wp-content\/uploads\/2024\/07\/wdesign_logo.png","width":94,"height":94,"caption":"Wdesign"},"image":{"@id":"https:\/\/www.doublewdesign.it\/#\/schema\/logo\/image\/"},"sameAs":["https:\/\/www.facebook.com\/profile.php?id=100088597355679"]}]}},"_links":{"self":[{"href":"https:\/\/www.doublewdesign.it\/en\/wp-json\/wp\/v2\/product\/1732","targetHints":{"allow":["GET"]}}],"collection":[{"href":"https:\/\/www.doublewdesign.it\/en\/wp-json\/wp\/v2\/product"}],"about":[{"href":"https:\/\/www.doublewdesign.it\/en\/wp-json\/wp\/v2\/types\/product"}],"replies":[{"embeddable":true,"href":"https:\/\/www.doublewdesign.it\/en\/wp-json\/wp\/v2\/comments?post=1732"}],"wp:featuredmedia":[{"embeddable":true,"href":"https:\/\/www.doublewdesign.it\/en\/wp-json\/wp\/v2\/media\/1738"}],"wp:attachment":[{"href":"https:\/\/www.doublewdesign.it\/en\/wp-json\/wp\/v2\/media?parent=1732"}],"wp:term":[{"taxonomy":"product_brand","embeddable":true,"href":"https:\/\/www.doublewdesign.it\/en\/wp-json\/wp\/v2\/product_brand?post=1732"},{"taxonomy":"product_cat","embeddable":true,"href":"https:\/\/www.doublewdesign.it\/en\/wp-json\/wp\/v2\/product_cat?post=1732"},{"taxonomy":"product_tag","embeddable":true,"href":"https:\/\/www.doublewdesign.it\/en\/wp-json\/wp\/v2\/product_tag?post=1732"}],"curies":[{"name":"wp","href":"https:\/\/api.w.org\/{rel}","templated":true}]}}