
{"id":1679,"date":"2023-03-29T19:51:23","date_gmt":"2023-03-29T17:51:23","guid":{"rendered":"https:\/\/www.doublewdesign.it\/?post_type=product&#038;p=1679"},"modified":"2024-05-09T12:55:57","modified_gmt":"2024-05-09T10:55:57","slug":"quadro-fiori-di-mandorlo","status":"publish","type":"product","link":"https:\/\/www.doublewdesign.it\/en\/prodotto\/quadro-fiori-di-mandorlo\/","title":{"rendered":"QUADRO FIORI DI MANDORLO VAN GOGH"},"content":{"rendered":"<h1>QUADRO FIORI DI MANDORLO VAN GOGH<\/h1>\n<p class=\"western\" align=\"left\">Il QUADRO FIORI DI MANDORLO VAN GOGH \u00e8 prodotto da GialloBus, azienda leader del settore, realizzato con la cura della manualit\u00e0 artigiana interamente in un laboratorio in Italia. In questo modo si pu\u00f2 seguire scrupolosamente tutto il processo produttivo, dall\u2019idea alla realizzazione e alla successiva spedizione con imballi sicuri e robusti.<\/p>\n<p>Le nostre Tele Canvas possono avere o un Telaio Standard o un Telaio Premium.<\/p>\n<p>l Telaio Premium del quadro \u00e8 di vero legno massello ad alto spessore, pronto da appendere, si differenziano dai normali telai standard per il loro spessore (5 cm. circa invece di 2,5 cm.)<\/p>\n<p>Le stampe su tela canvas sono prodotte con inchiostri garantiti a vita e fissate su un robusto telaio in legno ad alto spessore al fine di appenderlo appoggiando il bordo in un solo chiodo (non fornito).<\/p>\n<p>Il prodotto finito rispetta le dimensioni reali indicate nel titolo (non vengono pi\u00f9 ridotte di 5cm). L&#8217;immagine si estende anche ai lati andando a coprire il bordo del telaio, in vero legno MDF, creando un gradevole un effetto 3D.<\/p>\n<p>Il QUADRO FIORI DI MANDORLO VAN GOGH \u00e8 la soluzione perfetta per arredare la tua casa.<\/p>\n<h2><\/h2>\n<h3 class=\"western\">DESCRIZIONE QUADRO FIORI DI MANDORLO VAN GOGH:<\/h3>\n<p>Il quadro &#8220;Fiori di Mandorlo&#8221; (in olandese &#8220;Amandelbloesem&#8221;) \u00e8 un dipinto ad olio su tela realizzato dal famoso artista olandese Vincent van Gogh nel 1890.<\/p>\n<p>Il dipinto raffigura un ramo di mandorlo in fiore, con numerosi rami e gemme che si stagliano su uno sfondo azzurro chiaro. Il ramo di mandorlo \u00e8 dipinto con grande attenzione ai dettagli e con colori molto vivaci, in particolare con toni di bianco, rosa, verde e blu.<\/p>\n<p>Van Gogh dipinse il quadro &#8220;Fiori di Mandorlo&#8221; in occasione della nascita del figlio del fratello, avvenuta nel gennaio del 1890. Il dipinto rappresenta perci\u00f2 un simbolo di rinascita e di speranza, ed \u00e8 considerato uno dei lavori pi\u00f9 importanti e significativi del periodo in cui l&#8217;artista visse ad Arles, in Francia.<\/p>\n<p>La scelta dei colori e la tecnica di pittura utilizzata da Van Gogh per &#8220;Fiori di Mandorlo&#8221; sono tipici del suo stile post-impressionista.\u00a0 In cui i colori sono applicati in modo intenso e vibrante, creando una forte impressione emotiva.<\/p>\n<p>Il dipinto \u00e8 stato realizzato poco prima della morte dell&#8217;artista, avvenuta nel 1890, ed \u00e8 oggi conservato presso il Van Gogh Museum di Amsterdam, nei Paesi Bassi.<\/p>\n<p><a href=\"https:\/\/www.doublewdesign.it\/categoria\/arredo-muro\/arredo-muro-quadri-su-tela-canvas\/\">Clicca qui per vedere tutte le tele Cavas<\/a><\/p>\n<p><a href=\"https:\/\/www.instagram.com\/w_design_ig\/\">Instagram<\/a> e <a href=\"https:\/\/www.facebook.com\/2vdesign\/?show_switched_toast=0&amp;show_invite_to_follow=0&amp;show_switched_tooltip=0&amp;show_podcast_settings=0&amp;show_community_review_changes=0&amp;show_community_rollback=0&amp;show_follower_visibility_disclosure=0\">Facebook<\/a><\/p>\n","protected":false},"excerpt":{"rendered":"<p>Il quadro \u00e8 realizzato con la cura della\u00a0<strong>manualit\u00e0 artigian<\/strong>a interamente in un laboratorio in <strong>Italia<\/strong>. In questo modo si pu\u00f2 seguire scrupolosamente tutto il processo produttivo, dall\u2019idea alla realizzazione e alla successiva spedizione con<strong>\u00a0imballi sicuri e robusti<\/strong>.<\/p>\n<p>Il nostri quadri possono essere realizzati con\u00a0<strong>dimensioni variabili<\/strong>\u00a0e con la scelta del telaio standard o premium.<\/p>\n<p>Telaio<strong>\u00a0Standard<\/strong>: \u00e8 realizzato in legno MDF alta qualit\u00e0 spessore 2.5 cm.<\/p>\n<p>Telaio\u00a0<strong>Premium<\/strong>: \u00e8 realizzato in legno massello alta qualit\u00e0 pi\u00f9 robusto con uno spessore di 5 cm.<\/p>\n","protected":false},"featured_media":1682,"comment_status":"open","ping_status":"closed","template":"","meta":{"_themeisle_gutenberg_block_has_review":false},"product_brand":[],"product_cat":[29,34],"product_tag":[],"class_list":{"0":"post-1679","1":"product","2":"type-product","3":"status-publish","4":"has-post-thumbnail","6":"product_cat-arredo-muro","7":"product_cat-arredo-muro-quadri-su-tela-canvas","9":"first","10":"instock","11":"taxable","12":"shipping-taxable","13":"purchasable","14":"product-type-variable"},"yoast_head":"<!-- This site is optimized with the Yoast SEO plugin v27.5 - https:\/\/yoast.com\/product\/yoast-seo-wordpress\/ -->\n<title>QUADRO FIORI DI MANDORLO VAN GOGH - Wdesign<\/title>\n<meta name=\"description\" content=\"QUADRO FIORI DI MANDORLO VAN GOGH \u00e8 realizzato con la cura della manualit\u00e0 artigiana interamente in un laboratorio in Italia per garantirne la qualit\u00e0.\" \/>\n<meta name=\"robots\" content=\"index, follow, max-snippet:-1, max-image-preview:large, max-video-preview:-1\" \/>\n<link rel=\"canonical\" href=\"https:\/\/www.doublewdesign.it\/prodotto\/quadro-fiori-di-mandorlo\/\" \/>\n<meta property=\"og:locale\" content=\"en_US\" \/>\n<meta property=\"og:type\" content=\"article\" \/>\n<meta property=\"og:title\" content=\"QUADRO FIORI DI MANDORLO VAN GOGH - Wdesign\" \/>\n<meta property=\"og:description\" content=\"QUADRO FIORI DI MANDORLO VAN GOGH \u00e8 realizzato con la cura della manualit\u00e0 artigiana interamente in un laboratorio in Italia per garantirne la qualit\u00e0.\" \/>\n<meta property=\"og:url\" content=\"https:\/\/www.doublewdesign.it\/prodotto\/quadro-fiori-di-mandorlo\/\" \/>\n<meta property=\"og:site_name\" content=\"Wdesign\" \/>\n<meta property=\"article:publisher\" content=\"https:\/\/www.facebook.com\/profile.php?id=100088597355679\" \/>\n<meta property=\"article:modified_time\" content=\"2024-05-09T10:55:57+00:00\" \/>\n<meta property=\"og:image\" content=\"https:\/\/www.doublewdesign.it\/wp-content\/uploads\/2023\/03\/Quadro-Fiori-di-Mandorlo-moderno-arredo-muro-wdesign-macerata-marche-MUQSGB006-01.webp\" \/>\n\t<meta property=\"og:image:width\" content=\"1500\" \/>\n\t<meta property=\"og:image:height\" content=\"1500\" \/>\n\t<meta property=\"og:image:type\" content=\"image\/webp\" \/>\n<meta name=\"twitter:card\" content=\"summary_large_image\" \/>\n<meta name=\"twitter:label1\" content=\"Est. reading time\" \/>\n\t<meta name=\"twitter:data1\" content=\"3 minutes\" \/>\n<script type=\"application\/ld+json\" class=\"yoast-schema-graph\">{\"@context\":\"https:\\\/\\\/schema.org\",\"@graph\":[{\"@type\":\"WebPage\",\"@id\":\"https:\\\/\\\/www.doublewdesign.it\\\/prodotto\\\/quadro-fiori-di-mandorlo\\\/\",\"url\":\"https:\\\/\\\/www.doublewdesign.it\\\/prodotto\\\/quadro-fiori-di-mandorlo\\\/\",\"name\":\"QUADRO FIORI DI MANDORLO VAN GOGH - Wdesign\",\"isPartOf\":{\"@id\":\"https:\\\/\\\/www.doublewdesign.it\\\/#website\"},\"primaryImageOfPage\":{\"@id\":\"https:\\\/\\\/www.doublewdesign.it\\\/prodotto\\\/quadro-fiori-di-mandorlo\\\/#primaryimage\"},\"image\":{\"@id\":\"https:\\\/\\\/www.doublewdesign.it\\\/prodotto\\\/quadro-fiori-di-mandorlo\\\/#primaryimage\"},\"thumbnailUrl\":\"https:\\\/\\\/www.doublewdesign.it\\\/wp-content\\\/uploads\\\/2023\\\/03\\\/Quadro-Fiori-di-Mandorlo-moderno-arredo-muro-wdesign-macerata-marche-MUQSGB006-01.webp\",\"datePublished\":\"2023-03-29T17:51:23+00:00\",\"dateModified\":\"2024-05-09T10:55:57+00:00\",\"description\":\"QUADRO FIORI DI MANDORLO VAN GOGH \u00e8 realizzato con la cura della manualit\u00e0 artigiana interamente in un laboratorio in Italia per garantirne la qualit\u00e0.\",\"breadcrumb\":{\"@id\":\"https:\\\/\\\/www.doublewdesign.it\\\/prodotto\\\/quadro-fiori-di-mandorlo\\\/#breadcrumb\"},\"inLanguage\":\"en-US\",\"potentialAction\":[{\"@type\":\"ReadAction\",\"target\":[\"https:\\\/\\\/www.doublewdesign.it\\\/prodotto\\\/quadro-fiori-di-mandorlo\\\/\"]}]},{\"@type\":\"ImageObject\",\"inLanguage\":\"en-US\",\"@id\":\"https:\\\/\\\/www.doublewdesign.it\\\/prodotto\\\/quadro-fiori-di-mandorlo\\\/#primaryimage\",\"url\":\"https:\\\/\\\/www.doublewdesign.it\\\/wp-content\\\/uploads\\\/2023\\\/03\\\/Quadro-Fiori-di-Mandorlo-moderno-arredo-muro-wdesign-macerata-marche-MUQSGB006-01.webp\",\"contentUrl\":\"https:\\\/\\\/www.doublewdesign.it\\\/wp-content\\\/uploads\\\/2023\\\/03\\\/Quadro-Fiori-di-Mandorlo-moderno-arredo-muro-wdesign-macerata-marche-MUQSGB006-01.webp\",\"width\":1500,\"height\":1500,\"caption\":\"Quadro-Fiori-di-Mandorlo-moQuadro-Fiori-di-Mandorlo-moderno-arredo-muro-wdesign-macerata-marche\"},{\"@type\":\"BreadcrumbList\",\"@id\":\"https:\\\/\\\/www.doublewdesign.it\\\/prodotto\\\/quadro-fiori-di-mandorlo\\\/#breadcrumb\",\"itemListElement\":[{\"@type\":\"ListItem\",\"position\":1,\"name\":\"Home\",\"item\":\"https:\\\/\\\/www.doublewdesign.it\\\/?lang=en\"},{\"@type\":\"ListItem\",\"position\":2,\"name\":\"Shop\",\"item\":\"https:\\\/\\\/www.doublewdesign.it\\\/en\\\/shop\\\/\"},{\"@type\":\"ListItem\",\"position\":3,\"name\":\"Arredo Muro\",\"item\":\"https:\\\/\\\/www.doublewdesign.it\\\/categoria\\\/arredo-muro\\\/\"},{\"@type\":\"ListItem\",\"position\":4,\"name\":\"QUADRO FIORI DI MANDORLO VAN GOGH\"}]},{\"@type\":\"WebSite\",\"@id\":\"https:\\\/\\\/www.doublewdesign.it\\\/#website\",\"url\":\"https:\\\/\\\/www.doublewdesign.it\\\/\",\"name\":\"Wdesign\",\"description\":\"Wdesign\",\"publisher\":{\"@id\":\"https:\\\/\\\/www.doublewdesign.it\\\/#organization\"},\"potentialAction\":[{\"@type\":\"SearchAction\",\"target\":{\"@type\":\"EntryPoint\",\"urlTemplate\":\"https:\\\/\\\/www.doublewdesign.it\\\/?s={search_term_string}\"},\"query-input\":{\"@type\":\"PropertyValueSpecification\",\"valueRequired\":true,\"valueName\":\"search_term_string\"}}],\"inLanguage\":\"en-US\"},{\"@type\":\"Organization\",\"@id\":\"https:\\\/\\\/www.doublewdesign.it\\\/#organization\",\"name\":\"Wdesign\",\"url\":\"https:\\\/\\\/www.doublewdesign.it\\\/\",\"logo\":{\"@type\":\"ImageObject\",\"inLanguage\":\"en-US\",\"@id\":\"https:\\\/\\\/www.doublewdesign.it\\\/#\\\/schema\\\/logo\\\/image\\\/\",\"url\":\"https:\\\/\\\/www.doublewdesign.it\\\/wp-content\\\/uploads\\\/2024\\\/07\\\/wdesign_logo.png\",\"contentUrl\":\"https:\\\/\\\/www.doublewdesign.it\\\/wp-content\\\/uploads\\\/2024\\\/07\\\/wdesign_logo.png\",\"width\":94,\"height\":94,\"caption\":\"Wdesign\"},\"image\":{\"@id\":\"https:\\\/\\\/www.doublewdesign.it\\\/#\\\/schema\\\/logo\\\/image\\\/\"},\"sameAs\":[\"https:\\\/\\\/www.facebook.com\\\/profile.php?id=100088597355679\"]}]}<\/script>\n<!-- \/ Yoast SEO plugin. -->","yoast_head_json":{"title":"QUADRO FIORI DI MANDORLO VAN GOGH - Wdesign","description":"QUADRO FIORI DI MANDORLO VAN GOGH \u00e8 realizzato con la cura della manualit\u00e0 artigiana interamente in un laboratorio in Italia per garantirne la qualit\u00e0.","robots":{"index":"index","follow":"follow","max-snippet":"max-snippet:-1","max-image-preview":"max-image-preview:large","max-video-preview":"max-video-preview:-1"},"canonical":"https:\/\/www.doublewdesign.it\/prodotto\/quadro-fiori-di-mandorlo\/","og_locale":"en_US","og_type":"article","og_title":"QUADRO FIORI DI MANDORLO VAN GOGH - Wdesign","og_description":"QUADRO FIORI DI MANDORLO VAN GOGH \u00e8 realizzato con la cura della manualit\u00e0 artigiana interamente in un laboratorio in Italia per garantirne la qualit\u00e0.","og_url":"https:\/\/www.doublewdesign.it\/prodotto\/quadro-fiori-di-mandorlo\/","og_site_name":"Wdesign","article_publisher":"https:\/\/www.facebook.com\/profile.php?id=100088597355679","article_modified_time":"2024-05-09T10:55:57+00:00","og_image":[{"width":1500,"height":1500,"url":"https:\/\/www.doublewdesign.it\/wp-content\/uploads\/2023\/03\/Quadro-Fiori-di-Mandorlo-moderno-arredo-muro-wdesign-macerata-marche-MUQSGB006-01.webp","type":"image\/webp"}],"twitter_card":"summary_large_image","twitter_misc":{"Est. reading time":"3 minutes"},"schema":{"@context":"https:\/\/schema.org","@graph":[{"@type":"WebPage","@id":"https:\/\/www.doublewdesign.it\/prodotto\/quadro-fiori-di-mandorlo\/","url":"https:\/\/www.doublewdesign.it\/prodotto\/quadro-fiori-di-mandorlo\/","name":"QUADRO FIORI DI MANDORLO VAN GOGH - Wdesign","isPartOf":{"@id":"https:\/\/www.doublewdesign.it\/#website"},"primaryImageOfPage":{"@id":"https:\/\/www.doublewdesign.it\/prodotto\/quadro-fiori-di-mandorlo\/#primaryimage"},"image":{"@id":"https:\/\/www.doublewdesign.it\/prodotto\/quadro-fiori-di-mandorlo\/#primaryimage"},"thumbnailUrl":"https:\/\/www.doublewdesign.it\/wp-content\/uploads\/2023\/03\/Quadro-Fiori-di-Mandorlo-moderno-arredo-muro-wdesign-macerata-marche-MUQSGB006-01.webp","datePublished":"2023-03-29T17:51:23+00:00","dateModified":"2024-05-09T10:55:57+00:00","description":"QUADRO FIORI DI MANDORLO VAN GOGH \u00e8 realizzato con la cura della manualit\u00e0 artigiana interamente in un laboratorio in Italia per garantirne la qualit\u00e0.","breadcrumb":{"@id":"https:\/\/www.doublewdesign.it\/prodotto\/quadro-fiori-di-mandorlo\/#breadcrumb"},"inLanguage":"en-US","potentialAction":[{"@type":"ReadAction","target":["https:\/\/www.doublewdesign.it\/prodotto\/quadro-fiori-di-mandorlo\/"]}]},{"@type":"ImageObject","inLanguage":"en-US","@id":"https:\/\/www.doublewdesign.it\/prodotto\/quadro-fiori-di-mandorlo\/#primaryimage","url":"https:\/\/www.doublewdesign.it\/wp-content\/uploads\/2023\/03\/Quadro-Fiori-di-Mandorlo-moderno-arredo-muro-wdesign-macerata-marche-MUQSGB006-01.webp","contentUrl":"https:\/\/www.doublewdesign.it\/wp-content\/uploads\/2023\/03\/Quadro-Fiori-di-Mandorlo-moderno-arredo-muro-wdesign-macerata-marche-MUQSGB006-01.webp","width":1500,"height":1500,"caption":"Quadro-Fiori-di-Mandorlo-moQuadro-Fiori-di-Mandorlo-moderno-arredo-muro-wdesign-macerata-marche"},{"@type":"BreadcrumbList","@id":"https:\/\/www.doublewdesign.it\/prodotto\/quadro-fiori-di-mandorlo\/#breadcrumb","itemListElement":[{"@type":"ListItem","position":1,"name":"Home","item":"https:\/\/www.doublewdesign.it\/?lang=en"},{"@type":"ListItem","position":2,"name":"Shop","item":"https:\/\/www.doublewdesign.it\/en\/shop\/"},{"@type":"ListItem","position":3,"name":"Arredo Muro","item":"https:\/\/www.doublewdesign.it\/categoria\/arredo-muro\/"},{"@type":"ListItem","position":4,"name":"QUADRO FIORI DI MANDORLO VAN GOGH"}]},{"@type":"WebSite","@id":"https:\/\/www.doublewdesign.it\/#website","url":"https:\/\/www.doublewdesign.it\/","name":"Wdesign","description":"Wdesign","publisher":{"@id":"https:\/\/www.doublewdesign.it\/#organization"},"potentialAction":[{"@type":"SearchAction","target":{"@type":"EntryPoint","urlTemplate":"https:\/\/www.doublewdesign.it\/?s={search_term_string}"},"query-input":{"@type":"PropertyValueSpecification","valueRequired":true,"valueName":"search_term_string"}}],"inLanguage":"en-US"},{"@type":"Organization","@id":"https:\/\/www.doublewdesign.it\/#organization","name":"Wdesign","url":"https:\/\/www.doublewdesign.it\/","logo":{"@type":"ImageObject","inLanguage":"en-US","@id":"https:\/\/www.doublewdesign.it\/#\/schema\/logo\/image\/","url":"https:\/\/www.doublewdesign.it\/wp-content\/uploads\/2024\/07\/wdesign_logo.png","contentUrl":"https:\/\/www.doublewdesign.it\/wp-content\/uploads\/2024\/07\/wdesign_logo.png","width":94,"height":94,"caption":"Wdesign"},"image":{"@id":"https:\/\/www.doublewdesign.it\/#\/schema\/logo\/image\/"},"sameAs":["https:\/\/www.facebook.com\/profile.php?id=100088597355679"]}]}},"_links":{"self":[{"href":"https:\/\/www.doublewdesign.it\/en\/wp-json\/wp\/v2\/product\/1679","targetHints":{"allow":["GET"]}}],"collection":[{"href":"https:\/\/www.doublewdesign.it\/en\/wp-json\/wp\/v2\/product"}],"about":[{"href":"https:\/\/www.doublewdesign.it\/en\/wp-json\/wp\/v2\/types\/product"}],"replies":[{"embeddable":true,"href":"https:\/\/www.doublewdesign.it\/en\/wp-json\/wp\/v2\/comments?post=1679"}],"wp:featuredmedia":[{"embeddable":true,"href":"https:\/\/www.doublewdesign.it\/en\/wp-json\/wp\/v2\/media\/1682"}],"wp:attachment":[{"href":"https:\/\/www.doublewdesign.it\/en\/wp-json\/wp\/v2\/media?parent=1679"}],"wp:term":[{"taxonomy":"product_brand","embeddable":true,"href":"https:\/\/www.doublewdesign.it\/en\/wp-json\/wp\/v2\/product_brand?post=1679"},{"taxonomy":"product_cat","embeddable":true,"href":"https:\/\/www.doublewdesign.it\/en\/wp-json\/wp\/v2\/product_cat?post=1679"},{"taxonomy":"product_tag","embeddable":true,"href":"https:\/\/www.doublewdesign.it\/en\/wp-json\/wp\/v2\/product_tag?post=1679"}],"curies":[{"name":"wp","href":"https:\/\/api.w.org\/{rel}","templated":true}]}}