
{"id":1621,"date":"2023-03-28T20:12:18","date_gmt":"2023-03-28T18:12:18","guid":{"rendered":"https:\/\/www.doublewdesign.it\/?post_type=product&#038;p=1621"},"modified":"2024-05-09T12:55:59","modified_gmt":"2024-05-09T10:55:59","slug":"quadro-campo-di-papaveri","status":"publish","type":"product","link":"https:\/\/www.doublewdesign.it\/en\/prodotto\/quadro-campo-di-papaveri\/","title":{"rendered":"QUADRO CAMPO DI PAPAVERI MONET"},"content":{"rendered":"<h1>QUADRO CAMPO DI PAPAVERI MONET<\/h1>\n<p class=\"western\" align=\"left\">Il QUADRO CAMPO DI PAPAVERI MONET \u00e8 prodotto da GialloBus, azienda leader del settore, realizzato con la cura della manualit\u00e0 artigiana interamente in un laboratorio in Italia. In questo modo si pu\u00f2 seguire scrupolosamente tutto il processo produttivo, dall\u2019idea alla realizzazione e alla successiva spedizione con imballi sicuri e robusti.<\/p>\n<p>Le nostre Tele Canvas possono avere o un Telaio Standard o un Telaio Premium.<\/p>\n<p>l Telaio Premium del quadro \u00e8 di vero legno massello ad alto spessore, pronto da appendere, si differenziano dai normali telai standard per il loro spessore (5 cm. circa invece di 2,5 cm.)<\/p>\n<p>Le stampe su tela canvas sono prodotte con inchiostri garantiti a vita e fissate su un robusto telaio in legno ad alto spessore al fine di appenderlo appoggiando il bordo in un solo chiodo (non fornito).<\/p>\n<p>.<\/p>\n<p>Il prodotto finito rispetta le dimensioni reali indicate nel titolo (non vengono pi\u00f9 ridotte di 5cm). L&#8217;immagine si estende anche ai lati andando a coprire il bordo del telaio, in vero legno MDF, creando un gradevole un effetto 3D.<\/p>\n<p>Il Quadro &#8220;CAMPO DI PAPAVERI&#8221; di CLAUDE MONET \u00e8 la soluzione perfetta per arredare la tua casa.<\/p>\n<h2><\/h2>\n<h3 class=\"western\">DESCRIZIONE QUADRO CAMPO DI PAPAVERI MONET:<\/h3>\n<div class=\"flex flex-grow flex-col gap-3\">\n<div class=\"min-h-[20px] flex flex-col items-start gap-4 whitespace-pre-wrap\">\n<div class=\"markdown prose w-full break-words dark:prose-invert light\">\n<p>&#8220;Campo di Papaveri&#8221; (in francese &#8220;Champ de Coquelicots&#8221;) \u00e8 un dipinto impressionista realizzato dal celebre artista francese Claude Monet nel 1873. Il dipinto raffigura un campo di papaveri in fiore, con fiori rossi e arancioni che si stagliano contro un cielo azzurro e nuvole bianche.<\/p>\n<p>Il dipinto \u00e8 caratterizzato da una resa molto libera e impressionistica, con pennellate rapide e vibranti che creano una sensazione di movimento e di luce. Monet utilizza una vasta gamma di colori per catturare l&#8217;effetto della luce del sole che illumina i papaveri e il paesaggio circostante.<\/p>\n<p>Il dipinto \u00e8 noto per la sua sensazione di leggerezza e di vitalit\u00e0, che \u00e8 tipica dell&#8217;arte impressionista. Monet ha lavorato alla stesura del dipinto all&#8217;aperto, dal vivo, per catturare l&#8217;effetto immediato della luce naturale e degli elementi della natura, come il vento che muove i papaveri.<\/p>\n<p>In definitiva, &#8220;Campo di Papaveri&#8221; \u00e8 un&#8217;opera d&#8217;arte impressionista che rappresenta la bellezza e la vitalit\u00e0 del paesaggio naturale. Il dipinto \u00e8 un esempio della capacit\u00e0 di Monet di catturare l&#8217;essenza della natura in modo vibrante e di trasmettere una sensazione di gioia e di vitalit\u00e0 attraverso l&#8217;uso del colore e della luce.<\/p>\n<p><a href=\"https:\/\/www.doublewdesign.it\/categoria\/arredo-muro\/arredo-muro-quadri-su-tela-canvas\/\">Clicca qui per vedere tutte le tele Cavas<\/a><\/p>\n<p><a href=\"https:\/\/www.instagram.com\/w_design_ig\/\">Instagram<\/a> e <a href=\"https:\/\/www.facebook.com\/2vdesign\/?show_switched_toast=0&amp;show_invite_to_follow=0&amp;show_switched_tooltip=0&amp;show_podcast_settings=0&amp;show_community_review_changes=0&amp;show_community_rollback=0&amp;show_follower_visibility_disclosure=0\">Facebook<\/a><\/p>\n<\/div>\n<\/div>\n<\/div>\n<p class=\"western\" align=\"left\">\n","protected":false},"excerpt":{"rendered":"<p>Il quadro \u00e8 realizzato con la cura della\u00a0<strong>manualit\u00e0 artigian<\/strong>a interamente in un laboratorio in <strong>Italia<\/strong>. In questo modo si pu\u00f2 seguire scrupolosamente tutto il processo produttivo, dall\u2019idea alla realizzazione e alla successiva spedizione con<strong>\u00a0imballi sicuri e robusti<\/strong>.<\/p>\n<p>Il nostri quadri possono essere realizzati con\u00a0<strong>dimensioni variabili<\/strong>\u00a0e con la scelta del telaio standard o premium.<\/p>\n<p>Telaio<strong>\u00a0Standard<\/strong>: \u00e8 realizzato in legno MDF alta qualit\u00e0 spessore 2.5 cm.<\/p>\n<p>Telaio\u00a0<strong>Premium<\/strong>: \u00e8 realizzato in legno massello alta qualit\u00e0 pi\u00f9 robusto con uno spessore di 5 cm.<\/p>\n<h2>.<\/h2>\n","protected":false},"featured_media":1623,"comment_status":"open","ping_status":"closed","template":"","meta":{"_themeisle_gutenberg_block_has_review":false},"product_brand":[],"product_cat":[29,34],"product_tag":[],"class_list":{"0":"post-1621","1":"product","2":"type-product","3":"status-publish","4":"has-post-thumbnail","6":"product_cat-arredo-muro","7":"product_cat-arredo-muro-quadri-su-tela-canvas","9":"first","10":"instock","11":"taxable","12":"shipping-taxable","13":"purchasable","14":"product-type-variable"},"yoast_head":"<!-- This site is optimized with the Yoast SEO plugin v27.4 - https:\/\/yoast.com\/product\/yoast-seo-wordpress\/ -->\n<title>QUADRO CAMPO DI PAPAVERI MONET - Wdesign<\/title>\n<meta name=\"description\" content=\"QUADRO CAMPO DI PAPAVERI MONET \u00e8 realizzato con la cura della manualit\u00e0 artigiana interamente in un laboratorio in Italia per garantirne la qualit\u00e0.\" \/>\n<meta name=\"robots\" content=\"index, follow, max-snippet:-1, max-image-preview:large, max-video-preview:-1\" \/>\n<link rel=\"canonical\" href=\"https:\/\/www.doublewdesign.it\/prodotto\/quadro-campo-di-papaveri\/\" \/>\n<meta property=\"og:locale\" content=\"en_US\" \/>\n<meta property=\"og:type\" content=\"article\" \/>\n<meta property=\"og:title\" content=\"QUADRO CAMPO DI PAPAVERI MONET - Wdesign\" \/>\n<meta property=\"og:description\" content=\"QUADRO CAMPO DI PAPAVERI MONET \u00e8 realizzato con la cura della manualit\u00e0 artigiana interamente in un laboratorio in Italia per garantirne la qualit\u00e0.\" \/>\n<meta property=\"og:url\" content=\"https:\/\/www.doublewdesign.it\/prodotto\/quadro-campo-di-papaveri\/\" \/>\n<meta property=\"og:site_name\" content=\"Wdesign\" \/>\n<meta property=\"article:publisher\" content=\"https:\/\/www.facebook.com\/profile.php?id=100088597355679\" \/>\n<meta property=\"article:modified_time\" content=\"2024-05-09T10:55:59+00:00\" \/>\n<meta property=\"og:image\" content=\"https:\/\/www.doublewdesign.it\/wp-content\/uploads\/2023\/03\/quadro-canvas-campo-di-papaveri-caude-monet-classico-wdesign-macerata-marche-MUQSGB003-01.webp\" \/>\n\t<meta property=\"og:image:width\" content=\"1500\" \/>\n\t<meta property=\"og:image:height\" content=\"1500\" \/>\n\t<meta property=\"og:image:type\" content=\"image\/webp\" \/>\n<meta name=\"twitter:card\" content=\"summary_large_image\" \/>\n<meta name=\"twitter:label1\" content=\"Est. reading time\" \/>\n\t<meta name=\"twitter:data1\" content=\"3 minutes\" \/>\n<script type=\"application\/ld+json\" class=\"yoast-schema-graph\">{\"@context\":\"https:\\\/\\\/schema.org\",\"@graph\":[{\"@type\":\"WebPage\",\"@id\":\"https:\\\/\\\/www.doublewdesign.it\\\/prodotto\\\/quadro-campo-di-papaveri\\\/\",\"url\":\"https:\\\/\\\/www.doublewdesign.it\\\/prodotto\\\/quadro-campo-di-papaveri\\\/\",\"name\":\"QUADRO CAMPO DI PAPAVERI MONET - Wdesign\",\"isPartOf\":{\"@id\":\"https:\\\/\\\/www.doublewdesign.it\\\/#website\"},\"primaryImageOfPage\":{\"@id\":\"https:\\\/\\\/www.doublewdesign.it\\\/prodotto\\\/quadro-campo-di-papaveri\\\/#primaryimage\"},\"image\":{\"@id\":\"https:\\\/\\\/www.doublewdesign.it\\\/prodotto\\\/quadro-campo-di-papaveri\\\/#primaryimage\"},\"thumbnailUrl\":\"https:\\\/\\\/www.doublewdesign.it\\\/wp-content\\\/uploads\\\/2023\\\/03\\\/quadro-canvas-campo-di-papaveri-caude-monet-classico-wdesign-macerata-marche-MUQSGB003-01.webp\",\"datePublished\":\"2023-03-28T18:12:18+00:00\",\"dateModified\":\"2024-05-09T10:55:59+00:00\",\"description\":\"QUADRO CAMPO DI PAPAVERI MONET \u00e8 realizzato con la cura della manualit\u00e0 artigiana interamente in un laboratorio in Italia per garantirne la qualit\u00e0.\",\"breadcrumb\":{\"@id\":\"https:\\\/\\\/www.doublewdesign.it\\\/prodotto\\\/quadro-campo-di-papaveri\\\/#breadcrumb\"},\"inLanguage\":\"en-US\",\"potentialAction\":[{\"@type\":\"ReadAction\",\"target\":[\"https:\\\/\\\/www.doublewdesign.it\\\/prodotto\\\/quadro-campo-di-papaveri\\\/\"]}]},{\"@type\":\"ImageObject\",\"inLanguage\":\"en-US\",\"@id\":\"https:\\\/\\\/www.doublewdesign.it\\\/prodotto\\\/quadro-campo-di-papaveri\\\/#primaryimage\",\"url\":\"https:\\\/\\\/www.doublewdesign.it\\\/wp-content\\\/uploads\\\/2023\\\/03\\\/quadro-canvas-campo-di-papaveri-caude-monet-classico-wdesign-macerata-marche-MUQSGB003-01.webp\",\"contentUrl\":\"https:\\\/\\\/www.doublewdesign.it\\\/wp-content\\\/uploads\\\/2023\\\/03\\\/quadro-canvas-campo-di-papaveri-caude-monet-classico-wdesign-macerata-marche-MUQSGB003-01.webp\",\"width\":1500,\"height\":1500,\"caption\":\"quadro-canvas-campo-di-papaveri-caude-monet-classico-wdesign-macerata-marche-\"},{\"@type\":\"BreadcrumbList\",\"@id\":\"https:\\\/\\\/www.doublewdesign.it\\\/prodotto\\\/quadro-campo-di-papaveri\\\/#breadcrumb\",\"itemListElement\":[{\"@type\":\"ListItem\",\"position\":1,\"name\":\"Home\",\"item\":\"https:\\\/\\\/www.doublewdesign.it\\\/?lang=en\"},{\"@type\":\"ListItem\",\"position\":2,\"name\":\"Shop\",\"item\":\"https:\\\/\\\/www.doublewdesign.it\\\/en\\\/shop\\\/\"},{\"@type\":\"ListItem\",\"position\":3,\"name\":\"Arredo Muro\",\"item\":\"https:\\\/\\\/www.doublewdesign.it\\\/categoria\\\/arredo-muro\\\/\"},{\"@type\":\"ListItem\",\"position\":4,\"name\":\"QUADRO CAMPO DI PAPAVERI MONET\"}]},{\"@type\":\"WebSite\",\"@id\":\"https:\\\/\\\/www.doublewdesign.it\\\/#website\",\"url\":\"https:\\\/\\\/www.doublewdesign.it\\\/\",\"name\":\"Wdesign\",\"description\":\"Wdesign\",\"publisher\":{\"@id\":\"https:\\\/\\\/www.doublewdesign.it\\\/#organization\"},\"potentialAction\":[{\"@type\":\"SearchAction\",\"target\":{\"@type\":\"EntryPoint\",\"urlTemplate\":\"https:\\\/\\\/www.doublewdesign.it\\\/?s={search_term_string}\"},\"query-input\":{\"@type\":\"PropertyValueSpecification\",\"valueRequired\":true,\"valueName\":\"search_term_string\"}}],\"inLanguage\":\"en-US\"},{\"@type\":\"Organization\",\"@id\":\"https:\\\/\\\/www.doublewdesign.it\\\/#organization\",\"name\":\"Wdesign\",\"url\":\"https:\\\/\\\/www.doublewdesign.it\\\/\",\"logo\":{\"@type\":\"ImageObject\",\"inLanguage\":\"en-US\",\"@id\":\"https:\\\/\\\/www.doublewdesign.it\\\/#\\\/schema\\\/logo\\\/image\\\/\",\"url\":\"https:\\\/\\\/www.doublewdesign.it\\\/wp-content\\\/uploads\\\/2024\\\/07\\\/wdesign_logo.png\",\"contentUrl\":\"https:\\\/\\\/www.doublewdesign.it\\\/wp-content\\\/uploads\\\/2024\\\/07\\\/wdesign_logo.png\",\"width\":94,\"height\":94,\"caption\":\"Wdesign\"},\"image\":{\"@id\":\"https:\\\/\\\/www.doublewdesign.it\\\/#\\\/schema\\\/logo\\\/image\\\/\"},\"sameAs\":[\"https:\\\/\\\/www.facebook.com\\\/profile.php?id=100088597355679\"]}]}<\/script>\n<!-- \/ Yoast SEO plugin. -->","yoast_head_json":{"title":"QUADRO CAMPO DI PAPAVERI MONET - Wdesign","description":"QUADRO CAMPO DI PAPAVERI MONET \u00e8 realizzato con la cura della manualit\u00e0 artigiana interamente in un laboratorio in Italia per garantirne la qualit\u00e0.","robots":{"index":"index","follow":"follow","max-snippet":"max-snippet:-1","max-image-preview":"max-image-preview:large","max-video-preview":"max-video-preview:-1"},"canonical":"https:\/\/www.doublewdesign.it\/prodotto\/quadro-campo-di-papaveri\/","og_locale":"en_US","og_type":"article","og_title":"QUADRO CAMPO DI PAPAVERI MONET - Wdesign","og_description":"QUADRO CAMPO DI PAPAVERI MONET \u00e8 realizzato con la cura della manualit\u00e0 artigiana interamente in un laboratorio in Italia per garantirne la qualit\u00e0.","og_url":"https:\/\/www.doublewdesign.it\/prodotto\/quadro-campo-di-papaveri\/","og_site_name":"Wdesign","article_publisher":"https:\/\/www.facebook.com\/profile.php?id=100088597355679","article_modified_time":"2024-05-09T10:55:59+00:00","og_image":[{"width":1500,"height":1500,"url":"https:\/\/www.doublewdesign.it\/wp-content\/uploads\/2023\/03\/quadro-canvas-campo-di-papaveri-caude-monet-classico-wdesign-macerata-marche-MUQSGB003-01.webp","type":"image\/webp"}],"twitter_card":"summary_large_image","twitter_misc":{"Est. reading time":"3 minutes"},"schema":{"@context":"https:\/\/schema.org","@graph":[{"@type":"WebPage","@id":"https:\/\/www.doublewdesign.it\/prodotto\/quadro-campo-di-papaveri\/","url":"https:\/\/www.doublewdesign.it\/prodotto\/quadro-campo-di-papaveri\/","name":"QUADRO CAMPO DI PAPAVERI MONET - Wdesign","isPartOf":{"@id":"https:\/\/www.doublewdesign.it\/#website"},"primaryImageOfPage":{"@id":"https:\/\/www.doublewdesign.it\/prodotto\/quadro-campo-di-papaveri\/#primaryimage"},"image":{"@id":"https:\/\/www.doublewdesign.it\/prodotto\/quadro-campo-di-papaveri\/#primaryimage"},"thumbnailUrl":"https:\/\/www.doublewdesign.it\/wp-content\/uploads\/2023\/03\/quadro-canvas-campo-di-papaveri-caude-monet-classico-wdesign-macerata-marche-MUQSGB003-01.webp","datePublished":"2023-03-28T18:12:18+00:00","dateModified":"2024-05-09T10:55:59+00:00","description":"QUADRO CAMPO DI PAPAVERI MONET \u00e8 realizzato con la cura della manualit\u00e0 artigiana interamente in un laboratorio in Italia per garantirne la qualit\u00e0.","breadcrumb":{"@id":"https:\/\/www.doublewdesign.it\/prodotto\/quadro-campo-di-papaveri\/#breadcrumb"},"inLanguage":"en-US","potentialAction":[{"@type":"ReadAction","target":["https:\/\/www.doublewdesign.it\/prodotto\/quadro-campo-di-papaveri\/"]}]},{"@type":"ImageObject","inLanguage":"en-US","@id":"https:\/\/www.doublewdesign.it\/prodotto\/quadro-campo-di-papaveri\/#primaryimage","url":"https:\/\/www.doublewdesign.it\/wp-content\/uploads\/2023\/03\/quadro-canvas-campo-di-papaveri-caude-monet-classico-wdesign-macerata-marche-MUQSGB003-01.webp","contentUrl":"https:\/\/www.doublewdesign.it\/wp-content\/uploads\/2023\/03\/quadro-canvas-campo-di-papaveri-caude-monet-classico-wdesign-macerata-marche-MUQSGB003-01.webp","width":1500,"height":1500,"caption":"quadro-canvas-campo-di-papaveri-caude-monet-classico-wdesign-macerata-marche-"},{"@type":"BreadcrumbList","@id":"https:\/\/www.doublewdesign.it\/prodotto\/quadro-campo-di-papaveri\/#breadcrumb","itemListElement":[{"@type":"ListItem","position":1,"name":"Home","item":"https:\/\/www.doublewdesign.it\/?lang=en"},{"@type":"ListItem","position":2,"name":"Shop","item":"https:\/\/www.doublewdesign.it\/en\/shop\/"},{"@type":"ListItem","position":3,"name":"Arredo Muro","item":"https:\/\/www.doublewdesign.it\/categoria\/arredo-muro\/"},{"@type":"ListItem","position":4,"name":"QUADRO CAMPO DI PAPAVERI MONET"}]},{"@type":"WebSite","@id":"https:\/\/www.doublewdesign.it\/#website","url":"https:\/\/www.doublewdesign.it\/","name":"Wdesign","description":"Wdesign","publisher":{"@id":"https:\/\/www.doublewdesign.it\/#organization"},"potentialAction":[{"@type":"SearchAction","target":{"@type":"EntryPoint","urlTemplate":"https:\/\/www.doublewdesign.it\/?s={search_term_string}"},"query-input":{"@type":"PropertyValueSpecification","valueRequired":true,"valueName":"search_term_string"}}],"inLanguage":"en-US"},{"@type":"Organization","@id":"https:\/\/www.doublewdesign.it\/#organization","name":"Wdesign","url":"https:\/\/www.doublewdesign.it\/","logo":{"@type":"ImageObject","inLanguage":"en-US","@id":"https:\/\/www.doublewdesign.it\/#\/schema\/logo\/image\/","url":"https:\/\/www.doublewdesign.it\/wp-content\/uploads\/2024\/07\/wdesign_logo.png","contentUrl":"https:\/\/www.doublewdesign.it\/wp-content\/uploads\/2024\/07\/wdesign_logo.png","width":94,"height":94,"caption":"Wdesign"},"image":{"@id":"https:\/\/www.doublewdesign.it\/#\/schema\/logo\/image\/"},"sameAs":["https:\/\/www.facebook.com\/profile.php?id=100088597355679"]}]}},"_links":{"self":[{"href":"https:\/\/www.doublewdesign.it\/en\/wp-json\/wp\/v2\/product\/1621","targetHints":{"allow":["GET"]}}],"collection":[{"href":"https:\/\/www.doublewdesign.it\/en\/wp-json\/wp\/v2\/product"}],"about":[{"href":"https:\/\/www.doublewdesign.it\/en\/wp-json\/wp\/v2\/types\/product"}],"replies":[{"embeddable":true,"href":"https:\/\/www.doublewdesign.it\/en\/wp-json\/wp\/v2\/comments?post=1621"}],"wp:featuredmedia":[{"embeddable":true,"href":"https:\/\/www.doublewdesign.it\/en\/wp-json\/wp\/v2\/media\/1623"}],"wp:attachment":[{"href":"https:\/\/www.doublewdesign.it\/en\/wp-json\/wp\/v2\/media?parent=1621"}],"wp:term":[{"taxonomy":"product_brand","embeddable":true,"href":"https:\/\/www.doublewdesign.it\/en\/wp-json\/wp\/v2\/product_brand?post=1621"},{"taxonomy":"product_cat","embeddable":true,"href":"https:\/\/www.doublewdesign.it\/en\/wp-json\/wp\/v2\/product_cat?post=1621"},{"taxonomy":"product_tag","embeddable":true,"href":"https:\/\/www.doublewdesign.it\/en\/wp-json\/wp\/v2\/product_tag?post=1621"}],"curies":[{"name":"wp","href":"https:\/\/api.w.org\/{rel}","templated":true}]}}