
{"id":137,"date":"2022-10-04T08:35:08","date_gmt":"2022-10-04T06:35:08","guid":{"rendered":"https:\/\/www.doublewdesign.it\/?post_type=product&#038;p=137"},"modified":"2025-11-29T12:22:39","modified_gmt":"2025-11-29T10:22:39","slug":"mr-wattson-flash-red","status":"publish","type":"product","link":"https:\/\/www.doublewdesign.it\/en\/prodotto\/mr-wattson-flash-red\/","title":{"rendered":"Mr Wattson Flash Red lampada d&#8217;appoggio in legno"},"content":{"rendered":"<h1>Mr Wattson Flash Red lampada d&#8217;appoggio in legno<\/h1>\n<p>Piffany Copenhagen Mr Wattson Flash Red lampada d&#8217;appoggio in legno \u00e8 un brand di design inventore della lampada Mr Wattson \u00e8 dedicato ad aiutare i propri clienti a scoprire prodotti divertenti e unici. Sono specializzati in creazioni che non si vedono ovunque e caratterizzate da un carattere folle e stravagante.<\/p>\n<p>Per Piffany Copenhagen, Mr Wattson \u00e8 la missione di portare personalit\u00e0 alle case, e questo \u00e8 evidente in tutti i loro prodotti, sia lampade che accessori. I materiali e le forme sono stati elaborati in modo sperimentale ci\u00f2 che rende i prodotti Piffany assolutamente unici.<\/p>\n<p>Mr Wattson \u00e8 l&#8217;ultima aggiunta all\u2019universo fantasioso di Piffany Copenhagen, e questo cuginetto divertente pu\u00f2 inserirsi in casa, ovunque tu pensi che manchi un&#8217;elemento unico, che crea un senso di accoglienza e personalit\u00e0. Mr Wattson \u00e8 disponibile in diversi colori.<\/p>\n<h3>Descrizione prodotto Mr Wattson Flash Red lampada d&#8217;appoggio in legno :<\/h3>\n<p>Cattura l&#8217;eleganza retr\u00f2 con la lampada Mr. Wattson: un&#8217;opera d&#8217;arte illuminante che fonde design vintage degli anni &#8217;30 con materiali di alta qualit\u00e0. Realizzata con legno pregiato e dettagli in metallo, ogni lampada Mr. Wattson \u00e8 una dichiarazione di stile. L&#8217;illuminazione calda e avvolgente crea un&#8217;atmosfera accogliente, rendendo questa lampada perfetta per dare un tocco di classe a ogni ambiente. Scegli l&#8217;eccellenza nell&#8217;illuminazione e l&#8217;estetica raffinata con la lampada Mr. Wattson. Esplora la collezione ora per illuminare la tua casa con un tocco di charme vintage e funzionalit\u00e0 moderna.<\/p>\n<p>Potrai metterla in posizione rilassata con i piedi aperti sul tavolo oppure allegramente penzolante dal tavolo stesso o ancora serenamente posizionata sul bordo di un ripiano, le giunture mobili e flessibili danno diverse opportunit\u00e0 di adattamento.<\/p>\n<p>Il faro \u00e8 regolabile e, grazie al suo snodo consentir\u00e0 di direzionare la luce in base alle tue esigenze del momento.<\/p>\n<p>La lampada Mr Wattson \u00e8 realizzata in lega di alta qualit\u00e0 e legno di frassino. Il rivestimento pu\u00f2 sopportare una temperatura fino a 200\u00b0 C e il paralume \u00e8 regolabile a 120\u00b0.<\/p>\n<h5>Dimensioni :<\/h5>\n<p><strong>Altezza<\/strong> : 18 &#8211; 40 cm<\/p>\n<p><strong>Lunghezza<\/strong> : 27,60 cm<\/p>\n<p><strong>Larghezza<\/strong> : 15,50 cm<\/p>\n<p><b>Colore:\u00a0<\/b>Rosso<\/p>\n<p><b>Materiale: <\/b>Legno &amp; Metallo<\/p>\n<p><b>\u00d8 (Diametro): <\/b>275 mm<\/p>\n<p><b>Sorgente luminosa: <\/b>2.5W G4 &#8211; 200 Lumen<\/p>\n<p><b>Dimmenabile: <\/b>No<\/p>\n<div class=\"col\">\n<div class=\"item-pim__entity \">\n<div class=\"item-pim__name\"><b>Cavo: <\/b>2000 mm<\/div>\n<\/div>\n<\/div>\n<div><\/div>\n<div>\n<p><a href=\"https:\/\/www.doublewdesign.it\/categoria\/complementi-arredo\/complementi-arredo-lampade\/\">Clicca qui per vedere la nostra selezione di lampade<\/a><\/p>\n<p><a href=\"https:\/\/www.instagram.com\/w_design_ig\/\">Instagram<\/a> e <a href=\"https:\/\/www.facebook.com\/2vdesign\/?show_switched_toast=0&amp;show_invite_to_follow=0&amp;show_switched_tooltip=0&amp;show_podcast_settings=0&amp;show_community_review_changes=0&amp;show_community_rollback=0&amp;show_follower_visibility_disclosure=0\">Facebook<\/a><\/p>\n<\/div>\n","protected":false},"excerpt":{"rendered":"<p>Mr Wattson \u00e8 una lampada da tavolo dal design graffiante. Moderna e flessibile, la struttura \u00e8 realizzata in legno di frassino lavorato a mano e lega di metallo.<\/p>\n<p>Questa lampada, con il suo riconoscibile tocco nordico, incanta le persone di ogni et\u00e0.<\/p>\n<p><strong>Altezza<\/strong> : 18 &#8211; 40 cm<\/p>\n<p><strong>Lunghezza<\/strong> : 27,60 cm<\/p>\n<p><strong>Larghezza<\/strong> : 15,50 cm<\/p>\n<p><b>Colore:\u00a0<\/b>Rosso<\/p>\n<p><b>Materiale: <\/b>Legno &amp; Metallo<\/p>\n<p><b>\u00d8 (Diametro): <\/b>275 mm<\/p>\n<p><b>Sorgente luminosa: <\/b>2.5W G4 &#8211; 200 Lumen<\/p>\n<p><b>Dimmenabile: <\/b>No<\/p>\n<div class=\"col\">\n<div class=\"item-pim__entity \">\n<div class=\"item-pim__name\"><b>Cavo: <\/b>2000 mm<\/div>\n<\/div>\n<\/div>\n","protected":false},"featured_media":5262,"comment_status":"open","ping_status":"closed","template":"","meta":{"_themeisle_gutenberg_block_has_review":false},"product_brand":[],"product_cat":[],"product_tag":[],"class_list":{"0":"post-137","1":"product","2":"type-product","3":"status-publish","4":"has-post-thumbnail","7":"first","8":"instock","9":"taxable","10":"shipping-taxable","11":"purchasable","12":"product-type-simple"},"yoast_head":"<!-- This site is optimized with the Yoast SEO plugin v27.5 - https:\/\/yoast.com\/product\/yoast-seo-wordpress\/ -->\n<title>Mr Wattson Flash Red lampada d&#039;appoggio in legno - Wdesign<\/title>\n<meta name=\"description\" content=\"Mr Wattson Flash Red \u00e8 una lampada realizzata in legno di frassino dagli artigiani di Copenaghen e come cappello ha il faro della famosa vespa anni 1946\" \/>\n<meta name=\"robots\" content=\"index, follow, max-snippet:-1, max-image-preview:large, max-video-preview:-1\" \/>\n<link rel=\"canonical\" href=\"https:\/\/www.doublewdesign.it\/prodotto\/mr-wattson-flash-red\/\" \/>\n<meta property=\"og:locale\" content=\"en_US\" \/>\n<meta property=\"og:type\" content=\"article\" \/>\n<meta property=\"og:title\" content=\"Mr Wattson Flash Red lampada d&#039;appoggio in legno - Wdesign\" \/>\n<meta property=\"og:description\" content=\"Mr Wattson Flash Red \u00e8 una lampada realizzata in legno di frassino dagli artigiani di Copenaghen e come cappello ha il faro della famosa vespa anni 1946\" \/>\n<meta property=\"og:url\" content=\"https:\/\/www.doublewdesign.it\/prodotto\/mr-wattson-flash-red\/\" \/>\n<meta property=\"og:site_name\" content=\"Wdesign\" \/>\n<meta property=\"article:publisher\" content=\"https:\/\/www.facebook.com\/profile.php?id=100088597355679\" \/>\n<meta property=\"article:modified_time\" content=\"2025-11-29T10:22:39+00:00\" \/>\n<meta property=\"og:image\" content=\"https:\/\/www.doublewdesign.it\/wp-content\/uploads\/2022\/10\/Lampada-Mr-Wattson-grande-rosso-arredo-design-Wdesign-macerata-marche-CALPGO008-Copia.webp\" \/>\n\t<meta property=\"og:image:width\" content=\"760\" \/>\n\t<meta property=\"og:image:height\" content=\"760\" \/>\n\t<meta property=\"og:image:type\" content=\"image\/webp\" \/>\n<meta name=\"twitter:card\" content=\"summary_large_image\" \/>\n<meta name=\"twitter:label1\" content=\"Est. reading time\" \/>\n\t<meta name=\"twitter:data1\" content=\"3 minutes\" \/>\n<script type=\"application\/ld+json\" class=\"yoast-schema-graph\">{\"@context\":\"https:\\\/\\\/schema.org\",\"@graph\":[{\"@type\":\"WebPage\",\"@id\":\"https:\\\/\\\/www.doublewdesign.it\\\/prodotto\\\/mr-wattson-flash-red\\\/\",\"url\":\"https:\\\/\\\/www.doublewdesign.it\\\/prodotto\\\/mr-wattson-flash-red\\\/\",\"name\":\"Mr Wattson Flash Red lampada d'appoggio in legno - Wdesign\",\"isPartOf\":{\"@id\":\"https:\\\/\\\/www.doublewdesign.it\\\/#website\"},\"primaryImageOfPage\":{\"@id\":\"https:\\\/\\\/www.doublewdesign.it\\\/prodotto\\\/mr-wattson-flash-red\\\/#primaryimage\"},\"image\":{\"@id\":\"https:\\\/\\\/www.doublewdesign.it\\\/prodotto\\\/mr-wattson-flash-red\\\/#primaryimage\"},\"thumbnailUrl\":\"https:\\\/\\\/www.doublewdesign.it\\\/wp-content\\\/uploads\\\/2022\\\/10\\\/Lampada-Mr-Wattson-grande-rosso-arredo-design-Wdesign-macerata-marche-CALPGO008-Copia.webp\",\"datePublished\":\"2022-10-04T06:35:08+00:00\",\"dateModified\":\"2025-11-29T10:22:39+00:00\",\"description\":\"Mr Wattson Flash Red \u00e8 una lampada realizzata in legno di frassino dagli artigiani di Copenaghen e come cappello ha il faro della famosa vespa anni 1946\",\"breadcrumb\":{\"@id\":\"https:\\\/\\\/www.doublewdesign.it\\\/prodotto\\\/mr-wattson-flash-red\\\/#breadcrumb\"},\"inLanguage\":\"en-US\",\"potentialAction\":[{\"@type\":\"ReadAction\",\"target\":[\"https:\\\/\\\/www.doublewdesign.it\\\/prodotto\\\/mr-wattson-flash-red\\\/\"]}]},{\"@type\":\"ImageObject\",\"inLanguage\":\"en-US\",\"@id\":\"https:\\\/\\\/www.doublewdesign.it\\\/prodotto\\\/mr-wattson-flash-red\\\/#primaryimage\",\"url\":\"https:\\\/\\\/www.doublewdesign.it\\\/wp-content\\\/uploads\\\/2022\\\/10\\\/Lampada-Mr-Wattson-grande-rosso-arredo-design-Wdesign-macerata-marche-CALPGO008-Copia.webp\",\"contentUrl\":\"https:\\\/\\\/www.doublewdesign.it\\\/wp-content\\\/uploads\\\/2022\\\/10\\\/Lampada-Mr-Wattson-grande-rosso-arredo-design-Wdesign-macerata-marche-CALPGO008-Copia.webp\",\"width\":760,\"height\":760,\"caption\":\"Lampada Mr Wattson grande rosso - arredo design - Wdesign - macerata - marche - CALPGO008 - Copia\"},{\"@type\":\"BreadcrumbList\",\"@id\":\"https:\\\/\\\/www.doublewdesign.it\\\/prodotto\\\/mr-wattson-flash-red\\\/#breadcrumb\",\"itemListElement\":[{\"@type\":\"ListItem\",\"position\":1,\"name\":\"Home\",\"item\":\"https:\\\/\\\/www.doublewdesign.it\\\/?lang=en\"},{\"@type\":\"ListItem\",\"position\":2,\"name\":\"Shop\",\"item\":\"https:\\\/\\\/www.doublewdesign.it\\\/en\\\/shop\\\/\"},{\"@type\":\"ListItem\",\"position\":3,\"name\":\"Mr Wattson Flash Red lampada d&#8217;appoggio in legno\"}]},{\"@type\":\"WebSite\",\"@id\":\"https:\\\/\\\/www.doublewdesign.it\\\/#website\",\"url\":\"https:\\\/\\\/www.doublewdesign.it\\\/\",\"name\":\"Wdesign\",\"description\":\"Wdesign\",\"publisher\":{\"@id\":\"https:\\\/\\\/www.doublewdesign.it\\\/#organization\"},\"potentialAction\":[{\"@type\":\"SearchAction\",\"target\":{\"@type\":\"EntryPoint\",\"urlTemplate\":\"https:\\\/\\\/www.doublewdesign.it\\\/?s={search_term_string}\"},\"query-input\":{\"@type\":\"PropertyValueSpecification\",\"valueRequired\":true,\"valueName\":\"search_term_string\"}}],\"inLanguage\":\"en-US\"},{\"@type\":\"Organization\",\"@id\":\"https:\\\/\\\/www.doublewdesign.it\\\/#organization\",\"name\":\"Wdesign\",\"url\":\"https:\\\/\\\/www.doublewdesign.it\\\/\",\"logo\":{\"@type\":\"ImageObject\",\"inLanguage\":\"en-US\",\"@id\":\"https:\\\/\\\/www.doublewdesign.it\\\/#\\\/schema\\\/logo\\\/image\\\/\",\"url\":\"https:\\\/\\\/www.doublewdesign.it\\\/wp-content\\\/uploads\\\/2024\\\/07\\\/wdesign_logo.png\",\"contentUrl\":\"https:\\\/\\\/www.doublewdesign.it\\\/wp-content\\\/uploads\\\/2024\\\/07\\\/wdesign_logo.png\",\"width\":94,\"height\":94,\"caption\":\"Wdesign\"},\"image\":{\"@id\":\"https:\\\/\\\/www.doublewdesign.it\\\/#\\\/schema\\\/logo\\\/image\\\/\"},\"sameAs\":[\"https:\\\/\\\/www.facebook.com\\\/profile.php?id=100088597355679\"]}]}<\/script>\n<!-- \/ Yoast SEO plugin. -->","yoast_head_json":{"title":"Mr Wattson Flash Red lampada d'appoggio in legno - Wdesign","description":"Mr Wattson Flash Red \u00e8 una lampada realizzata in legno di frassino dagli artigiani di Copenaghen e come cappello ha il faro della famosa vespa anni 1946","robots":{"index":"index","follow":"follow","max-snippet":"max-snippet:-1","max-image-preview":"max-image-preview:large","max-video-preview":"max-video-preview:-1"},"canonical":"https:\/\/www.doublewdesign.it\/prodotto\/mr-wattson-flash-red\/","og_locale":"en_US","og_type":"article","og_title":"Mr Wattson Flash Red lampada d'appoggio in legno - Wdesign","og_description":"Mr Wattson Flash Red \u00e8 una lampada realizzata in legno di frassino dagli artigiani di Copenaghen e come cappello ha il faro della famosa vespa anni 1946","og_url":"https:\/\/www.doublewdesign.it\/prodotto\/mr-wattson-flash-red\/","og_site_name":"Wdesign","article_publisher":"https:\/\/www.facebook.com\/profile.php?id=100088597355679","article_modified_time":"2025-11-29T10:22:39+00:00","og_image":[{"width":760,"height":760,"url":"https:\/\/www.doublewdesign.it\/wp-content\/uploads\/2022\/10\/Lampada-Mr-Wattson-grande-rosso-arredo-design-Wdesign-macerata-marche-CALPGO008-Copia.webp","type":"image\/webp"}],"twitter_card":"summary_large_image","twitter_misc":{"Est. reading time":"3 minutes"},"schema":{"@context":"https:\/\/schema.org","@graph":[{"@type":"WebPage","@id":"https:\/\/www.doublewdesign.it\/prodotto\/mr-wattson-flash-red\/","url":"https:\/\/www.doublewdesign.it\/prodotto\/mr-wattson-flash-red\/","name":"Mr Wattson Flash Red lampada d'appoggio in legno - Wdesign","isPartOf":{"@id":"https:\/\/www.doublewdesign.it\/#website"},"primaryImageOfPage":{"@id":"https:\/\/www.doublewdesign.it\/prodotto\/mr-wattson-flash-red\/#primaryimage"},"image":{"@id":"https:\/\/www.doublewdesign.it\/prodotto\/mr-wattson-flash-red\/#primaryimage"},"thumbnailUrl":"https:\/\/www.doublewdesign.it\/wp-content\/uploads\/2022\/10\/Lampada-Mr-Wattson-grande-rosso-arredo-design-Wdesign-macerata-marche-CALPGO008-Copia.webp","datePublished":"2022-10-04T06:35:08+00:00","dateModified":"2025-11-29T10:22:39+00:00","description":"Mr Wattson Flash Red \u00e8 una lampada realizzata in legno di frassino dagli artigiani di Copenaghen e come cappello ha il faro della famosa vespa anni 1946","breadcrumb":{"@id":"https:\/\/www.doublewdesign.it\/prodotto\/mr-wattson-flash-red\/#breadcrumb"},"inLanguage":"en-US","potentialAction":[{"@type":"ReadAction","target":["https:\/\/www.doublewdesign.it\/prodotto\/mr-wattson-flash-red\/"]}]},{"@type":"ImageObject","inLanguage":"en-US","@id":"https:\/\/www.doublewdesign.it\/prodotto\/mr-wattson-flash-red\/#primaryimage","url":"https:\/\/www.doublewdesign.it\/wp-content\/uploads\/2022\/10\/Lampada-Mr-Wattson-grande-rosso-arredo-design-Wdesign-macerata-marche-CALPGO008-Copia.webp","contentUrl":"https:\/\/www.doublewdesign.it\/wp-content\/uploads\/2022\/10\/Lampada-Mr-Wattson-grande-rosso-arredo-design-Wdesign-macerata-marche-CALPGO008-Copia.webp","width":760,"height":760,"caption":"Lampada Mr Wattson grande rosso - arredo design - Wdesign - macerata - marche - CALPGO008 - Copia"},{"@type":"BreadcrumbList","@id":"https:\/\/www.doublewdesign.it\/prodotto\/mr-wattson-flash-red\/#breadcrumb","itemListElement":[{"@type":"ListItem","position":1,"name":"Home","item":"https:\/\/www.doublewdesign.it\/?lang=en"},{"@type":"ListItem","position":2,"name":"Shop","item":"https:\/\/www.doublewdesign.it\/en\/shop\/"},{"@type":"ListItem","position":3,"name":"Mr Wattson Flash Red lampada d&#8217;appoggio in legno"}]},{"@type":"WebSite","@id":"https:\/\/www.doublewdesign.it\/#website","url":"https:\/\/www.doublewdesign.it\/","name":"Wdesign","description":"Wdesign","publisher":{"@id":"https:\/\/www.doublewdesign.it\/#organization"},"potentialAction":[{"@type":"SearchAction","target":{"@type":"EntryPoint","urlTemplate":"https:\/\/www.doublewdesign.it\/?s={search_term_string}"},"query-input":{"@type":"PropertyValueSpecification","valueRequired":true,"valueName":"search_term_string"}}],"inLanguage":"en-US"},{"@type":"Organization","@id":"https:\/\/www.doublewdesign.it\/#organization","name":"Wdesign","url":"https:\/\/www.doublewdesign.it\/","logo":{"@type":"ImageObject","inLanguage":"en-US","@id":"https:\/\/www.doublewdesign.it\/#\/schema\/logo\/image\/","url":"https:\/\/www.doublewdesign.it\/wp-content\/uploads\/2024\/07\/wdesign_logo.png","contentUrl":"https:\/\/www.doublewdesign.it\/wp-content\/uploads\/2024\/07\/wdesign_logo.png","width":94,"height":94,"caption":"Wdesign"},"image":{"@id":"https:\/\/www.doublewdesign.it\/#\/schema\/logo\/image\/"},"sameAs":["https:\/\/www.facebook.com\/profile.php?id=100088597355679"]}]}},"_links":{"self":[{"href":"https:\/\/www.doublewdesign.it\/en\/wp-json\/wp\/v2\/product\/137","targetHints":{"allow":["GET"]}}],"collection":[{"href":"https:\/\/www.doublewdesign.it\/en\/wp-json\/wp\/v2\/product"}],"about":[{"href":"https:\/\/www.doublewdesign.it\/en\/wp-json\/wp\/v2\/types\/product"}],"replies":[{"embeddable":true,"href":"https:\/\/www.doublewdesign.it\/en\/wp-json\/wp\/v2\/comments?post=137"}],"wp:featuredmedia":[{"embeddable":true,"href":"https:\/\/www.doublewdesign.it\/en\/wp-json\/wp\/v2\/media\/5262"}],"wp:attachment":[{"href":"https:\/\/www.doublewdesign.it\/en\/wp-json\/wp\/v2\/media?parent=137"}],"wp:term":[{"taxonomy":"product_brand","embeddable":true,"href":"https:\/\/www.doublewdesign.it\/en\/wp-json\/wp\/v2\/product_brand?post=137"},{"taxonomy":"product_cat","embeddable":true,"href":"https:\/\/www.doublewdesign.it\/en\/wp-json\/wp\/v2\/product_cat?post=137"},{"taxonomy":"product_tag","embeddable":true,"href":"https:\/\/www.doublewdesign.it\/en\/wp-json\/wp\/v2\/product_tag?post=137"}],"curies":[{"name":"wp","href":"https:\/\/api.w.org\/{rel}","templated":true}]}}