
{"id":135,"date":"2022-10-04T08:34:24","date_gmt":"2022-10-04T06:34:24","guid":{"rendered":"https:\/\/www.doublewdesign.it\/?post_type=product&#038;p=135"},"modified":"2025-11-29T12:41:07","modified_gmt":"2025-11-29T10:41:07","slug":"mappamondo-luminoso-fucsia","status":"publish","type":"product","link":"https:\/\/www.doublewdesign.it\/en\/prodotto\/mappamondo-luminoso-fucsia\/","title":{"rendered":"Mappamondo luminoso fucsia"},"content":{"rendered":"<p>&nbsp;<\/p>\n<h1><strong>Light &amp; Colour Hot Pink Mappamondo luminoso fucsia .<br \/>\nSfera diametro 30cm,<br \/>\nCartografia rosa fucsia \/ bianco <\/strong><em>:\u00a0<\/em><\/h1>\n<p>Mappamondo luminoso, di colore bianco e fucsia.<br \/>\nIl globo geografico dalle linee scandinave \u00e8 disegnato dai prestigiosi designer Claus Jensen &amp; Henrik Holbaek.<br \/>\nEsso rappresenta il meglio del design e della funzionalit\u00e0 scandinava prodotta in Italia.<br \/>\nSi tratta di un oggetto avente sia valenza funzionale che didattica. Istruttivo e bello, il globo diffonde una luce intensa trasformandosi in un\u2019affascinante e originale lampada da interno.<br \/>\nIlluminare con questa luce rende i tuoi ambienti pi\u00f9 attraenti, accoglienti e confortevoli ed arreda la tua casa con eleganza e unicit\u00e0.<br \/>\nLight Colour Hot Pink \u00e8 un completo d&#8217;arredo indispensabile per dare unicit\u00e0 eleganza e personalit\u00e0 ai vostri ambienti. Piacer\u00e0 sicuramente ad adulti e bambini.<\/p>\n<p>mappamondo luminoso fucsia sono realizzati con una base ad anello rinforzata con gomma antiscivolo per una maggiore stabilit\u00e0 e un\u2019asta in nylon resistente per garantire una maggiore durata.<\/p>\n<p>Con un diametro di 30 cm e un\u2019altezza di 38 cm, il globo in polistirene antiurto ruota sul proprio asse e si contraddistingue per la precisione dei dati geografici attuali e l\u2019accuratezza della nomenclatura dei toponimi in lingua inglese.<\/p>\n<p>&nbsp;<\/p>\n<h2><em>SPECIFICHE:\u00a0<\/em><\/h2>\n<p>Il design innovativo, dedicato all\u2019emozione del colore, crea un oggetto raffinato che unisce all\u2019utilit\u00e0 di uno strumento di consultazione, l\u2019eleganza di un moderno complemento di arredo.<\/p>\n<p>Dotato al suo interno di una lampadina LED a basso consumo, di tipo E14, il\u00a0 Mappamondo luminoso fucsia , si trasforma da strumento di consultazione a suggestiva lampada da interni e impreziosisce l\u2019atmosfera dell\u2019ambiente in cui viene collocato.<\/p>\n<p>Il packaging, \u00e8 stato ridotto per un maggiore rispetto dell\u2019ambiente e contiene tutti gli elementi per montare il mappamondo in autonomia e in tre semplici passaggi.<\/p>\n<p>Prodotto da Tecnodidattica , azienda pioniera nella produzione di globi geografici dal 1950, unisce alla sua tradizione la ricerca e l\u2019innovazione di materiali e design, fino ad arrivare a una visione nuova e moderna del mappamondo.<\/p>\n<p>Le collezioni Atmosphere nascono per reinterpretare la visione di un pianeta che non cessa mai di affascinarci: la Terra.<\/p>\n<p>Tutti i prodotti venduti da W Design sono certificati per gli alti standard di sicurezza e la qualit\u00e0 Made in Italy.<br \/>\n.<\/p>\n<p>&nbsp;<\/p>\n<h2>DESIGN:<\/h2>\n<p>Claus Jensen &amp; Henrik Holbaek,<\/p>\n<p>Claus Jensen (nato nel 1966) \u00e8 un designer industriale che si \u00e8 laureato presso la Scuola Danese di Design, Copenaghen, e Henrik Holb\u00e6k (nato nel 1960) \u00e8 un designer industriale e architetto\u00a0che si \u00e8 laureato presso l&#8217;Accademia Reale di Arti, Dipartimento di Design Industriale, Copenaghen.<\/p>\n<p>&nbsp;<\/p>\n<h2>PRODUZIONE:<\/h2>\n<p>Italiana.<\/p>\n<p>Made in Italy.<\/p>\n<h2><\/h2>\n<h2><em>DATI TECNICI:<\/em><\/h2>\n<p>Sfera diametro 30cm,<br \/>\nCartografia rosa fucsia \/ bianco.<br \/>\nGeografia illustrata di tipo politico con design minimale.<br \/>\nInformazioni geografiche in inglese.<br \/>\nBase ad anello in nylon rinforzata con gomma antiscivolo, astina in nylon.<br \/>\nDotato di lampadina LED 7W interna a basso consumo.<br \/>\nSpina europea 2 poli.<br \/>\nDiametro: 30cm.<br \/>\nAltezza totale: 38cm.<br \/>\nPeso 1,1Kg.<\/p>\n<p>&nbsp;<\/p>\n<h2>CONTENUTO DELLA CONFEZIONE:<\/h2>\n<p>1 x mappamondo, 1 x istruzioni, 1 x lampadina.<\/p>\n<p>&nbsp;<\/p>\n<h2>INFORMAZIONI DI SICUREZZA:<\/h2>\n<p>Nessuna avvertenza specifica.<\/p>\n<p>&nbsp;<\/p>\n<p>&nbsp;<\/p>\n<h2>TERMINI E CONDIZIONI DI ACQUISTO:<\/h2>\n<p>Questo prodotto \u00e8 conforme agli elevati standars qualitativi di WDesign.<\/p>\n<p>Sebbene sia stato fatto tutto il possibile per una visualizzazione accurata dei colori, non possiamo garantire che i colori, cos\u00ec come visualizzati sul display del dispositivo, ri\ufb02ettano fedelmente i colori reali dei prodotti. I prodotti potrebbero di\ufb00erire leggermente da quelli visualizzati nelle immagini.<\/p>\n<p>Per ulteriori informazioni leggere TERMINI E CONDIZIONI.<\/p>\n<p>&nbsp;<\/p>\n","protected":false},"excerpt":{"rendered":"<p>Sfera diametro 30cm,<br \/>\nCartografia rosa fucsia \/ bianco.<br \/>\nGeografia illustrata di tipo politico con design minimale.<br \/>\nInformazioni geografiche in inglese.<br \/>\nBase ad anello in nylon rinforzata con gomma antiscivolo, astina in nylon.<br \/>\nDotato di lampadina LED 7W interna a basso consumo.<br \/>\nSpina europea 2 poli.<br \/>\nDiametro: 30cm.<br \/>\nAltezza totale: 38cm.<br \/>\nPeso 1,1Kg.<\/p>\n","protected":false},"featured_media":1333,"comment_status":"open","ping_status":"closed","template":"","meta":{"_themeisle_gutenberg_block_has_review":false},"product_brand":[],"product_cat":[30,42,96],"product_tag":[180],"class_list":{"0":"post-135","1":"product","2":"type-product","3":"status-publish","4":"has-post-thumbnail","6":"product_cat-complementi-darredo","7":"product_cat-complementi-arredo-mappamondi","8":"product_cat-prod-focuson-home","9":"product_tag-pronta-consegna","11":"first","12":"outofstock","13":"taxable","14":"shipping-taxable","15":"purchasable","16":"product-type-simple"},"yoast_head":"<!-- This site is optimized with the Yoast SEO plugin v27.4 - https:\/\/yoast.com\/product\/yoast-seo-wordpress\/ -->\n<title>Mappamondo luminoso fucsia - Wdesign<\/title>\n<meta name=\"description\" content=\"Mappamondo luminoso fucsia perfetto per le camerette dei vostri ragazzi cosi da unire la bellezza della lampade di design all&#039;utilit\u00e0 del mappamondo\" \/>\n<meta name=\"robots\" content=\"index, follow, max-snippet:-1, max-image-preview:large, max-video-preview:-1\" \/>\n<link rel=\"canonical\" href=\"https:\/\/www.doublewdesign.it\/prodotto\/mappamondo-luminoso-fucsia\/\" \/>\n<meta property=\"og:locale\" content=\"en_US\" \/>\n<meta property=\"og:type\" content=\"article\" \/>\n<meta property=\"og:title\" content=\"Mappamondo luminoso fucsia - Wdesign\" \/>\n<meta property=\"og:description\" content=\"Mappamondo luminoso fucsia perfetto per le camerette dei vostri ragazzi cosi da unire la bellezza della lampade di design all&#039;utilit\u00e0 del mappamondo\" \/>\n<meta property=\"og:url\" content=\"https:\/\/www.doublewdesign.it\/prodotto\/mappamondo-luminoso-fucsia\/\" \/>\n<meta property=\"og:site_name\" content=\"Wdesign\" \/>\n<meta property=\"article:publisher\" content=\"https:\/\/www.facebook.com\/profile.php?id=100088597355679\" \/>\n<meta property=\"article:modified_time\" content=\"2025-11-29T10:41:07+00:00\" \/>\n<meta property=\"og:image\" content=\"https:\/\/www.doublewdesign.it\/wp-content\/uploads\/2022\/10\/mappamondo-arredo-pink-wdesign-macerata-marche-CAMMTD002-01.webp\" \/>\n\t<meta property=\"og:image:width\" content=\"800\" \/>\n\t<meta property=\"og:image:height\" content=\"800\" \/>\n\t<meta property=\"og:image:type\" content=\"image\/webp\" \/>\n<meta name=\"twitter:card\" content=\"summary_large_image\" \/>\n<meta name=\"twitter:label1\" content=\"Est. reading time\" \/>\n\t<meta name=\"twitter:data1\" content=\"4 minutes\" \/>\n<script type=\"application\/ld+json\" class=\"yoast-schema-graph\">{\"@context\":\"https:\\\/\\\/schema.org\",\"@graph\":[{\"@type\":\"WebPage\",\"@id\":\"https:\\\/\\\/www.doublewdesign.it\\\/prodotto\\\/mappamondo-luminoso-fucsia\\\/\",\"url\":\"https:\\\/\\\/www.doublewdesign.it\\\/prodotto\\\/mappamondo-luminoso-fucsia\\\/\",\"name\":\"Mappamondo luminoso fucsia - Wdesign\",\"isPartOf\":{\"@id\":\"https:\\\/\\\/www.doublewdesign.it\\\/#website\"},\"primaryImageOfPage\":{\"@id\":\"https:\\\/\\\/www.doublewdesign.it\\\/prodotto\\\/mappamondo-luminoso-fucsia\\\/#primaryimage\"},\"image\":{\"@id\":\"https:\\\/\\\/www.doublewdesign.it\\\/prodotto\\\/mappamondo-luminoso-fucsia\\\/#primaryimage\"},\"thumbnailUrl\":\"https:\\\/\\\/www.doublewdesign.it\\\/wp-content\\\/uploads\\\/2022\\\/10\\\/mappamondo-arredo-pink-wdesign-macerata-marche-CAMMTD002-01.webp\",\"datePublished\":\"2022-10-04T06:34:24+00:00\",\"dateModified\":\"2025-11-29T10:41:07+00:00\",\"description\":\"Mappamondo luminoso fucsia perfetto per le camerette dei vostri ragazzi cosi da unire la bellezza della lampade di design all'utilit\u00e0 del mappamondo\",\"breadcrumb\":{\"@id\":\"https:\\\/\\\/www.doublewdesign.it\\\/prodotto\\\/mappamondo-luminoso-fucsia\\\/#breadcrumb\"},\"inLanguage\":\"en-US\",\"potentialAction\":[{\"@type\":\"ReadAction\",\"target\":[\"https:\\\/\\\/www.doublewdesign.it\\\/prodotto\\\/mappamondo-luminoso-fucsia\\\/\"]}]},{\"@type\":\"ImageObject\",\"inLanguage\":\"en-US\",\"@id\":\"https:\\\/\\\/www.doublewdesign.it\\\/prodotto\\\/mappamondo-luminoso-fucsia\\\/#primaryimage\",\"url\":\"https:\\\/\\\/www.doublewdesign.it\\\/wp-content\\\/uploads\\\/2022\\\/10\\\/mappamondo-arredo-pink-wdesign-macerata-marche-CAMMTD002-01.webp\",\"contentUrl\":\"https:\\\/\\\/www.doublewdesign.it\\\/wp-content\\\/uploads\\\/2022\\\/10\\\/mappamondo-arredo-pink-wdesign-macerata-marche-CAMMTD002-01.webp\",\"width\":800,\"height\":800,\"caption\":\"mappamondo luminoso-arredo- fucsia -wdesign-macerata-marche\"},{\"@type\":\"BreadcrumbList\",\"@id\":\"https:\\\/\\\/www.doublewdesign.it\\\/prodotto\\\/mappamondo-luminoso-fucsia\\\/#breadcrumb\",\"itemListElement\":[{\"@type\":\"ListItem\",\"position\":1,\"name\":\"Home\",\"item\":\"https:\\\/\\\/www.doublewdesign.it\\\/?lang=en\"},{\"@type\":\"ListItem\",\"position\":2,\"name\":\"Shop\",\"item\":\"https:\\\/\\\/www.doublewdesign.it\\\/en\\\/shop\\\/\"},{\"@type\":\"ListItem\",\"position\":3,\"name\":\"Complementi d'arredo\",\"item\":\"https:\\\/\\\/www.doublewdesign.it\\\/categoria\\\/complementi-darredo\\\/\"},{\"@type\":\"ListItem\",\"position\":4,\"name\":\"Mappamondo luminoso fucsia\"}]},{\"@type\":\"WebSite\",\"@id\":\"https:\\\/\\\/www.doublewdesign.it\\\/#website\",\"url\":\"https:\\\/\\\/www.doublewdesign.it\\\/\",\"name\":\"Wdesign\",\"description\":\"Wdesign\",\"publisher\":{\"@id\":\"https:\\\/\\\/www.doublewdesign.it\\\/#organization\"},\"potentialAction\":[{\"@type\":\"SearchAction\",\"target\":{\"@type\":\"EntryPoint\",\"urlTemplate\":\"https:\\\/\\\/www.doublewdesign.it\\\/?s={search_term_string}\"},\"query-input\":{\"@type\":\"PropertyValueSpecification\",\"valueRequired\":true,\"valueName\":\"search_term_string\"}}],\"inLanguage\":\"en-US\"},{\"@type\":\"Organization\",\"@id\":\"https:\\\/\\\/www.doublewdesign.it\\\/#organization\",\"name\":\"Wdesign\",\"url\":\"https:\\\/\\\/www.doublewdesign.it\\\/\",\"logo\":{\"@type\":\"ImageObject\",\"inLanguage\":\"en-US\",\"@id\":\"https:\\\/\\\/www.doublewdesign.it\\\/#\\\/schema\\\/logo\\\/image\\\/\",\"url\":\"https:\\\/\\\/www.doublewdesign.it\\\/wp-content\\\/uploads\\\/2024\\\/07\\\/wdesign_logo.png\",\"contentUrl\":\"https:\\\/\\\/www.doublewdesign.it\\\/wp-content\\\/uploads\\\/2024\\\/07\\\/wdesign_logo.png\",\"width\":94,\"height\":94,\"caption\":\"Wdesign\"},\"image\":{\"@id\":\"https:\\\/\\\/www.doublewdesign.it\\\/#\\\/schema\\\/logo\\\/image\\\/\"},\"sameAs\":[\"https:\\\/\\\/www.facebook.com\\\/profile.php?id=100088597355679\"]}]}<\/script>\n<!-- \/ Yoast SEO plugin. -->","yoast_head_json":{"title":"Mappamondo luminoso fucsia - Wdesign","description":"Mappamondo luminoso fucsia perfetto per le camerette dei vostri ragazzi cosi da unire la bellezza della lampade di design all'utilit\u00e0 del mappamondo","robots":{"index":"index","follow":"follow","max-snippet":"max-snippet:-1","max-image-preview":"max-image-preview:large","max-video-preview":"max-video-preview:-1"},"canonical":"https:\/\/www.doublewdesign.it\/prodotto\/mappamondo-luminoso-fucsia\/","og_locale":"en_US","og_type":"article","og_title":"Mappamondo luminoso fucsia - Wdesign","og_description":"Mappamondo luminoso fucsia perfetto per le camerette dei vostri ragazzi cosi da unire la bellezza della lampade di design all'utilit\u00e0 del mappamondo","og_url":"https:\/\/www.doublewdesign.it\/prodotto\/mappamondo-luminoso-fucsia\/","og_site_name":"Wdesign","article_publisher":"https:\/\/www.facebook.com\/profile.php?id=100088597355679","article_modified_time":"2025-11-29T10:41:07+00:00","og_image":[{"width":800,"height":800,"url":"https:\/\/www.doublewdesign.it\/wp-content\/uploads\/2022\/10\/mappamondo-arredo-pink-wdesign-macerata-marche-CAMMTD002-01.webp","type":"image\/webp"}],"twitter_card":"summary_large_image","twitter_misc":{"Est. reading time":"4 minutes"},"schema":{"@context":"https:\/\/schema.org","@graph":[{"@type":"WebPage","@id":"https:\/\/www.doublewdesign.it\/prodotto\/mappamondo-luminoso-fucsia\/","url":"https:\/\/www.doublewdesign.it\/prodotto\/mappamondo-luminoso-fucsia\/","name":"Mappamondo luminoso fucsia - Wdesign","isPartOf":{"@id":"https:\/\/www.doublewdesign.it\/#website"},"primaryImageOfPage":{"@id":"https:\/\/www.doublewdesign.it\/prodotto\/mappamondo-luminoso-fucsia\/#primaryimage"},"image":{"@id":"https:\/\/www.doublewdesign.it\/prodotto\/mappamondo-luminoso-fucsia\/#primaryimage"},"thumbnailUrl":"https:\/\/www.doublewdesign.it\/wp-content\/uploads\/2022\/10\/mappamondo-arredo-pink-wdesign-macerata-marche-CAMMTD002-01.webp","datePublished":"2022-10-04T06:34:24+00:00","dateModified":"2025-11-29T10:41:07+00:00","description":"Mappamondo luminoso fucsia perfetto per le camerette dei vostri ragazzi cosi da unire la bellezza della lampade di design all'utilit\u00e0 del mappamondo","breadcrumb":{"@id":"https:\/\/www.doublewdesign.it\/prodotto\/mappamondo-luminoso-fucsia\/#breadcrumb"},"inLanguage":"en-US","potentialAction":[{"@type":"ReadAction","target":["https:\/\/www.doublewdesign.it\/prodotto\/mappamondo-luminoso-fucsia\/"]}]},{"@type":"ImageObject","inLanguage":"en-US","@id":"https:\/\/www.doublewdesign.it\/prodotto\/mappamondo-luminoso-fucsia\/#primaryimage","url":"https:\/\/www.doublewdesign.it\/wp-content\/uploads\/2022\/10\/mappamondo-arredo-pink-wdesign-macerata-marche-CAMMTD002-01.webp","contentUrl":"https:\/\/www.doublewdesign.it\/wp-content\/uploads\/2022\/10\/mappamondo-arredo-pink-wdesign-macerata-marche-CAMMTD002-01.webp","width":800,"height":800,"caption":"mappamondo luminoso-arredo- fucsia -wdesign-macerata-marche"},{"@type":"BreadcrumbList","@id":"https:\/\/www.doublewdesign.it\/prodotto\/mappamondo-luminoso-fucsia\/#breadcrumb","itemListElement":[{"@type":"ListItem","position":1,"name":"Home","item":"https:\/\/www.doublewdesign.it\/?lang=en"},{"@type":"ListItem","position":2,"name":"Shop","item":"https:\/\/www.doublewdesign.it\/en\/shop\/"},{"@type":"ListItem","position":3,"name":"Complementi d'arredo","item":"https:\/\/www.doublewdesign.it\/categoria\/complementi-darredo\/"},{"@type":"ListItem","position":4,"name":"Mappamondo luminoso fucsia"}]},{"@type":"WebSite","@id":"https:\/\/www.doublewdesign.it\/#website","url":"https:\/\/www.doublewdesign.it\/","name":"Wdesign","description":"Wdesign","publisher":{"@id":"https:\/\/www.doublewdesign.it\/#organization"},"potentialAction":[{"@type":"SearchAction","target":{"@type":"EntryPoint","urlTemplate":"https:\/\/www.doublewdesign.it\/?s={search_term_string}"},"query-input":{"@type":"PropertyValueSpecification","valueRequired":true,"valueName":"search_term_string"}}],"inLanguage":"en-US"},{"@type":"Organization","@id":"https:\/\/www.doublewdesign.it\/#organization","name":"Wdesign","url":"https:\/\/www.doublewdesign.it\/","logo":{"@type":"ImageObject","inLanguage":"en-US","@id":"https:\/\/www.doublewdesign.it\/#\/schema\/logo\/image\/","url":"https:\/\/www.doublewdesign.it\/wp-content\/uploads\/2024\/07\/wdesign_logo.png","contentUrl":"https:\/\/www.doublewdesign.it\/wp-content\/uploads\/2024\/07\/wdesign_logo.png","width":94,"height":94,"caption":"Wdesign"},"image":{"@id":"https:\/\/www.doublewdesign.it\/#\/schema\/logo\/image\/"},"sameAs":["https:\/\/www.facebook.com\/profile.php?id=100088597355679"]}]}},"_links":{"self":[{"href":"https:\/\/www.doublewdesign.it\/en\/wp-json\/wp\/v2\/product\/135","targetHints":{"allow":["GET"]}}],"collection":[{"href":"https:\/\/www.doublewdesign.it\/en\/wp-json\/wp\/v2\/product"}],"about":[{"href":"https:\/\/www.doublewdesign.it\/en\/wp-json\/wp\/v2\/types\/product"}],"replies":[{"embeddable":true,"href":"https:\/\/www.doublewdesign.it\/en\/wp-json\/wp\/v2\/comments?post=135"}],"wp:featuredmedia":[{"embeddable":true,"href":"https:\/\/www.doublewdesign.it\/en\/wp-json\/wp\/v2\/media\/1333"}],"wp:attachment":[{"href":"https:\/\/www.doublewdesign.it\/en\/wp-json\/wp\/v2\/media?parent=135"}],"wp:term":[{"taxonomy":"product_brand","embeddable":true,"href":"https:\/\/www.doublewdesign.it\/en\/wp-json\/wp\/v2\/product_brand?post=135"},{"taxonomy":"product_cat","embeddable":true,"href":"https:\/\/www.doublewdesign.it\/en\/wp-json\/wp\/v2\/product_cat?post=135"},{"taxonomy":"product_tag","embeddable":true,"href":"https:\/\/www.doublewdesign.it\/en\/wp-json\/wp\/v2\/product_tag?post=135"}],"curies":[{"name":"wp","href":"https:\/\/api.w.org\/{rel}","templated":true}]}}