
{"id":10054,"date":"2024-10-19T09:59:55","date_gmt":"2024-10-19T07:59:55","guid":{"rendered":"https:\/\/www.doublewdesign.it\/?post_type=product&#038;p=10054"},"modified":"2024-10-19T13:21:19","modified_gmt":"2024-10-19T11:21:19","slug":"piantina-se-puoi-sognarlo-puoi-farlo","status":"publish","type":"product","link":"https:\/\/www.doublewdesign.it\/en\/prodotto\/piantina-se-puoi-sognarlo-puoi-farlo\/","title":{"rendered":"Piantina Se Puoi Sognarlo Puoi Farlo"},"content":{"rendered":"<h1 style=\"text-align: center\">Piantina Se Puoi Sognarlo Puoi Farlo<\/h1>\n<p style=\"text-align: center\">La Piantina Se Puoi Sognarlo Puoi Farlo proposta da WDesign rappresentano una perfetta combinazione di stile, praticit\u00e0 e originalit\u00e0. Ideali sia come complementi d\u2019arredo che come idee regalo personalizzate, queste piante decorative in vaso aggiungono un tocco di eleganza e freschezza a qualsiasi ambiente, rendendo pi\u00f9 accogliente e raffinato ogni spazio, dalla casa all&#8217;ufficio.<\/p>\n<p style=\"text-align: center\">Ci\u00f2 che rende uniche queste piantine sono i loro <strong>vasetti in metallo<\/strong> decorati con stampe eleganti e <strong>dediche speciali<\/strong>. Le frasi incise sui vasetti, come \u201cSe Puoi Sognarlo Puoi Farlo,\u201d \u201cNel dubbio, fai la cosa pi\u00f9 bella\u201d o \u201cWe are our choices\u201d, rendono ogni piantina un dono significativo, perfetto per chi vuole trasmettere un messaggio motivazionale o affettuoso a una persona cara. I design dei vasetti variano dalle tonalit\u00e0 vibranti a quelle pi\u00f9 sobrie, offrendo soluzioni adatte a gusti e stili diversi, dal minimalista al pi\u00f9 estroverso.<\/p>\n<p style=\"text-align: center\">Le piantine grasse, con la loro <strong>facilit\u00e0 di cura<\/strong>, sono la scelta ideale per chi desidera decorare gli interni con verde senza l\u2019impegno quotidiano di manutenzione. Essendo piante resistenti, si adattano bene a qualsiasi ambiente, illuminando con la loro presenza angoli di salotti, cucine, scrivanie o spazi di lavoro.<\/p>\n<h3 style=\"text-align: center\">Dettagli Piantina Se Puoi Sognarlo Puoi Farlo<\/h3>\n<p style=\"text-align: center\">Ogni piantina di \u00e8 realizzata con cura e attenzione ai dettagli, esprimendo la qualit\u00e0 del <strong>Made in Italy<\/strong>. Grazie alla loro versatilit\u00e0, queste piantine decorative sono perfette non solo come <strong>regali<\/strong> per compleanni, anniversari o altre occasioni speciali, ma anche come <strong>complementi d&#8217;arredo<\/strong> che aggiungono personalit\u00e0 e creativit\u00e0 agli spazi.<\/p>\n<p style=\"text-align: center\">Scegliere una piantina significa scegliere un oggetto di design che dura nel tempo.<\/p>\n<p style=\"text-align: center\">Capace di portare un messaggio di affetto o di ispirazione, rendendo ogni momento e ambiente pi\u00f9 speciale.<\/p>\n<p style=\"text-align: center\"><strong>LA PIANTA NELL&#8217;IMMAGINE PUO&#8217; VARIARE IN BASE ALLA STAGIONALITA&#8217; SI CERCHERA&#8217; DI INVIARE LA PIANTA IL PIU&#8217; SIMILE POSSIBILE ALL&#8217;IMAGINE MA NON SARA&#8217; MAI UGUALE<\/strong><\/p>\n<p style=\"text-align: center\"><a href=\"https:\/\/www.doublewdesign.it\/categoria\/piantine\/?v=1e4b6ded2108\">Clicca qui per scoprire altre piantine<\/a><\/p>\n<p style=\"text-align: center\"><a href=\"https:\/\/www.instagram.com\/w_design_ig\/\">Instagram<\/a>\u00a0e\u00a0<a href=\"https:\/\/www.facebook.com\/2vdesign\/?show_switched_toast=0&amp;show_invite_to_follow=0&amp;show_switched_tooltip=0&amp;show_podcast_settings=0&amp;show_community_review_changes=0&amp;show_community_rollback=0&amp;show_follower_visibility_disclosure=0\">Facebook\u00a0<\/a><\/p>\n","protected":false},"excerpt":{"rendered":"<p style=\"text-align: center\"><strong>La piantina potrebbe variare a seconda della stagione. Quando disponibile, ci impegneremo ad inviare la piantina pi\u00f9 simile a quella mostrata in foto.<\/strong><\/p>\n","protected":false},"featured_media":10029,"comment_status":"closed","ping_status":"closed","template":"","meta":{"_themeisle_gutenberg_block_has_review":false},"product_brand":[],"product_cat":[244],"product_tag":[],"class_list":{"0":"post-10054","1":"product","2":"type-product","3":"status-publish","4":"has-post-thumbnail","6":"product_cat-seedlings","8":"first","9":"instock","10":"taxable","11":"shipping-taxable","12":"purchasable","13":"product-type-simple"},"yoast_head":"<!-- This site is optimized with the Yoast SEO plugin v27.3 - https:\/\/yoast.com\/product\/yoast-seo-wordpress\/ -->\n<title>Piantina Se Puoi Sognarlo Puoi Farlo - Wdesign<\/title>\n<meta name=\"description\" content=\"Piantina Se Puoi Sognarlo Puoi Farlo \u00e8 realizzata completamente in Italia sia il vasetto che la coltivazione delle piantine idea regalo per fatta\" \/>\n<meta name=\"robots\" content=\"index, follow, max-snippet:-1, max-image-preview:large, max-video-preview:-1\" \/>\n<link rel=\"canonical\" href=\"https:\/\/www.doublewdesign.it\/prodotto\/piantina-se-puoi-sognarlo-puoi-farlo\/\" \/>\n<meta property=\"og:locale\" content=\"en_US\" \/>\n<meta property=\"og:type\" content=\"article\" \/>\n<meta property=\"og:title\" content=\"Piantina Se Puoi Sognarlo Puoi Farlo - Wdesign\" \/>\n<meta property=\"og:description\" content=\"Piantina Se Puoi Sognarlo Puoi Farlo \u00e8 realizzata completamente in Italia sia il vasetto che la coltivazione delle piantine idea regalo per fatta\" \/>\n<meta property=\"og:url\" content=\"https:\/\/www.doublewdesign.it\/prodotto\/piantina-se-puoi-sognarlo-puoi-farlo\/\" \/>\n<meta property=\"og:site_name\" content=\"Wdesign\" \/>\n<meta property=\"article:publisher\" content=\"https:\/\/www.facebook.com\/profile.php?id=100088597355679\" \/>\n<meta property=\"article:modified_time\" content=\"2024-10-19T11:21:19+00:00\" \/>\n<meta property=\"og:image\" content=\"https:\/\/www.doublewdesign.it\/wp-content\/uploads\/2024\/10\/pianta-decorativa-idea-regalo-piantine-wdesign-Made-in-italy-italia-CADCMD005.webp\" \/>\n\t<meta property=\"og:image:width\" content=\"800\" \/>\n\t<meta property=\"og:image:height\" content=\"800\" \/>\n\t<meta property=\"og:image:type\" content=\"image\/webp\" \/>\n<meta name=\"twitter:card\" content=\"summary_large_image\" \/>\n<meta name=\"twitter:label1\" content=\"Est. reading time\" \/>\n\t<meta name=\"twitter:data1\" content=\"2 minutes\" \/>\n<script type=\"application\/ld+json\" class=\"yoast-schema-graph\">{\"@context\":\"https:\\\/\\\/schema.org\",\"@graph\":[{\"@type\":\"WebPage\",\"@id\":\"https:\\\/\\\/www.doublewdesign.it\\\/prodotto\\\/piantina-se-puoi-sognarlo-puoi-farlo\\\/\",\"url\":\"https:\\\/\\\/www.doublewdesign.it\\\/prodotto\\\/piantina-se-puoi-sognarlo-puoi-farlo\\\/\",\"name\":\"Piantina Se Puoi Sognarlo Puoi Farlo - Wdesign\",\"isPartOf\":{\"@id\":\"https:\\\/\\\/www.doublewdesign.it\\\/#website\"},\"primaryImageOfPage\":{\"@id\":\"https:\\\/\\\/www.doublewdesign.it\\\/prodotto\\\/piantina-se-puoi-sognarlo-puoi-farlo\\\/#primaryimage\"},\"image\":{\"@id\":\"https:\\\/\\\/www.doublewdesign.it\\\/prodotto\\\/piantina-se-puoi-sognarlo-puoi-farlo\\\/#primaryimage\"},\"thumbnailUrl\":\"https:\\\/\\\/www.doublewdesign.it\\\/wp-content\\\/uploads\\\/2024\\\/10\\\/pianta-decorativa-idea-regalo-piantine-wdesign-Made-in-italy-italia-CADCMD005.webp\",\"datePublished\":\"2024-10-19T07:59:55+00:00\",\"dateModified\":\"2024-10-19T11:21:19+00:00\",\"description\":\"Piantina Se Puoi Sognarlo Puoi Farlo \u00e8 realizzata completamente in Italia sia il vasetto che la coltivazione delle piantine idea regalo per fatta\",\"breadcrumb\":{\"@id\":\"https:\\\/\\\/www.doublewdesign.it\\\/prodotto\\\/piantina-se-puoi-sognarlo-puoi-farlo\\\/#breadcrumb\"},\"inLanguage\":\"en-US\",\"potentialAction\":[{\"@type\":\"ReadAction\",\"target\":[\"https:\\\/\\\/www.doublewdesign.it\\\/prodotto\\\/piantina-se-puoi-sognarlo-puoi-farlo\\\/\"]}]},{\"@type\":\"ImageObject\",\"inLanguage\":\"en-US\",\"@id\":\"https:\\\/\\\/www.doublewdesign.it\\\/prodotto\\\/piantina-se-puoi-sognarlo-puoi-farlo\\\/#primaryimage\",\"url\":\"https:\\\/\\\/www.doublewdesign.it\\\/wp-content\\\/uploads\\\/2024\\\/10\\\/pianta-decorativa-idea-regalo-piantine-wdesign-Made-in-italy-italia-CADCMD005.webp\",\"contentUrl\":\"https:\\\/\\\/www.doublewdesign.it\\\/wp-content\\\/uploads\\\/2024\\\/10\\\/pianta-decorativa-idea-regalo-piantine-wdesign-Made-in-italy-italia-CADCMD005.webp\",\"width\":800,\"height\":800,\"caption\":\"Piantina Se Puoi Sognarlo Puoi Farlo\"},{\"@type\":\"BreadcrumbList\",\"@id\":\"https:\\\/\\\/www.doublewdesign.it\\\/prodotto\\\/piantina-se-puoi-sognarlo-puoi-farlo\\\/#breadcrumb\",\"itemListElement\":[{\"@type\":\"ListItem\",\"position\":1,\"name\":\"Home\",\"item\":\"https:\\\/\\\/www.doublewdesign.it\\\/?lang=en\"},{\"@type\":\"ListItem\",\"position\":2,\"name\":\"Shop\",\"item\":\"https:\\\/\\\/www.doublewdesign.it\\\/en\\\/shop\\\/\"},{\"@type\":\"ListItem\",\"position\":3,\"name\":\"Complementi d'arredo\",\"item\":\"https:\\\/\\\/www.doublewdesign.it\\\/categoria\\\/complementi-darredo\\\/\"},{\"@type\":\"ListItem\",\"position\":4,\"name\":\"Piantine\",\"item\":\"https:\\\/\\\/www.doublewdesign.it\\\/categoria\\\/complementi-darredo\\\/piantine\\\/\"},{\"@type\":\"ListItem\",\"position\":5,\"name\":\"Piantina Se Puoi Sognarlo Puoi Farlo\"}]},{\"@type\":\"WebSite\",\"@id\":\"https:\\\/\\\/www.doublewdesign.it\\\/#website\",\"url\":\"https:\\\/\\\/www.doublewdesign.it\\\/\",\"name\":\"Wdesign\",\"description\":\"Wdesign\",\"publisher\":{\"@id\":\"https:\\\/\\\/www.doublewdesign.it\\\/#organization\"},\"potentialAction\":[{\"@type\":\"SearchAction\",\"target\":{\"@type\":\"EntryPoint\",\"urlTemplate\":\"https:\\\/\\\/www.doublewdesign.it\\\/?s={search_term_string}\"},\"query-input\":{\"@type\":\"PropertyValueSpecification\",\"valueRequired\":true,\"valueName\":\"search_term_string\"}}],\"inLanguage\":\"en-US\"},{\"@type\":\"Organization\",\"@id\":\"https:\\\/\\\/www.doublewdesign.it\\\/#organization\",\"name\":\"Wdesign\",\"url\":\"https:\\\/\\\/www.doublewdesign.it\\\/\",\"logo\":{\"@type\":\"ImageObject\",\"inLanguage\":\"en-US\",\"@id\":\"https:\\\/\\\/www.doublewdesign.it\\\/#\\\/schema\\\/logo\\\/image\\\/\",\"url\":\"https:\\\/\\\/www.doublewdesign.it\\\/wp-content\\\/uploads\\\/2024\\\/07\\\/wdesign_logo.png\",\"contentUrl\":\"https:\\\/\\\/www.doublewdesign.it\\\/wp-content\\\/uploads\\\/2024\\\/07\\\/wdesign_logo.png\",\"width\":94,\"height\":94,\"caption\":\"Wdesign\"},\"image\":{\"@id\":\"https:\\\/\\\/www.doublewdesign.it\\\/#\\\/schema\\\/logo\\\/image\\\/\"},\"sameAs\":[\"https:\\\/\\\/www.facebook.com\\\/profile.php?id=100088597355679\"]}]}<\/script>\n<!-- \/ Yoast SEO plugin. -->","yoast_head_json":{"title":"Piantina Se Puoi Sognarlo Puoi Farlo - Wdesign","description":"Piantina Se Puoi Sognarlo Puoi Farlo \u00e8 realizzata completamente in Italia sia il vasetto che la coltivazione delle piantine idea regalo per fatta","robots":{"index":"index","follow":"follow","max-snippet":"max-snippet:-1","max-image-preview":"max-image-preview:large","max-video-preview":"max-video-preview:-1"},"canonical":"https:\/\/www.doublewdesign.it\/prodotto\/piantina-se-puoi-sognarlo-puoi-farlo\/","og_locale":"en_US","og_type":"article","og_title":"Piantina Se Puoi Sognarlo Puoi Farlo - Wdesign","og_description":"Piantina Se Puoi Sognarlo Puoi Farlo \u00e8 realizzata completamente in Italia sia il vasetto che la coltivazione delle piantine idea regalo per fatta","og_url":"https:\/\/www.doublewdesign.it\/prodotto\/piantina-se-puoi-sognarlo-puoi-farlo\/","og_site_name":"Wdesign","article_publisher":"https:\/\/www.facebook.com\/profile.php?id=100088597355679","article_modified_time":"2024-10-19T11:21:19+00:00","og_image":[{"width":800,"height":800,"url":"https:\/\/www.doublewdesign.it\/wp-content\/uploads\/2024\/10\/pianta-decorativa-idea-regalo-piantine-wdesign-Made-in-italy-italia-CADCMD005.webp","type":"image\/webp"}],"twitter_card":"summary_large_image","twitter_misc":{"Est. reading time":"2 minutes"},"schema":{"@context":"https:\/\/schema.org","@graph":[{"@type":"WebPage","@id":"https:\/\/www.doublewdesign.it\/prodotto\/piantina-se-puoi-sognarlo-puoi-farlo\/","url":"https:\/\/www.doublewdesign.it\/prodotto\/piantina-se-puoi-sognarlo-puoi-farlo\/","name":"Piantina Se Puoi Sognarlo Puoi Farlo - Wdesign","isPartOf":{"@id":"https:\/\/www.doublewdesign.it\/#website"},"primaryImageOfPage":{"@id":"https:\/\/www.doublewdesign.it\/prodotto\/piantina-se-puoi-sognarlo-puoi-farlo\/#primaryimage"},"image":{"@id":"https:\/\/www.doublewdesign.it\/prodotto\/piantina-se-puoi-sognarlo-puoi-farlo\/#primaryimage"},"thumbnailUrl":"https:\/\/www.doublewdesign.it\/wp-content\/uploads\/2024\/10\/pianta-decorativa-idea-regalo-piantine-wdesign-Made-in-italy-italia-CADCMD005.webp","datePublished":"2024-10-19T07:59:55+00:00","dateModified":"2024-10-19T11:21:19+00:00","description":"Piantina Se Puoi Sognarlo Puoi Farlo \u00e8 realizzata completamente in Italia sia il vasetto che la coltivazione delle piantine idea regalo per fatta","breadcrumb":{"@id":"https:\/\/www.doublewdesign.it\/prodotto\/piantina-se-puoi-sognarlo-puoi-farlo\/#breadcrumb"},"inLanguage":"en-US","potentialAction":[{"@type":"ReadAction","target":["https:\/\/www.doublewdesign.it\/prodotto\/piantina-se-puoi-sognarlo-puoi-farlo\/"]}]},{"@type":"ImageObject","inLanguage":"en-US","@id":"https:\/\/www.doublewdesign.it\/prodotto\/piantina-se-puoi-sognarlo-puoi-farlo\/#primaryimage","url":"https:\/\/www.doublewdesign.it\/wp-content\/uploads\/2024\/10\/pianta-decorativa-idea-regalo-piantine-wdesign-Made-in-italy-italia-CADCMD005.webp","contentUrl":"https:\/\/www.doublewdesign.it\/wp-content\/uploads\/2024\/10\/pianta-decorativa-idea-regalo-piantine-wdesign-Made-in-italy-italia-CADCMD005.webp","width":800,"height":800,"caption":"Piantina Se Puoi Sognarlo Puoi Farlo"},{"@type":"BreadcrumbList","@id":"https:\/\/www.doublewdesign.it\/prodotto\/piantina-se-puoi-sognarlo-puoi-farlo\/#breadcrumb","itemListElement":[{"@type":"ListItem","position":1,"name":"Home","item":"https:\/\/www.doublewdesign.it\/?lang=en"},{"@type":"ListItem","position":2,"name":"Shop","item":"https:\/\/www.doublewdesign.it\/en\/shop\/"},{"@type":"ListItem","position":3,"name":"Complementi d'arredo","item":"https:\/\/www.doublewdesign.it\/categoria\/complementi-darredo\/"},{"@type":"ListItem","position":4,"name":"Piantine","item":"https:\/\/www.doublewdesign.it\/categoria\/complementi-darredo\/piantine\/"},{"@type":"ListItem","position":5,"name":"Piantina Se Puoi Sognarlo Puoi Farlo"}]},{"@type":"WebSite","@id":"https:\/\/www.doublewdesign.it\/#website","url":"https:\/\/www.doublewdesign.it\/","name":"Wdesign","description":"Wdesign","publisher":{"@id":"https:\/\/www.doublewdesign.it\/#organization"},"potentialAction":[{"@type":"SearchAction","target":{"@type":"EntryPoint","urlTemplate":"https:\/\/www.doublewdesign.it\/?s={search_term_string}"},"query-input":{"@type":"PropertyValueSpecification","valueRequired":true,"valueName":"search_term_string"}}],"inLanguage":"en-US"},{"@type":"Organization","@id":"https:\/\/www.doublewdesign.it\/#organization","name":"Wdesign","url":"https:\/\/www.doublewdesign.it\/","logo":{"@type":"ImageObject","inLanguage":"en-US","@id":"https:\/\/www.doublewdesign.it\/#\/schema\/logo\/image\/","url":"https:\/\/www.doublewdesign.it\/wp-content\/uploads\/2024\/07\/wdesign_logo.png","contentUrl":"https:\/\/www.doublewdesign.it\/wp-content\/uploads\/2024\/07\/wdesign_logo.png","width":94,"height":94,"caption":"Wdesign"},"image":{"@id":"https:\/\/www.doublewdesign.it\/#\/schema\/logo\/image\/"},"sameAs":["https:\/\/www.facebook.com\/profile.php?id=100088597355679"]}]}},"_links":{"self":[{"href":"https:\/\/www.doublewdesign.it\/en\/wp-json\/wp\/v2\/product\/10054","targetHints":{"allow":["GET"]}}],"collection":[{"href":"https:\/\/www.doublewdesign.it\/en\/wp-json\/wp\/v2\/product"}],"about":[{"href":"https:\/\/www.doublewdesign.it\/en\/wp-json\/wp\/v2\/types\/product"}],"replies":[{"embeddable":true,"href":"https:\/\/www.doublewdesign.it\/en\/wp-json\/wp\/v2\/comments?post=10054"}],"wp:featuredmedia":[{"embeddable":true,"href":"https:\/\/www.doublewdesign.it\/en\/wp-json\/wp\/v2\/media\/10029"}],"wp:attachment":[{"href":"https:\/\/www.doublewdesign.it\/en\/wp-json\/wp\/v2\/media?parent=10054"}],"wp:term":[{"taxonomy":"product_brand","embeddable":true,"href":"https:\/\/www.doublewdesign.it\/en\/wp-json\/wp\/v2\/product_brand?post=10054"},{"taxonomy":"product_cat","embeddable":true,"href":"https:\/\/www.doublewdesign.it\/en\/wp-json\/wp\/v2\/product_cat?post=10054"},{"taxonomy":"product_tag","embeddable":true,"href":"https:\/\/www.doublewdesign.it\/en\/wp-json\/wp\/v2\/product_tag?post=10054"}],"curies":[{"name":"wp","href":"https:\/\/api.w.org\/{rel}","templated":true}]}}